{"id":16251,"date":"2021-04-27T12:00:27","date_gmt":"2021-04-27T12:00:27","guid":{"rendered":"http:\/\/niw.gov.pl\/nasze-programy\/program-wsparcia-harcerstwa\/komitet-sterujaco-monitorujacy\/protokoly-z-posiedzen-ksm\/03-06-2020\/"},"modified":"2021-05-18T13:45:17","modified_gmt":"2021-05-18T13:45:17","slug":"03-06-2020","status":"publish","type":"page","link":"https:\/\/niw.gov.pl\/en\/our-programmes\/smdp\/steering-and-monitoring-committee\/protokoly-z-posiedzen-ksm\/03-06-2020\/","title":{"rendered":"Posiedzenie Komitetu Steruj\u0105co-Monitoruj\u0105cego z 3 czerwca 2020 r."},"content":{"rendered":"<p>[vc_row][vc_column][vc_column_text]W dniu 3 czerwca 2020 r. odby\u0142o si\u0119 II posiedzenie Komitetu Steruj\u0105co-Monitoruj\u0105cego Rz\u0105dowego Programu Wsparcia Rozwoju Organizacji Harcerskich i Skautowych na lata 2018-2030. Spotkanie, ze wzgl\u0119du na panuj\u0105c\u0105 epidemi\u0119 koronawirusa SARS-CoV-2, odby\u0142o si\u0119 online.[\/vc_column_text][\/vc_column][\/vc_row][vc_row][vc_column][vc_column_text]W dniu 3 czerwca 2020 r. odby\u0142o si\u0119 II posiedzenie Komitetu Steruj\u0105co-Monitoruj\u0105cego Rz\u0105dowego Programu Wsparcia Rozwoju Organizacji Harcerskich i Skautowych na lata 2018-2030. Spotkanie, ze wzgl\u0119du na panuj\u0105c\u0105 epidemi\u0119 koronawirusa SARS-CoV-2, odby\u0142o si\u0119 online.[\/vc_column_text][vc_column_text]Posiedzenie zosta\u0142o zwo\u0142ane w celu:[\/vc_column_text][vc_column_text el_class=&#8221;subpage&#8221;]<\/p>\n<ul>\n<li>podsumowania realizacji Konkursu Edycji 2018 i rozstrzygni\u0119cia Konkursu Edycji 2020,<\/li>\n<li>zaopiniowania Raportu z ewaluacji Programu,<\/li>\n<li>zaopiniowania Raportu z monitoringu Programu,<\/li>\n<li>zaopiniowania Sprawozdania z realizacji Programu w 2019 r.<\/li>\n<\/ul>\n<p>[\/vc_column_text][vc_column_text]Posiedzenie Komitetu wype\u0142nia za\u0142o\u017cenia Rz\u0105dowego Programu Wsparcia Rozwoju Organizacji Harcerskich i Skautowych na lata 2018-2030.[\/vc_column_text][vc_column_text]Zach\u0119camy do zapoznania si\u0119 z:[\/vc_column_text][vc_column_text el_class=&#8221;subpage&#8221;]<\/p>\n<ul>\n<li><a class=\"red\" href=\"http:\/\/niw.gov.pl\/wp-content\/uploads\/2021\/04\/Protokol_KSM_ROHIS_03.06.2020.pdf\" target=\"_blank\" rel=\"noopener\">Protoko\u0142em posiedzenia Komitetu Steruj\u0105co-Monitoruj\u0105cego<\/a><\/li>\n<li><a class=\"red\" href=\"http:\/\/niw.gov.pl\/wp-content\/uploads\/2021\/04\/uchwala-nr-1_2020.pdf\" target=\"_blank\" rel=\"noopener\">Uchwa\u0142\u0105 nr 1\/2020 w sprawie zaopiniowania \u201eRaportu ewaluacyjnego realizacji pierwszego etapu Rz\u0105dowego Programu Wsparcia Rozwoju Organizacji Harcerskich i Skautowych na lata 2018-2030\u201d<\/a>\u00a0wraz z za\u0142\u0105cznikiem:<br \/>\n<a class=\"red\" href=\"http:\/\/niw.gov.pl\/wp-content\/uploads\/2021\/04\/Raport_ewaluacja_ROHiS.pdf\" target=\"_blank\" rel=\"noopener\"><i class=\"fas fa-link\"><\/i> \u201eRaport ewaluacyjny\u201d<\/a><\/li>\n<li><a class=\"red\" href=\"http:\/\/niw.gov.pl\/wp-content\/uploads\/2021\/04\/uchwala-nr-2_2020.pdf\" target=\"_blank\" rel=\"noopener\">Uchwa\u0142\u0105 nr 2\/2020 w sprawie zaopiniowania \u201eMonitoring Programu. Raport za lata 2018-2019\u201d<\/a>\u00a0wraz z za\u0142\u0105cznikiem:\u00a0<a class=\"red\" href=\"http:\/\/niw.gov.pl\/wp-content\/uploads\/2021\/04\/ROHiS_Monitoring_raport-za-2018-19.pdf\" target=\"_blank\" rel=\"noopener\"><i class=\"fas fa-link\"><\/i>\u201eMonitoring Programu\u201d<\/a><\/li>\n<li><a class=\"red\" href=\"http:\/\/niw.gov.pl\/wp-content\/uploads\/2021\/04\/uchwala-nr-3_2020.pdf\" target=\"_blank\" rel=\"noopener\">Uchwa\u0142\u0105 nr 3\/2020 w sprawie zaopiniowania \u201eSprawozdanie z realizacji Programu w 2019 r.\u201d<\/a>\u00a0wraz z za\u0142\u0105cznikiem:<br \/>\n<a class=\"red\" href=\"http:\/\/niw.gov.pl\/wp-content\/uploads\/2021\/04\/ROHiS_2019_sprawozdania-roczne-z-realizacji-Programu_ML.docx\" target=\"_blank\" rel=\"noopener\"><i class=\"fas fa-link\"><\/i>\u201eSprawozdanie z realizacji Programu\u201d<\/a><\/li>\n<\/ul>\n<p>[\/vc_column_text][\/vc_column][\/vc_row]<\/p>\n","protected":false},"excerpt":{"rendered":"<p>[vc_row][vc_column][vc_column_text]W dniu 3 czerwca 2020 r. odby\u0142o si\u0119 II posiedzenie Komitetu Steruj\u0105co-Monitoruj\u0105cego Rz\u0105dowego Programu Wsparcia Rozwoju Organizacji Harcerskich i Skautowych na lata 2018-2030. Spotkanie, ze wzgl\u0119du na panuj\u0105c\u0105 epidemi\u0119 koronawirusa SARS-CoV-2, odby\u0142o si\u0119 online.[\/vc_column_text][\/vc_column][\/vc_row][vc_row][vc_column][vc_column_text]W dniu 3 czerwca 2020 r. odby\u0142o si\u0119 II posiedzenie Komitetu Steruj\u0105co-Monitoruj\u0105cego Rz\u0105dowego Programu Wsparcia Rozwoju Organizacji Harcerskich i Skautowych na lata<\/p>\n","protected":false},"author":46,"featured_media":0,"parent":16249,"menu_order":1,"comment_status":"closed","ping_status":"closed","template":"page-templates\/nasze_programy_sub_pages.php","meta":{"_acf_changed":false,"inline_featured_image":false,"footnotes":""},"class_list":["post-16251","page","type-page","status-publish","hentry"],"acf":[],"_links":{"self":[{"href":"https:\/\/niw.gov.pl\/en\/wp-json\/wp\/v2\/pages\/16251","targetHints":{"allow":["GET"]}}],"collection":[{"href":"https:\/\/niw.gov.pl\/en\/wp-json\/wp\/v2\/pages"}],"about":[{"href":"https:\/\/niw.gov.pl\/en\/wp-json\/wp\/v2\/types\/page"}],"author":[{"embeddable":true,"href":"https:\/\/niw.gov.pl\/en\/wp-json\/wp\/v2\/users\/46"}],"replies":[{"embeddable":true,"href":"https:\/\/niw.gov.pl\/en\/wp-json\/wp\/v2\/comments?post=16251"}],"version-history":[{"count":1,"href":"https:\/\/niw.gov.pl\/en\/wp-json\/wp\/v2\/pages\/16251\/revisions"}],"predecessor-version":[{"id":16252,"href":"https:\/\/niw.gov.pl\/en\/wp-json\/wp\/v2\/pages\/16251\/revisions\/16252"}],"up":[{"embeddable":true,"href":"https:\/\/niw.gov.pl\/en\/wp-json\/wp\/v2\/pages\/16249"}],"wp:attachment":[{"href":"https:\/\/niw.gov.pl\/en\/wp-json\/wp\/v2\/media?parent=16251"}],"curies":[{"name":"wp","href":"https:\/\/api.w.org\/{rel}","templated":true}]}}