{"id":16253,"date":"2021-04-27T11:51:53","date_gmt":"2021-04-27T11:51:53","guid":{"rendered":"http:\/\/niw.gov.pl\/nasze-programy\/program-wsparcia-harcerstwa\/komitet-sterujaco-monitorujacy\/protokoly-z-posiedzen-ksm\/16-12-2019\/"},"modified":"2023-02-09T09:34:27","modified_gmt":"2023-02-09T08:34:27","slug":"16-12-2019","status":"publish","type":"page","link":"https:\/\/niw.gov.pl\/en\/our-programmes\/smdp\/steering-and-monitoring-committee\/protokoly-z-posiedzen-ksm\/16-12-2019\/","title":{"rendered":"Posiedzenie Komitetu Steruj\u0105co-Monitoruj\u0105cego z 16 grudnia 2019 r."},"content":{"rendered":"<p>[vc_row][vc_column][vc_column_text]W dniu 16 grudnia 2019 r. w siedzibie Narodowego Instytutu Wolno\u015bci \u2013 Centrum Rozwoju Spo\u0142ecze\u0144stwa Obywatelskiego odby\u0142o si\u0119 I posiedzenie Komitetu Steruj\u0105co-Monitoruj\u0105cego zwo\u0142ane w celu:[\/vc_column_text][vc_column_text el_class=&#8221;subpage&#8221;]<\/p>\n<ul>\n<li>przyj\u0119cia projektu Regulaminu Komitetu Steruj\u0105co-Monitoruj\u0105cego,<\/li>\n<li>zaopiniowania uwag nades\u0142anych w ramach konsultacji spo\u0142ecznych projektu Regulaminu Konkursu ROHiS Edycja 2020.<\/li>\n<\/ul>\n<p>[\/vc_column_text][vc_column_text]Posiedzenie Komitetu wype\u0142nia za\u0142o\u017cenia Programu Wsparcia Rozwoju Organizacji Harcerskich i Skautowych na lata 2018-2030.[\/vc_column_text][vc_column_text]Zach\u0119camy do zapoznania si\u0119 z:[\/vc_column_text][vc_column_text el_class=&#8221;subpage&#8221;]<\/p>\n<ul>\n<li><a href=\"https:\/\/niw.gov.pl\/wp-content\/uploads\/2021\/04\/KSM-ROHIS-Protokol.pdf\">Protoko\u0142em\u00a0<\/a>z posiedzenia Komitetu Steruj\u0105co-Monitoruj\u0105cego<\/li>\n<li><a class=\"red\" href=\"http:\/\/niw.gov.pl\/wp-content\/uploads\/2021\/04\/KSM-ROHIS-uchwala-nr-1.pdf\" target=\"_blank\" rel=\"noopener\">Uchwa\u0142\u0105 nr 1\/2019<\/a>\u00a0w sprawie w sprawie przyj\u0119cia\u00a0<a class=\"red\" href=\"http:\/\/niw.gov.pl\/wp-content\/uploads\/2021\/04\/Zalacznik-do-uchwaly-nr-1.pdf\" target=\"_blank\" rel=\"noopener\"><i class=\"fas fa-link\"><\/i> Regulaminu pracy<\/a><\/li>\n<li><a class=\"red\" href=\"http:\/\/niw.gov.pl\/wp-content\/uploads\/2021\/04\/KSM-ROHIS-uchwala-nr-2.pdf\" target=\"_blank\" rel=\"noopener\">Uchwa\u0142\u0105 nr 2\/2019<\/a>\u00a0w sprawie sprawie zaopiniowania projektu Regulaminu Konkursu ROHiS Edycja 2020 oraz\u00a0<a class=\"red\" href=\"http:\/\/niw.gov.pl\/wp-content\/uploads\/2021\/04\/Zalacznik-do-uchwaly-nr-2.pdf\" target=\"_blank\" rel=\"noopener\"><i class=\"fas fa-link\"><\/i> zestawieniem uwag do projektu Regulaminu<\/a><\/li>\n<\/ul>\n<p>[\/vc_column_text][\/vc_column][\/vc_row]<\/p>\n","protected":false},"excerpt":{"rendered":"<p>[vc_row][vc_column][vc_column_text]W dniu 16 grudnia 2019 r. w siedzibie Narodowego Instytutu Wolno\u015bci \u2013 Centrum Rozwoju Spo\u0142ecze\u0144stwa Obywatelskiego odby\u0142o si\u0119 I posiedzenie Komitetu Steruj\u0105co-Monitoruj\u0105cego zwo\u0142ane w celu:[\/vc_column_text][vc_column_text el_class=&#8221;subpage&#8221;] przyj\u0119cia projektu Regulaminu Komitetu Steruj\u0105co-Monitoruj\u0105cego, zaopiniowania uwag nades\u0142anych w ramach konsultacji spo\u0142ecznych projektu Regulaminu Konkursu ROHiS Edycja 2020. [\/vc_column_text][vc_column_text]Posiedzenie Komitetu wype\u0142nia za\u0142o\u017cenia Programu Wsparcia Rozwoju Organizacji Harcerskich i Skautowych<\/p>\n","protected":false},"author":46,"featured_media":0,"parent":16249,"menu_order":2,"comment_status":"closed","ping_status":"closed","template":"page-templates\/nasze_programy_sub_pages.php","meta":{"_acf_changed":false,"inline_featured_image":false,"footnotes":""},"class_list":["post-16253","page","type-page","status-publish","hentry"],"acf":[],"_links":{"self":[{"href":"https:\/\/niw.gov.pl\/en\/wp-json\/wp\/v2\/pages\/16253","targetHints":{"allow":["GET"]}}],"collection":[{"href":"https:\/\/niw.gov.pl\/en\/wp-json\/wp\/v2\/pages"}],"about":[{"href":"https:\/\/niw.gov.pl\/en\/wp-json\/wp\/v2\/types\/page"}],"author":[{"embeddable":true,"href":"https:\/\/niw.gov.pl\/en\/wp-json\/wp\/v2\/users\/46"}],"replies":[{"embeddable":true,"href":"https:\/\/niw.gov.pl\/en\/wp-json\/wp\/v2\/comments?post=16253"}],"version-history":[{"count":3,"href":"https:\/\/niw.gov.pl\/en\/wp-json\/wp\/v2\/pages\/16253\/revisions"}],"predecessor-version":[{"id":49842,"href":"https:\/\/niw.gov.pl\/en\/wp-json\/wp\/v2\/pages\/16253\/revisions\/49842"}],"up":[{"embeddable":true,"href":"https:\/\/niw.gov.pl\/en\/wp-json\/wp\/v2\/pages\/16249"}],"wp:attachment":[{"href":"https:\/\/niw.gov.pl\/en\/wp-json\/wp\/v2\/media?parent=16253"}],"curies":[{"name":"wp","href":"https:\/\/api.w.org\/{rel}","templated":true}]}}