{"id":16262,"date":"2021-04-27T13:11:13","date_gmt":"2021-04-27T13:11:13","guid":{"rendered":"http:\/\/niw.gov.pl\/nasze-programy\/uniwersytety-ludowe\/edycja-2020\/konkurs-pwrul-2020-nabor-wnioskow\/"},"modified":"2021-07-13T07:30:29","modified_gmt":"2021-07-13T07:30:29","slug":"tender-invitation","status":"publish","type":"page","link":"https:\/\/niw.gov.pl\/en\/our-programmes\/folk-universities\/edition-2020\/tender-invitation\/","title":{"rendered":"Tender Invitation"},"content":{"rendered":"<p>[vc_row][vc_column][vc_column_text]Rozpoczynamy nab\u00f3r wniosk\u00f3w w Programie Wspierania Rozwoju Uniwersytet\u00f3w Ludowych na lata 2020-2030 Edycja 2020.[\/vc_column_text][vc_column_text]Wnioski mo\u017cna sk\u0142ada\u0107\u00a0<strong>od dnia 6 pa\u017adziernika 2020 r. (godz. 12.30) do 20 pa\u017adziernika 2020 r. (tylko do godz. 12.30!)<\/strong>\u00a0poprzez System Obs\u0142ugi Dotacji.[\/vc_column_text][vc_column_text]Szczeg\u00f3\u0142owe informacje na temat Konkursu mo\u017cna uzyska\u0107:[\/vc_column_text][vc_column_text el_class=&#8221;subpage&#8221;]<\/p>\n<ul>\n<li>pod adresem\u00a0<a class=\"red\" href=\"mailto:ul@niw.gov.pl\">ul@niw.gov.pl<\/a>,<\/li>\n<li>pod numerem telefonu <a class=\"red\" href=\"tel:601-901-327\">601-901-327<\/a>, we wszystkie dni robocze, w godz. 10:00 \u2013 14:00 (w okresie trwania naboru wniosk\u00f3w).<\/li>\n<\/ul>\n<p>[\/vc_column_text][vc_column_text]Zach\u0119camy do zapoznania si\u0119 z dokumentami:[\/vc_column_text]<div class=\"row\">\n\t\t\t\t<div class=\"col-lg-12 col-md-12 col-sm-12 media_text\">\n\t\t\t\t\t\n\t\t\t\t\t\n\t\t\t\t\t<div class=\"programs_links\"><a href=\"https:\/\/niw.gov.pl\/wp-content\/uploads\/2021\/04\/Uchwala-Rady-Ministrow-ws.-przyjecia-programu-wspierania-rozwoju-spoleczenstwa-obywatelskiego-pod-nazwa-Program-Wspierania-Rozwoju-Uniwersytetow-Ludowych-na-lata-2020\u20132030-1-1.docx\" download><button class=\"link_btn\" type=\"button\"> <img decoding=\"async\" src=\"https:\/\/niw.gov.pl\/wp-content\/themes\/niw\/images\/ic_link.png\" alt=\"ic_link.png\"> <\/button> Uchwa\u0142a Rady Ministr\u00f3w ws. przyj\u0119cia programu wspierania rozwoju spo\u0142ecze\u0144stwa obywatelskiego pod nazw\u0105 \u201eProgram Wspierania Rozwoju Uniwersytet\u00f3w Ludowych na lata 2020\u20132030\u201d<\/a>\n<\/div>\n\n\n\t\t\t\t\t\n\t\t\t\t\t\n\t\t\t\t\t\n\t\t\t\t\t<div class=\"programs_links\"><a href=\"https:\/\/niw.gov.pl\/wp-content\/uploads\/2021\/04\/Program-Wspierania-Rozwoju-Uniwersytetow-Ludowych-na-lata-2020\u20132030-1.pdf\" download><button class=\"link_btn\" type=\"button\"> <img decoding=\"async\" src=\"https:\/\/niw.gov.pl\/wp-content\/themes\/niw\/images\/ic_link.png\" alt=\"ic_link.png\"> <\/button> Program Wspierania Rozwoju Uniwersytet\u00f3w Ludowych na lata 2020\u20132030<\/a>\n<\/div>\n\n\n\t\t\t\t\t\n\t\t\t\t\t\n\t\t\t\t\t\n\t\t\t\t\t<div class=\"programs_links\"><a href=\"https:\/\/niw.gov.pl\/wp-content\/uploads\/2021\/04\/Regulamin-UL-1-1.pdf\" download><button class=\"link_btn\" type=\"button\"> <img decoding=\"async\" src=\"https:\/\/niw.gov.pl\/wp-content\/themes\/niw\/images\/ic_link.png\" alt=\"ic_link.png\"> <\/button> Regulamin Konkursu<\/a>\n<\/div>\n\n\n\t\t\t\t\t\n\t\t\t\t\t\n\t\t\t\t\t\n\t\t\t\t\t<div class=\"programs_links\"><a href=\"https:\/\/niw.gov.pl\/wp-content\/uploads\/2021\/04\/UL_FAQ_2020-1.pdf\" download><button class=\"link_btn\" type=\"button\"> <img decoding=\"async\" src=\"https:\/\/niw.gov.pl\/wp-content\/themes\/niw\/images\/ic_link.png\" alt=\"ic_link.png\"> <\/button> Najcz\u0119\u015bciej zadawane pytania \u2013 FAQ<\/a>\n<\/div>\n\n\n\t\t\t\t\t\n\t\t\t\t\t\n\t\t\t\t\t\n\t\t\t\t\t<div class=\"programs_links\"><a href=\"https:\/\/niw.gov.pl\/wp-content\/uploads\/2021\/04\/UL_Podrecznik-dla-Wnioskodawcow-4-1.pdf\" download><button class=\"link_btn\" type=\"button\"> <img decoding=\"async\" src=\"https:\/\/niw.gov.pl\/wp-content\/themes\/niw\/images\/ic_link.png\" alt=\"ic_link.png\"> <\/button> Podr\u0119cznik dla Wnioskodawc\u00f3w<\/a>\n<\/div>\n\n\n\t\t\t\t\t<\/div><\/div>[vc_empty_space][vc_column_text el_class=&#8221;subpage&#8221;]Webinarium dla wnioskodawc\u00f3w w Priorytecie 1 i 2<\/p>\n<ul>\n<li><a href=\"https:\/\/www.youtube.com\/watch?v=nCJyybyy3UY\" target=\"_blank\" rel=\"noopener noreferrer nofollow\">Webinarium dla wnioskodawc\u00f3w w Priorytecie 1 i 2<\/a><\/li>\n<li><a href=\"http:\/\/niw.gov.pl\/wp-content\/uploads\/2021\/04\/P1-i-2_pytania-z-czatu.pdf\">Zapis czatu z webinarium dla wnioskodawc\u00f3w w Priorytecie 1 i 2<\/a><\/li>\n<\/ul>\n<p>Webinarium dla wnioskodawc\u00f3w w Priorytecie 4<\/p>\n<ul>\n<li><a href=\"https:\/\/www.youtube.com\/watch?v=AXS1BM660Pg\" target=\"_blank\" rel=\"noopener noreferrer nofollow\">Webinarium dla wnioskodawc\u00f3w w Priorytecie 4<\/a><\/li>\n<li><a href=\"http:\/\/niw.gov.pl\/wp-content\/uploads\/2021\/04\/P4_pytania-z-czatu-1.pdf\">Zapis czatu z webinarium dla wnioskodawc\u00f3w w Priorytecie 4<\/a><\/li>\n<\/ul>\n<p>[\/vc_column_text][\/vc_column][\/vc_row]<\/p>\n","protected":false},"excerpt":{"rendered":"<p>[vc_row][vc_column][vc_column_text]Rozpoczynamy nab\u00f3r wniosk\u00f3w w Programie Wspierania Rozwoju Uniwersytet\u00f3w Ludowych na lata 2020-2030 Edycja 2020.[\/vc_column_text][vc_column_text]Wnioski mo\u017cna sk\u0142ada\u0107\u00a0od dnia 6 pa\u017adziernika 2020 r. (godz. 12.30) do 20 pa\u017adziernika 2020 r. (tylko do godz. 12.30!)\u00a0poprzez System Obs\u0142ugi Dotacji.[\/vc_column_text][vc_column_text]Szczeg\u00f3\u0142owe informacje na temat Konkursu mo\u017cna uzyska\u0107:[\/vc_column_text][vc_column_text el_class=&#8221;subpage&#8221;] pod adresem\u00a0ul@niw.gov.pl, pod numerem telefonu 601-901-327, we wszystkie dni robocze, w godz. 10:00<\/p>\n","protected":false},"author":46,"featured_media":0,"parent":16260,"menu_order":1,"comment_status":"closed","ping_status":"closed","template":"page-templates\/nasze_programy_sub_pages.php","meta":{"_acf_changed":false,"inline_featured_image":false,"footnotes":""},"class_list":["post-16262","page","type-page","status-publish","hentry"],"acf":[],"_links":{"self":[{"href":"https:\/\/niw.gov.pl\/en\/wp-json\/wp\/v2\/pages\/16262","targetHints":{"allow":["GET"]}}],"collection":[{"href":"https:\/\/niw.gov.pl\/en\/wp-json\/wp\/v2\/pages"}],"about":[{"href":"https:\/\/niw.gov.pl\/en\/wp-json\/wp\/v2\/types\/page"}],"author":[{"embeddable":true,"href":"https:\/\/niw.gov.pl\/en\/wp-json\/wp\/v2\/users\/46"}],"replies":[{"embeddable":true,"href":"https:\/\/niw.gov.pl\/en\/wp-json\/wp\/v2\/comments?post=16262"}],"version-history":[{"count":3,"href":"https:\/\/niw.gov.pl\/en\/wp-json\/wp\/v2\/pages\/16262\/revisions"}],"predecessor-version":[{"id":18430,"href":"https:\/\/niw.gov.pl\/en\/wp-json\/wp\/v2\/pages\/16262\/revisions\/18430"}],"up":[{"embeddable":true,"href":"https:\/\/niw.gov.pl\/en\/wp-json\/wp\/v2\/pages\/16260"}],"wp:attachment":[{"href":"https:\/\/niw.gov.pl\/en\/wp-json\/wp\/v2\/media?parent=16262"}],"curies":[{"name":"wp","href":"https:\/\/api.w.org\/{rel}","templated":true}]}}