{"id":16264,"date":"2021-04-27T13:22:37","date_gmt":"2021-04-27T13:22:37","guid":{"rendered":"http:\/\/niw.gov.pl\/nasze-programy\/uniwersytety-ludowe\/edycja-2020\/konkurs-pwrul-2020-wyniki-oceny-formalnej\/"},"modified":"2021-07-13T07:30:37","modified_gmt":"2021-07-13T07:30:37","slug":"eligibility-evaluation-results","status":"publish","type":"page","link":"https:\/\/niw.gov.pl\/en\/our-programmes\/folk-universities\/edition-2020\/eligibility-evaluation-results\/","title":{"rendered":"Eligibility Evaluation Results"},"content":{"rendered":"<p>[vc_row][vc_column][vc_column_text]<\/p>\n<p style=\"text-align: left;\"><strong>Ocena formalna wniosk\u00f3w z\u0142o\u017conych w konkursie Programu Wspierania Rozwoju Uniwersytet\u00f3w Ludowych na lata 2020 \u2013 2030, edycja 2020 zako\u0144czona!<\/strong><\/p>\n<p>[\/vc_column_text][vc_column_text]Dyrektor Narodowego Instytutu Wolno\u015bci \u2013 Centrum Rozwoju Spo\u0142ecze\u0144stwa Obywatelskiego informuje, \u017ce zako\u0144czono ocen\u0119 formaln\u0105 wniosk\u00f3w z\u0142o\u017conych w konkursie Programu Wspierania Rozwoju Uniwersytet\u00f3w Ludowych na lata 2020 \u2013 2030, edycja 2020.[\/vc_column_text][vc_column_text]\u0141\u0105cznie w konkursie w Systemie Obs\u0142ugi Dotacji z\u0142o\u017cono 213 wniosk\u00f3w, kt\u00f3re zosta\u0142y poddane ocenie formalnej. 14 wniosk\u00f3w zosta\u0142o z\u0142o\u017conych w Priorytecie 1 \u2013 wsparcie infrastrukturalne i programowe dzia\u0142aj\u0105cych uniwersytet\u00f3w ludowych, prowadz\u0105cych kursy stacjonarne z wykorzystaniem bazy internatowej lub kursy niestacjonarne, 145 wniosk\u00f3w z\u0142o\u017cono w Priorytecie 2 \u2013 wsparcie tworzenia nowych oraz reaktywacji wcze\u015bniej istniej\u0105cych uniwersytet\u00f3w ludowych, 2 wnioski z\u0142o\u017cono w\u00a0Priorytecie 3 \u2013 wsparcie sieci i porozumie\u0144 uniwersytet\u00f3w ludowych oraz upowszechniania edukacji grundtviga\u0144skiej, a 52 wnioski zosta\u0142y z\u0142o\u017cone w Priorytecie 4 \u2013 wsparcie rozwoju edukacji obywatelskiej i zachowania dziedzictwa w \u015brodowiska lokalnych.\u00a0<strong>Wszystkie z\u0142o\u017cone wnioski zakwalifikowa\u0142y si\u0119 do oceny merytorycznej<\/strong>. Informacja o wyniku oceny formalnej zostanie przes\u0142ana wszystkim Wnioskodawcom na adres poczty elektronicznej podany we wniosku.[\/vc_column_text][vc_column_text]Poni\u017cej zamieszczona zosta\u0142a lista wniosk\u00f3w zakwalifikowanych do oceny merytorycznej.[\/vc_column_text][vc_row_inner][vc_column_inner width=&#8221;1\/2&#8243;]<div class=\"row\">\n\t\t\t\t<div class=\"col-lg-12 col-md-12 col-sm-12 media_text\">\n\t\t\t\t\t<div class=\"download_box\">\n\t\t\t\t<div class=\"download_text\">\n\t\t\t\t\t<a href=\"https:\/\/niw.gov.pl\/wp-content\/uploads\/2021\/04\/Zalacznik-do-notatki-ws.-oceny-formalnej-1.xlsx\" download>Lista Wniosk\u00f3w zakwalifikowanych do oceny merytorycznej \u2013 do pobrania<\/a><\/div><br><br><span><img decoding=\"async\" src=\"https:\/\/niw.gov.pl\/wp-content\/themes\/niw\/images\/XLS.png\" alt=\"XLS.png\"><\/button> 0.04MB<\/span><a href=\"https:\/\/niw.gov.pl\/wp-content\/uploads\/2021\/04\/Zalacznik-do-notatki-ws.-oceny-formalnej-1.xlsx\" download><button class=\"download_btn\" type=\"button\"> <img decoding=\"async\" src=\"https:\/\/niw.gov.pl\/wp-content\/themes\/niw\/images\/arrow7.png\" alt=\"arrow7.png\"><\/button><\/a> <div class=\"clr\">\n\n<\/div><\/div><\/div><\/div>[\/vc_column_inner][vc_column_inner width=&#8221;1\/2&#8243;][\/vc_column_inner][\/vc_row_inner][\/vc_column][\/vc_row]<\/p>\n","protected":false},"excerpt":{"rendered":"<p>[vc_row][vc_column][vc_column_text] Ocena formalna wniosk\u00f3w z\u0142o\u017conych w konkursie Programu Wspierania Rozwoju Uniwersytet\u00f3w Ludowych na lata 2020 \u2013 2030, edycja 2020 zako\u0144czona! [\/vc_column_text][vc_column_text]Dyrektor Narodowego Instytutu Wolno\u015bci \u2013 Centrum Rozwoju Spo\u0142ecze\u0144stwa Obywatelskiego informuje, \u017ce zako\u0144czono ocen\u0119 formaln\u0105 wniosk\u00f3w z\u0142o\u017conych w konkursie Programu Wspierania Rozwoju Uniwersytet\u00f3w Ludowych na lata 2020 \u2013 2030, edycja 2020.[\/vc_column_text][vc_column_text]\u0141\u0105cznie w konkursie w Systemie Obs\u0142ugi<\/p>\n","protected":false},"author":46,"featured_media":0,"parent":16260,"menu_order":2,"comment_status":"closed","ping_status":"closed","template":"page-templates\/nasze_programy_sub_pages.php","meta":{"_acf_changed":false,"inline_featured_image":false,"footnotes":""},"class_list":["post-16264","page","type-page","status-publish","hentry"],"acf":[],"_links":{"self":[{"href":"https:\/\/niw.gov.pl\/en\/wp-json\/wp\/v2\/pages\/16264","targetHints":{"allow":["GET"]}}],"collection":[{"href":"https:\/\/niw.gov.pl\/en\/wp-json\/wp\/v2\/pages"}],"about":[{"href":"https:\/\/niw.gov.pl\/en\/wp-json\/wp\/v2\/types\/page"}],"author":[{"embeddable":true,"href":"https:\/\/niw.gov.pl\/en\/wp-json\/wp\/v2\/users\/46"}],"replies":[{"embeddable":true,"href":"https:\/\/niw.gov.pl\/en\/wp-json\/wp\/v2\/comments?post=16264"}],"version-history":[{"count":2,"href":"https:\/\/niw.gov.pl\/en\/wp-json\/wp\/v2\/pages\/16264\/revisions"}],"predecessor-version":[{"id":18431,"href":"https:\/\/niw.gov.pl\/en\/wp-json\/wp\/v2\/pages\/16264\/revisions\/18431"}],"up":[{"embeddable":true,"href":"https:\/\/niw.gov.pl\/en\/wp-json\/wp\/v2\/pages\/16260"}],"wp:attachment":[{"href":"https:\/\/niw.gov.pl\/en\/wp-json\/wp\/v2\/media?parent=16264"}],"curies":[{"name":"wp","href":"https:\/\/api.w.org\/{rel}","templated":true}]}}