{"id":16266,"date":"2021-04-27T13:26:19","date_gmt":"2021-04-27T13:26:19","guid":{"rendered":"http:\/\/niw.gov.pl\/nasze-programy\/uniwersytety-ludowe\/edycja-2020\/konkurs-pwrul-2020-wyniki-oceny-merytorycznej\/"},"modified":"2021-07-13T07:30:44","modified_gmt":"2021-07-13T07:30:44","slug":"final-evalutation-results","status":"publish","type":"page","link":"https:\/\/niw.gov.pl\/en\/our-programmes\/folk-universities\/edition-2020\/final-evalutation-results\/","title":{"rendered":"Final Evalutation Results"},"content":{"rendered":"<p>[vc_row][vc_column][vc_column_text]<strong>KONKURS W RAMACH TEGOROCZNEJ EDYCJI PROGRAMU WSPIERANIA ROZWOJU UNIWERSYTET\u00d3W LUDOWYCH NA LATA 2020-2030 ROZSTRZYGNI\u0118TY!<\/strong>[\/vc_column_text][vc_column_text]Prezentujemy wyniki oceny merytorycznej wniosk\u00f3w z\u0142o\u017conych w ramach tegorocznego konkursu.<\/p>\n<p>Gratulujemy wszystkim organizacjom, kt\u00f3re b\u0119d\u0105 realizowa\u0107 ciekawe projekty zwi\u0105zane z\u00a0uniwersytetami ludowymi.<\/p>\n<p>W konkursie z\u0142o\u017cono \u0142\u0105cznie 213 wniosk\u00f3w. Wszystkie uzyska\u0142y pozytywn\u0105 ocen\u0119 formaln\u0105 i zosta\u0142y skierowane do oceny merytorycznej.<\/p>\n<p>W ramach priorytetu 1\u00a0<em>Wsparcie infrastrukturalne i programowe dzia\u0142aj\u0105cych uniwersytet\u00f3w ludowych, prowadz\u0105cych kursy stacjonarne z wykorzystaniem bazy internatowej lub kursy niestacjonarne<\/em>\u00a0dofinansowanie uzyska 11 wniosk\u00f3w.<\/p>\n<p>W ramach priorytetu 2\u00a0<em>Wsparcie tworzenia nowych oraz reaktywacji wcze\u015bniej istniej\u0105cych uniwersytet\u00f3w ludowych\u00a0<\/em>dofinansowanie uzyskaj\u0105 4 wnioski.<\/p>\n<p>W ramach Priorytetu 3\u00a0<em>Wsparcie sieci i porozumie\u0144 uniwersytet\u00f3w ludowych oraz upowszechniania edukacji grundtviga\u0144skiej<\/em>\u00a0dofinansowanie uzyskaj\u0105 2 wnioski.<\/p>\n<p>W ramach Priorytetu 4\u00a0<em>Wsparcie rozwoju edukacji obywatelskiej i zachowania dziedzictwa w \u015brodowiska lokalnych<\/em>\u00a0dofinansowanie uzyska 11 organizacji.<\/p>\n<p>Z organizacjami, kt\u00f3rych wnioski zosta\u0142y przeznaczone do dofinansowania, skontaktuj\u0105 si\u0119 pracownicy Biura Program\u00f3w Tematycznych.<\/p>\n<p>Karty ocen z\u0142o\u017conych ofert zostan\u0105 udost\u0119pnione w ci\u0105gu 60 dni poprzez System Obs\u0142ugi Dotacji.[\/vc_column_text][vc_empty_space][vc_separator][vc_custom_heading text=&#8221;Listy rankingowe&#8221; font_container=&#8221;tag:h3|text_align:left&#8221; use_theme_fonts=&#8221;yes&#8221;][vc_empty_space height=&#8221;12&#8243;]<div class=\"row\">\n\t\t\t\t<div class=\"col-lg-12 col-md-12 col-sm-12 media_text\">\n\t\t\t\t\t\n\t\t\t\t\t\n\t\t\t\t\t<div class=\"programs_links\"><a href=\"https:\/\/niw.gov.pl\/wp-content\/uploads\/2021\/04\/Lista-rankingowa-P1_wnioski-do-realizacji.pdf\" download><button class=\"link_btn\" type=\"button\"> <img decoding=\"async\" src=\"https:\/\/niw.gov.pl\/wp-content\/themes\/niw\/images\/ic_link.png\" alt=\"ic_link.png\"> <\/button> Lista rankingowa P1 \u2013 wnioski do realizacji<\/a>\n<\/div>\n\n\n\t\t\t\t\t\n\t\t\t\t\t\n\t\t\t\t\t\n\t\t\t\t\t<div class=\"programs_links\"><a href=\"https:\/\/niw.gov.pl\/wp-content\/uploads\/2021\/04\/Lista-rankingowa-P1_wnioski-z-negatywna-ocena-merytoryczna.pdf\" download><button class=\"link_btn\" type=\"button\"> <img decoding=\"async\" src=\"https:\/\/niw.gov.pl\/wp-content\/themes\/niw\/images\/ic_link.png\" alt=\"ic_link.png\"> <\/button> Lista rankingowa P1 \u2013 wnioski z negatywn\u0105 ocen\u0105 merytoryczn\u0105<\/a>\n<\/div>\n\n\n\t\t\t\t\t\n\t\t\t\t\t\n\t\t\t\t\t\n\t\t\t\t\t<div class=\"programs_links\"><a href=\"\" download><button class=\"link_btn\" type=\"button\"> <img decoding=\"async\" src=\"https:\/\/niw.gov.pl\/wp-content\/themes\/niw\/images\/ic_link.png\" alt=\"ic_link.png\"> <\/button> Lista rankingowa P2 \u2013 wnioski do realizacji<\/a>\n<\/div>\n\n\n\t\t\t\t\t\n\t\t\t\t\t\n\t\t\t\t\t\n\t\t\t\t\t<div class=\"programs_links\"><a href=\"\" download><button class=\"link_btn\" type=\"button\"> <img decoding=\"async\" src=\"https:\/\/niw.gov.pl\/wp-content\/themes\/niw\/images\/ic_link.png\" alt=\"ic_link.png\"> <\/button> Lista rankingowa P2 \u2013 wnioski rezerwowe<\/a>\n<\/div>\n\n\n\t\t\t\t\t\n\t\t\t\t\t\n\t\t\t\t\t\n\t\t\t\t\t<div class=\"programs_links\"><a href=\"https:\/\/niw.gov.pl\/wp-content\/uploads\/2021\/04\/Lista-rankingowa-P2_wnioski-z-negatywna-ocena-merytoryczna.pdf\" download><button class=\"link_btn\" type=\"button\"> <img decoding=\"async\" src=\"https:\/\/niw.gov.pl\/wp-content\/themes\/niw\/images\/ic_link.png\" alt=\"ic_link.png\"> <\/button> Lista rankingowa P2 \u2013 wnioski z negatywn\u0105 ocen\u0105 merytoryczn\u0105<\/a>\n<\/div>\n\n\n\t\t\t\t\t\n\t\t\t\t\t\n\t\t\t\t\t\n\t\t\t\t\t<div class=\"programs_links\"><a href=\"https:\/\/niw.gov.pl\/wp-content\/uploads\/2021\/04\/Lista-rankingowa-P3_wnioski-do-realizacji.pdf\" download><button class=\"link_btn\" type=\"button\"> <img decoding=\"async\" src=\"https:\/\/niw.gov.pl\/wp-content\/themes\/niw\/images\/ic_link.png\" alt=\"ic_link.png\"> <\/button> Lista rankingowa P3 \u2013 wnioski do realizacji<\/a>\n<\/div>\n\n\n\t\t\t\t\t\n\t\t\t\t\t\n\t\t\t\t\t\n\t\t\t\t\t<div class=\"programs_links\"><a href=\"https:\/\/niw.gov.pl\/wp-content\/uploads\/2021\/04\/Lista-rankingowa-P4_wnioski-do-realizacji.pdf\" download><button class=\"link_btn\" type=\"button\"> <img decoding=\"async\" src=\"https:\/\/niw.gov.pl\/wp-content\/themes\/niw\/images\/ic_link.png\" alt=\"ic_link.png\"> <\/button> Lista rankingowa P4 \u2013 wnioski do realizacji<\/a>\n<\/div>\n\n\n\t\t\t\t\t\n\t\t\t\t\t\n\t\t\t\t\t\n\t\t\t\t\t<div class=\"programs_links\"><a href=\"https:\/\/niw.gov.pl\/wp-content\/uploads\/2021\/04\/Listy-rankingowe-P4_wnioski-rezerwowe.pdf\" download><button class=\"link_btn\" type=\"button\"> <img decoding=\"async\" src=\"https:\/\/niw.gov.pl\/wp-content\/themes\/niw\/images\/ic_link.png\" alt=\"ic_link.png\"> <\/button> Lista rankingowa P4 \u2013 wnioski rezerwowe<\/a>\n<\/div>\n\n\n\t\t\t\t\t\n\t\t\t\t\t\n\t\t\t\t\t\n\t\t\t\t\t<div class=\"programs_links\"><a href=\"https:\/\/niw.gov.pl\/wp-content\/uploads\/2021\/04\/Listy-rankingowe-P4_wnioski-z-negatywna-ocena-merytoryczna.pdf\" download><button class=\"link_btn\" type=\"button\"> <img decoding=\"async\" src=\"https:\/\/niw.gov.pl\/wp-content\/themes\/niw\/images\/ic_link.png\" alt=\"ic_link.png\"> <\/button> Lista rankingowa P4 \u2013 wnioski z negatywn\u0105 ocen\u0105 merytoryczn\u0105<\/a>\n<\/div>\n\n\n\t\t\t\t\t<\/div><\/div>[vc_empty_space][vc_separator][vc_custom_heading text=&#8221;Lista ekspert\u00f3w oceniaj\u0105cych w konkursie&#8221; font_container=&#8221;tag:h3|text_align:left&#8221; use_theme_fonts=&#8221;yes&#8221;][vc_empty_space height=&#8221;12&#8243;]<div class=\"row\">\n\t\t\t\t<div class=\"col-lg-12 col-md-12 col-sm-12 media_text\">\n\t\t\t\t\t\n\t\t\t\t\t\n\t\t\t\t\t<div class=\"programs_links\"><a href=\"https:\/\/niw.gov.pl\/wp-content\/uploads\/2021\/04\/Eksperci-2020-na-strone-1.xlsx\" download><button class=\"link_btn\" type=\"button\"> <img decoding=\"async\" src=\"https:\/\/niw.gov.pl\/wp-content\/themes\/niw\/images\/ic_link.png\" alt=\"ic_link.png\"> <\/button> Lista ekspert\u00f3w oceniaj\u0105cych w konkursie<\/a>\n<\/div>\n\n\n\t\t\t\t\t<\/div><\/div>[\/vc_column][\/vc_row]<\/p>\n","protected":false},"excerpt":{"rendered":"<p>[vc_row][vc_column][vc_column_text]KONKURS W RAMACH TEGOROCZNEJ EDYCJI PROGRAMU WSPIERANIA ROZWOJU UNIWERSYTET\u00d3W LUDOWYCH NA LATA 2020-2030 ROZSTRZYGNI\u0118TY![\/vc_column_text][vc_column_text]Prezentujemy wyniki oceny merytorycznej wniosk\u00f3w z\u0142o\u017conych w ramach tegorocznego konkursu. Gratulujemy wszystkim organizacjom, kt\u00f3re b\u0119d\u0105 realizowa\u0107 ciekawe projekty zwi\u0105zane z\u00a0uniwersytetami ludowymi. W konkursie z\u0142o\u017cono \u0142\u0105cznie 213 wniosk\u00f3w. Wszystkie uzyska\u0142y pozytywn\u0105 ocen\u0119 formaln\u0105 i zosta\u0142y skierowane do oceny merytorycznej. W ramach priorytetu 1\u00a0Wsparcie<\/p>\n","protected":false},"author":46,"featured_media":0,"parent":16260,"menu_order":3,"comment_status":"closed","ping_status":"closed","template":"page-templates\/nasze_programy_sub_pages.php","meta":{"_acf_changed":false,"inline_featured_image":false,"footnotes":""},"class_list":["post-16266","page","type-page","status-publish","hentry"],"acf":[],"_links":{"self":[{"href":"https:\/\/niw.gov.pl\/en\/wp-json\/wp\/v2\/pages\/16266","targetHints":{"allow":["GET"]}}],"collection":[{"href":"https:\/\/niw.gov.pl\/en\/wp-json\/wp\/v2\/pages"}],"about":[{"href":"https:\/\/niw.gov.pl\/en\/wp-json\/wp\/v2\/types\/page"}],"author":[{"embeddable":true,"href":"https:\/\/niw.gov.pl\/en\/wp-json\/wp\/v2\/users\/46"}],"replies":[{"embeddable":true,"href":"https:\/\/niw.gov.pl\/en\/wp-json\/wp\/v2\/comments?post=16266"}],"version-history":[{"count":2,"href":"https:\/\/niw.gov.pl\/en\/wp-json\/wp\/v2\/pages\/16266\/revisions"}],"predecessor-version":[{"id":18432,"href":"https:\/\/niw.gov.pl\/en\/wp-json\/wp\/v2\/pages\/16266\/revisions\/18432"}],"up":[{"embeddable":true,"href":"https:\/\/niw.gov.pl\/en\/wp-json\/wp\/v2\/pages\/16260"}],"wp:attachment":[{"href":"https:\/\/niw.gov.pl\/en\/wp-json\/wp\/v2\/media?parent=16266"}],"curies":[{"name":"wp","href":"https:\/\/api.w.org\/{rel}","templated":true}]}}