{"id":16269,"date":"2021-03-26T13:23:30","date_gmt":"2021-03-26T13:23:30","guid":{"rendered":"http:\/\/niw.gov.pl\/nasze-programy\/uniwersytety-ludowe\/dokumenty\/"},"modified":"2021-07-13T07:30:52","modified_gmt":"2021-07-13T07:30:52","slug":"documents","status":"publish","type":"page","link":"https:\/\/niw.gov.pl\/en\/our-programmes\/folk-universities\/documents\/","title":{"rendered":"Documents"},"content":{"rendered":"<p>[vc_row][vc_column][vc_column_text]Na tej stronie znajdziesz aktualne dokumenty dotycz\u0105ce Programu Wspierania Rozwoju Uniwersytet\u00f3w Ludowych na lata 2020-2030.[\/vc_column_text]<div class=\"row\">\n\t\t\t\t<div class=\"col-lg-12 col-md-12 col-sm-12 media_text\">\n\t\t\t\t\t\n\t\t\t\t\t\n\t\t\t\t\t<div class=\"programs_links\"><a href=\"https:\/\/niw.gov.pl\/wp-content\/uploads\/2021\/04\/Uchwala-Rady-Ministrow-ws.-przyjecia-programu-wspierania-rozwoju-spoleczenstwa-obywatelskiego-pod-nazwa-Program-Wspierania-Rozwoju-Uniwersytetow-Ludowych-na-lata-2020\u20132030-2.docx\" download><button class=\"link_btn\" type=\"button\"> <img decoding=\"async\" src=\"https:\/\/niw.gov.pl\/wp-content\/themes\/niw\/images\/ic_link.png\" alt=\"ic_link.png\"> <\/button> Uchwa\u0142a Rady Ministr\u00f3w nr 77\/2020 ws. przyj\u0119cia programu wspierania rozwoju spo\u0142ecze\u0144stwa obywatelskiego pod nazw\u0105 \u201eProgram Wspierania Rozwoju Uniwersytet\u00f3w Ludowych na lata 2020\u20132030\u201d<\/a>\n<\/div>\n\n\n\t\t\t\t\t\n\t\t\t\t\t\n\t\t\t\t\t\n\t\t\t\t\t<div class=\"programs_links\"><a href=\"https:\/\/niw.gov.pl\/wp-content\/uploads\/2021\/04\/uchwala-nr-128_2020-RM-zmieniajaca-uchwale-w-sprawie-przyjecia-Programu-Wspierania-Rozwoju-Uniwersytetow-Ludowych-na-lata-2020-2030-1-1.docx\" download><button class=\"link_btn\" type=\"button\"> <img decoding=\"async\" src=\"https:\/\/niw.gov.pl\/wp-content\/themes\/niw\/images\/ic_link.png\" alt=\"ic_link.png\"> <\/button> Uchwa\u0142a Rady Ministr\u00f3w nr 128\/2020 zmieniaj\u0105ca uchwa\u0142\u0119 ws. przyj\u0119cia programu wspierania rozwoju spo\u0142ecze\u0144stwa obywatelskiego pod nazw\u0105 \u201eProgram Wspierania Rozwoju Uniwersytet\u00f3w Ludowych na lata 2020\u20132030\u201d<\/a>\n<\/div>\n\n\n\t\t\t\t\t\n\t\t\t\t\t\n\t\t\t\t\t\n\t\t\t\t\t<div class=\"programs_links\"><a href=\"https:\/\/niw.gov.pl\/wp-content\/uploads\/2021\/04\/Program-Wspierania-Rozwoju-Uniwersytetow-Ludowych-na-lata-2020\u20132030-2.pdf\" download><button class=\"link_btn\" type=\"button\"> <img decoding=\"async\" src=\"https:\/\/niw.gov.pl\/wp-content\/themes\/niw\/images\/ic_link.png\" alt=\"ic_link.png\"> <\/button> Program Wspierania Rozwoju Uniwersytet\u00f3w Ludowych na lata 2020\u20132030<\/a>\n<\/div>\n\n\n\t\t\t\t\t<\/div><\/div>[\/vc_column][\/vc_row][vc_row][vc_column][vc_empty_space][vc_separator][vc_empty_space][vc_custom_heading text=&#8221;PWRUL 2020&#8243; font_container=&#8221;tag:h3|text_align:left&#8221; use_theme_fonts=&#8221;yes&#8221;][vc_empty_space height=&#8221;12px&#8221;]<div class=\"row\">\n\t\t\t\t<div class=\"col-lg-12 col-md-12 col-sm-12 media_text\">\n\t\t\t\t\t\n\t\t\t\t\t\n\t\t\t\t\t<div class=\"programs_links\"><a href=\"https:\/\/niw.gov.pl\/wp-content\/uploads\/2021\/04\/Regulamin-UL-1-2.pdf\" download><button class=\"link_btn\" type=\"button\"> <img decoding=\"async\" src=\"https:\/\/niw.gov.pl\/wp-content\/themes\/niw\/images\/ic_link.png\" alt=\"ic_link.png\"> <\/button> Regulamin Konkursu<\/a>\n<\/div>\n\n\n\t\t\t\t\t\n\t\t\t\t\t\n\t\t\t\t\t\n\t\t\t\t\t<div class=\"programs_links\"><a href=\"https:\/\/niw.gov.pl\/wp-content\/uploads\/2021\/04\/UL_FAQ_2020-2.pdf\" download><button class=\"link_btn\" type=\"button\"> <img decoding=\"async\" src=\"https:\/\/niw.gov.pl\/wp-content\/themes\/niw\/images\/ic_link.png\" alt=\"ic_link.png\"> <\/button> Najcz\u0119\u015bciej zadawane pytania \u2013 FAQ<\/a>\n<\/div>\n\n\n\t\t\t\t\t\n\t\t\t\t\t\n\t\t\t\t\t\n\t\t\t\t\t<div class=\"programs_links\"><a href=\"https:\/\/niw.gov.pl\/wp-content\/uploads\/2021\/04\/UL_Podrecznik-dla-Wnioskodawcow-4-2.pdf\" download><button class=\"link_btn\" type=\"button\"> <img decoding=\"async\" src=\"https:\/\/niw.gov.pl\/wp-content\/themes\/niw\/images\/ic_link.png\" alt=\"ic_link.png\"> <\/button> Podr\u0119cznik dla Wnioskodawc\u00f3w<\/a>\n<\/div>\n\n\n\t\t\t\t\t<\/div><\/div>[\/vc_column][\/vc_row]<\/p>\n","protected":false},"excerpt":{"rendered":"<p>[vc_row][vc_column][vc_column_text]Na tej stronie znajdziesz aktualne dokumenty dotycz\u0105ce Programu Wspierania Rozwoju Uniwersytet\u00f3w Ludowych na lata 2020-2030.[\/vc_column_text][\/vc_column][\/vc_row][vc_row][vc_column][vc_empty_space][vc_separator][vc_empty_space][vc_custom_heading text=&#8221;PWRUL 2020&#8243; font_container=&#8221;tag:h3|text_align:left&#8221; use_theme_fonts=&#8221;yes&#8221;][vc_empty_space height=&#8221;12px&#8221;][\/vc_column][\/vc_row]<\/p>\n","protected":false},"author":46,"featured_media":0,"parent":16257,"menu_order":40,"comment_status":"closed","ping_status":"closed","template":"page-templates\/nasze_programy_sub_pages.php","meta":{"_acf_changed":false,"inline_featured_image":false,"footnotes":""},"class_list":["post-16269","page","type-page","status-publish","hentry"],"acf":[],"_links":{"self":[{"href":"https:\/\/niw.gov.pl\/en\/wp-json\/wp\/v2\/pages\/16269","targetHints":{"allow":["GET"]}}],"collection":[{"href":"https:\/\/niw.gov.pl\/en\/wp-json\/wp\/v2\/pages"}],"about":[{"href":"https:\/\/niw.gov.pl\/en\/wp-json\/wp\/v2\/types\/page"}],"author":[{"embeddable":true,"href":"https:\/\/niw.gov.pl\/en\/wp-json\/wp\/v2\/users\/46"}],"replies":[{"embeddable":true,"href":"https:\/\/niw.gov.pl\/en\/wp-json\/wp\/v2\/comments?post=16269"}],"version-history":[{"count":2,"href":"https:\/\/niw.gov.pl\/en\/wp-json\/wp\/v2\/pages\/16269\/revisions"}],"predecessor-version":[{"id":18433,"href":"https:\/\/niw.gov.pl\/en\/wp-json\/wp\/v2\/pages\/16269\/revisions\/18433"}],"up":[{"embeddable":true,"href":"https:\/\/niw.gov.pl\/en\/wp-json\/wp\/v2\/pages\/16257"}],"wp:attachment":[{"href":"https:\/\/niw.gov.pl\/en\/wp-json\/wp\/v2\/media?parent=16269"}],"curies":[{"name":"wp","href":"https:\/\/api.w.org\/{rel}","templated":true}]}}