{"id":16271,"date":"2021-03-26T13:22:33","date_gmt":"2021-03-26T13:22:33","guid":{"rendered":"http:\/\/niw.gov.pl\/nasze-programy\/uniwersytety-ludowe\/konsultacje-publiczne\/"},"modified":"2021-07-13T07:31:05","modified_gmt":"2021-07-13T07:31:05","slug":"public-consultations","status":"publish","type":"page","link":"https:\/\/niw.gov.pl\/en\/our-programmes\/folk-universities\/public-consultations\/","title":{"rendered":"Public Consultations"},"content":{"rendered":"<p>[vc_row][vc_column][vc_column_text]Zach\u0119camy wszystkie zainteresowane osoby, organizacje i instytucje do wyra\u017cenia swoich opinii na temat projektu Regulaminu konkursu Programu Wspierania Rozwoju Uniwersytet\u00f3w Ludowych 2020-2030 Edycja 2020.[\/vc_column_text][vc_column_text]G\u0142\u00f3wnym celem Programu jest rozw\u00f3j edukacji doros\u0142ych w formie grundtvigia\u0144skich uniwersytet\u00f3w ludowych:[\/vc_column_text][vc_column_text el_class=&#8221;subpage&#8221;]<\/p>\n<ul>\n<li>umo\u017cliwiaj\u0105cych rozw\u00f3j osobisty, zawodowy i zwi\u0119kszenie aktywno\u015bci obywatelskiej,<\/li>\n<li>wp\u0142ywaj\u0105cych na rozw\u00f3j spo\u0142eczno\u015bci lokalnych,<\/li>\n<li>oddanych zachowywaniu oraz przekazywaniu tradycji i dziedzictwa narodowego.<\/li>\n<\/ul>\n<p>[\/vc_column_text][vc_column_text]Przedmiotem Konkursu jest udzielenie dotacji celowej na wzmocnienie potencja\u0142u instytucjonalnego plac\u00f3wek, podnoszenia ich jako\u015bci ich dzia\u0142alno\u015bci programowej, zwi\u0119kszanie zasi\u0119gu i dost\u0119pno\u015bci ich oferty edukacyjnej oraz wsparcie dzia\u0142a\u0144 zmierzaj\u0105cych do zapewnienia uniwersytetom ludowym trwa\u0142ej podmiotowo\u015bci w polskim systemie edukacji.[\/vc_column_text][vc_column_text]Najwa\u017cniejsze za\u0142o\u017cenia konkursu:[\/vc_column_text][vc_column_text el_class=&#8221;subpage&#8221;]<\/p>\n<ul>\n<li>warto\u015b\u0107 \u015brodk\u00f3w przeznaczonych na dotacje dla organizacji w ramach konkursu wynosi \u0142\u0105cznie 24\u00a0000 000 z\u0142, w tym 9 000 000 z\u0142 w 2020 r., 7 500 000 z\u0142 w 2021 r. i 7 500 000 z\u0142 w 2022 r.,<\/li>\n<li>wniesienie wk\u0142adu w\u0142asnego nie jest wymagane,<\/li>\n<li>wnioski sk\u0142adane b\u0119d\u0105 za po\u015brednictwem Systemu Obs\u0142ugi Dotacji,<\/li>\n<li>rozliczenie dotacji b\u0119dzie wymaga\u0142o osi\u0105gni\u0119cia zak\u0142adanych rezultat\u00f3w na poziomie co najmniej 80%.<\/li>\n<\/ul>\n<p>[\/vc_column_text][vc_column_text]W konkursie zaplanowana jest nast\u0119puj\u0105ca alokacja \u015brodk\u00f3w na poszczeg\u00f3lne Priorytety:[\/vc_column_text][vc_column_text el_class=&#8221;subpage&#8221;]<\/p>\n<table style=\"border-color: red; width: 100%; height: 288px;\" border=\"1px\">\n<tbody>\n<tr>\n<td style=\"width: 24.3083%;\" width=\"121\"><strong>Priorytet<\/strong><\/td>\n<td style=\"width: 24.3083%;\" width=\"121\">Alokacja na 2020 rok (z\u0142)<\/td>\n<td style=\"width: 24.5059%;\" width=\"121\">Alokacja na 2021 rok (z\u0142)<\/td>\n<td style=\"width: 163.906%;\" width=\"121\">Alokacja na rok 2022 (z\u0142)<\/td>\n<\/tr>\n<tr>\n<td style=\"width: 24.3083%;\" width=\"121\"><strong>1<\/strong><\/td>\n<td style=\"width: 24.3083%;\" width=\"121\">5\u00a0000 000<\/td>\n<td style=\"width: 24.5059%;\" width=\"121\">5\u00a0000 000<\/td>\n<td style=\"width: 163.906%;\" width=\"121\">5\u00a0000 000<\/td>\n<\/tr>\n<tr>\n<td style=\"width: 24.3083%;\" width=\"121\"><strong>2<\/strong><\/td>\n<td style=\"width: 24.3083%;\" width=\"121\">2\u00a0000 000<\/td>\n<td style=\"width: 24.5059%;\" width=\"121\">1 000 000<\/td>\n<td style=\"width: 163.906%;\" width=\"121\">1\u00a0000 000<\/td>\n<\/tr>\n<tr>\n<td style=\"width: 24.3083%;\" width=\"121\"><strong>3<\/strong><\/td>\n<td style=\"width: 24.3083%;\" width=\"121\">1\u00a0000 000<\/td>\n<td style=\"width: 24.5059%;\" width=\"121\">1\u00a0000 000<\/td>\n<td style=\"width: 163.906%;\" width=\"121\">1\u00a0000 000<\/td>\n<\/tr>\n<tr>\n<td style=\"width: 24.3083%;\" width=\"121\"><strong>4<\/strong><\/td>\n<td style=\"width: 24.3083%;\" width=\"121\">1\u00a0000 000<\/td>\n<td style=\"width: 24.5059%;\" width=\"121\">500 000<\/td>\n<td style=\"width: 163.906%;\" width=\"121\">\u00a0\u00a0 500 000<\/td>\n<\/tr>\n<tr>\n<td style=\"width: 24.3083%;\" width=\"121\"><strong>RAZEM<\/strong><\/td>\n<td style=\"width: 24.3083%;\" width=\"121\"><strong>9\u00a0000 000<\/strong><\/td>\n<td style=\"width: 24.5059%;\" width=\"121\"><strong>7\u00a0500 000<\/strong><\/td>\n<td style=\"width: 163.906%;\" width=\"121\"><strong>7\u00a0500 000<\/strong><\/td>\n<\/tr>\n<\/tbody>\n<\/table>\n<p>[\/vc_column_text][vc_column_text]<strong>W trosce o to, aby ostateczny kszta\u0142t Regulaminu jak najpe\u0142niej odpowiada\u0142 potrzebom i oczekiwaniom sektora pozarz\u0105dowego, zapraszamy ka\u017cdego do zabrania g\u0142osu!<\/strong>[\/vc_column_text][vc_column_text]Zach\u0119camy do zg\u0142aszania uwag i propozycji na adres:\u00a0<a class=\"red\" href=\"mailto:ul@niw.gov.pl\">ul@niw.gov.pl<\/a>\u00a0do\u00a0<strong>17 wrze\u015bnia 2020<\/strong>\u00a0r. w\u0142\u0105cznie na formularzu, kt\u00f3ry mo\u017cna pobra\u0107 poni\u017cej:[\/vc_column_text]<div class=\"row\">\n\t\t\t\t<div class=\"col-lg-12 col-md-12 col-sm-12 media_text\">\n\t\t\t\t\t\n\t\t\t\t\t\n\t\t\t\t\t<div class=\"programs_links\"><a href=\"https:\/\/niw.gov.pl\/wp-content\/uploads\/2021\/04\/Regulamin-PWRUL-edycja-2020_do-konsultacji-spol.pdf\" download><button class=\"link_btn\" type=\"button\"> <img decoding=\"async\" src=\"https:\/\/niw.gov.pl\/wp-content\/themes\/niw\/images\/ic_link.png\" alt=\"ic_link.png\"> <\/button> Projekt regulaminu konkursu PWRUL Edycja 2020<\/a>\n<\/div>\n\n\n\t\t\t\t\t\n\t\t\t\t\t\n\t\t\t\t\t\n\t\t\t\t\t<div class=\"programs_links\"><a href=\"https:\/\/niw.gov.pl\/wp-content\/uploads\/2021\/04\/Formularz_konsultacyjny_UL.docx\" download><button class=\"link_btn\" type=\"button\"> <img decoding=\"async\" src=\"https:\/\/niw.gov.pl\/wp-content\/themes\/niw\/images\/ic_link.png\" alt=\"ic_link.png\"> <\/button> Formularz konsultacyjny<\/a>\n<\/div>\n\n\n\t\t\t\t\t<\/div><\/div>[\/vc_column][\/vc_row]<\/p>\n","protected":false},"excerpt":{"rendered":"<p>[vc_row][vc_column][vc_column_text]Zach\u0119camy wszystkie zainteresowane osoby, organizacje i instytucje do wyra\u017cenia swoich opinii na temat projektu Regulaminu konkursu Programu Wspierania Rozwoju Uniwersytet\u00f3w Ludowych 2020-2030 Edycja 2020.[\/vc_column_text][vc_column_text]G\u0142\u00f3wnym celem Programu jest rozw\u00f3j edukacji doros\u0142ych w formie grundtvigia\u0144skich uniwersytet\u00f3w ludowych:[\/vc_column_text][vc_column_text el_class=&#8221;subpage&#8221;] umo\u017cliwiaj\u0105cych rozw\u00f3j osobisty, zawodowy i zwi\u0119kszenie aktywno\u015bci obywatelskiej, wp\u0142ywaj\u0105cych na rozw\u00f3j spo\u0142eczno\u015bci lokalnych, oddanych zachowywaniu oraz przekazywaniu tradycji i<\/p>\n","protected":false},"author":46,"featured_media":0,"parent":16257,"menu_order":50,"comment_status":"closed","ping_status":"closed","template":"page-templates\/nasze_programy_sub_pages.php","meta":{"_acf_changed":false,"inline_featured_image":false,"footnotes":""},"class_list":["post-16271","page","type-page","status-publish","hentry"],"acf":[],"_links":{"self":[{"href":"https:\/\/niw.gov.pl\/en\/wp-json\/wp\/v2\/pages\/16271","targetHints":{"allow":["GET"]}}],"collection":[{"href":"https:\/\/niw.gov.pl\/en\/wp-json\/wp\/v2\/pages"}],"about":[{"href":"https:\/\/niw.gov.pl\/en\/wp-json\/wp\/v2\/types\/page"}],"author":[{"embeddable":true,"href":"https:\/\/niw.gov.pl\/en\/wp-json\/wp\/v2\/users\/46"}],"replies":[{"embeddable":true,"href":"https:\/\/niw.gov.pl\/en\/wp-json\/wp\/v2\/comments?post=16271"}],"version-history":[{"count":2,"href":"https:\/\/niw.gov.pl\/en\/wp-json\/wp\/v2\/pages\/16271\/revisions"}],"predecessor-version":[{"id":18434,"href":"https:\/\/niw.gov.pl\/en\/wp-json\/wp\/v2\/pages\/16271\/revisions\/18434"}],"up":[{"embeddable":true,"href":"https:\/\/niw.gov.pl\/en\/wp-json\/wp\/v2\/pages\/16257"}],"wp:attachment":[{"href":"https:\/\/niw.gov.pl\/en\/wp-json\/wp\/v2\/media?parent=16271"}],"curies":[{"name":"wp","href":"https:\/\/api.w.org\/{rel}","templated":true}]}}