{"id":16273,"date":"2021-03-26T13:21:56","date_gmt":"2021-03-26T13:21:56","guid":{"rendered":"http:\/\/niw.gov.pl\/nasze-programy\/uniwersytety-ludowe\/komitet-sterujaco-monitorujacy\/"},"modified":"2021-07-13T07:31:13","modified_gmt":"2021-07-13T07:31:13","slug":"steering-and-monitoring-committee","status":"publish","type":"page","link":"https:\/\/niw.gov.pl\/en\/our-programmes\/folk-universities\/steering-and-monitoring-committee\/","title":{"rendered":"Steering and Monitoring Committee"},"content":{"rendered":"<p>[vc_row][vc_column][vc_column_text]Zadania Komitetu Steruj\u0105co-Monitoruj\u0105cego:[\/vc_column_text][vc_column_text el_class=&#8221;subpage&#8221;]<\/p>\n<ul>\n<li>opiniowanie zasad i warunk\u00f3w uzyskiwania dotacji,<\/li>\n<li>okresowe kontrolowanie post\u0119pu w zakresie osi\u0105gania cel\u00f3w Programu, na podstawie informacji przedk\u0142adanych przez NIW-CRSO,<\/li>\n<li>analizowanie rezultat\u00f3w realizacji Programu, przede wszystkim osi\u0105gania wyznaczonych cel\u00f3w oraz wynik\u00f3w ewaluacji zwi\u0105zanych z monitorowaniem realizacji Programu, w szczeg\u00f3lno\u015bci w przypadku, gdy monitoring wykazuje znacz\u0105ce odst\u0119pstwa od pocz\u0105tkowo okre\u015blonych cel\u00f3w lub gdy s\u0105 zg\u0142oszone propozycje zmian w Programie,<\/li>\n<li>prezentowanie uwag dotycz\u0105cych wdra\u017cania i ewaluacji Programu, jak r\u00f3wnie\u017c monitorowanie dzia\u0142a\u0144 podj\u0119tych w ich nast\u0119pstwie,<\/li>\n<li>analizowanie sprawozda\u0144 z realizacji Programu,<\/li>\n<li>przedk\u0142adanie NIW-CRSO propozycji zmian w Programie u\u0142atwiaj\u0105cych realizacj\u0119 jego cel\u00f3w,<\/li>\n<li>opiniowanie propozycji zmian w Programie przedk\u0142adanych przez NIW-CRSO,<\/li>\n<li>opiniowanie planu ewaluacji Programu,<\/li>\n<li>opiniowanie planu komunikacji Programu.<\/li>\n<\/ul>\n<p>[\/vc_column_text][vc_column_text]Posiedzenia Komitetu maj\u0105 odbywa\u0107 si\u0119 nie rzadziej ni\u017c 2 razy do roku.[\/vc_column_text][\/vc_column][\/vc_row][vc_row][vc_column][vc_column_text]Zobacz <a class=\"red\" href=\"http:\/\/niw.gov.pl\/nasze-programy\/uniwersytety-ludowe\/komitet-sterujaco-monitorujacy\/protokoly-z-posiedzen-ksm\/\"><i class=\"fas fa-link\"><\/i> Protoko\u0142y z posiedze\u0144 KSM<\/a>[\/vc_column_text][\/vc_column][\/vc_row]<\/p>\n","protected":false},"excerpt":{"rendered":"<p>[vc_row][vc_column][vc_column_text]Zadania Komitetu Steruj\u0105co-Monitoruj\u0105cego:[\/vc_column_text][vc_column_text el_class=&#8221;subpage&#8221;] opiniowanie zasad i warunk\u00f3w uzyskiwania dotacji, okresowe kontrolowanie post\u0119pu w zakresie osi\u0105gania cel\u00f3w Programu, na podstawie informacji przedk\u0142adanych przez NIW-CRSO, analizowanie rezultat\u00f3w realizacji Programu, przede wszystkim osi\u0105gania wyznaczonych cel\u00f3w oraz wynik\u00f3w ewaluacji zwi\u0105zanych z monitorowaniem realizacji Programu, w szczeg\u00f3lno\u015bci w przypadku, gdy monitoring wykazuje znacz\u0105ce odst\u0119pstwa od pocz\u0105tkowo okre\u015blonych cel\u00f3w lub<\/p>\n","protected":false},"author":46,"featured_media":0,"parent":16257,"menu_order":60,"comment_status":"closed","ping_status":"closed","template":"page-templates\/nasze_programy_sub_pages.php","meta":{"_acf_changed":false,"inline_featured_image":false,"footnotes":""},"class_list":["post-16273","page","type-page","status-publish","hentry"],"acf":[],"_links":{"self":[{"href":"https:\/\/niw.gov.pl\/en\/wp-json\/wp\/v2\/pages\/16273","targetHints":{"allow":["GET"]}}],"collection":[{"href":"https:\/\/niw.gov.pl\/en\/wp-json\/wp\/v2\/pages"}],"about":[{"href":"https:\/\/niw.gov.pl\/en\/wp-json\/wp\/v2\/types\/page"}],"author":[{"embeddable":true,"href":"https:\/\/niw.gov.pl\/en\/wp-json\/wp\/v2\/users\/46"}],"replies":[{"embeddable":true,"href":"https:\/\/niw.gov.pl\/en\/wp-json\/wp\/v2\/comments?post=16273"}],"version-history":[{"count":2,"href":"https:\/\/niw.gov.pl\/en\/wp-json\/wp\/v2\/pages\/16273\/revisions"}],"predecessor-version":[{"id":18435,"href":"https:\/\/niw.gov.pl\/en\/wp-json\/wp\/v2\/pages\/16273\/revisions\/18435"}],"up":[{"embeddable":true,"href":"https:\/\/niw.gov.pl\/en\/wp-json\/wp\/v2\/pages\/16257"}],"wp:attachment":[{"href":"https:\/\/niw.gov.pl\/en\/wp-json\/wp\/v2\/media?parent=16273"}],"curies":[{"name":"wp","href":"https:\/\/api.w.org\/{rel}","templated":true}]}}