{"id":16289,"date":"2021-04-28T07:43:44","date_gmt":"2021-04-28T07:43:44","guid":{"rendered":"http:\/\/niw.gov.pl\/nasze-programy\/fio\/edycja-2020\/fio-edycja-2020-otwarty-konkurs-ofert-dla-priorytetu-1\/"},"modified":"2021-07-13T07:46:49","modified_gmt":"2021-07-13T07:46:49","slug":"cif-2020-priority-1","status":"publish","type":"page","link":"https:\/\/niw.gov.pl\/en\/our-programmes\/cif\/completed-editions\/edition-2020\/cif-2020-priority-1\/","title":{"rendered":"CIF 2020 Priority 1"},"content":{"rendered":"<p>[vc_row][vc_column][vc_custom_heading text=&#8221;Wyniki konkursu&#8221; font_container=&#8221;tag:h3|text_align:left&#8221; use_theme_fonts=&#8221;yes&#8221;][vc_empty_space height=&#8221;12px&#8221;][vc_column_text]Wyniki oceny merytorycznej ofert z\u0142o\u017conych w ramach konkursu FIO 2020- Priorytet 1:[\/vc_column_text][vc_row_inner][vc_column_inner width=&#8221;1\/2&#8243;]<div class=\"row\">\n\t\t\t\t<div class=\"col-lg-12 col-md-12 col-sm-12 media_text\">\n\t\t\t\t\t<div class=\"download_box\">\n\t\t\t\t<div class=\"download_text\">\n\t\t\t\t\t<a href=\"https:\/\/niw.gov.pl\/wp-content\/uploads\/2021\/04\/FIO-2020-P-1-Lista-rankingowa.pdf\" download>Lista rankingowa \u2013 pobierz<\/a><\/div><br><br><span><img decoding=\"async\" src=\"https:\/\/niw.gov.pl\/wp-content\/themes\/niw\/images\/PDF.png\" alt=\"PDF.png\"><\/button> 0.44MB<\/span><a href=\"https:\/\/niw.gov.pl\/wp-content\/uploads\/2021\/04\/FIO-2020-P-1-Lista-rankingowa.pdf\" download><button class=\"download_btn\" type=\"button\"> <img decoding=\"async\" src=\"https:\/\/niw.gov.pl\/wp-content\/themes\/niw\/images\/arrow7.png\" alt=\"arrow7.png\"><\/button><\/a> <div class=\"clr\">\n\n<\/div><\/div>\n\t\t\t\t\t<div class=\"download_box\">\n\t\t\t\t<div class=\"download_text\">\n\t\t\t\t\t<a href=\"https:\/\/niw.gov.pl\/wp-content\/uploads\/2021\/04\/FIO-2020-P-1-Lista-rezerwowa.pdf\" download>Lista rezerwowa \u2013 pobierz <\/a><\/div><br><br><span><img decoding=\"async\" src=\"https:\/\/niw.gov.pl\/wp-content\/themes\/niw\/images\/PDF.png\" alt=\"PDF.png\"><\/button> 0.47MB<\/span><a href=\"https:\/\/niw.gov.pl\/wp-content\/uploads\/2021\/04\/FIO-2020-P-1-Lista-rezerwowa.pdf\" download><button class=\"download_btn\" type=\"button\"> <img decoding=\"async\" src=\"https:\/\/niw.gov.pl\/wp-content\/themes\/niw\/images\/arrow7.png\" alt=\"arrow7.png\"><\/button><\/a> <div class=\"clr\">\n\n<\/div><\/div>\n\t\t\t\t\t<div class=\"download_box\">\n\t\t\t\t<div class=\"download_text\">\n\t\t\t\t\t<a href=\"https:\/\/niw.gov.pl\/wp-content\/uploads\/2021\/04\/FIO-2020-P-1-Lista-ofert-negatywnych-merytorycznie.pdf\" download>Lista ofert negatywnych merytorycznie \u2013 pobierz<\/a><\/div><br><br><span><img decoding=\"async\" src=\"https:\/\/niw.gov.pl\/wp-content\/themes\/niw\/images\/PDF.png\" alt=\"PDF.png\"><\/button> 0.45MB<\/span><a href=\"https:\/\/niw.gov.pl\/wp-content\/uploads\/2021\/04\/FIO-2020-P-1-Lista-ofert-negatywnych-merytorycznie.pdf\" download><button class=\"download_btn\" type=\"button\"> <img decoding=\"async\" src=\"https:\/\/niw.gov.pl\/wp-content\/themes\/niw\/images\/arrow7.png\" alt=\"arrow7.png\"><\/button><\/a> <div class=\"clr\">\n\n<\/div><\/div><\/div><\/div>[\/vc_column_inner][vc_column_inner width=&#8221;1\/2&#8243;]<div class=\"row\">\n\t\t\t\t<div class=\"col-lg-12 col-md-12 col-sm-12 media_text\">\n\t\t\t\t\t<div class=\"download_box\">\n\t\t\t\t<div class=\"download_text\">\n\t\t\t\t\t<a href=\"https:\/\/niw.gov.pl\/wp-content\/uploads\/2021\/04\/FIO-2020-P-1-Lista-rankingowa.xlsx\" download>Lista rankingowa \u2013 pobierz<\/a><\/div><br><br><span><img decoding=\"async\" src=\"https:\/\/niw.gov.pl\/wp-content\/themes\/niw\/images\/XLS.png\" alt=\"XLS.png\"><\/button> 0.01MB<\/span><a href=\"https:\/\/niw.gov.pl\/wp-content\/uploads\/2021\/04\/FIO-2020-P-1-Lista-rankingowa.xlsx\" download><button class=\"download_btn\" type=\"button\"> <img decoding=\"async\" src=\"https:\/\/niw.gov.pl\/wp-content\/themes\/niw\/images\/arrow7.png\" alt=\"arrow7.png\"><\/button><\/a> <div class=\"clr\">\n\n<\/div><\/div>\n\t\t\t\t\t<div class=\"download_box\">\n\t\t\t\t<div class=\"download_text\">\n\t\t\t\t\t<a href=\"https:\/\/niw.gov.pl\/wp-content\/uploads\/2021\/04\/FIO-2020-P-1-Lista-rezerwowa.xlsx\" download>Lista rezerwowa \u2013 pobierz <\/a><\/div><br><br><span><img decoding=\"async\" src=\"https:\/\/niw.gov.pl\/wp-content\/themes\/niw\/images\/XLS.png\" alt=\"XLS.png\"><\/button> 0.02MB<\/span><a href=\"https:\/\/niw.gov.pl\/wp-content\/uploads\/2021\/04\/FIO-2020-P-1-Lista-rezerwowa.xlsx\" download><button class=\"download_btn\" type=\"button\"> <img decoding=\"async\" src=\"https:\/\/niw.gov.pl\/wp-content\/themes\/niw\/images\/arrow7.png\" alt=\"arrow7.png\"><\/button><\/a> <div class=\"clr\">\n\n<\/div><\/div>\n\t\t\t\t\t<div class=\"download_box\">\n\t\t\t\t<div class=\"download_text\">\n\t\t\t\t\t<a href=\"https:\/\/niw.gov.pl\/wp-content\/uploads\/2021\/04\/FIO-2020-P-1-Lista-ofert-negatywnych-merytorycznie.xlsx\" download>Lista ofert negatywnych merytorycznie \u2013 pobierz<\/a><\/div><br><br><span><img decoding=\"async\" src=\"https:\/\/niw.gov.pl\/wp-content\/themes\/niw\/images\/XLS.png\" alt=\"XLS.png\"><\/button> 0.02MB<\/span><a href=\"https:\/\/niw.gov.pl\/wp-content\/uploads\/2021\/04\/FIO-2020-P-1-Lista-ofert-negatywnych-merytorycznie.xlsx\" download><button class=\"download_btn\" type=\"button\"> <img decoding=\"async\" src=\"https:\/\/niw.gov.pl\/wp-content\/themes\/niw\/images\/arrow7.png\" alt=\"arrow7.png\"><\/button><\/a> <div class=\"clr\">\n\n<\/div><\/div><\/div><\/div>[\/vc_column_inner][\/vc_row_inner][vc_column_text]Alokacja \u015brodk\u00f3w dla ka\u017cdego wojew\u00f3dztwa w ramach \u015bcie\u017cki regrantingu wojew\u00f3dzkiego zosta\u0142a ustalona oddzielnie, wobec czego dolna granica punktowa dla ka\u017cdego wojew\u00f3dztwa jest inna.<\/p>\n<p><strong>Karty ocen z\u0142o\u017conych ofert zostan\u0105 udost\u0119pnione w ci\u0105gu 30 dni poprzez System Obs\u0142ugi Dotacji.<\/strong>[\/vc_column_text][vc_empty_space height=&#8221;12px&#8221;][vc_column_text]<strong>Informacje dla wnioskodawc\u00f3w dofinansowanych ofert:<\/strong><\/p>\n<p>Z organizacjami, kt\u00f3rych wnioski zosta\u0142y przeznaczone do dofinansowania, skontaktuj\u0105 si\u0119 przedstawiciele NIW-CRSO w celu przekazania informacji o przyznanej dotacji oraz pro\u015bby o weryfikacj\u0119 harmonogram\u00f3w i kosztorys\u00f3w.<\/p>\n<p>W przypadku projekt\u00f3w przeznaczonych do dofinansowania, niezale\u017cnie od daty zawarcia umowy, ponoszone wydatki b\u0119d\u0105 kwalifikowane od 1 stycznia 2020 r. (o ile harmonogram zak\u0142ada\u0142 rozpocz\u0119cie projektu od tego terminu).[\/vc_column_text][vc_empty_space][vc_separator][vc_empty_space][\/vc_column][\/vc_row][vc_row][vc_column][vc_custom_heading text=&#8221;Wyniki oceny formalnej&#8221; font_container=&#8221;tag:h3|text_align:left&#8221; use_theme_fonts=&#8221;yes&#8221;][vc_empty_space height=&#8221;12px&#8221;][vc_row_inner][vc_column_inner width=&#8221;1\/2&#8243;]<div class=\"row\">\n\t\t\t\t<div class=\"col-lg-12 col-md-12 col-sm-12 media_text\">\n\t\t\t\t\t<div class=\"download_box\">\n\t\t\t\t<div class=\"download_text\">\n\t\t\t\t\t<a href=\"https:\/\/niw.gov.pl\/wp-content\/uploads\/2021\/04\/Lista-formalna-FIO-2020-P1-.pdf\" download>Lista ofert przekazanych do oceny merytorycznej<\/a><\/div><br><br><span><img decoding=\"async\" src=\"https:\/\/niw.gov.pl\/wp-content\/themes\/niw\/images\/PDF.png\" alt=\"PDF.png\"><\/button> 0.68MB<\/span><a href=\"https:\/\/niw.gov.pl\/wp-content\/uploads\/2021\/04\/Lista-formalna-FIO-2020-P1-.pdf\" download><button class=\"download_btn\" type=\"button\"> <img decoding=\"async\" src=\"https:\/\/niw.gov.pl\/wp-content\/themes\/niw\/images\/arrow7.png\" alt=\"arrow7.png\"><\/button><\/a> <div class=\"clr\">\n\n<\/div><\/div><\/div><\/div>[\/vc_column_inner][vc_column_inner width=&#8221;1\/2&#8243;]<div class=\"row\">\n\t\t\t\t<div class=\"col-lg-12 col-md-12 col-sm-12 media_text\">\n\t\t\t\t\t<div class=\"download_box\">\n\t\t\t\t<div class=\"download_text\">\n\t\t\t\t\t<a href=\"https:\/\/niw.gov.pl\/wp-content\/uploads\/2021\/04\/Lista-formalna-FIO-2020-P1-.xlsx\" download>Lista ofert przekazanych do oceny merytorycznej<\/a><\/div><br><br><span><img decoding=\"async\" src=\"https:\/\/niw.gov.pl\/wp-content\/themes\/niw\/images\/XLS.png\" alt=\"XLS.png\"><\/button> 0.03MB<\/span><a href=\"https:\/\/niw.gov.pl\/wp-content\/uploads\/2021\/04\/Lista-formalna-FIO-2020-P1-.xlsx\" download><button class=\"download_btn\" type=\"button\"> <img decoding=\"async\" src=\"https:\/\/niw.gov.pl\/wp-content\/themes\/niw\/images\/arrow7.png\" alt=\"arrow7.png\"><\/button><\/a> <div class=\"clr\">\n\n<\/div><\/div><\/div><\/div>[\/vc_column_inner][\/vc_row_inner][vc_empty_space][vc_column_text]W terminie <strong>od 19 lipca do 16 wrze\u015bnia (do godziny 12.00) 2019 r. <\/strong> organizacje spo\u0142eczne i inne podmioty uprawione, mog\u0142y sk\u0142ada\u0107 swoje oferty w konkursie FIO2020, w ramach priorytetu 1, wspieraj\u0105cego regranting i dzia\u0142ania animacyjne.[\/vc_column_text][vc_column_text]Wi\u0119cej szczeg\u00f3\u0142\u00f3w znajduje si\u0119 w dokumentach poni\u017cej. Sk\u0142adanie ofert odbywa si\u0119 tylko i wy\u0142\u0105cznie poprzez System Obs\u0142ugi Dotacji: <a class=\"red\" href=\"https:\/\/generator.niw.gov.pl\/\">https:\/\/generator.niw.gov.pl\/<\/a> (wymagana wcze\u015bniejsza rejestracja).[\/vc_column_text][vc_empty_space][vc_separator][vc_empty_space][\/vc_column][\/vc_row][vc_row][vc_column]<div class=\"row\">\n\t\t\t\t<div class=\"col-lg-12 col-md-12 col-sm-12 media_text\">\n\t\t\t\t\t\n\t\t\t\t\t\n\t\t\t\t\t<div class=\"programs_links\"><a href=\"https:\/\/niw.gov.pl\/wp-content\/uploads\/2021\/04\/Ogloszenie-o-konkursie-FIO-2020-P1.pdf\" download><button class=\"link_btn\" type=\"button\"> <img decoding=\"async\" src=\"https:\/\/niw.gov.pl\/wp-content\/themes\/niw\/images\/ic_link.png\" alt=\"ic_link.png\"> <\/button> Og\u0142oszenie o konkursie<\/a>\n<\/div>\n\n\n\t\t\t\t\t\n\t\t\t\t\t\n\t\t\t\t\t\n\t\t\t\t\t<div class=\"programs_links\"><a href=\"https:\/\/niw.gov.pl\/wp-content\/uploads\/2021\/04\/Regulamin_FIO_2020_Priorytet_1.pdf\" download><button class=\"link_btn\" type=\"button\"> <img decoding=\"async\" src=\"https:\/\/niw.gov.pl\/wp-content\/themes\/niw\/images\/ic_link.png\" alt=\"ic_link.png\"> <\/button> Regulamin konkursu<\/a>\n<\/div>\n\n\n\t\t\t\t\t\n\t\t\t\t\t\n\t\t\t\t\t\n\t\t\t\t\t<div class=\"programs_links\"><a href=\"https:\/\/niw.gov.pl\/wp-content\/uploads\/2021\/04\/wniosek_z_komentarzami_ver.na_strone-1.pdf\" download><button class=\"link_btn\" type=\"button\"> <img decoding=\"async\" src=\"https:\/\/niw.gov.pl\/wp-content\/themes\/niw\/images\/ic_link.png\" alt=\"ic_link.png\"> <\/button> Oferta- wersja z instrukcj\u0105 wype\u0142nienia<\/a>\n<\/div>\n\n\n\t\t\t\t\t\n\t\t\t\t\t\n\t\t\t\t\t\n\t\t\t\t\t<div class=\"programs_links\"><a href=\"https:\/\/niw.gov.pl\/wp-content\/uploads\/2021\/04\/FAQ-FIO-2020-2019-09-09.pdf\" download><button class=\"link_btn\" type=\"button\"> <img decoding=\"async\" src=\"https:\/\/niw.gov.pl\/wp-content\/themes\/niw\/images\/ic_link.png\" alt=\"ic_link.png\"> <\/button> FAQ- Najcz\u0119\u015bciej zadawane pytania- wersja z 9 wrze\u015bnia<\/a>\n<\/div>\n\n\n\t\t\t\t\t\n\t\t\t\t\t\n\t\t\t\t\t\n\t\t\t\t\t<div class=\"programs_links\"><a href=\"https:\/\/niw.gov.pl\/wp-content\/uploads\/2021\/04\/Wytyczne-dla-ekspertow-FIO-2019-v.-1.0.pdf\" download><button class=\"link_btn\" type=\"button\"> <img decoding=\"async\" src=\"https:\/\/niw.gov.pl\/wp-content\/themes\/niw\/images\/ic_link.png\" alt=\"ic_link.png\"> <\/button> Wytyczne dla ekspert\u00f3w dotycz\u0105ce oceny ofert<\/a>\n<\/div>\n\n\n\t\t\t\t\t<\/div><\/div>[\/vc_column][\/vc_row]<\/p>\n","protected":false},"excerpt":{"rendered":"<p>[vc_row][vc_column][vc_custom_heading text=&#8221;Wyniki konkursu&#8221; font_container=&#8221;tag:h3|text_align:left&#8221; use_theme_fonts=&#8221;yes&#8221;][vc_empty_space height=&#8221;12px&#8221;][vc_column_text]Wyniki oceny merytorycznej ofert z\u0142o\u017conych w ramach konkursu FIO 2020- Priorytet 1:[\/vc_column_text][vc_row_inner][vc_column_inner width=&#8221;1\/2&#8243;][\/vc_column_inner][vc_column_inner width=&#8221;1\/2&#8243;][\/vc_column_inner][\/vc_row_inner][vc_column_text]Alokacja \u015brodk\u00f3w dla ka\u017cdego wojew\u00f3dztwa w ramach \u015bcie\u017cki regrantingu wojew\u00f3dzkiego zosta\u0142a ustalona oddzielnie, wobec czego dolna granica punktowa dla ka\u017cdego wojew\u00f3dztwa jest inna. Karty ocen z\u0142o\u017conych ofert zostan\u0105 udost\u0119pnione w ci\u0105gu 30 dni poprzez System Obs\u0142ugi Dotacji.[\/vc_column_text][vc_empty_space<\/p>\n","protected":false},"author":46,"featured_media":0,"parent":16282,"menu_order":3,"comment_status":"closed","ping_status":"closed","template":"page-templates\/nasze_programy_sub_pages.php","meta":{"_acf_changed":false,"inline_featured_image":false,"footnotes":""},"class_list":["post-16289","page","type-page","status-publish","hentry"],"acf":[],"_links":{"self":[{"href":"https:\/\/niw.gov.pl\/en\/wp-json\/wp\/v2\/pages\/16289","targetHints":{"allow":["GET"]}}],"collection":[{"href":"https:\/\/niw.gov.pl\/en\/wp-json\/wp\/v2\/pages"}],"about":[{"href":"https:\/\/niw.gov.pl\/en\/wp-json\/wp\/v2\/types\/page"}],"author":[{"embeddable":true,"href":"https:\/\/niw.gov.pl\/en\/wp-json\/wp\/v2\/users\/46"}],"replies":[{"embeddable":true,"href":"https:\/\/niw.gov.pl\/en\/wp-json\/wp\/v2\/comments?post=16289"}],"version-history":[{"count":2,"href":"https:\/\/niw.gov.pl\/en\/wp-json\/wp\/v2\/pages\/16289\/revisions"}],"predecessor-version":[{"id":18459,"href":"https:\/\/niw.gov.pl\/en\/wp-json\/wp\/v2\/pages\/16289\/revisions\/18459"}],"up":[{"embeddable":true,"href":"https:\/\/niw.gov.pl\/en\/wp-json\/wp\/v2\/pages\/16282"}],"wp:attachment":[{"href":"https:\/\/niw.gov.pl\/en\/wp-json\/wp\/v2\/media?parent=16289"}],"curies":[{"name":"wp","href":"https:\/\/api.w.org\/{rel}","templated":true}]}}