{"id":16291,"date":"2021-04-28T07:59:50","date_gmt":"2021-04-28T07:59:50","guid":{"rendered":"http:\/\/niw.gov.pl\/nasze-programy\/fio\/edycja-2020\/konsultacje-regulaminu-konkursu-fio-2020-r-priorytety-2-3-i-4\/"},"modified":"2021-07-13T07:46:55","modified_gmt":"2021-07-13T07:46:55","slug":"consultations-of-the-rules-of-cif-2020-priorities-2-3-4","status":"publish","type":"page","link":"https:\/\/niw.gov.pl\/en\/our-programmes\/cif\/completed-editions\/edition-2020\/consultations-of-the-rules-of-cif-2020-priorities-2-3-4\/","title":{"rendered":"Consultations of the Rules of CIF 2020 Priorities  2, 3, 4"},"content":{"rendered":"<p>[vc_row][vc_column][vc_column_text]W dniach 2-17 pa\u017adziernika odby\u0142y si\u0119 konsultacje spo\u0142eczne Regulaminu do konkursu FIO 2020 Priorytety 2,3 i 4.[\/vc_column_text][vc_column_text]Poni\u017cej raport z konsultacji:[\/vc_column_text]<div class=\"row\">\n\t\t\t\t<div class=\"col-lg-12 col-md-12 col-sm-12 media_text\">\n\t\t\t\t\t\n\t\t\t\t\t\n\t\t\t\t\t<div class=\"programs_links\"><a href=\"https:\/\/niw.gov.pl\/wp-content\/uploads\/2021\/04\/Zestawienie_uwag-z-konsultacji-spolecznych-FIO-2020-2-4.pdf\" download><button class=\"link_btn\" type=\"button\"> <img decoding=\"async\" src=\"https:\/\/niw.gov.pl\/wp-content\/themes\/niw\/images\/ic_link.png\" alt=\"ic_link.png\"> <\/button> Zestawienie uwag z konsultacji spo\u0142ecznych FIO 2020 2-4.<\/a>\n<\/div>\n\n\n\t\t\t\t\t<\/div><\/div>[vc_empty_space height=&#8221;12px&#8221;][vc_column_text]Og\u0142oszenie o konsultacjach:<\/p>\n<p>Dyrektor Narodowego Instytutu Wolno\u015bci \u2013 Centrum Rozwoju Spo\u0142ecze\u0144stwa Obywatelskiego zaprasza wszystkie zainteresowane osoby, organizacje i instytucje do wyra\u017cenia swoich opinii na temat projektu\u00a0<em>Regulaminu konkursu Fundusz Inicjatyw Obywatelskich, edycja 2020\u00a0<\/em><strong>\u2013 Priorytety 2, 3 i 4<\/strong>. W trosce o to, aby ostateczny kszta\u0142t\u00a0<em>Regulaminu konkursu Fundusz Inicjatyw Obywatelskich, edycja 2020<\/em><strong>\u00a0\u2013 Priorytety 2, 3 i 4.<\/strong>\u00a0mo\u017cliwie najpe\u0142niej odpowiada\u0142 na potrzeby i oczekiwania sektora pozarz\u0105dowego, po aprobacie projektu ze strony Komitetu Steruj\u0105co-Monitoruj\u0105cego FIO, zapraszamy do uczestnictwa w konsultacjach spo\u0142ecznych.<\/p>\n<p>Zach\u0119camy do zaopiniowania zapis\u00f3w w Regulaminie, w szczeg\u00f3lno\u015bci:[\/vc_column_text][vc_column_text el_class=&#8221;subpage&#8221;]<\/p>\n<ul>\n<li>Wykluczenia podmiot\u00f3w realizuj\u0105cych zadania 2-letnie FIO 2019 \u2013 jako podmioty nieuprawnione do udzia\u0142u w konkursie w zwi\u0105zku ze zwi\u0119kszeniem szans na otrzymanie dotacji innym organizacjom.<\/li>\n<li>Usuni\u0119cie partnerstwa formalnego (jedynie zapis, \u017ce o kwalifikowaniu wk\u0142adu w\u0142asnego) w celu u\u0142atwienia organizacjom wsp\u00f3\u0142pracy z innymi podmiotami.<\/li>\n<li>Obni\u017cenie maksymalnej kwoty dotacji do 20-120 tys. z\u0142 w P2 i P3, 20-150 tys. z\u0142 w P4 w zwi\u0105zku ze skr\u00f3ceniem maksymalnego okresu trwania projektu do 11 miesi\u0119cy oraz potencjalnego zwi\u0119kszenia liczby dofinansowanych ofert.<\/li>\n<li>Kryteri\u00f3w strategicznych:<\/li>\n<\/ul>\n<p>[\/vc_column_text][vc_column_text css=&#8221;.vc_custom_1619603415334{padding-left: 50px !important;}&#8221; el_class=&#8221;table&#8221;]<\/p>\n<table>\n<tbody>\n<tr>\n<td width=\"6%\"><strong>Lp.<\/strong><\/td>\n<td width=\"81%\"><strong>Kryterium Strategiczne<\/strong><\/td>\n<td width=\"12%\"><strong>Punktacja<\/strong><\/td>\n<\/tr>\n<tr>\n<td style=\"text-align: center;\" width=\"6%\"><strong>1<\/strong><\/td>\n<td width=\"81%\">Oferta realizowana przez organizacj\u0119, kt\u00f3rej roczny przych\u00f3d za 2018 roku nie przekracza 100 tys. z\u0142.<\/td>\n<td style=\"text-align: center;\" width=\"12%\"><strong>3<\/strong><\/td>\n<\/tr>\n<tr>\n<td style=\"text-align: center;\" rowspan=\"2\" width=\"6%\"><strong>2<\/strong><\/td>\n<td width=\"81%\">Oferta realizowana przez organizacj\u0119 maj\u0105c\u0105 siedzib\u0119 w miejscowo\u015bci licz\u0105cej nie wi\u0119cej ni\u017c 25 tys. mieszka\u0144c\u00f3w.<\/td>\n<td style=\"text-align: center;\" width=\"12%\"><strong>3<\/strong><\/td>\n<\/tr>\n<tr>\n<td width=\"81%\">Oferta realizowana przez organizacj\u0119 maj\u0105c\u0105 siedzib\u0119 w miejscowo\u015bci licz\u0105cej powy\u017cej 25 tys. mieszka\u0144c\u00f3w, jednak\u017ce nie wi\u0119cej ni\u017c 50 tys. mieszka\u0144c\u00f3w.<\/td>\n<td style=\"text-align: center;\" width=\"12%\"><strong>1<\/strong><\/td>\n<\/tr>\n<tr>\n<td style=\"text-align: center;\" width=\"6%\"><strong>3<\/strong><\/td>\n<td width=\"81%\">Oferta z\u0142o\u017cona przez podmiot, kt\u00f3ry nie otrzyma\u0142 dotacji w ramach P FIO 2014-2020 w latach 2014-2019.<\/td>\n<td style=\"text-align: center;\" width=\"12%\"><strong>3<\/strong><\/td>\n<\/tr>\n<\/tbody>\n<\/table>\n<p>[\/vc_column_text][vc_column_text el_class=&#8221;subpage&#8221;]<\/p>\n<ul>\n<li>Przeredagowanie 4 kryterium oceny dotycz\u0105cego mo\u017cliwo\u015bci realizacji Oferty tak by by\u0142o bardziej zrozumia\u0142e dla organizacji oraz ekspert\u00f3w oceniaj\u0105cych.<\/li>\n<\/ul>\n<p>[\/vc_column_text][vc_empty_space height=&#8221;12px&#8221;][vc_column_text]Zach\u0119camy do zg\u0142aszania uwag i propozycji na adres\u00a0<a class=\"red\" href=\"mailto:FIO@NIW.gov.pl\">FIO@NIW.gov.pl<\/a>, do\u00a0<strong>dnia 17 pa\u017adziernika 2019 r.<\/strong>\u00a0na formularzu, kt\u00f3ry mo\u017cna pobra\u0107 poni\u017cej. Nast\u0119pnie Narodowy Instytut Wolno\u015bci \u2013 Centrum Rozwoju Spo\u0142ecze\u0144stwa Obywatelskiego sporz\u0105dzi zestawienie uwag i przedstawi je Komitetowi Steruj\u0105co-Monitoruj\u0105cemu FIO.[\/vc_column_text][vc_empty_space][vc_separator][vc_empty_space][\/vc_column][\/vc_row][vc_row][vc_column][vc_custom_heading text=&#8221;Do pobrania&#8221; font_container=&#8221;tag:h3|text_align:left&#8221; use_theme_fonts=&#8221;yes&#8221;][vc_empty_space height=&#8221;12px&#8221;]<div class=\"row\">\n\t\t\t\t<div class=\"col-lg-12 col-md-12 col-sm-12 media_text\">\n\t\t\t\t\t\n\t\t\t\t\t\n\t\t\t\t\t<div class=\"programs_links\"><a href=\"https:\/\/niw.gov.pl\/wp-content\/uploads\/2021\/04\/Regulamin-FIO-2020-P2-4-konsultacje-spoleczne.docx\" download><button class=\"link_btn\" type=\"button\"> <img decoding=\"async\" src=\"https:\/\/niw.gov.pl\/wp-content\/themes\/niw\/images\/ic_link.png\" alt=\"ic_link.png\"> <\/button> Regulamin konkursu Fundusz Inicjatyw Obywatelskich, edycja 2020 \u2013 Priorytety 2, 3 i 4. \u2013 wersja .docx<\/a>\n<\/div>\n\n\n\t\t\t\t\t\n\t\t\t\t\t\n\t\t\t\t\t\n\t\t\t\t\t<div class=\"programs_links\"><a href=\"https:\/\/niw.gov.pl\/wp-content\/uploads\/2021\/04\/Regulamin-FIO-2020-P2-4-konsultacje-spoleczne.pdf\" download><button class=\"link_btn\" type=\"button\"> <img decoding=\"async\" src=\"https:\/\/niw.gov.pl\/wp-content\/themes\/niw\/images\/ic_link.png\" alt=\"ic_link.png\"> <\/button> Regulamin konkursu Fundusz Inicjatyw Obywatelskich, edycja 2020 \u2013 Priorytety 2, 3 i 4. \u2013 wersja .pdf<\/a>\n<\/div>\n\n\n\t\t\t\t\t\n\t\t\t\t\t\n\t\t\t\t\t\n\t\t\t\t\t<div class=\"programs_links\"><a href=\"https:\/\/niw.gov.pl\/wp-content\/uploads\/2021\/04\/Formularz-konsultacyjny-FIO-2020-P-2-4.docx\" download><button class=\"link_btn\" type=\"button\"> <img decoding=\"async\" src=\"https:\/\/niw.gov.pl\/wp-content\/themes\/niw\/images\/ic_link.png\" alt=\"ic_link.png\"> <\/button> Formularz konsultacyjny<\/a>\n<\/div>\n\n\n\t\t\t\t\t<\/div><\/div>[\/vc_column][\/vc_row]<\/p>\n","protected":false},"excerpt":{"rendered":"<p>[vc_row][vc_column][vc_column_text]W dniach 2-17 pa\u017adziernika odby\u0142y si\u0119 konsultacje spo\u0142eczne Regulaminu do konkursu FIO 2020 Priorytety 2,3 i 4.[\/vc_column_text][vc_column_text]Poni\u017cej raport z konsultacji:[\/vc_column_text][vc_empty_space height=&#8221;12px&#8221;][vc_column_text]Og\u0142oszenie o konsultacjach: Dyrektor Narodowego Instytutu Wolno\u015bci \u2013 Centrum Rozwoju Spo\u0142ecze\u0144stwa Obywatelskiego zaprasza wszystkie zainteresowane osoby, organizacje i instytucje do wyra\u017cenia swoich opinii na temat projektu\u00a0Regulaminu konkursu Fundusz Inicjatyw Obywatelskich, edycja 2020\u00a0\u2013 Priorytety 2, 3<\/p>\n","protected":false},"author":46,"featured_media":0,"parent":16282,"menu_order":4,"comment_status":"closed","ping_status":"closed","template":"page-templates\/nasze_programy_sub_pages.php","meta":{"_acf_changed":false,"inline_featured_image":false,"footnotes":""},"class_list":["post-16291","page","type-page","status-publish","hentry"],"acf":[],"_links":{"self":[{"href":"https:\/\/niw.gov.pl\/en\/wp-json\/wp\/v2\/pages\/16291","targetHints":{"allow":["GET"]}}],"collection":[{"href":"https:\/\/niw.gov.pl\/en\/wp-json\/wp\/v2\/pages"}],"about":[{"href":"https:\/\/niw.gov.pl\/en\/wp-json\/wp\/v2\/types\/page"}],"author":[{"embeddable":true,"href":"https:\/\/niw.gov.pl\/en\/wp-json\/wp\/v2\/users\/46"}],"replies":[{"embeddable":true,"href":"https:\/\/niw.gov.pl\/en\/wp-json\/wp\/v2\/comments?post=16291"}],"version-history":[{"count":2,"href":"https:\/\/niw.gov.pl\/en\/wp-json\/wp\/v2\/pages\/16291\/revisions"}],"predecessor-version":[{"id":18460,"href":"https:\/\/niw.gov.pl\/en\/wp-json\/wp\/v2\/pages\/16291\/revisions\/18460"}],"up":[{"embeddable":true,"href":"https:\/\/niw.gov.pl\/en\/wp-json\/wp\/v2\/pages\/16282"}],"wp:attachment":[{"href":"https:\/\/niw.gov.pl\/en\/wp-json\/wp\/v2\/media?parent=16291"}],"curies":[{"name":"wp","href":"https:\/\/api.w.org\/{rel}","templated":true}]}}