{"id":16294,"date":"2021-04-28T08:08:24","date_gmt":"2021-04-28T08:08:24","guid":{"rendered":"http:\/\/niw.gov.pl\/nasze-programy\/fio\/edycja-2020\/konsultacje-regulaminu-konkursu-fio-2020-r-priorytet-1\/"},"modified":"2021-07-13T07:47:01","modified_gmt":"2021-07-13T07:47:01","slug":"consultations-of-the-rules-of-cif-2020-priority-1","status":"publish","type":"page","link":"https:\/\/niw.gov.pl\/en\/our-programmes\/cif\/completed-editions\/edition-2020\/consultations-of-the-rules-of-cif-2020-priority-1\/","title":{"rendered":"Consultations of the Rules of CIF 2020 Priority 1"},"content":{"rendered":"<p>[vc_row][vc_column][vc_column_text]Poni\u017cej przedstawiamy zestawienie uwag z konsultacji spo\u0142ecznych, kt\u00f3re odby\u0142y si\u0119 w terminie 19 czerwca- 3 lipca 2019 r.[\/vc_column_text]<div class=\"row\">\n\t\t\t\t<div class=\"col-lg-12 col-md-12 col-sm-12 media_text\">\n\t\t\t\t\t\n\t\t\t\t\t\n\t\t\t\t\t<div class=\"programs_links\"><a href=\"https:\/\/niw.gov.pl\/wp-content\/uploads\/2021\/04\/Zestawienie_uwag-z-konsultacji-spolecznych-FIO2020-P1.pdf\" download><button class=\"link_btn\" type=\"button\"> <img decoding=\"async\" src=\"https:\/\/niw.gov.pl\/wp-content\/themes\/niw\/images\/ic_link.png\" alt=\"ic_link.png\"> <\/button> Zestawienie uwag z konsultacji spo\u0142ecznych konkursu FIO 2020 \u2013 Priorytet 1<\/a>\n<\/div>\n\n\n\t\t\t\t\t<\/div><\/div>[vc_empty_space][vc_separator][vc_empty_space][\/vc_column][\/vc_row][vc_row][vc_column][vc_custom_heading text=&#8221;Og\u0142oszenie o konsultacjach&#8221; font_container=&#8221;tag:h3|text_align:left&#8221; use_theme_fonts=&#8221;yes&#8221;][vc_empty_space height=&#8221;20px&#8221;][vc_column_text]Zapraszamy do udzia\u0142u w konsultacjach spo\u0142ecznych, kt\u00f3re maj\u0105 na celu dostosowanie\u00a0<em>Regulaminu konkursu Fundusz Inicjatyw Obywatelskich, edycja 2020 \u2013 Priorytet 1<\/em>\u00a0do potrzeb i oczekiwa\u0144 sektora pozarz\u0105dowego.[\/vc_column_text][vc_column_text]Zach\u0119camy do zaopiniowania zaproponowanych przez nas zmian, w\u015br\u00f3d kt\u00f3rych \u2013 w por\u00f3wnaniu z edycj\u0105 2018 \u2013 znalaz\u0142y si\u0119 \u00a0m.in:[\/vc_column_text][vc_column_text el_class=&#8221;subpage&#8221;]<\/p>\n<ul>\n<li>Podzia\u0142 konkursu na dwie \u015bcie\u017cki: regranting wojew\u00f3dzki oraz regranting tematyczny i regionalny.<\/li>\n<li>Podniesienie minimalnej kwoty dotacji przeznaczanej na mikrogranty.<\/li>\n<li>Ograniczenie do 10% kat. I.B Rozw\u00f3j instytucjonalny.<\/li>\n<li>Usuni\u0119cie oceny pomys\u0142u oraz kryteri\u00f3w strategicznych.<\/li>\n<li>Dostosowanie karty oceny: zmniejszenie maksymalnej liczby punkt\u00f3w oraz zmiana punktacji za poszczeg\u00f3lne kryteria.<\/li>\n<\/ul>\n<p>[\/vc_column_text][vc_column_text]Zach\u0119camy do zg\u0142aszania uwag i propozycji na adres\u00a0<a class=\"red\" href=\"mailto:FIO@niw.gov.pl\">FIO@niw.gov.pl<\/a>, do\u00a0<strong>3 lipca 2019 r.<\/strong>\u00a0na formularzu, kt\u00f3ry mo\u017cna pobra\u0107 poni\u017cej. Szczeg\u00f3lnie zach\u0119camy do wskazania propozycji obszar\u00f3w tematycznych, do kt\u00f3rych m\u00f3g\u0142by zosta\u0107 ograniczony przedmiot konkursu w ramach \u015bcie\u017cki: regranting tematyczny i regionalny.[\/vc_column_text][vc_column_text]Narodowy Instytut Wolno\u015bci \u2013 Centrum Rozwoju Spo\u0142ecze\u0144stwa Obywatelskiego sporz\u0105dzi zestawienie przes\u0142anych uwag i przedstawi je Komitetowi Steruj\u0105co-Monitoruj\u0105cemu FIO.[\/vc_column_text][vc_empty_space][vc_separator][vc_empty_space][\/vc_column][\/vc_row][vc_row][vc_column][vc_custom_heading text=&#8221;Dokumentacja dotycz\u0105ca konsultacji&#8221; font_container=&#8221;tag:h3|text_align:left&#8221; use_theme_fonts=&#8221;yes&#8221;][vc_empty_space height=&#8221;12px&#8221;]<div class=\"row\">\n\t\t\t\t<div class=\"col-lg-12 col-md-12 col-sm-12 media_text\">\n\t\t\t\t\t\n\t\t\t\t\t\n\t\t\t\t\t<div class=\"programs_links\"><a href=\"https:\/\/niw.gov.pl\/wp-content\/uploads\/2021\/04\/Regulamin-FIO-2020-Priorytet-1-do-konsultacji.doc\" download><button class=\"link_btn\" type=\"button\"> <img decoding=\"async\" src=\"https:\/\/niw.gov.pl\/wp-content\/themes\/niw\/images\/ic_link.png\" alt=\"ic_link.png\"> <\/button> Regulamin konkursu Fundusz Inicjatyw Obywatelskich, edycja 2020 \u2013 Priorytet 1 wersja .doc<\/a>\n<\/div>\n\n\n\t\t\t\t\t\n\t\t\t\t\t\n\t\t\t\t\t\n\t\t\t\t\t<div class=\"programs_links\"><a href=\"https:\/\/niw.gov.pl\/wp-content\/uploads\/2021\/04\/Regulamin-FIO-2020-Priorytet-1-do-konsultacji.pdf\" download><button class=\"link_btn\" type=\"button\"> <img decoding=\"async\" src=\"https:\/\/niw.gov.pl\/wp-content\/themes\/niw\/images\/ic_link.png\" alt=\"ic_link.png\"> <\/button> Regulamin konkursu Fundusz Inicjatyw Obywatelskich, edycja 2020 \u2013 Priorytet 1 wersja .pdf<\/a>\n<\/div>\n\n\n\t\t\t\t\t\n\t\t\t\t\t\n\t\t\t\t\t\n\t\t\t\t\t<div class=\"programs_links\"><a href=\"https:\/\/niw.gov.pl\/wp-content\/uploads\/2021\/04\/Formularz-konsultacyjny-FIO-2020-P1.doc\" download><button class=\"link_btn\" type=\"button\"> <img decoding=\"async\" src=\"https:\/\/niw.gov.pl\/wp-content\/themes\/niw\/images\/ic_link.png\" alt=\"ic_link.png\"> <\/button> Formularz konsultacyjny<\/a>\n<\/div>\n\n\n\t\t\t\t\t<\/div><\/div>[\/vc_column][\/vc_row]<\/p>\n","protected":false},"excerpt":{"rendered":"<p>[vc_row][vc_column][vc_column_text]Poni\u017cej przedstawiamy zestawienie uwag z konsultacji spo\u0142ecznych, kt\u00f3re odby\u0142y si\u0119 w terminie 19 czerwca- 3 lipca 2019 r.[\/vc_column_text][vc_empty_space][vc_separator][vc_empty_space][\/vc_column][\/vc_row][vc_row][vc_column][vc_custom_heading text=&#8221;Og\u0142oszenie o konsultacjach&#8221; font_container=&#8221;tag:h3|text_align:left&#8221; use_theme_fonts=&#8221;yes&#8221;][vc_empty_space height=&#8221;20px&#8221;][vc_column_text]Zapraszamy do udzia\u0142u w konsultacjach spo\u0142ecznych, kt\u00f3re maj\u0105 na celu dostosowanie\u00a0Regulaminu konkursu Fundusz Inicjatyw Obywatelskich, edycja 2020 \u2013 Priorytet 1\u00a0do potrzeb i oczekiwa\u0144 sektora pozarz\u0105dowego.[\/vc_column_text][vc_column_text]Zach\u0119camy do zaopiniowania zaproponowanych przez nas zmian, w\u015br\u00f3d<\/p>\n","protected":false},"author":46,"featured_media":0,"parent":16282,"menu_order":5,"comment_status":"closed","ping_status":"closed","template":"page-templates\/nasze_programy_sub_pages.php","meta":{"_acf_changed":false,"inline_featured_image":false,"footnotes":""},"class_list":["post-16294","page","type-page","status-publish","hentry"],"acf":[],"_links":{"self":[{"href":"https:\/\/niw.gov.pl\/en\/wp-json\/wp\/v2\/pages\/16294","targetHints":{"allow":["GET"]}}],"collection":[{"href":"https:\/\/niw.gov.pl\/en\/wp-json\/wp\/v2\/pages"}],"about":[{"href":"https:\/\/niw.gov.pl\/en\/wp-json\/wp\/v2\/types\/page"}],"author":[{"embeddable":true,"href":"https:\/\/niw.gov.pl\/en\/wp-json\/wp\/v2\/users\/46"}],"replies":[{"embeddable":true,"href":"https:\/\/niw.gov.pl\/en\/wp-json\/wp\/v2\/comments?post=16294"}],"version-history":[{"count":2,"href":"https:\/\/niw.gov.pl\/en\/wp-json\/wp\/v2\/pages\/16294\/revisions"}],"predecessor-version":[{"id":18461,"href":"https:\/\/niw.gov.pl\/en\/wp-json\/wp\/v2\/pages\/16294\/revisions\/18461"}],"up":[{"embeddable":true,"href":"https:\/\/niw.gov.pl\/en\/wp-json\/wp\/v2\/pages\/16282"}],"wp:attachment":[{"href":"https:\/\/niw.gov.pl\/en\/wp-json\/wp\/v2\/media?parent=16294"}],"curies":[{"name":"wp","href":"https:\/\/api.w.org\/{rel}","templated":true}]}}