{"id":16304,"date":"2021-04-28T09:16:41","date_gmt":"2021-04-28T09:16:41","guid":{"rendered":"http:\/\/niw.gov.pl\/nasze-programy\/fio\/edycje-zakonczone\/fio-2019\/konsultacje-spoleczne-konkursu-fio-2019\/"},"modified":"2021-05-18T13:56:13","modified_gmt":"2021-05-18T13:56:13","slug":"konsultacje-spoleczne-konkursu-fio-2019","status":"publish","type":"page","link":"https:\/\/niw.gov.pl\/en\/our-programmes\/cif\/completed-editions\/cif-2019\/konsultacje-spoleczne-konkursu-fio-2019\/","title":{"rendered":"Konsultacje spo\u0142eczne konkursu FIO 2019"},"content":{"rendered":"<p>[vc_row][vc_column][vc_column_text]Konsultacje dotycz\u0105ce\u00a0<em>Regulaminu konkursu Fundusz Inicjatyw Obywatelskich, edycja 2019\u00a0<\/em>odby\u0142y si\u0119 w terminie 29 pa\u017adziernika \u2013 15 listopada 2018 r.[\/vc_column_text][vc_row_inner][vc_column_inner width=&#8221;1\/2&#8243;]<div class=\"row\">\n\t\t\t\t<div class=\"col-lg-12 col-md-12 col-sm-12 media_text\">\n\t\t\t\t\t<div class=\"download_box\">\n\t\t\t\t<div class=\"download_text\">\n\t\t\t\t\t<a href=\"https:\/\/niw.gov.pl\/wp-content\/uploads\/2021\/04\/Zestawienie-uwag-z-konsultacji-spolecznych-ost..pdf\" download>Zestawienie uwag z konsultacji spo\u0142ecznych<\/a><\/div><br><br><span><img decoding=\"async\" src=\"https:\/\/niw.gov.pl\/wp-content\/themes\/niw\/images\/PDF.png\" alt=\"PDF.png\"><\/button> 0.69MB<\/span><a href=\"https:\/\/niw.gov.pl\/wp-content\/uploads\/2021\/04\/Zestawienie-uwag-z-konsultacji-spolecznych-ost..pdf\" download><button class=\"download_btn\" type=\"button\"> <img decoding=\"async\" src=\"https:\/\/niw.gov.pl\/wp-content\/themes\/niw\/images\/arrow7.png\" alt=\"arrow7.png\"><\/button><\/a> <div class=\"clr\">\n\n<\/div><\/div><\/div><\/div>[\/vc_column_inner][vc_column_inner width=&#8221;1\/2&#8243;]<div class=\"row\">\n\t\t\t\t<div class=\"col-lg-12 col-md-12 col-sm-12 media_text\">\n\t\t\t\t\t<div class=\"download_box\">\n\t\t\t\t<div class=\"download_text\">\n\t\t\t\t\t<a href=\"https:\/\/niw.gov.pl\/wp-content\/uploads\/2021\/04\/Zestawienie-uwag-z-konsultacji-spolecznych.xlsx\" download>Zestawienie uwag z konsultacji spo\u0142ecznych<\/a><\/div><br><br><span><img decoding=\"async\" src=\"https:\/\/niw.gov.pl\/wp-content\/themes\/niw\/images\/XLS.png\" alt=\"XLS.png\"><\/button> 0.05MB<\/span><a href=\"https:\/\/niw.gov.pl\/wp-content\/uploads\/2021\/04\/Zestawienie-uwag-z-konsultacji-spolecznych.xlsx\" download><button class=\"download_btn\" type=\"button\"> <img decoding=\"async\" src=\"https:\/\/niw.gov.pl\/wp-content\/themes\/niw\/images\/arrow7.png\" alt=\"arrow7.png\"><\/button><\/a> <div class=\"clr\">\n\n<\/div><\/div><\/div><\/div>[\/vc_column_inner][\/vc_row_inner][vc_empty_space height=&#8221;20px&#8221;]<div class=\"row\">\n\t\t\t\t<div class=\"col-lg-12 col-md-12 col-sm-12 media_text\">\n\t\t\t\t\t\n\t\t\t\t\t\n\t\t\t\t\t<div class=\"programs_links\"><a href=\"https:\/\/niw.gov.pl\/wp-content\/uploads\/2021\/04\/Ogloszenie-na-strone-1.pdf\" download><button class=\"link_btn\" type=\"button\"> <img decoding=\"async\" src=\"https:\/\/niw.gov.pl\/wp-content\/themes\/niw\/images\/ic_link.png\" alt=\"ic_link.png\"> <\/button> Pe\u0142na tre\u015b\u0107 og\u0142oszenia o konsultacjach<\/a>\n<\/div>\n\n\n\t\t\t\t\t\n\t\t\t\t\t\n\t\t\t\t\t\n\t\t\t\t\t<div class=\"programs_links\"><a href=\"https:\/\/niw.gov.pl\/wp-content\/uploads\/2021\/04\/Regulamin-FIO-2019-projekt.doc\" download><button class=\"link_btn\" type=\"button\"> <img decoding=\"async\" src=\"https:\/\/niw.gov.pl\/wp-content\/themes\/niw\/images\/ic_link.png\" alt=\"ic_link.png\"> <\/button> Regulamin konkursu Fundusz Inicjatyw Obywatelskich, edycja 2019 r. \u2013 wersja .doc<\/a>\n<\/div>\n\n\n\t\t\t\t\t\n\t\t\t\t\t\n\t\t\t\t\t\n\t\t\t\t\t<div class=\"programs_links\"><a href=\"https:\/\/niw.gov.pl\/wp-content\/uploads\/2021\/04\/Regulamin-FIO-2019-projekt.pdf\" download><button class=\"link_btn\" type=\"button\"> <img decoding=\"async\" src=\"https:\/\/niw.gov.pl\/wp-content\/themes\/niw\/images\/ic_link.png\" alt=\"ic_link.png\"> <\/button> Regulamin konkursu Fundusz Inicjatyw Obywatelskich, edycja 2019 r. \u2013 wersja .pdf<\/a>\n<\/div>\n\n\n\t\t\t\t\t\n\t\t\t\t\t\n\t\t\t\t\t\n\t\t\t\t\t<div class=\"programs_links\"><a href=\"https:\/\/niw.gov.pl\/wp-content\/uploads\/2021\/04\/Formularz-konsultacyjny-FIO-2019-1.doc\" download><button class=\"link_btn\" type=\"button\"> <img decoding=\"async\" src=\"https:\/\/niw.gov.pl\/wp-content\/themes\/niw\/images\/ic_link.png\" alt=\"ic_link.png\"> <\/button> Formularz konsultacyjny<\/a>\n<\/div>\n\n\n\t\t\t\t\t<\/div><\/div>[\/vc_column][\/vc_row]<\/p>\n","protected":false},"excerpt":{"rendered":"<p>[vc_row][vc_column][vc_column_text]Konsultacje dotycz\u0105ce\u00a0Regulaminu konkursu Fundusz Inicjatyw Obywatelskich, edycja 2019\u00a0odby\u0142y si\u0119 w terminie 29 pa\u017adziernika \u2013 15 listopada 2018 r.[\/vc_column_text][vc_row_inner][vc_column_inner width=&#8221;1\/2&#8243;][\/vc_column_inner][vc_column_inner width=&#8221;1\/2&#8243;][\/vc_column_inner][\/vc_row_inner][vc_empty_space height=&#8221;20px&#8221;][\/vc_column][\/vc_row]<\/p>\n","protected":false},"author":46,"featured_media":0,"parent":16302,"menu_order":102,"comment_status":"closed","ping_status":"closed","template":"page-templates\/nasze_programy_sub_pages.php","meta":{"_acf_changed":false,"inline_featured_image":false,"footnotes":""},"class_list":["post-16304","page","type-page","status-publish","hentry"],"acf":[],"_links":{"self":[{"href":"https:\/\/niw.gov.pl\/en\/wp-json\/wp\/v2\/pages\/16304","targetHints":{"allow":["GET"]}}],"collection":[{"href":"https:\/\/niw.gov.pl\/en\/wp-json\/wp\/v2\/pages"}],"about":[{"href":"https:\/\/niw.gov.pl\/en\/wp-json\/wp\/v2\/types\/page"}],"author":[{"embeddable":true,"href":"https:\/\/niw.gov.pl\/en\/wp-json\/wp\/v2\/users\/46"}],"replies":[{"embeddable":true,"href":"https:\/\/niw.gov.pl\/en\/wp-json\/wp\/v2\/comments?post=16304"}],"version-history":[{"count":1,"href":"https:\/\/niw.gov.pl\/en\/wp-json\/wp\/v2\/pages\/16304\/revisions"}],"predecessor-version":[{"id":16305,"href":"https:\/\/niw.gov.pl\/en\/wp-json\/wp\/v2\/pages\/16304\/revisions\/16305"}],"up":[{"embeddable":true,"href":"https:\/\/niw.gov.pl\/en\/wp-json\/wp\/v2\/pages\/16302"}],"wp:attachment":[{"href":"https:\/\/niw.gov.pl\/en\/wp-json\/wp\/v2\/media?parent=16304"}],"curies":[{"name":"wp","href":"https:\/\/api.w.org\/{rel}","templated":true}]}}