{"id":16306,"date":"2021-04-28T10:13:44","date_gmt":"2021-04-28T10:13:44","guid":{"rendered":"http:\/\/niw.gov.pl\/nasze-programy\/fio\/edycje-zakonczone\/fio-2019\/faq-najczesciej-zadawane-pytania\/"},"modified":"2021-05-18T13:56:24","modified_gmt":"2021-05-18T13:56:24","slug":"faq-najczesciej-zadawane-pytania","status":"publish","type":"page","link":"https:\/\/niw.gov.pl\/en\/our-programmes\/cif\/completed-editions\/cif-2019\/faq-najczesciej-zadawane-pytania\/","title":{"rendered":"FAQ &#8211; najcz\u0119\u015bciej zadawane pytania"},"content":{"rendered":"<p>[vc_row][vc_column]<div class=\"sort_options sort\">\r\n<div id=\"custom-search-input\">\r\n<div class=\"input-group search_result_search\">\r\n<input type=\"text\" id=\"keynews\" class=\"  search-query form-control\" placeholder=\" Enter search phrase\" \/>\r\n<span class=\"input-group-btn\">\r\n<button id=\"newsListKeyby\" class=\"btn\" type=\"button\">\r\n<i class=\"fas fa-search\"><\/i><\/button>\r\n<\/span>\r\n<\/div>\r\n<\/div>\r\n\r\n<div class=\"dropdown sort_options_all\">\r\n    <button id=\"newsListSortby\" type=\"button\" class=\"sort_btn dropdown-toggle1 search_result_sort\" data-toggle=\"dropdown\">\r\n      Sort by\r\n    <\/button>\r\n    <div class=\"dropdown-menu sort_drop\">\r\n\t\r\n      <a class=\"dropdown-item newssort\" href=\"javascript:void(0);\" data-sort=\"desc\">Latest<\/a>\r\n      <a class=\"dropdown-item newssort\" href=\"javascript:void(0);\" data-sort=\"asc\">The oldest<\/a><\/div>\r\n  <\/div>\r\n<\/div>\r\n\r\n\r\n\t\r\n\t<div class=\"faq_box\">\r\n<div class=\"faq_title\">Czy planowane rozliczanie dotacji poprzez weryfikacj\u0119 za\u0142o\u017conych w ofercie cel\u00f3w, rezultat\u00f3w i dzia\u0142a\u0144 oznacza zniesienie obowi\u0105zku dokumentowania finansowo-ksi\u0119gowego poniesionych wydatk\u00f3w?<div class=\"faq_box_lable\">SPRAWOZDAWCZO\u015a\u0106<\/div> <\/div><p>Nie, zgodnie z Regulaminem\u2026 wydatki finansowe ponoszone w ramach projekt\u00f3w musz\u0105 by\u0107 dokumentowane za pomoc\u0105 dowod\u00f3w ksi\u0119gowych, spe\u0142niaj\u0105cych wymagania okre\u015blone dla dowodu ksi\u0119gowego, zgodnie z ustaw\u0105 z dnia 29 wrze\u015bnia 1994 r. o rachunkowo\u015bci. Dowody ksi\u0119gowe dotycz\u0105ce zar\u00f3wno dotacji jak i wk\u0142adu w\u0142asnego zaanga\u017cowanego w projekty, winny by\u0107 opisane w spos\u00f3b trwa\u0142y na odwrocie dowodu ksi\u0119gowego, zgodnie z wymogami okre\u015blonymi w art. 21 ustawy o rachunkowo\u015bci.<\/p>\n<\/div>\r\n\t\r\n\t<div class=\"faq_box\">\r\n<div class=\"faq_title\">Z jakiego \u017ar\u00f3d\u0142a korzysta\u0107 ustalaj\u0105c liczb\u0119 mieszka\u0144c\u00f3w miejscowo\u015bci, w kt\u00f3rej organizacja ma siedzib\u0119?<div class=\"faq_box_lable\">KRYTERIA STRATEGICZNE<\/div> <\/div><p>Dane te zawarte s\u0105 bazach G\u0142\u00f3wnego Urz\u0119du Statystycznego, np. w publikacji\u00a0<em>Ludno\u015b\u0107. Stan i struktura w przekroju terytorialnym. Stan w dniu 30.06.2017 r.<\/em><\/p>\n<p>&nbsp;<\/p>\n<p><a class=\"red\" href=\"http:\/\/stat.gov.pl\/obszary-tematyczne\/ludnosc\/ludnosc\/ludnosc-stan-i-struktura-w-przekroju-terytorialnym-stan-w-dniu-30-06-2017-r-,6,22.html\" target=\"_blank\" rel=\"noopener nofollow\"><i class=\"fas fa-link\"><\/i> Ludno\u015b\u0107. Stan i struktura w przekroju terytorialnym. Stan w dniu 30.06.2017 r.<\/a>.<\/p>\n<\/div>\r\n\t\r\n\t<div class=\"faq_box\">\r\n<div class=\"faq_title\">Czy Oferta z\u0142o\u017cona przez podmiot maj\u0105cy siedzib\u0119 w miejscowo\u015bci powy\u017cej 50 tys. mieszka\u0144c\u00f3w, lecz realizowana w miejscowo\u015bci o liczbie mieszka\u0144c\u00f3w poni\u017cej 25 tys. os\u00f3b, otrzyma punkty w ramach 2 kryterium strategicznego?<div class=\"faq_box_lable\">KRYTERIA STRATEGICZNE<\/div> <\/div><p>Nie, kryterium strategiczne 2 jest spe\u0142nione kiedy siedziba Oferenta\/-\u00f3w mie\u015bci si\u0119 w miejscowo\u015bci poni\u017cej 50 tys. mieszka\u0144c\u00f3w.<\/p>\n<\/div>\r\n\t\r\n\t<div class=\"faq_box\">\r\n<div class=\"faq_title\">Czy w przypadku gdy organizacja posiada sprawozdanie finansowe za rok 2018 mo\u017ce w Ofercie o\u015bwiadczy\u0107 wysoko\u015b\u0107 przychodu za rok 2018?<div class=\"faq_box_lable\">KRYTERIA STRATEGICZNE<\/div> <\/div><p>Nie. W Ofercie nale\u017cy poda\u0107 wysoko\u015b\u0107 przychod\u00f3w organizacji za rok 2017.<\/p>\n<\/div>\r\n  <nav aria-label=\"Page navigation\">\r\n\t\t\t<h2 id=\"posts-nav-label\" class=\"sr-only\">Posts navigation <\/h2>\r\n\t\t\t<ul class=\"pagination right \"><li class=\"page-item\"><span class=\"page-link previous empty\"><i class=\"fas fa-chevron-left\"><\/i><\/span><\/li><li class=\"page-item\"><span aria-current=\"page\" class=\"page-link  current\">1<\/span><\/li><li class=\"page-item\"><a class=\"page-link\" href=\"https:\/\/niw.gov.pl\/en\/wp-json\/wp\/v2\/pages\/16306\/page\/2\/\">2<\/a><\/li><li class=\"page-item\"><span class=\"page-link dots\">&hellip;<\/span><\/li><li class=\"page-item\"><a class=\"page-link\" href=\"https:\/\/niw.gov.pl\/en\/wp-json\/wp\/v2\/pages\/16306\/page\/10\/\">10<\/a><\/li><li class=\"page-item\"><a class=\"next page-link \" href=\"https:\/\/niw.gov.pl\/en\/wp-json\/wp\/v2\/pages\/16306\/page\/2\/\"><i class=\"fas fa-arrow-right\"><\/i><\/a><\/li><\/ul>\r\n\r\n\t\t<\/nav>\r\n   <div class=\"space_60\"><\/div>\r\n<div class=\"row\">\r\n\r\n  <div class=\"col-lg-12\">\r\n  \r\n<button class=\"red_btn history_btn1\"  onClick=\"javascript:history.go(-1)\" type=\"button\">Back<\/button>\r\n<span class=\"a2a_kit a2a_kit_size_32\" data-a2a-url=\"#\" data-a2a-title=\"Homing :: NIW\">\r\n<a class=\"addtoany\" href=\"#\"><button class=\"system_btn print_btn\" type=\"button\"> &nbsp; NOTIFY A FRIEND <\/button><\/a>\r\n\r\n<\/span><\/div><\/div>[\/vc_column][\/vc_row]<\/p>\n","protected":false},"excerpt":{"rendered":"<p>[vc_row][vc_column][\/vc_column][\/vc_row]<\/p>\n","protected":false},"author":46,"featured_media":0,"parent":16302,"menu_order":99,"comment_status":"closed","ping_status":"closed","template":"page-templates\/nasze_programy_sub_pages.php","meta":{"_acf_changed":false,"inline_featured_image":false,"footnotes":""},"class_list":["post-16306","page","type-page","status-publish","hentry"],"acf":[],"_links":{"self":[{"href":"https:\/\/niw.gov.pl\/en\/wp-json\/wp\/v2\/pages\/16306","targetHints":{"allow":["GET"]}}],"collection":[{"href":"https:\/\/niw.gov.pl\/en\/wp-json\/wp\/v2\/pages"}],"about":[{"href":"https:\/\/niw.gov.pl\/en\/wp-json\/wp\/v2\/types\/page"}],"author":[{"embeddable":true,"href":"https:\/\/niw.gov.pl\/en\/wp-json\/wp\/v2\/users\/46"}],"replies":[{"embeddable":true,"href":"https:\/\/niw.gov.pl\/en\/wp-json\/wp\/v2\/comments?post=16306"}],"version-history":[{"count":1,"href":"https:\/\/niw.gov.pl\/en\/wp-json\/wp\/v2\/pages\/16306\/revisions"}],"predecessor-version":[{"id":16307,"href":"https:\/\/niw.gov.pl\/en\/wp-json\/wp\/v2\/pages\/16306\/revisions\/16307"}],"up":[{"embeddable":true,"href":"https:\/\/niw.gov.pl\/en\/wp-json\/wp\/v2\/pages\/16302"}],"wp:attachment":[{"href":"https:\/\/niw.gov.pl\/en\/wp-json\/wp\/v2\/media?parent=16306"}],"curies":[{"name":"wp","href":"https:\/\/api.w.org\/{rel}","templated":true}]}}