{"id":16308,"date":"2021-04-28T09:14:09","date_gmt":"2021-04-28T09:14:09","guid":{"rendered":"http:\/\/niw.gov.pl\/nasze-programy\/fio\/edycje-zakonczone\/fio-2019\/eksperci-fio-2019\/"},"modified":"2021-05-18T13:56:36","modified_gmt":"2021-05-18T13:56:36","slug":"eksperci-fio-2019","status":"publish","type":"page","link":"https:\/\/niw.gov.pl\/en\/our-programmes\/cif\/completed-editions\/cif-2019\/eksperci-fio-2019\/","title":{"rendered":"Eksperci FIO 2019"},"content":{"rendered":"<p>[vc_row][vc_column][vc_column_text]W ramach Programu FIO, oferty kierowane do dofinansowania wybierane s\u0105 na podstawie wynik\u00f3w oceny merytorycznej dokonywanej przez komisj\u0119 konkursow\u0105 przy wsparciu zewn\u0119trznych ekspert\u00f3w. Ocena merytoryczna polega na weryfikacji jako\u015bci zaprezentowanych w niej propozycji w odniesieniu do kryteri\u00f3w oceny merytorycznej.<\/p>\n<p>Eksperci wy\u0142onieni zostali w procedurze naboru oraz zostali zweryfikowani przez Dyrektora NIW-CRSO pod k\u0105tem ich do\u015bwiadczenia w pracy\/wsp\u00f3\u0142pracy z sektorem pozarz\u0105dowym oraz do\u015bwiadczenia w ocenianiu ofert.[\/vc_column_text][vc_empty_space height=&#8221;20px&#8221;]<div class=\"row\">\n\t\t\t\t<div class=\"col-lg-12 col-md-12 col-sm-12 media_text\">\n\t\t\t\t\t\n\t\t\t\t\t\n\t\t\t\t\t<div class=\"programs_links\"><a href=\"https:\/\/niw.gov.pl\/wp-content\/uploads\/2021\/04\/Wytyczne-dla-ekspertow-FIO-2019.pdf\" download><button class=\"link_btn\" type=\"button\"> <img decoding=\"async\" src=\"https:\/\/niw.gov.pl\/wp-content\/themes\/niw\/images\/ic_link.png\" alt=\"ic_link.png\"> <\/button> Wytyczne dla ekspert\u00f3w FIO 2019<\/a>\n<\/div>\n\n\n\t\t\t\t\t\n\t\t\t\t\t\n\t\t\t\t\t\n\t\t\t\t\t<div class=\"programs_links\"><a href=\"https:\/\/niw.gov.pl\/wp-content\/uploads\/2021\/04\/Lista-ekspertow-FIO-2019.pdf\" download><button class=\"link_btn\" type=\"button\"> <img decoding=\"async\" src=\"https:\/\/niw.gov.pl\/wp-content\/themes\/niw\/images\/ic_link.png\" alt=\"ic_link.png\"> <\/button> Lista ekspert\u00f3w FIO 2019<\/a>\n<\/div>\n\n\n\t\t\t\t\t<\/div><\/div>[\/vc_column][\/vc_row]<\/p>\n","protected":false},"excerpt":{"rendered":"<p>[vc_row][vc_column][vc_column_text]W ramach Programu FIO, oferty kierowane do dofinansowania wybierane s\u0105 na podstawie wynik\u00f3w oceny merytorycznej dokonywanej przez komisj\u0119 konkursow\u0105 przy wsparciu zewn\u0119trznych ekspert\u00f3w. Ocena merytoryczna polega na weryfikacji jako\u015bci zaprezentowanych w niej propozycji w odniesieniu do kryteri\u00f3w oceny merytorycznej. Eksperci wy\u0142onieni zostali w procedurze naboru oraz zostali zweryfikowani przez Dyrektora NIW-CRSO pod k\u0105tem ich do\u015bwiadczenia<\/p>\n","protected":false},"author":46,"featured_media":0,"parent":16302,"menu_order":109,"comment_status":"closed","ping_status":"closed","template":"page-templates\/nasze_programy_sub_pages.php","meta":{"_acf_changed":false,"inline_featured_image":false,"footnotes":""},"class_list":["post-16308","page","type-page","status-publish","hentry"],"acf":[],"_links":{"self":[{"href":"https:\/\/niw.gov.pl\/en\/wp-json\/wp\/v2\/pages\/16308","targetHints":{"allow":["GET"]}}],"collection":[{"href":"https:\/\/niw.gov.pl\/en\/wp-json\/wp\/v2\/pages"}],"about":[{"href":"https:\/\/niw.gov.pl\/en\/wp-json\/wp\/v2\/types\/page"}],"author":[{"embeddable":true,"href":"https:\/\/niw.gov.pl\/en\/wp-json\/wp\/v2\/users\/46"}],"replies":[{"embeddable":true,"href":"https:\/\/niw.gov.pl\/en\/wp-json\/wp\/v2\/comments?post=16308"}],"version-history":[{"count":1,"href":"https:\/\/niw.gov.pl\/en\/wp-json\/wp\/v2\/pages\/16308\/revisions"}],"predecessor-version":[{"id":16309,"href":"https:\/\/niw.gov.pl\/en\/wp-json\/wp\/v2\/pages\/16308\/revisions\/16309"}],"up":[{"embeddable":true,"href":"https:\/\/niw.gov.pl\/en\/wp-json\/wp\/v2\/pages\/16302"}],"wp:attachment":[{"href":"https:\/\/niw.gov.pl\/en\/wp-json\/wp\/v2\/media?parent=16308"}],"curies":[{"name":"wp","href":"https:\/\/api.w.org\/{rel}","templated":true}]}}