{"id":16339,"date":"2021-04-28T11:26:33","date_gmt":"2021-04-28T11:26:33","guid":{"rendered":"http:\/\/niw.gov.pl\/nasze-programy\/fio\/komitet-sterujaco-monitorujacy\/protokoly-z-posiedzen-ksm\/23-09-2020\/"},"modified":"2021-05-18T14:01:51","modified_gmt":"2021-05-18T14:01:51","slug":"23-09-2020","status":"publish","type":"page","link":"https:\/\/niw.gov.pl\/en\/our-programmes\/cif\/steering-and-monitoring-committee\/protokoly-z-posiedzen-ksm\/23-09-2020\/","title":{"rendered":"Posiedzenie Komitetu Steruj\u0105co-Monitoruj\u0105cego Program FIO 2014-2020 \u2013 23 wrze\u015bnia 2020 r."},"content":{"rendered":"<p>[vc_row][vc_column][vc_column_text]G\u0142\u00f3wnym tematem posiedzenia by\u0142o sformu\u0142owanie stanowiska KSM FIO w sprawie Programu Fundusz Inicjatyw Obywatelskich NOWEFIO na lata 2021-2030.<br \/>\nW trakcie posiedzenia zaprezentowany zosta\u0142 raport z badania: Pog\u0142\u0119biona analiza mechanizm\u00f3w wdra\u017cania Priorytetu IV Programu FIO w latach 2018-2019.[\/vc_column_text]<div class=\"row\">\n\t\t\t\t<div class=\"col-lg-12 col-md-12 col-sm-12 media_text\">\n\t\t\t\t\t\n\t\t\t\t\t\n\t\t\t\t\t<div class=\"programs_links\"><a href=\"https:\/\/niw.gov.pl\/wp-content\/uploads\/2021\/04\/Protokol-z-posiedzenia-KSM-23.09.2020..pdf\" download><button class=\"link_btn\" type=\"button\"> <img decoding=\"async\" src=\"https:\/\/niw.gov.pl\/wp-content\/themes\/niw\/images\/ic_link.png\" alt=\"ic_link.png\"> <\/button> Protok\u00f3\u0142 z posiedzenia<\/a>\n<\/div>\n\n\n\t\t\t\t\t<\/div><\/div>[\/vc_column][\/vc_row]<\/p>\n","protected":false},"excerpt":{"rendered":"<p>[vc_row][vc_column][vc_column_text]G\u0142\u00f3wnym tematem posiedzenia by\u0142o sformu\u0142owanie stanowiska KSM FIO w sprawie Programu Fundusz Inicjatyw Obywatelskich NOWEFIO na lata 2021-2030. W trakcie posiedzenia zaprezentowany zosta\u0142 raport z badania: Pog\u0142\u0119biona analiza mechanizm\u00f3w wdra\u017cania Priorytetu IV Programu FIO w latach 2018-2019.[\/vc_column_text][\/vc_column][\/vc_row]<\/p>\n","protected":false},"author":46,"featured_media":0,"parent":16333,"menu_order":2,"comment_status":"closed","ping_status":"closed","template":"page-templates\/nasze_programy_sub_pages.php","meta":{"_acf_changed":false,"inline_featured_image":false,"footnotes":""},"class_list":["post-16339","page","type-page","status-publish","hentry"],"acf":[],"_links":{"self":[{"href":"https:\/\/niw.gov.pl\/en\/wp-json\/wp\/v2\/pages\/16339","targetHints":{"allow":["GET"]}}],"collection":[{"href":"https:\/\/niw.gov.pl\/en\/wp-json\/wp\/v2\/pages"}],"about":[{"href":"https:\/\/niw.gov.pl\/en\/wp-json\/wp\/v2\/types\/page"}],"author":[{"embeddable":true,"href":"https:\/\/niw.gov.pl\/en\/wp-json\/wp\/v2\/users\/46"}],"replies":[{"embeddable":true,"href":"https:\/\/niw.gov.pl\/en\/wp-json\/wp\/v2\/comments?post=16339"}],"version-history":[{"count":1,"href":"https:\/\/niw.gov.pl\/en\/wp-json\/wp\/v2\/pages\/16339\/revisions"}],"predecessor-version":[{"id":16340,"href":"https:\/\/niw.gov.pl\/en\/wp-json\/wp\/v2\/pages\/16339\/revisions\/16340"}],"up":[{"embeddable":true,"href":"https:\/\/niw.gov.pl\/en\/wp-json\/wp\/v2\/pages\/16333"}],"wp:attachment":[{"href":"https:\/\/niw.gov.pl\/en\/wp-json\/wp\/v2\/media?parent=16339"}],"curies":[{"name":"wp","href":"https:\/\/api.w.org\/{rel}","templated":true}]}}