{"id":16342,"date":"2021-04-28T11:28:14","date_gmt":"2021-04-28T11:28:14","guid":{"rendered":"http:\/\/niw.gov.pl\/nasze-programy\/fio\/komitet-sterujaco-monitorujacy\/protokoly-z-posiedzen-ksm\/16-06-2020\/"},"modified":"2021-05-18T14:02:04","modified_gmt":"2021-05-18T14:02:04","slug":"16-06-2020","status":"publish","type":"page","link":"https:\/\/niw.gov.pl\/en\/our-programmes\/cif\/steering-and-monitoring-committee\/protokoly-z-posiedzen-ksm\/16-06-2020\/","title":{"rendered":"Posiedzenie Komitetu Steruj\u0105co-Monitoruj\u0105cego Program FIO 2014-2020 \u2013 16 czerwca 2020r."},"content":{"rendered":"<p>[vc_row][vc_column][vc_column_text]G\u0142\u00f3wnym tematem posiedzenia KSM by\u0142o przedstawienie wynik\u00f3w ewaluacji ex-ante projektu Programu FIO 2021+ oraz zaopiniowanie projektu Programu Fundusz Inicjatyw Obywatelskich na lata 2021-2030.<br \/>\nW trakcie posiedzenia zosta\u0142 podsumowany nab\u00f3r i rozstrzygni\u0119cie konkursu w ramach edycji 2020 Priorytety 2-4 FIO.[\/vc_column_text]<div class=\"row\">\n\t\t\t\t<div class=\"col-lg-12 col-md-12 col-sm-12 media_text\">\n\t\t\t\t\t\n\t\t\t\t\t\n\t\t\t\t\t<div class=\"programs_links\"><a href=\"https:\/\/niw.gov.pl\/wp-content\/uploads\/2021\/04\/Protokol-z-posiedzenia-KSM-16.06.2020-1.pdf\" download><button class=\"link_btn\" type=\"button\"> <img decoding=\"async\" src=\"https:\/\/niw.gov.pl\/wp-content\/themes\/niw\/images\/ic_link.png\" alt=\"ic_link.png\"> <\/button> Protok\u00f3\u0142 z posiedzenia.<\/a>\n<\/div>\n\n\n\t\t\t\t\t<\/div><\/div>[\/vc_column][\/vc_row]<\/p>\n","protected":false},"excerpt":{"rendered":"<p>[vc_row][vc_column][vc_column_text]G\u0142\u00f3wnym tematem posiedzenia KSM by\u0142o przedstawienie wynik\u00f3w ewaluacji ex-ante projektu Programu FIO 2021+ oraz zaopiniowanie projektu Programu Fundusz Inicjatyw Obywatelskich na lata 2021-2030. W trakcie posiedzenia zosta\u0142 podsumowany nab\u00f3r i rozstrzygni\u0119cie konkursu w ramach edycji 2020 Priorytety 2-4 FIO.[\/vc_column_text][\/vc_column][\/vc_row]<\/p>\n","protected":false},"author":46,"featured_media":0,"parent":16333,"menu_order":3,"comment_status":"closed","ping_status":"closed","template":"page-templates\/nasze_programy_sub_pages.php","meta":{"_acf_changed":false,"inline_featured_image":false,"footnotes":""},"class_list":["post-16342","page","type-page","status-publish","hentry"],"acf":[],"_links":{"self":[{"href":"https:\/\/niw.gov.pl\/en\/wp-json\/wp\/v2\/pages\/16342","targetHints":{"allow":["GET"]}}],"collection":[{"href":"https:\/\/niw.gov.pl\/en\/wp-json\/wp\/v2\/pages"}],"about":[{"href":"https:\/\/niw.gov.pl\/en\/wp-json\/wp\/v2\/types\/page"}],"author":[{"embeddable":true,"href":"https:\/\/niw.gov.pl\/en\/wp-json\/wp\/v2\/users\/46"}],"replies":[{"embeddable":true,"href":"https:\/\/niw.gov.pl\/en\/wp-json\/wp\/v2\/comments?post=16342"}],"version-history":[{"count":1,"href":"https:\/\/niw.gov.pl\/en\/wp-json\/wp\/v2\/pages\/16342\/revisions"}],"predecessor-version":[{"id":16343,"href":"https:\/\/niw.gov.pl\/en\/wp-json\/wp\/v2\/pages\/16342\/revisions\/16343"}],"up":[{"embeddable":true,"href":"https:\/\/niw.gov.pl\/en\/wp-json\/wp\/v2\/pages\/16333"}],"wp:attachment":[{"href":"https:\/\/niw.gov.pl\/en\/wp-json\/wp\/v2\/media?parent=16342"}],"curies":[{"name":"wp","href":"https:\/\/api.w.org\/{rel}","templated":true}]}}