{"id":16344,"date":"2021-04-28T11:29:41","date_gmt":"2021-04-28T11:29:41","guid":{"rendered":"http:\/\/niw.gov.pl\/nasze-programy\/fio\/komitet-sterujaco-monitorujacy\/protokoly-z-posiedzen-ksm\/21-02-2020\/"},"modified":"2021-05-18T14:02:20","modified_gmt":"2021-05-18T14:02:20","slug":"21-02-2020","status":"publish","type":"page","link":"https:\/\/niw.gov.pl\/en\/our-programmes\/cif\/steering-and-monitoring-committee\/protokoly-z-posiedzen-ksm\/21-02-2020\/","title":{"rendered":"Posiedzenie Komitetu Steruj\u0105co-Monitoruj\u0105cego Program FIO 2014-2020 \u2013 21 lutego 2020r."},"content":{"rendered":"<p>[vc_row][vc_column][vc_column_text]G\u0142\u00f3wnym tematem posiedzenia KSM by\u0142o przyj\u0119cie Regulaminu Pracy KSM FIO 2014-2020.<br \/>\nW trakcie posiedzenia zosta\u0142 zaprezentowany raport pt.\u00a0<em>Pog\u0142\u0119biona analiza mechanizm\u00f3w wdra\u017cania priorytetu I Programu FIO na lata 2014-2020.<\/em>\u00a0Cz\u0142onkowie KSM wymieniali si\u0119 spostrze\u017ceniami dotycz\u0105cymi ulepszenia Priorytetu I w kolejnej perspektywie finansowej Programu FIO.[\/vc_column_text]<div class=\"row\">\n\t\t\t\t<div class=\"col-lg-12 col-md-12 col-sm-12 media_text\">\n\t\t\t\t\t\n\t\t\t\t\t\n\t\t\t\t\t<div class=\"programs_links\"><a href=\"https:\/\/niw.gov.pl\/wp-content\/uploads\/2021\/04\/Protokol-z-posiedzenia-KSM-21.02.2020.pdf\" download><button class=\"link_btn\" type=\"button\"> <img decoding=\"async\" src=\"https:\/\/niw.gov.pl\/wp-content\/themes\/niw\/images\/ic_link.png\" alt=\"ic_link.png\"> <\/button> Protok\u00f3\u0142 z posiedzenia<\/a>\n<\/div>\n\n\n\t\t\t\t\t<\/div><\/div>[\/vc_column][\/vc_row]<\/p>\n","protected":false},"excerpt":{"rendered":"<p>[vc_row][vc_column][vc_column_text]G\u0142\u00f3wnym tematem posiedzenia KSM by\u0142o przyj\u0119cie Regulaminu Pracy KSM FIO 2014-2020. W trakcie posiedzenia zosta\u0142 zaprezentowany raport pt.\u00a0Pog\u0142\u0119biona analiza mechanizm\u00f3w wdra\u017cania priorytetu I Programu FIO na lata 2014-2020.\u00a0Cz\u0142onkowie KSM wymieniali si\u0119 spostrze\u017ceniami dotycz\u0105cymi ulepszenia Priorytetu I w kolejnej perspektywie finansowej Programu FIO.[\/vc_column_text][\/vc_column][\/vc_row]<\/p>\n","protected":false},"author":46,"featured_media":0,"parent":16333,"menu_order":4,"comment_status":"closed","ping_status":"closed","template":"page-templates\/nasze_programy_sub_pages.php","meta":{"_acf_changed":false,"inline_featured_image":false,"footnotes":""},"class_list":["post-16344","page","type-page","status-publish","hentry"],"acf":[],"_links":{"self":[{"href":"https:\/\/niw.gov.pl\/en\/wp-json\/wp\/v2\/pages\/16344","targetHints":{"allow":["GET"]}}],"collection":[{"href":"https:\/\/niw.gov.pl\/en\/wp-json\/wp\/v2\/pages"}],"about":[{"href":"https:\/\/niw.gov.pl\/en\/wp-json\/wp\/v2\/types\/page"}],"author":[{"embeddable":true,"href":"https:\/\/niw.gov.pl\/en\/wp-json\/wp\/v2\/users\/46"}],"replies":[{"embeddable":true,"href":"https:\/\/niw.gov.pl\/en\/wp-json\/wp\/v2\/comments?post=16344"}],"version-history":[{"count":1,"href":"https:\/\/niw.gov.pl\/en\/wp-json\/wp\/v2\/pages\/16344\/revisions"}],"predecessor-version":[{"id":16345,"href":"https:\/\/niw.gov.pl\/en\/wp-json\/wp\/v2\/pages\/16344\/revisions\/16345"}],"up":[{"embeddable":true,"href":"https:\/\/niw.gov.pl\/en\/wp-json\/wp\/v2\/pages\/16333"}],"wp:attachment":[{"href":"https:\/\/niw.gov.pl\/en\/wp-json\/wp\/v2\/media?parent=16344"}],"curies":[{"name":"wp","href":"https:\/\/api.w.org\/{rel}","templated":true}]}}