{"id":16346,"date":"2021-04-28T11:33:45","date_gmt":"2021-04-28T11:33:45","guid":{"rendered":"http:\/\/niw.gov.pl\/nasze-programy\/fio\/komitet-sterujaco-monitorujacy\/protokoly-z-posiedzen-ksm\/29-10-2019\/"},"modified":"2021-05-18T14:02:24","modified_gmt":"2021-05-18T14:02:24","slug":"29-10-2019","status":"publish","type":"page","link":"https:\/\/niw.gov.pl\/en\/our-programmes\/cif\/steering-and-monitoring-committee\/protokoly-z-posiedzen-ksm\/29-10-2019\/","title":{"rendered":"Posiedzenie Komitetu Steruj\u0105co-Monitoruj\u0105cego Program FIO 2014-2020 \u2013 29 pa\u017adziernika 2019 r."},"content":{"rendered":"<p>[vc_row][vc_column][vc_column_text]G\u0142\u00f3wnym tematem kolejnego spotkania KSM w tym roku,\u00a0 by\u0142o om\u00f3wienie uwag z konsultacji spo\u0142ecznych\u00a0<em>Regulaminu konkursu FIO 2020 Priorytety 2-4.<\/em><\/p>\n<p>Komitet zgodzi\u0142 si\u0119 z wi\u0119kszo\u015bci\u0105 rekomendacji, jakie do uwag,\u00a0 przedstawi\u0142o Biuro Programu FIO Narodowego Instytutu Wolno\u015bci \u2013 Centrum Rozwoju Spo\u0142ecze\u0144stwa Obywatelskiego.<\/p>\n<p>W trakcie tego spotkania przedstawiono r\u00f3wnie\u017c raport pt.\u00a0<em>Podsumowanie wizyt monitoruj\u0105cych realizacj\u0119 projekt\u00f3w dofinansowanych w ramach Programu Fundusz Inicjatyw Obywatelskich na lata 2014-2020 edycja 2018.<\/em>[\/vc_column_text]<div class=\"row\">\n\t\t\t\t<div class=\"col-lg-12 col-md-12 col-sm-12 media_text\">\n\t\t\t\t\t\n\t\t\t\t\t\n\t\t\t\t\t<div class=\"programs_links\"><a href=\"https:\/\/niw.gov.pl\/wp-content\/uploads\/2021\/04\/Protokol-z-posiedzenia-KSM-29.10.2019.pdf\" download><button class=\"link_btn\" type=\"button\"> <img decoding=\"async\" src=\"https:\/\/niw.gov.pl\/wp-content\/themes\/niw\/images\/ic_link.png\" alt=\"ic_link.png\"> <\/button> Protok\u00f3\u0142 z posiedzenia.<\/a>\n<\/div>\n\n\n\t\t\t\t\t\n\t\t\t\t\t\n\t\t\t\t\t\n\t\t\t\t\t<div class=\"programs_links\"><a href=\"https:\/\/niw.gov.pl\/wp-content\/uploads\/2021\/04\/Zestawienie_uwag-z-konsultacji-spolecznych-FIO-2020-2-4-1.pdf\" download><button class=\"link_btn\" type=\"button\"> <img decoding=\"async\" src=\"https:\/\/niw.gov.pl\/wp-content\/themes\/niw\/images\/ic_link.png\" alt=\"ic_link.png\"> <\/button> Zestawienie uwag z konsultacji spo\u0142ecznych FIO 2020 2-4.<\/a>\n<\/div>\n\n\n\t\t\t\t\t<\/div><\/div>[\/vc_column][\/vc_row]<\/p>\n","protected":false},"excerpt":{"rendered":"<p>[vc_row][vc_column][vc_column_text]G\u0142\u00f3wnym tematem kolejnego spotkania KSM w tym roku,\u00a0 by\u0142o om\u00f3wienie uwag z konsultacji spo\u0142ecznych\u00a0Regulaminu konkursu FIO 2020 Priorytety 2-4. Komitet zgodzi\u0142 si\u0119 z wi\u0119kszo\u015bci\u0105 rekomendacji, jakie do uwag,\u00a0 przedstawi\u0142o Biuro Programu FIO Narodowego Instytutu Wolno\u015bci \u2013 Centrum Rozwoju Spo\u0142ecze\u0144stwa Obywatelskiego. W trakcie tego spotkania przedstawiono r\u00f3wnie\u017c raport pt.\u00a0Podsumowanie wizyt monitoruj\u0105cych realizacj\u0119 projekt\u00f3w dofinansowanych w ramach<\/p>\n","protected":false},"author":46,"featured_media":0,"parent":16333,"menu_order":5,"comment_status":"closed","ping_status":"closed","template":"page-templates\/nasze_programy_sub_pages.php","meta":{"_acf_changed":false,"inline_featured_image":false,"footnotes":""},"class_list":["post-16346","page","type-page","status-publish","hentry"],"acf":[],"_links":{"self":[{"href":"https:\/\/niw.gov.pl\/en\/wp-json\/wp\/v2\/pages\/16346","targetHints":{"allow":["GET"]}}],"collection":[{"href":"https:\/\/niw.gov.pl\/en\/wp-json\/wp\/v2\/pages"}],"about":[{"href":"https:\/\/niw.gov.pl\/en\/wp-json\/wp\/v2\/types\/page"}],"author":[{"embeddable":true,"href":"https:\/\/niw.gov.pl\/en\/wp-json\/wp\/v2\/users\/46"}],"replies":[{"embeddable":true,"href":"https:\/\/niw.gov.pl\/en\/wp-json\/wp\/v2\/comments?post=16346"}],"version-history":[{"count":1,"href":"https:\/\/niw.gov.pl\/en\/wp-json\/wp\/v2\/pages\/16346\/revisions"}],"predecessor-version":[{"id":16347,"href":"https:\/\/niw.gov.pl\/en\/wp-json\/wp\/v2\/pages\/16346\/revisions\/16347"}],"up":[{"embeddable":true,"href":"https:\/\/niw.gov.pl\/en\/wp-json\/wp\/v2\/pages\/16333"}],"wp:attachment":[{"href":"https:\/\/niw.gov.pl\/en\/wp-json\/wp\/v2\/media?parent=16346"}],"curies":[{"name":"wp","href":"https:\/\/api.w.org\/{rel}","templated":true}]}}