{"id":16349,"date":"2021-04-28T11:35:40","date_gmt":"2021-04-28T11:35:40","guid":{"rendered":"http:\/\/niw.gov.pl\/nasze-programy\/fio\/komitet-sterujaco-monitorujacy\/protokoly-z-posiedzen-ksm\/27-09-2019\/"},"modified":"2021-05-18T14:03:03","modified_gmt":"2021-05-18T14:03:03","slug":"27-09-2019","status":"publish","type":"page","link":"https:\/\/niw.gov.pl\/en\/our-programmes\/cif\/steering-and-monitoring-committee\/protokoly-z-posiedzen-ksm\/27-09-2019\/","title":{"rendered":"Posiedzenie Komitetu Steruj\u0105co-Monitoruj\u0105cego Program FIO 2014-2020 \u2013 27 wrze\u015bnia 2019 r."},"content":{"rendered":"<p>[vc_row][vc_column][vc_column_text el_class=&#8221;subpage&#8221;]W trakcie tego posiedzenia Komitetu, g\u0142\u00f3wnymi tematami dyskusji by\u0142y:<\/p>\n<ul>\n<li>sprawozdanie z realizacji Programu FIO za 2018 roku;<\/li>\n<li>podsumowanie nab\u00f3r ofert w Programie FIO 2020 w Priorytecie 1;<\/li>\n<li>za\u0142o\u017cenia zmian do Regulaminu FIO 2020 w Priorytetach 2-4.<\/li>\n<\/ul>\n<p>Poruszono tak\u017ce kwestie zwi\u0105zane z badaniem ewaluacyjnym pn.:\u00a0<em>Ewaluacja post\u0119p\u00f3w wdra\u017cania Programu FIO na lata 2014-2020<\/em>\u00a0oraz om\u00f3wiono aktualne dzia\u0142ania podejmowana przez biuro Komunikacji i Promocji NIW-CRSO. Ponadto na zako\u0144czenie spotkania wybrano przedstawiciela KSM FIO do Komisji Konkursowej FIO 2020 w Priorytecie 1.[\/vc_column_text]<div class=\"row\">\n\t\t\t\t<div class=\"col-lg-12 col-md-12 col-sm-12 media_text\">\n\t\t\t\t\t\n\t\t\t\t\t\n\t\t\t\t\t<div class=\"programs_links\"><a href=\"https:\/\/niw.gov.pl\/wp-content\/uploads\/2021\/04\/5.-Protokol-z-posiedzenia-KSM-27.09.2019-wersja-ostateczna-zaakceptowana-przez-KSM.pdf\" download><button class=\"link_btn\" type=\"button\"> <img decoding=\"async\" src=\"https:\/\/niw.gov.pl\/wp-content\/themes\/niw\/images\/ic_link.png\" alt=\"ic_link.png\"> <\/button> Protok\u00f3\u0142 z posiedzenia.<\/a>\n<\/div>\n\n\n\t\t\t\t\t<\/div><\/div>[\/vc_column][\/vc_row]<\/p>\n","protected":false},"excerpt":{"rendered":"<p>[vc_row][vc_column][vc_column_text el_class=&#8221;subpage&#8221;]W trakcie tego posiedzenia Komitetu, g\u0142\u00f3wnymi tematami dyskusji by\u0142y: sprawozdanie z realizacji Programu FIO za 2018 roku; podsumowanie nab\u00f3r ofert w Programie FIO 2020 w Priorytecie 1; za\u0142o\u017cenia zmian do Regulaminu FIO 2020 w Priorytetach 2-4. Poruszono tak\u017ce kwestie zwi\u0105zane z badaniem ewaluacyjnym pn.:\u00a0Ewaluacja post\u0119p\u00f3w wdra\u017cania Programu FIO na lata 2014-2020\u00a0oraz om\u00f3wiono aktualne dzia\u0142ania<\/p>\n","protected":false},"author":46,"featured_media":0,"parent":16333,"menu_order":6,"comment_status":"closed","ping_status":"closed","template":"page-templates\/nasze_programy_sub_pages.php","meta":{"_acf_changed":false,"inline_featured_image":false,"footnotes":""},"class_list":["post-16349","page","type-page","status-publish","hentry"],"acf":[],"_links":{"self":[{"href":"https:\/\/niw.gov.pl\/en\/wp-json\/wp\/v2\/pages\/16349","targetHints":{"allow":["GET"]}}],"collection":[{"href":"https:\/\/niw.gov.pl\/en\/wp-json\/wp\/v2\/pages"}],"about":[{"href":"https:\/\/niw.gov.pl\/en\/wp-json\/wp\/v2\/types\/page"}],"author":[{"embeddable":true,"href":"https:\/\/niw.gov.pl\/en\/wp-json\/wp\/v2\/users\/46"}],"replies":[{"embeddable":true,"href":"https:\/\/niw.gov.pl\/en\/wp-json\/wp\/v2\/comments?post=16349"}],"version-history":[{"count":1,"href":"https:\/\/niw.gov.pl\/en\/wp-json\/wp\/v2\/pages\/16349\/revisions"}],"predecessor-version":[{"id":16350,"href":"https:\/\/niw.gov.pl\/en\/wp-json\/wp\/v2\/pages\/16349\/revisions\/16350"}],"up":[{"embeddable":true,"href":"https:\/\/niw.gov.pl\/en\/wp-json\/wp\/v2\/pages\/16333"}],"wp:attachment":[{"href":"https:\/\/niw.gov.pl\/en\/wp-json\/wp\/v2\/media?parent=16349"}],"curies":[{"name":"wp","href":"https:\/\/api.w.org\/{rel}","templated":true}]}}