{"id":16351,"date":"2021-04-28T11:38:34","date_gmt":"2021-04-28T11:38:34","guid":{"rendered":"http:\/\/niw.gov.pl\/nasze-programy\/fio\/komitet-sterujaco-monitorujacy\/protokoly-z-posiedzen-ksm\/09-07-2019\/"},"modified":"2021-05-18T14:03:17","modified_gmt":"2021-05-18T14:03:17","slug":"09-07-2019","status":"publish","type":"page","link":"https:\/\/niw.gov.pl\/en\/our-programmes\/cif\/steering-and-monitoring-committee\/protokoly-z-posiedzen-ksm\/09-07-2019\/","title":{"rendered":"Posiedzenie Komitetu Steruj\u0105co-Monitoruj\u0105cego Program FIO 2014-2020 \u2013 9 lipca 2019 r."},"content":{"rendered":"<p>[vc_row][vc_column][vc_column_text]Ponadto 100 uwag, zg\u0142oszonych w trakcie konsultacji spo\u0142ecznych do Regulaminu FIO 2020 \u2013 Priorytet 1, musia\u0142 rozpatrze\u0107 Komitet Steruj\u0105co- Monitoruj\u0105cy Program FIO, w trakcie tego posiedzenia. Ponadto cz\u0142onkowie KSM zapoznali si\u0119 r\u00f3wnie\u017c z raportem z badania\u00a0\u201eOcena wp\u0142ywu projekt\u00f3w realizowanych w ramach programu P FIO w latach 2014-2018 na rozw\u00f3j wolontariatu\u201d. By\u0142a to kontynuacja prezentacji wynik\u00f3w bada\u0144, kt\u00f3re zosta\u0142y przygotowane w ramach ewaluacji zleconej przez NIW-CRSO w 2018 roku.[\/vc_column_text]<div class=\"row\">\n\t\t\t\t<div class=\"col-lg-12 col-md-12 col-sm-12 media_text\">\n\t\t\t\t\t\n\t\t\t\t\t\n\t\t\t\t\t<div class=\"programs_links\"><a href=\"https:\/\/niw.gov.pl\/wp-content\/uploads\/2021\/04\/4.2-Protokol-z-posiedzenia-KSM-09.07.2019-po-uwagach-czlonkow-KSM.pdf\" download><button class=\"link_btn\" type=\"button\"> <img decoding=\"async\" src=\"https:\/\/niw.gov.pl\/wp-content\/themes\/niw\/images\/ic_link.png\" alt=\"ic_link.png\"> <\/button> Protok\u00f3\u0142 z posiedzenia<\/a>\n<\/div>\n\n\n\t\t\t\t\t\n\t\t\t\t\t\n\t\t\t\t\t\n\t\t\t\t\t<div class=\"programs_links\"><a href=\"https:\/\/niw.gov.pl\/wp-content\/uploads\/2021\/04\/zalacznik-nr-1-do-protokolu-z-posiedzenia-KSM-FIO-w-dniu-09.07.2019.pdf\" download><button class=\"link_btn\" type=\"button\"> <img decoding=\"async\" src=\"https:\/\/niw.gov.pl\/wp-content\/themes\/niw\/images\/ic_link.png\" alt=\"ic_link.png\"> <\/button> Za\u0142\u0105cznik do protoko\u0142u z posiedzenia<\/a>\n<\/div>\n\n\n\t\t\t\t\t<\/div><\/div>[vc_single_image image=&#8221;14906&#8243; img_size=&#8221;full&#8221; alignment=&#8221;center&#8221;][\/vc_column][\/vc_row]<\/p>\n","protected":false},"excerpt":{"rendered":"<p>[vc_row][vc_column][vc_column_text]Ponadto 100 uwag, zg\u0142oszonych w trakcie konsultacji spo\u0142ecznych do Regulaminu FIO 2020 \u2013 Priorytet 1, musia\u0142 rozpatrze\u0107 Komitet Steruj\u0105co- Monitoruj\u0105cy Program FIO, w trakcie tego posiedzenia. Ponadto cz\u0142onkowie KSM zapoznali si\u0119 r\u00f3wnie\u017c z raportem z badania\u00a0\u201eOcena wp\u0142ywu projekt\u00f3w realizowanych w ramach programu P FIO w latach 2014-2018 na rozw\u00f3j wolontariatu\u201d. By\u0142a to kontynuacja prezentacji wynik\u00f3w<\/p>\n","protected":false},"author":46,"featured_media":0,"parent":16333,"menu_order":7,"comment_status":"closed","ping_status":"closed","template":"page-templates\/nasze_programy_sub_pages.php","meta":{"_acf_changed":false,"inline_featured_image":false,"footnotes":""},"class_list":["post-16351","page","type-page","status-publish","hentry"],"acf":[],"_links":{"self":[{"href":"https:\/\/niw.gov.pl\/en\/wp-json\/wp\/v2\/pages\/16351","targetHints":{"allow":["GET"]}}],"collection":[{"href":"https:\/\/niw.gov.pl\/en\/wp-json\/wp\/v2\/pages"}],"about":[{"href":"https:\/\/niw.gov.pl\/en\/wp-json\/wp\/v2\/types\/page"}],"author":[{"embeddable":true,"href":"https:\/\/niw.gov.pl\/en\/wp-json\/wp\/v2\/users\/46"}],"replies":[{"embeddable":true,"href":"https:\/\/niw.gov.pl\/en\/wp-json\/wp\/v2\/comments?post=16351"}],"version-history":[{"count":1,"href":"https:\/\/niw.gov.pl\/en\/wp-json\/wp\/v2\/pages\/16351\/revisions"}],"predecessor-version":[{"id":16352,"href":"https:\/\/niw.gov.pl\/en\/wp-json\/wp\/v2\/pages\/16351\/revisions\/16352"}],"up":[{"embeddable":true,"href":"https:\/\/niw.gov.pl\/en\/wp-json\/wp\/v2\/pages\/16333"}],"wp:attachment":[{"href":"https:\/\/niw.gov.pl\/en\/wp-json\/wp\/v2\/media?parent=16351"}],"curies":[{"name":"wp","href":"https:\/\/api.w.org\/{rel}","templated":true}]}}