{"id":16354,"date":"2021-04-28T11:42:44","date_gmt":"2021-04-28T11:42:44","guid":{"rendered":"http:\/\/niw.gov.pl\/nasze-programy\/fio\/komitet-sterujaco-monitorujacy\/protokoly-z-posiedzen-ksm\/29-05-2019\/"},"modified":"2021-05-18T14:03:25","modified_gmt":"2021-05-18T14:03:25","slug":"29-05-2019","status":"publish","type":"page","link":"https:\/\/niw.gov.pl\/en\/our-programmes\/cif\/steering-and-monitoring-committee\/protokoly-z-posiedzen-ksm\/29-05-2019\/","title":{"rendered":"Posiedzenie Komitetu Steruj\u0105co-Monitoruj\u0105cego Program FIO 2014-2020 \u2013 29 maja 2019 r."},"content":{"rendered":"<p>[vc_row][vc_column][vc_column_text el_class=&#8221;subpage&#8221;]W dniu 29 maja 2019 r., w siedzibie Narodowego Instytutu Wolno\u015bci \u2013 Centrum Rozwoju Spo\u0142ecze\u0144stwa Obywatelskiego odby\u0142o si\u0119 drugie w tym roku posiedzenie Komitetu Steruj\u0105co-Monitoruj\u0105cego Program FIO.<\/p>\n<p>Przebieg posiedzenia opiera\u0142 si\u0119 na trzech g\u0142\u00f3wnych tematach:<\/p>\n<ul>\n<li>podsumowanie rozstrzygni\u0119cia konkursu FIO 2019;<\/li>\n<li>analiza wp\u0142ywu kryteri\u00f3w strategicznych na rozstrzygni\u0119cie konkursu FIO 2019;<\/li>\n<li>om\u00f3wienie za\u0142o\u017ce\u0144 zmian do Regulaminu konkursu FIO 2020 w Priorytecie 1, w tym w szczeg\u00f3lno\u015bci propozycji wprowadzenia dw\u00f3ch \u015bcie\u017cek regrantingu (wojew\u00f3dzki oraz tematyczny) oraz podniesienia minimalnej kwoty dotacji przeznaczonej na mikrogranty.<\/li>\n<\/ul>\n<p>Ponadto na zako\u0144czenie spotkania om\u00f3wiono aktualnie realizowane przez Instytut oraz planowane w niedalekiej przysz\u0142o\u015bci projekty skierowane dla organizacji pozarz\u0105dowych.[\/vc_column_text]<div class=\"row\">\n\t\t\t\t<div class=\"col-lg-12 col-md-12 col-sm-12 media_text\">\n\t\t\t\t\t\n\t\t\t\t\t\n\t\t\t\t\t<div class=\"programs_links\"><a href=\"https:\/\/niw.gov.pl\/wp-content\/uploads\/2021\/04\/Protokol-z-posiedzenia-KSM-29.05.2019-v.-1.0-Dla-KSM-FIO.pdf\" download><button class=\"link_btn\" type=\"button\"> <img decoding=\"async\" src=\"https:\/\/niw.gov.pl\/wp-content\/themes\/niw\/images\/ic_link.png\" alt=\"ic_link.png\"> <\/button> Protok\u00f3\u0142 z posiedzenia<\/a>\n<\/div>\n\n\n\t\t\t\t\t<\/div><\/div>[vc_single_image image=&#8221;14915&#8243; img_size=&#8221;full&#8221; alignment=&#8221;center&#8221;][\/vc_column][\/vc_row]<\/p>\n","protected":false},"excerpt":{"rendered":"<p>[vc_row][vc_column][vc_column_text el_class=&#8221;subpage&#8221;]W dniu 29 maja 2019 r., w siedzibie Narodowego Instytutu Wolno\u015bci \u2013 Centrum Rozwoju Spo\u0142ecze\u0144stwa Obywatelskiego odby\u0142o si\u0119 drugie w tym roku posiedzenie Komitetu Steruj\u0105co-Monitoruj\u0105cego Program FIO. Przebieg posiedzenia opiera\u0142 si\u0119 na trzech g\u0142\u00f3wnych tematach: podsumowanie rozstrzygni\u0119cia konkursu FIO 2019; analiza wp\u0142ywu kryteri\u00f3w strategicznych na rozstrzygni\u0119cie konkursu FIO 2019; om\u00f3wienie za\u0142o\u017ce\u0144 zmian do Regulaminu<\/p>\n","protected":false},"author":46,"featured_media":0,"parent":16333,"menu_order":8,"comment_status":"closed","ping_status":"closed","template":"page-templates\/nasze_programy_sub_pages.php","meta":{"_acf_changed":false,"inline_featured_image":false,"footnotes":""},"class_list":["post-16354","page","type-page","status-publish","hentry"],"acf":[],"_links":{"self":[{"href":"https:\/\/niw.gov.pl\/en\/wp-json\/wp\/v2\/pages\/16354","targetHints":{"allow":["GET"]}}],"collection":[{"href":"https:\/\/niw.gov.pl\/en\/wp-json\/wp\/v2\/pages"}],"about":[{"href":"https:\/\/niw.gov.pl\/en\/wp-json\/wp\/v2\/types\/page"}],"author":[{"embeddable":true,"href":"https:\/\/niw.gov.pl\/en\/wp-json\/wp\/v2\/users\/46"}],"replies":[{"embeddable":true,"href":"https:\/\/niw.gov.pl\/en\/wp-json\/wp\/v2\/comments?post=16354"}],"version-history":[{"count":1,"href":"https:\/\/niw.gov.pl\/en\/wp-json\/wp\/v2\/pages\/16354\/revisions"}],"predecessor-version":[{"id":16355,"href":"https:\/\/niw.gov.pl\/en\/wp-json\/wp\/v2\/pages\/16354\/revisions\/16355"}],"up":[{"embeddable":true,"href":"https:\/\/niw.gov.pl\/en\/wp-json\/wp\/v2\/pages\/16333"}],"wp:attachment":[{"href":"https:\/\/niw.gov.pl\/en\/wp-json\/wp\/v2\/media?parent=16354"}],"curies":[{"name":"wp","href":"https:\/\/api.w.org\/{rel}","templated":true}]}}