{"id":16356,"date":"2021-04-28T11:45:13","date_gmt":"2021-04-28T11:45:13","guid":{"rendered":"http:\/\/niw.gov.pl\/nasze-programy\/fio\/komitet-sterujaco-monitorujacy\/protokoly-z-posiedzen-ksm\/07-09-2019\/"},"modified":"2021-05-18T14:03:48","modified_gmt":"2021-05-18T14:03:48","slug":"07-09-2019","status":"publish","type":"page","link":"https:\/\/niw.gov.pl\/en\/our-programmes\/cif\/steering-and-monitoring-committee\/protokoly-z-posiedzen-ksm\/07-09-2019\/","title":{"rendered":"Posiedzenie Komitetu Steruj\u0105co- Monitoruj\u0105cego Program FIO 2014-2020 &#8211; 7 marca 2019 r."},"content":{"rendered":"<p>[vc_row][vc_column][vc_column_text el_class=&#8221;subpage&#8221;]Prezentacja wynik\u00f3w bada\u0144 dotycz\u0105cych Programu FIO, by\u0142a jednym z g\u0142\u00f3wnych punkt\u00f3w programu, pierwszego w 2019 roku,\u00a0 posiedzenia Komitetu Steruj\u0105co- Monitoruj\u0105cego FIO (KSM). Tematyka bada\u0144 dotyczy\u0142a nast\u0119puj\u0105cych obszar\u00f3w:<\/p>\n<ul>\n<li><em>Wp\u0142yw Programu FIO na wizerunek i wiarygodno\u015b\u0107 organizacji;<\/em><\/li>\n<li><em>Analiza ewaluacyjna kszta\u0142towania si\u0119 postaw obywatelskich u m\u0142odzie\u017cy polskiej 2018, w wybranych organizacjach m\u0142odzie\u017cowych, na przyk\u0142adzie ZHR\/ KSM i MRM;<\/em><\/li>\n<li><em>Wp\u0142yw Programu FIO w latach 2014-2018 na rozw\u00f3j partycypacji obywatelskiej, ze szczeg\u00f3lnym uwzgl\u0119dnieniem skali oddzia\u0142ywania programu w poszczeg\u00f3lnych regionach Polski. \u00a0<\/em><\/li>\n<\/ul>\n<p>Ponadto w trakcie spotkania om\u00f3wiono bie\u017c\u0105ce sprawy konkursu ofert FIO 2019 oraz kwesti\u0119 wyboru przedstawiciela KSM do Komisji Konkursowej FIO 2019.[\/vc_column_text]<div class=\"row\">\n\t\t\t\t<div class=\"col-lg-12 col-md-12 col-sm-12 media_text\">\n\t\t\t\t\t\n\t\t\t\t\t\n\t\t\t\t\t<div class=\"programs_links\"><a href=\"https:\/\/niw.gov.pl\/wp-content\/uploads\/2021\/04\/Protokol-z-posiedzenia-KSM-07.03.2019-dla-czlonkow-KSM.pdf\" download><button class=\"link_btn\" type=\"button\"> <img decoding=\"async\" src=\"https:\/\/niw.gov.pl\/wp-content\/themes\/niw\/images\/ic_link.png\" alt=\"ic_link.png\"> <\/button> Protok\u00f3\u0142 z posiedzenia<\/a>\n<\/div>\n\n\n\t\t\t\t\t<\/div><\/div>[vc_single_image image=&#8221;14926&#8243; img_size=&#8221;full&#8221; alignment=&#8221;center&#8221;][\/vc_column][\/vc_row]<\/p>\n","protected":false},"excerpt":{"rendered":"<p>[vc_row][vc_column][vc_column_text el_class=&#8221;subpage&#8221;]Prezentacja wynik\u00f3w bada\u0144 dotycz\u0105cych Programu FIO, by\u0142a jednym z g\u0142\u00f3wnych punkt\u00f3w programu, pierwszego w 2019 roku,\u00a0 posiedzenia Komitetu Steruj\u0105co- Monitoruj\u0105cego FIO (KSM). Tematyka bada\u0144 dotyczy\u0142a nast\u0119puj\u0105cych obszar\u00f3w: Wp\u0142yw Programu FIO na wizerunek i wiarygodno\u015b\u0107 organizacji; Analiza ewaluacyjna kszta\u0142towania si\u0119 postaw obywatelskich u m\u0142odzie\u017cy polskiej 2018, w wybranych organizacjach m\u0142odzie\u017cowych, na przyk\u0142adzie ZHR\/ KSM i<\/p>\n","protected":false},"author":46,"featured_media":0,"parent":16333,"menu_order":9,"comment_status":"closed","ping_status":"closed","template":"page-templates\/nasze_programy_sub_pages.php","meta":{"_acf_changed":false,"inline_featured_image":false,"footnotes":""},"class_list":["post-16356","page","type-page","status-publish","hentry"],"acf":[],"_links":{"self":[{"href":"https:\/\/niw.gov.pl\/en\/wp-json\/wp\/v2\/pages\/16356","targetHints":{"allow":["GET"]}}],"collection":[{"href":"https:\/\/niw.gov.pl\/en\/wp-json\/wp\/v2\/pages"}],"about":[{"href":"https:\/\/niw.gov.pl\/en\/wp-json\/wp\/v2\/types\/page"}],"author":[{"embeddable":true,"href":"https:\/\/niw.gov.pl\/en\/wp-json\/wp\/v2\/users\/46"}],"replies":[{"embeddable":true,"href":"https:\/\/niw.gov.pl\/en\/wp-json\/wp\/v2\/comments?post=16356"}],"version-history":[{"count":1,"href":"https:\/\/niw.gov.pl\/en\/wp-json\/wp\/v2\/pages\/16356\/revisions"}],"predecessor-version":[{"id":16357,"href":"https:\/\/niw.gov.pl\/en\/wp-json\/wp\/v2\/pages\/16356\/revisions\/16357"}],"up":[{"embeddable":true,"href":"https:\/\/niw.gov.pl\/en\/wp-json\/wp\/v2\/pages\/16333"}],"wp:attachment":[{"href":"https:\/\/niw.gov.pl\/en\/wp-json\/wp\/v2\/media?parent=16356"}],"curies":[{"name":"wp","href":"https:\/\/api.w.org\/{rel}","templated":true}]}}