{"id":16358,"date":"2021-04-28T11:47:19","date_gmt":"2021-04-28T11:47:19","guid":{"rendered":"http:\/\/niw.gov.pl\/nasze-programy\/fio\/komitet-sterujaco-monitorujacy\/protokoly-z-posiedzen-ksm\/22-11-2018\/"},"modified":"2021-05-18T14:04:33","modified_gmt":"2021-05-18T14:04:33","slug":"22-11-2018","status":"publish","type":"page","link":"https:\/\/niw.gov.pl\/en\/our-programmes\/cif\/steering-and-monitoring-committee\/protokoly-z-posiedzen-ksm\/22-11-2018\/","title":{"rendered":"Posiedzenie Komitetu Steruj\u0105co-Monitoruj\u0105cego Program FIO 2014-2020 \u2013 22 listopada 2018 r."},"content":{"rendered":"<p>[vc_row][vc_column][vc_column_text]W dniu 22 listopada 2018 r., w siedzibie Narodowego Instytutu Wolno\u015bci \u2013 Centrum Rozwoju Spo\u0142ecze\u0144stwa Obywatelskiego odby\u0142o si\u0119 posiedzenie Komitetu Steruj\u0105co-Monitoruj\u0105cego Program FIO, kt\u00f3rego przedmiotem by\u0142o om\u00f3wienie uwag zg\u0142oszonych w ramach konsultacji spo\u0142ecznych dotycz\u0105cych projektu\u00a0<em>Regulaminu Konkursu Fundusz Inicjatyw Obywatelskich \u2013 edycja 2018.\u00a0<\/em>Do g\u0142\u00f3wnych temat\u00f3w nale\u017ca\u0142o przedyskutowanie nowego systemu oceny, termin\u00f3w realizacji projekt\u00f3w w ramach Edycji 2019 FIO oraz plan\u00f3w dotycz\u0105cych organizowanych spotka\u0144 informacyjnych.[\/vc_column_text]<div class=\"row\">\n\t\t\t\t<div class=\"col-lg-12 col-md-12 col-sm-12 media_text\">\n\t\t\t\t\t\n\t\t\t\t\t\n\t\t\t\t\t<div class=\"programs_links\"><a href=\"https:\/\/niw.gov.pl\/wp-content\/uploads\/2021\/04\/Protokol-KSM-FIO-22.11.18-wersja-ostateczna.pdf\" download><button class=\"link_btn\" type=\"button\"> <img decoding=\"async\" src=\"https:\/\/niw.gov.pl\/wp-content\/themes\/niw\/images\/ic_link.png\" alt=\"ic_link.png\"> <\/button> Protok\u00f3\u0142 z posiedzenia.<\/a>\n<\/div>\n\n\n\t\t\t\t\t<\/div><\/div>[vc_single_image image=&#8221;14935&#8243; img_size=&#8221;full&#8221; alignment=&#8221;center&#8221;][\/vc_column][\/vc_row]<\/p>\n","protected":false},"excerpt":{"rendered":"<p>[vc_row][vc_column][vc_column_text]W dniu 22 listopada 2018 r., w siedzibie Narodowego Instytutu Wolno\u015bci \u2013 Centrum Rozwoju Spo\u0142ecze\u0144stwa Obywatelskiego odby\u0142o si\u0119 posiedzenie Komitetu Steruj\u0105co-Monitoruj\u0105cego Program FIO, kt\u00f3rego przedmiotem by\u0142o om\u00f3wienie uwag zg\u0142oszonych w ramach konsultacji spo\u0142ecznych dotycz\u0105cych projektu\u00a0Regulaminu Konkursu Fundusz Inicjatyw Obywatelskich \u2013 edycja 2018.\u00a0Do g\u0142\u00f3wnych temat\u00f3w nale\u017ca\u0142o przedyskutowanie nowego systemu oceny, termin\u00f3w realizacji projekt\u00f3w w ramach Edycji<\/p>\n","protected":false},"author":46,"featured_media":0,"parent":16333,"menu_order":10,"comment_status":"closed","ping_status":"closed","template":"page-templates\/nasze_programy_sub_pages.php","meta":{"_acf_changed":false,"inline_featured_image":false,"footnotes":""},"class_list":["post-16358","page","type-page","status-publish","hentry"],"acf":[],"_links":{"self":[{"href":"https:\/\/niw.gov.pl\/en\/wp-json\/wp\/v2\/pages\/16358","targetHints":{"allow":["GET"]}}],"collection":[{"href":"https:\/\/niw.gov.pl\/en\/wp-json\/wp\/v2\/pages"}],"about":[{"href":"https:\/\/niw.gov.pl\/en\/wp-json\/wp\/v2\/types\/page"}],"author":[{"embeddable":true,"href":"https:\/\/niw.gov.pl\/en\/wp-json\/wp\/v2\/users\/46"}],"replies":[{"embeddable":true,"href":"https:\/\/niw.gov.pl\/en\/wp-json\/wp\/v2\/comments?post=16358"}],"version-history":[{"count":1,"href":"https:\/\/niw.gov.pl\/en\/wp-json\/wp\/v2\/pages\/16358\/revisions"}],"predecessor-version":[{"id":16359,"href":"https:\/\/niw.gov.pl\/en\/wp-json\/wp\/v2\/pages\/16358\/revisions\/16359"}],"up":[{"embeddable":true,"href":"https:\/\/niw.gov.pl\/en\/wp-json\/wp\/v2\/pages\/16333"}],"wp:attachment":[{"href":"https:\/\/niw.gov.pl\/en\/wp-json\/wp\/v2\/media?parent=16358"}],"curies":[{"name":"wp","href":"https:\/\/api.w.org\/{rel}","templated":true}]}}