{"id":16360,"date":"2021-04-28T11:49:02","date_gmt":"2021-04-28T11:49:02","guid":{"rendered":"http:\/\/niw.gov.pl\/nasze-programy\/fio\/komitet-sterujaco-monitorujacy\/protokoly-z-posiedzen-ksm\/20-09-2018\/"},"modified":"2021-05-18T14:04:47","modified_gmt":"2021-05-18T14:04:47","slug":"20-09-2018","status":"publish","type":"page","link":"https:\/\/niw.gov.pl\/en\/our-programmes\/cif\/steering-and-monitoring-committee\/protokoly-z-posiedzen-ksm\/20-09-2018\/","title":{"rendered":"Posiedzenie Komitetu Steruj\u0105co-Monitoruj\u0105cego Program FIO 2014-2020 \u2013 20 wrze\u015bnia 2018 r."},"content":{"rendered":"<p>[vc_row][vc_column][vc_column_text]W dniu 20 wrze\u015bnia 2018 r., w siedzibie Narodowego Instytutu Wolno\u015bci \u2013 Centrum Rozwoju Spo\u0142ecze\u0144stwa Obywatelskiego odby\u0142o si\u0119 posiedzenie Komitetu Steruj\u0105co-Monitoruj\u0105cego Program FIO, kt\u00f3rego przedmiotem by\u0142o om\u00f3wienie sprawozdania z realizacji Programu FIO w 2017 roku, podsumowanie dotychczasowej realizacji edycji 2018 Programu FIO oraz przedyskutowanie propozycji zmian i harmonogramu obejmuj\u0105cych projekt\u00a0Regulaminu Konkursu Fundusz Inicjatyw Obywatelskich \u2013 edycja 2019. G\u0142\u00f3wne obszary tematyczne, o kt\u00f3rych debatowano dotyczy\u0142y: podmiot\u00f3w uprawnionych do udzia\u0142u w konkursie, oferty wsp\u00f3lnej, partnerstwa, termin\u00f3w realizacji projekt\u00f3w, wnioskowanej kwoty dotacji, nowych kryteri\u00f3w strategicznych, zmiany systemu oceny oraz konsolidacji karty oceny.[\/vc_column_text]<div class=\"row\">\n\t\t\t\t<div class=\"col-lg-12 col-md-12 col-sm-12 media_text\">\n\t\t\t\t\t\n\t\t\t\t\t\n\t\t\t\t\t<div class=\"programs_links\"><a href=\"https:\/\/niw.gov.pl\/wp-content\/uploads\/2021\/04\/FIO_Protokol-z-posiedzenia-KSM-20.09.2018.pdf\" download><button class=\"link_btn\" type=\"button\"> <img decoding=\"async\" src=\"https:\/\/niw.gov.pl\/wp-content\/themes\/niw\/images\/ic_link.png\" alt=\"ic_link.png\"> <\/button> Protok\u00f3\u0142 z posiedzenia.<\/a>\n<\/div>\n\n\n\t\t\t\t\t<\/div><\/div>[vc_single_image image=&#8221;14950&#8243; img_size=&#8221;full&#8221; alignment=&#8221;center&#8221;][\/vc_column][\/vc_row]<\/p>\n","protected":false},"excerpt":{"rendered":"<p>[vc_row][vc_column][vc_column_text]W dniu 20 wrze\u015bnia 2018 r., w siedzibie Narodowego Instytutu Wolno\u015bci \u2013 Centrum Rozwoju Spo\u0142ecze\u0144stwa Obywatelskiego odby\u0142o si\u0119 posiedzenie Komitetu Steruj\u0105co-Monitoruj\u0105cego Program FIO, kt\u00f3rego przedmiotem by\u0142o om\u00f3wienie sprawozdania z realizacji Programu FIO w 2017 roku, podsumowanie dotychczasowej realizacji edycji 2018 Programu FIO oraz przedyskutowanie propozycji zmian i harmonogramu obejmuj\u0105cych projekt\u00a0Regulaminu Konkursu Fundusz Inicjatyw Obywatelskich \u2013<\/p>\n","protected":false},"author":46,"featured_media":0,"parent":16333,"menu_order":11,"comment_status":"closed","ping_status":"closed","template":"page-templates\/nasze_programy_sub_pages.php","meta":{"_acf_changed":false,"inline_featured_image":false,"footnotes":""},"class_list":["post-16360","page","type-page","status-publish","hentry"],"acf":[],"_links":{"self":[{"href":"https:\/\/niw.gov.pl\/en\/wp-json\/wp\/v2\/pages\/16360","targetHints":{"allow":["GET"]}}],"collection":[{"href":"https:\/\/niw.gov.pl\/en\/wp-json\/wp\/v2\/pages"}],"about":[{"href":"https:\/\/niw.gov.pl\/en\/wp-json\/wp\/v2\/types\/page"}],"author":[{"embeddable":true,"href":"https:\/\/niw.gov.pl\/en\/wp-json\/wp\/v2\/users\/46"}],"replies":[{"embeddable":true,"href":"https:\/\/niw.gov.pl\/en\/wp-json\/wp\/v2\/comments?post=16360"}],"version-history":[{"count":1,"href":"https:\/\/niw.gov.pl\/en\/wp-json\/wp\/v2\/pages\/16360\/revisions"}],"predecessor-version":[{"id":16361,"href":"https:\/\/niw.gov.pl\/en\/wp-json\/wp\/v2\/pages\/16360\/revisions\/16361"}],"up":[{"embeddable":true,"href":"https:\/\/niw.gov.pl\/en\/wp-json\/wp\/v2\/pages\/16333"}],"wp:attachment":[{"href":"https:\/\/niw.gov.pl\/en\/wp-json\/wp\/v2\/media?parent=16360"}],"curies":[{"name":"wp","href":"https:\/\/api.w.org\/{rel}","templated":true}]}}