{"id":16364,"date":"2021-04-28T11:52:45","date_gmt":"2021-04-28T11:52:45","guid":{"rendered":"http:\/\/niw.gov.pl\/nasze-programy\/fio\/komitet-sterujaco-monitorujacy\/protokoly-z-posiedzen-ksm\/31-01-2018\/"},"modified":"2021-05-18T14:05:11","modified_gmt":"2021-05-18T14:05:11","slug":"31-01-2018","status":"publish","type":"page","link":"https:\/\/niw.gov.pl\/en\/our-programmes\/cif\/steering-and-monitoring-committee\/protokoly-z-posiedzen-ksm\/31-01-2018\/","title":{"rendered":"Posiedzenie Komitetu Steruj\u0105co-Monitoruj\u0105cego Program FIO 2014-2020 \u2013 31 stycznia 2018 r."},"content":{"rendered":"<p>[vc_row][vc_column][vc_column_text]W dniu 31 stycznia 2018 r. w Kancelarii Prezesa Rady Ministr\u00f3w odby\u0142o si\u0119 posiedzenie Komitetu Steruj\u0105co-Monitoruj\u0105cego Program FIO 2014-2020. W posiedzeniu uczestniczy\u0142 Wojciech Kaczmarczyk, Dyrektor Narodowego Instytutu Wolno\u015bci \u2013 Centrum Rozwoju Spo\u0142ecze\u0144stwa Obywatelskiego. Przedmiotem obrad Komitetu by\u0142 projekt Regulaminu Funduszu Inicjatyw Obywatelskich na rok 2018. Dyrektor Narodowego Instytutu Wolno\u015bci przedstawi\u0142 Komitetowi g\u0142\u00f3wne zmiany w Regulaminie w stosunku do edycji 2017, a nast\u0119pnie odby\u0142a si\u0119 otwarta dyskusja na temat przedmiotowego projektu.<\/p>\n<p>Do g\u0142\u00f3wnych zmian w edycji FIO nale\u017ce\u0107 b\u0119d\u0105 m.in.: wyd\u0142u\u017cenie terminu realizacji projekt\u00f3w do 20 miesi\u0119cy, podwy\u017cszenie mo\u017cliwej do uzyskania kwoty dotacji do 200 tys. z\u0142 rocznie, wprowadzenie mo\u017cliwo\u015bci ponoszenia koszt\u00f3w zwi\u0105zanych z instytucjonalnym rozwojem organizacji (do 20% warto\u015bci dotacji), nowe kryteria strategiczne, ca\u0142kowita rezygnacja obowi\u0105zku do\u0142\u0105czania za\u0142\u0105cznik\u00f3w do Oferty, a tak\u017ce uproszczenie procedury oceny formalnej oraz zmiana formularza karty oceny merytorycznej,<\/p>\n<p>Ostatecznie, po naniesieniu kilku drobnych poprawek, przedstawiony dokument uzyska\u0142 aprobat\u0119 Komitetu Steruj\u0105co-Monitoruj\u0105cego. Podj\u0119ta zosta\u0142a zgodna decyzja, aby nast\u0119pnie projekt Regulaminu zosta\u0142 skierowany do dwutygodniowych konsultacji spo\u0142ecznych.[\/vc_column_text]<div class=\"row\">\n\t\t\t\t<div class=\"col-lg-12 col-md-12 col-sm-12 media_text\">\n\t\t\t\t\t\n\t\t\t\t\t\n\t\t\t\t\t<div class=\"programs_links\"><a href=\"https:\/\/niw.gov.pl\/wp-content\/uploads\/2021\/04\/Protokol-z-posiedzenia-KSM-31.01.pdf\" download><button class=\"link_btn\" type=\"button\"> <img decoding=\"async\" src=\"https:\/\/niw.gov.pl\/wp-content\/themes\/niw\/images\/ic_link.png\" alt=\"ic_link.png\"> <\/button> Protok\u00f3\u0142 z posiedzenia<\/a>\n<\/div>\n\n\n\t\t\t\t\t<\/div><\/div>[vc_single_image image=&#8221;14961&#8243; img_size=&#8221;full&#8221; alignment=&#8221;center&#8221;][\/vc_column][\/vc_row]<\/p>\n","protected":false},"excerpt":{"rendered":"<p>[vc_row][vc_column][vc_column_text]W dniu 31 stycznia 2018 r. w Kancelarii Prezesa Rady Ministr\u00f3w odby\u0142o si\u0119 posiedzenie Komitetu Steruj\u0105co-Monitoruj\u0105cego Program FIO 2014-2020. W posiedzeniu uczestniczy\u0142 Wojciech Kaczmarczyk, Dyrektor Narodowego Instytutu Wolno\u015bci \u2013 Centrum Rozwoju Spo\u0142ecze\u0144stwa Obywatelskiego. Przedmiotem obrad Komitetu by\u0142 projekt Regulaminu Funduszu Inicjatyw Obywatelskich na rok 2018. Dyrektor Narodowego Instytutu Wolno\u015bci przedstawi\u0142 Komitetowi g\u0142\u00f3wne zmiany w Regulaminie<\/p>\n","protected":false},"author":46,"featured_media":0,"parent":16333,"menu_order":13,"comment_status":"closed","ping_status":"closed","template":"page-templates\/nasze_programy_sub_pages.php","meta":{"_acf_changed":false,"inline_featured_image":false,"footnotes":""},"class_list":["post-16364","page","type-page","status-publish","hentry"],"acf":[],"_links":{"self":[{"href":"https:\/\/niw.gov.pl\/en\/wp-json\/wp\/v2\/pages\/16364","targetHints":{"allow":["GET"]}}],"collection":[{"href":"https:\/\/niw.gov.pl\/en\/wp-json\/wp\/v2\/pages"}],"about":[{"href":"https:\/\/niw.gov.pl\/en\/wp-json\/wp\/v2\/types\/page"}],"author":[{"embeddable":true,"href":"https:\/\/niw.gov.pl\/en\/wp-json\/wp\/v2\/users\/46"}],"replies":[{"embeddable":true,"href":"https:\/\/niw.gov.pl\/en\/wp-json\/wp\/v2\/comments?post=16364"}],"version-history":[{"count":1,"href":"https:\/\/niw.gov.pl\/en\/wp-json\/wp\/v2\/pages\/16364\/revisions"}],"predecessor-version":[{"id":16365,"href":"https:\/\/niw.gov.pl\/en\/wp-json\/wp\/v2\/pages\/16364\/revisions\/16365"}],"up":[{"embeddable":true,"href":"https:\/\/niw.gov.pl\/en\/wp-json\/wp\/v2\/pages\/16333"}],"wp:attachment":[{"href":"https:\/\/niw.gov.pl\/en\/wp-json\/wp\/v2\/media?parent=16364"}],"curies":[{"name":"wp","href":"https:\/\/api.w.org\/{rel}","templated":true}]}}