{"id":16368,"date":"2021-04-28T11:58:18","date_gmt":"2021-04-28T11:58:18","guid":{"rendered":"http:\/\/niw.gov.pl\/nasze-programy\/fio\/podsumowanie-programu-fio\/informacje-o-wczesniejszych-naborach\/"},"modified":"2021-07-13T07:49:09","modified_gmt":"2021-07-13T07:49:09","slug":"information-on-previous-submissions","status":"publish","type":"page","link":"https:\/\/niw.gov.pl\/en\/our-programmes\/cif\/summary\/information-on-previous-submissions\/","title":{"rendered":"Information on Previous Submissions"},"content":{"rendered":"<p>[vc_row][vc_column][vc_column_text]Informacje o zako\u0144czonych naborach znajduj\u0105 si\u0119 w poni\u017cszych odno\u015bnikach:<\/p>\n<p><a class=\"red\" href=\"http:\/\/niw.gov.pl\/nasze-programy\/fio\/edycje-zakonczone\/fio-2019\/\" target=\"_blank\" rel=\"noopener\"><i class=\"fas fa-link\"><\/i> FIO edycja 2019<\/a><\/p>\n<p><a class=\"red\" href=\"http:\/\/niw.gov.pl\/nasze-programy\/fio\/edycje-zakonczone\/fio-2018\/\" target=\"_blank\" rel=\"noopener\"><i class=\"fas fa-link\"><\/i> FIO edycja 2018<\/a><\/p>\n<p><a class=\"red\" href=\"https:\/\/fio.niw.gov.pl\/edycja8\/\" target=\"_blank\" rel=\"noopener\"><i class=\"fas fa-link\"><\/i> FIO edycja 2017<\/a><\/p>\n<p><a class=\"red\" href=\"https:\/\/fio.niw.gov.pl\/edycja7\/\" target=\"_blank\" rel=\"noopener\"><i class=\"fas fa-link\"><\/i> FIO edycja 2016<\/a><\/p>\n<p><a class=\"red\" href=\"https:\/\/fio.niw.gov.pl\/edycja6\/\" target=\"_blank\" rel=\"noopener\"><i class=\"fas fa-link\"><\/i> FIO edycja 2015<\/a><\/p>\n<p><a class=\"red\" href=\"https:\/\/fio.niw.gov.pl\/edycja5\/\" target=\"_blank\" rel=\"noopener\"><i class=\"fas fa-link\"><\/i> FIO edycja 2014<\/a>[\/vc_column_text][\/vc_column][\/vc_row]<\/p>\n","protected":false},"excerpt":{"rendered":"<p>[vc_row][vc_column][vc_column_text]Informacje o zako\u0144czonych naborach znajduj\u0105 si\u0119 w poni\u017cszych odno\u015bnikach: FIO edycja 2019 FIO edycja 2018 FIO edycja 2017 FIO edycja 2016 FIO edycja 2015 FIO edycja 2014[\/vc_column_text][\/vc_column][\/vc_row]<\/p>\n","protected":false},"author":46,"featured_media":0,"parent":16366,"menu_order":1,"comment_status":"closed","ping_status":"closed","template":"page-templates\/nasze_programy_sub_pages.php","meta":{"_acf_changed":false,"inline_featured_image":false,"footnotes":""},"class_list":["post-16368","page","type-page","status-publish","hentry"],"acf":[],"_links":{"self":[{"href":"https:\/\/niw.gov.pl\/en\/wp-json\/wp\/v2\/pages\/16368","targetHints":{"allow":["GET"]}}],"collection":[{"href":"https:\/\/niw.gov.pl\/en\/wp-json\/wp\/v2\/pages"}],"about":[{"href":"https:\/\/niw.gov.pl\/en\/wp-json\/wp\/v2\/types\/page"}],"author":[{"embeddable":true,"href":"https:\/\/niw.gov.pl\/en\/wp-json\/wp\/v2\/users\/46"}],"replies":[{"embeddable":true,"href":"https:\/\/niw.gov.pl\/en\/wp-json\/wp\/v2\/comments?post=16368"}],"version-history":[{"count":3,"href":"https:\/\/niw.gov.pl\/en\/wp-json\/wp\/v2\/pages\/16368\/revisions"}],"predecessor-version":[{"id":18544,"href":"https:\/\/niw.gov.pl\/en\/wp-json\/wp\/v2\/pages\/16368\/revisions\/18544"}],"up":[{"embeddable":true,"href":"https:\/\/niw.gov.pl\/en\/wp-json\/wp\/v2\/pages\/16366"}],"wp:attachment":[{"href":"https:\/\/niw.gov.pl\/en\/wp-json\/wp\/v2\/media?parent=16368"}],"curies":[{"name":"wp","href":"https:\/\/api.w.org\/{rel}","templated":true}]}}