{"id":16377,"date":"2021-04-28T14:02:20","date_gmt":"2021-04-28T14:02:20","guid":{"rendered":"http:\/\/niw.gov.pl\/nasze-programy\/covid-19-program\/listy-wnioskow-zatwierdzonych-do-dofinansowania\/"},"modified":"2021-07-13T07:52:02","modified_gmt":"2021-07-13T07:52:02","slug":"list-of-grants","status":"publish","type":"page","link":"https:\/\/niw.gov.pl\/en\/our-programmes\/covid-19-programme\/list-of-grants\/","title":{"rendered":"List of grants"},"content":{"rendered":"<p>[vc_row][vc_column][vc_column_text]Poni\u017cej prezentujemy\u00a0<strong>listy wniosk\u00f3w zatwierdzonych do dofinansowania<\/strong>\u00a0w ramach Program Wsparcia Dora\u017anego Organizacji Pozarz\u0105dowych w zakresie przeciwdzia\u0142ania skutkom COVID-19.[\/vc_column_text]<div class=\"row\">\n\t\t\t\t<div class=\"col-lg-12 col-md-12 col-sm-12 media_text\">\n\t\t\t\t\t\n\t\t\t\t\t\n\t\t\t\t\t<div class=\"programs_links\"><a href=\"https:\/\/niw.gov.pl\/wp-content\/uploads\/2021\/04\/Lista-wnioskow-rekomendowanych-do-dofinansowania-nr-1.pdf\" download><button class=\"link_btn\" type=\"button\"> <img decoding=\"async\" src=\"https:\/\/niw.gov.pl\/wp-content\/themes\/niw\/images\/ic_link.png\" alt=\"ic_link.png\"> <\/button> Lista wniosk\u00f3w rekomendowanych do dofinansowania nr 1<\/a>\n<\/div>\n\n\n\t\t\t\t\t\n\t\t\t\t\t\n\t\t\t\t\t\n\t\t\t\t\t<div class=\"programs_links\"><a href=\"https:\/\/niw.gov.pl\/wp-content\/uploads\/2021\/04\/Lista-wnioskow-rekomendowanych-do-dofinansowania-nr-2-1.pdf\" download><button class=\"link_btn\" type=\"button\"> <img decoding=\"async\" src=\"https:\/\/niw.gov.pl\/wp-content\/themes\/niw\/images\/ic_link.png\" alt=\"ic_link.png\"> <\/button> Lista wniosk\u00f3w rekomendowanych do dofinansowania nr 2<\/a>\n<\/div>\n\n\n\t\t\t\t\t\n\t\t\t\t\t\n\t\t\t\t\t\n\t\t\t\t\t<div class=\"programs_links\"><a href=\"https:\/\/niw.gov.pl\/wp-content\/uploads\/2021\/04\/Lista-wnioskow-rekomendowanych-do-dofinansowania-nr-3.pdf\" download><button class=\"link_btn\" type=\"button\"> <img decoding=\"async\" src=\"https:\/\/niw.gov.pl\/wp-content\/themes\/niw\/images\/ic_link.png\" alt=\"ic_link.png\"> <\/button> Lista wniosk\u00f3w rekomendowanych do dofinansowania nr 3<\/a>\n<\/div>\n\n\n\t\t\t\t\t\n\t\t\t\t\t\n\t\t\t\t\t\n\t\t\t\t\t<div class=\"programs_links\"><a href=\"https:\/\/niw.gov.pl\/wp-content\/uploads\/2021\/04\/Lista-wnioskow-rekomendowanych-do-dofinansowania-nr-4.pdf\" download><button class=\"link_btn\" type=\"button\"> <img decoding=\"async\" src=\"https:\/\/niw.gov.pl\/wp-content\/themes\/niw\/images\/ic_link.png\" alt=\"ic_link.png\"> <\/button> Lista wniosk\u00f3w rekomendowanych do dofinansowania nr 4<\/a>\n<\/div>\n\n\n\t\t\t\t\t\n\t\t\t\t\t\n\t\t\t\t\t\n\t\t\t\t\t<div class=\"programs_links\"><a href=\"https:\/\/niw.gov.pl\/wp-content\/uploads\/2021\/04\/Lista-wnioskow-rekomendowanych-do-dofinansowania-nr-5.pdf\" download><button class=\"link_btn\" type=\"button\"> <img decoding=\"async\" src=\"https:\/\/niw.gov.pl\/wp-content\/themes\/niw\/images\/ic_link.png\" alt=\"ic_link.png\"> <\/button> Lista wniosk\u00f3w rekomendowanych do dofinansowania nr 5<\/a>\n<\/div>\n\n\n\t\t\t\t\t\n\t\t\t\t\t\n\t\t\t\t\t\n\t\t\t\t\t<div class=\"programs_links\"><a href=\"https:\/\/niw.gov.pl\/wp-content\/uploads\/2021\/04\/Lista-wnioskow-rekomendowanych-do-dofinansowania-nr-6.pdf\" download><button class=\"link_btn\" type=\"button\"> <img decoding=\"async\" src=\"https:\/\/niw.gov.pl\/wp-content\/themes\/niw\/images\/ic_link.png\" alt=\"ic_link.png\"> <\/button> Lista wniosk\u00f3w rekomendowanych do dofinansowania nr 6<\/a>\n<\/div>\n\n\n\t\t\t\t\t\n\t\t\t\t\t\n\t\t\t\t\t\n\t\t\t\t\t<div class=\"programs_links\"><a href=\"https:\/\/niw.gov.pl\/wp-content\/uploads\/2021\/04\/Lista-wnioskow-rekomendowanych-do-dofinansowania-nr-7.pdf\" download><button class=\"link_btn\" type=\"button\"> <img decoding=\"async\" src=\"https:\/\/niw.gov.pl\/wp-content\/themes\/niw\/images\/ic_link.png\" alt=\"ic_link.png\"> <\/button> Lista wniosk\u00f3w rekomendowanych do dofinansowania nr 7<\/a>\n<\/div>\n\n\n\t\t\t\t\t<\/div><\/div>[vc_column_text]W przypadku pozosta\u0142ych wniosk\u00f3w trwa ocena formalna i merytoryczna.[\/vc_column_text][\/vc_column][\/vc_row]<\/p>\n","protected":false},"excerpt":{"rendered":"<p>[vc_row][vc_column][vc_column_text]Poni\u017cej prezentujemy\u00a0listy wniosk\u00f3w zatwierdzonych do dofinansowania\u00a0w ramach Program Wsparcia Dora\u017anego Organizacji Pozarz\u0105dowych w zakresie przeciwdzia\u0142ania skutkom COVID-19.[\/vc_column_text][vc_column_text]W przypadku pozosta\u0142ych wniosk\u00f3w trwa ocena formalna i merytoryczna.[\/vc_column_text][\/vc_column][\/vc_row]<\/p>\n","protected":false},"author":46,"featured_media":0,"parent":16374,"menu_order":0,"comment_status":"closed","ping_status":"closed","template":"page-templates\/nasze_programy_sub_pages.php","meta":{"_acf_changed":false,"inline_featured_image":false,"footnotes":""},"class_list":["post-16377","page","type-page","status-publish","hentry"],"acf":[],"_links":{"self":[{"href":"https:\/\/niw.gov.pl\/en\/wp-json\/wp\/v2\/pages\/16377","targetHints":{"allow":["GET"]}}],"collection":[{"href":"https:\/\/niw.gov.pl\/en\/wp-json\/wp\/v2\/pages"}],"about":[{"href":"https:\/\/niw.gov.pl\/en\/wp-json\/wp\/v2\/types\/page"}],"author":[{"embeddable":true,"href":"https:\/\/niw.gov.pl\/en\/wp-json\/wp\/v2\/users\/46"}],"replies":[{"embeddable":true,"href":"https:\/\/niw.gov.pl\/en\/wp-json\/wp\/v2\/comments?post=16377"}],"version-history":[{"count":2,"href":"https:\/\/niw.gov.pl\/en\/wp-json\/wp\/v2\/pages\/16377\/revisions"}],"predecessor-version":[{"id":18577,"href":"https:\/\/niw.gov.pl\/en\/wp-json\/wp\/v2\/pages\/16377\/revisions\/18577"}],"up":[{"embeddable":true,"href":"https:\/\/niw.gov.pl\/en\/wp-json\/wp\/v2\/pages\/16374"}],"wp:attachment":[{"href":"https:\/\/niw.gov.pl\/en\/wp-json\/wp\/v2\/media?parent=16377"}],"curies":[{"name":"wp","href":"https:\/\/api.w.org\/{rel}","templated":true}]}}