{"id":16379,"date":"2021-04-14T08:35:11","date_gmt":"2021-04-14T08:35:11","guid":{"rendered":"http:\/\/niw.gov.pl\/nasze-programy\/fio\/faq-najczesciej-zadawane-pytania\/"},"modified":"2021-07-13T07:47:57","modified_gmt":"2021-07-13T07:47:57","slug":"faq","status":"publish","type":"page","link":"https:\/\/niw.gov.pl\/en\/our-programmes\/cif\/faq\/","title":{"rendered":"FAQ"},"content":{"rendered":"<p>[vc_row][vc_column]<div class=\"sort_options sort\">\r\n<div id=\"custom-search-input\">\r\n<div class=\"input-group search_result_search\">\r\n<input type=\"text\" id=\"keynews\" class=\"  search-query form-control\" placeholder=\" Enter search phrase\" \/>\r\n<span class=\"input-group-btn\">\r\n<button id=\"newsListKeyby\" class=\"btn\" type=\"button\">\r\n<i class=\"fas fa-search\"><\/i><\/button>\r\n<\/span>\r\n<\/div>\r\n<\/div>\r\n\r\n<div class=\"dropdown sort_options_all\">\r\n    <button id=\"newsListSortby\" type=\"button\" class=\"sort_btn dropdown-toggle1 search_result_sort\" data-toggle=\"dropdown\">\r\n      Sort by\r\n    <\/button>\r\n    <div class=\"dropdown-menu sort_drop\">\r\n\t\r\n      <a class=\"dropdown-item newssort\" href=\"javascript:void(0);\" data-sort=\"desc\">Latest<\/a>\r\n      <a class=\"dropdown-item newssort\" href=\"javascript:void(0);\" data-sort=\"asc\">The oldest<\/a><\/div>\r\n  <\/div>\r\n<\/div>\r\n\r\n\r\n\t\r\n\t<div class=\"faq_box\">\r\n<div class=\"faq_title\">Z jakimi dokumentami warto si\u0119 zapozna\u0107? <\/div><p>[vc_row][vc_column][vc_column_text]Zach\u0119camy do zapoznania si\u0119 z poni\u017cszym dokumentem:[\/vc_column_text]<div class=\"row\">\n\t\t\t\t<div class=\"col-lg-12 col-md-12 col-sm-12 media_text\">\n\t\t\t\t\t\n\t\t\t\t\t\n\t\t\t\t\t<div class=\"programs_links\"><a href=\"https:\/\/niw.gov.pl\/wp-content\/uploads\/2021\/04\/P_FIO_2014-2020-4.pdf\" download><button class=\"link_btn\" type=\"button\"> <img decoding=\"async\" src=\"https:\/\/niw.gov.pl\/wp-content\/themes\/niw\/images\/ic_link.png\" alt=\"ic_link.png\"> <\/button> Program Fundusz Inicjatyw Obywatelskich na lata 2014-2020<\/a>\n<\/div>\n\n\n\t\t\t\t\t<\/div><\/div>[\/vc_column][\/vc_row]<\/p>\n<\/div>\r\n\t\r\n\t<div class=\"faq_box\">\r\n<div class=\"faq_title\">Na co mo\u017cna przeznaczy\u0107 \u015brodki z dotacji? <\/div><p>Koszty aby by\u0142y kwalifikowalne, musz\u0105 by\u0107 racjonalne, uzasadnione i niezb\u0119dne do realizacji zadania. Wyj\u0105tkiem jest kategoria I.B Koszty zwi\u0105zane z rozwojem instytucjonalnym w\u0142asnej organizacji \u2013 do wysoko\u015bci 20% dotacji \u2013 nie musz\u0105 one by\u0107 niezb\u0119dne do realizacji zadania. Maksymalny koszt jednostkowy \u015brodka trwa\u0142ego: 10.000,00 z\u0142 brutto.<\/p>\n<\/div>\r\n\t\r\n\t<div class=\"faq_box\">\r\n<div class=\"faq_title\">Czy w ramach FIO trzeba wnie\u015b\u0107 wk\u0142ad w\u0142asny? <\/div><p>Od roku 2018 wniesienie wk\u0142adu w\u0142asnego w ramach sk\u0142adanych ofert nie jest wymagane.<\/p>\n<\/div>\r\n\t\r\n\t<div class=\"faq_box\">\r\n<div class=\"faq_title\">W jakim terminie mo\u017cna realizowa\u0107 zadania? <\/div><p>W zale\u017cno\u015bci od edycji konkursu FIO dopuszczana jest mo\u017cliwo\u015b\u0107 dofinansowania projekt\u00f3w trwaj\u0105cych w ramach jednego, dw\u00f3ch lub trzech lat bud\u017cetowych.<\/p>\n<\/div>\r\n  <nav aria-label=\"Page navigation\">\r\n\t\t\t<h2 id=\"posts-nav-label\" class=\"sr-only\">Posts navigation <\/h2>\r\n\t\t\t<ul class=\"pagination right \"><li class=\"page-item\"><span class=\"page-link previous empty\"><i class=\"fas fa-chevron-left\"><\/i><\/span><\/li><li class=\"page-item\"><span aria-current=\"page\" class=\"page-link  current\">1<\/span><\/li><li class=\"page-item\"><a class=\"page-link\" href=\"https:\/\/niw.gov.pl\/en\/wp-json\/wp\/v2\/pages\/16379\/page\/2\/\">2<\/a><\/li><li class=\"page-item\"><a class=\"page-link\" href=\"https:\/\/niw.gov.pl\/en\/wp-json\/wp\/v2\/pages\/16379\/page\/3\/\">3<\/a><\/li><li class=\"page-item\"><a class=\"next page-link \" href=\"https:\/\/niw.gov.pl\/en\/wp-json\/wp\/v2\/pages\/16379\/page\/2\/\"><i class=\"fas fa-arrow-right\"><\/i><\/a><\/li><\/ul>\r\n\r\n\t\t<\/nav>\r\n   <div class=\"space_60\"><\/div>\r\n<div class=\"row\">\r\n\r\n  <div class=\"col-lg-12\">\r\n  \r\n<button class=\"red_btn history_btn1\"  onClick=\"javascript:history.go(-1)\" type=\"button\">Back<\/button>\r\n<span class=\"a2a_kit a2a_kit_size_32\" data-a2a-url=\"#\" data-a2a-title=\"Homing :: NIW\">\r\n<a class=\"addtoany\" href=\"#\"><button class=\"system_btn print_btn\" type=\"button\"> &nbsp; NOTIFY A FRIEND <\/button><\/a>\r\n\r\n<\/span><\/div><\/div>[\/vc_column][\/vc_row]<\/p>\n","protected":false},"excerpt":{"rendered":"<p>[vc_row][vc_column][\/vc_column][\/vc_row]<\/p>\n","protected":false},"author":46,"featured_media":0,"parent":16279,"menu_order":6,"comment_status":"closed","ping_status":"closed","template":"page-templates\/nasze_programy_sub_pages.php","meta":{"_acf_changed":false,"inline_featured_image":false,"footnotes":""},"class_list":["post-16379","page","type-page","status-publish","hentry"],"acf":[],"_links":{"self":[{"href":"https:\/\/niw.gov.pl\/en\/wp-json\/wp\/v2\/pages\/16379","targetHints":{"allow":["GET"]}}],"collection":[{"href":"https:\/\/niw.gov.pl\/en\/wp-json\/wp\/v2\/pages"}],"about":[{"href":"https:\/\/niw.gov.pl\/en\/wp-json\/wp\/v2\/types\/page"}],"author":[{"embeddable":true,"href":"https:\/\/niw.gov.pl\/en\/wp-json\/wp\/v2\/users\/46"}],"replies":[{"embeddable":true,"href":"https:\/\/niw.gov.pl\/en\/wp-json\/wp\/v2\/comments?post=16379"}],"version-history":[{"count":2,"href":"https:\/\/niw.gov.pl\/en\/wp-json\/wp\/v2\/pages\/16379\/revisions"}],"predecessor-version":[{"id":18467,"href":"https:\/\/niw.gov.pl\/en\/wp-json\/wp\/v2\/pages\/16379\/revisions\/18467"}],"up":[{"embeddable":true,"href":"https:\/\/niw.gov.pl\/en\/wp-json\/wp\/v2\/pages\/16279"}],"wp:attachment":[{"href":"https:\/\/niw.gov.pl\/en\/wp-json\/wp\/v2\/media?parent=16379"}],"curies":[{"name":"wp","href":"https:\/\/api.w.org\/{rel}","templated":true}]}}