{"id":16382,"date":"2021-04-28T12:50:38","date_gmt":"2021-04-28T12:50:38","guid":{"rendered":"http:\/\/niw.gov.pl\/nasze-programy\/covid-19-program\/dokumenty\/"},"modified":"2021-07-13T07:51:55","modified_gmt":"2021-07-13T07:51:55","slug":"documents","status":"publish","type":"page","link":"https:\/\/niw.gov.pl\/en\/our-programmes\/covid-19-programme\/documents\/","title":{"rendered":"Documents"},"content":{"rendered":"<p>[vc_row][vc_column][vc_custom_heading text=&#8221;Szczeg\u00f3\u0142owe zasady przyznawania dotacji w ramach Programu okre\u015blaj\u0105 nast\u0119puj\u0105ce dokumenty&#8221; font_container=&#8221;tag:h3|text_align:left&#8221; use_theme_fonts=&#8221;yes&#8221;][vc_empty_space height=&#8221;12px&#8221;]<div class=\"row\">\n\t\t\t\t<div class=\"col-lg-12 col-md-12 col-sm-12 media_text\">\n\t\t\t\t\t\n\t\t\t\t\t\n\t\t\t\t\t<div class=\"programs_links\"><a href=\"https:\/\/niw.gov.pl\/wp-content\/uploads\/2021\/04\/Program.pdf\" download><button class=\"link_btn\" type=\"button\"> <img decoding=\"async\" src=\"https:\/\/niw.gov.pl\/wp-content\/themes\/niw\/images\/ic_link.png\" alt=\"ic_link.png\"> <\/button> Program Wsparcia Dora\u017anego<\/a>\n<\/div>\n\n\n\t\t\t\t\t\n\t\t\t\t\t\n\t\t\t\t\t\n\t\t\t\t\t<div class=\"programs_links\"><a href=\"https:\/\/niw.gov.pl\/wp-content\/uploads\/2021\/04\/20200512_Ogloszenie-o-naborze-COVID-2020-zalaczniki-FINAL.pdf\" download><button class=\"link_btn\" type=\"button\"> <img decoding=\"async\" src=\"https:\/\/niw.gov.pl\/wp-content\/themes\/niw\/images\/ic_link.png\" alt=\"ic_link.png\"> <\/button> Og\u0142oszenie o naborze<\/a>\n<\/div>\n\n\n\t\t\t\t\t\n\t\t\t\t\t\n\t\t\t\t\t\n\t\t\t\t\t<div class=\"programs_links\"><a href=\"\" download><button class=\"link_btn\" type=\"button\"> <img decoding=\"async\" src=\"https:\/\/niw.gov.pl\/wp-content\/themes\/niw\/images\/ic_link.png\" alt=\"ic_link.png\"> <\/button> Wytyczne dla wnioskodawc\u00f3w<\/a>\n<\/div>\n\n\n\t\t\t\t\t\n\t\t\t\t\t\n\t\t\t\t\t\n\t\t\t\t\t<div class=\"programs_links\"><a href=\"https:\/\/niw.gov.pl\/wp-content\/uploads\/2021\/04\/Zal.-1-Wzor-wniosku-COVID.pdf\" download><button class=\"link_btn\" type=\"button\"> <img decoding=\"async\" src=\"https:\/\/niw.gov.pl\/wp-content\/themes\/niw\/images\/ic_link.png\" alt=\"ic_link.png\"> <\/button> Wz\u00f3r wniosku<\/a>\n<\/div>\n\n\n\t\t\t\t\t\n\t\t\t\t\t\n\t\t\t\t\t\n\t\t\t\t\t<div class=\"programs_links\"><a href=\"https:\/\/niw.gov.pl\/wp-content\/uploads\/2021\/04\/Wzor-umowy-COVID-2020.pdf\" download><button class=\"link_btn\" type=\"button\"> <img decoding=\"async\" src=\"https:\/\/niw.gov.pl\/wp-content\/themes\/niw\/images\/ic_link.png\" alt=\"ic_link.png\"> <\/button> Wz\u00f3r umowy<\/a>\n<\/div>\n\n\n\t\t\t\t\t\n\t\t\t\t\t\n\t\t\t\t\t\n\t\t\t\t\t<div class=\"programs_links\"><a href=\"https:\/\/niw.gov.pl\/wp-content\/uploads\/2021\/04\/Sprawozdanie-COVID.pdf\" download><button class=\"link_btn\" type=\"button\"> <img decoding=\"async\" src=\"https:\/\/niw.gov.pl\/wp-content\/themes\/niw\/images\/ic_link.png\" alt=\"ic_link.png\"> <\/button> Wz\u00f3r sprawozdania<\/a>\n<\/div>\n\n\n\t\t\t\t\t\n\t\t\t\t\t\n\t\t\t\t\t\n\t\t\t\t\t<div class=\"programs_links\"><a href=\"https:\/\/niw.gov.pl\/wp-content\/uploads\/2021\/04\/Zal.-2-karta-oceny-formalnej-i-merytorycznej.pdf\" download><button class=\"link_btn\" type=\"button\"> <img decoding=\"async\" src=\"https:\/\/niw.gov.pl\/wp-content\/themes\/niw\/images\/ic_link.png\" alt=\"ic_link.png\"> <\/button> Karty oceny formalnej i merytorycznej<\/a>\n<\/div>\n\n\n\t\t\t\t\t<\/div><\/div>[vc_empty_space][vc_separator][vc_empty_space][\/vc_column][\/vc_row][vc_row][vc_column][vc_custom_heading text=&#8221;Podstawa prawna Programu&#8221; font_container=&#8221;tag:h3|text_align:left&#8221; use_theme_fonts=&#8221;yes&#8221;][vc_empty_space height=&#8221;12px&#8221;]<div class=\"row\">\n\t\t\t\t<div class=\"col-lg-12 col-md-12 col-sm-12 media_text\">\n\t\t\t\t\t\n\t\t\t\t\t\n\t\t\t\t\t<div class=\"programs_links\"><a href=\"\" download><button class=\"link_btn\" type=\"button\"> <img decoding=\"async\" src=\"https:\/\/niw.gov.pl\/wp-content\/themes\/niw\/images\/ic_link.png\" alt=\"ic_link.png\"> <\/button> Ustawa z dnia 2 marca 2020 r. o szczeg\u00f3lnych rozwi\u0105zaniach zwi\u0105zanych z zapobieganiem, przeciwdzia\u0142aniem i zwalczaniem COVID-19, innych chor\u00f3b zaka\u017anych oraz wywo\u0142anych nimi sytuacji kryzysowych (Dz. U. z 2020 r. poz. 374, z p\u00f3\u017an. zm.);<\/a>\n<\/div>\n\n\n\t\t\t\t\t\n\t\t\t\t\t\n\t\t\t\t\t\n\t\t\t\t\t<div class=\"programs_links\"><a href=\"\" download><button class=\"link_btn\" type=\"button\"> <img decoding=\"async\" src=\"https:\/\/niw.gov.pl\/wp-content\/themes\/niw\/images\/ic_link.png\" alt=\"ic_link.png\"> <\/button> Ustawa z dnia 15 wrze\u015bnia 2017 roku o Narodowym Instytucie Wolno\u015bci \u2013 Centrum Rozwoju Spo\u0142ecze\u0144stwa Obywatelskiego (Dz. U. z 2017 r., poz. 1909, z p\u00f3\u017an. zm.);<\/a>\n<\/div>\n\n\n\t\t\t\t\t\n\t\t\t\t\t\n\t\t\t\t\t\n\t\t\t\t\t<div class=\"programs_links\"><a href=\"https:\/\/niw.gov.pl\/wp-content\/uploads\/2021\/04\/1-RM-111-47-20-OBIEG-UCHW-1.pdf\" download><button class=\"link_btn\" type=\"button\"> <img decoding=\"async\" src=\"https:\/\/niw.gov.pl\/wp-content\/themes\/niw\/images\/ic_link.png\" alt=\"ic_link.png\"> <\/button> Uchwa\u0142a nr 48\/2020 Rady Ministr\u00f3w z dnia 27 kwietnia 2020 r. w sprawie przyj\u0119cia programu wspierania rozwoju spo\u0142ecze\u0144stwa obywatelskiego pod nazw\u0105 \u201eProgram wsparcia dora\u017anego organizacji pozarz\u0105dowych w zakresie przeciwdzia\u0142ania skutkom COVID-19\u201d.<\/a>\n<\/div>\n\n\n\t\t\t\t\t<\/div><\/div>[vc_empty_space][vc_separator][vc_empty_space][\/vc_column][\/vc_row][vc_row][vc_column][vc_custom_heading text=&#8221;Logotyp programu COVID-19&#8243; font_container=&#8221;tag:h3|text_align:left&#8221; use_theme_fonts=&#8221;yes&#8221;][vc_empty_space height=&#8221;12px&#8221;]<div class=\"row\">\n\t\t\t\t<div class=\"col-lg-12 col-md-12 col-sm-12 media_text\">\n\t\t\t\t\t\n\t\t\t\t\t\n\t\t\t\t\t<div class=\"programs_links\"><a href=\"https:\/\/niw.gov.pl\/wp-content\/uploads\/2021\/04\/Logo_program_COViD19-1.zip\" download><button class=\"link_btn\" type=\"button\"> <img decoding=\"async\" src=\"https:\/\/niw.gov.pl\/wp-content\/themes\/niw\/images\/ic_link.png\" alt=\"ic_link.png\"> <\/button> Logotypy programu COVID-19. Pobierz zestaw.<\/a>\n<\/div>\n\n\n\t\t\t\t\t<\/div><\/div>[\/vc_column][\/vc_row]<\/p>\n","protected":false},"excerpt":{"rendered":"<p>[vc_row][vc_column][vc_custom_heading text=&#8221;Szczeg\u00f3\u0142owe zasady przyznawania dotacji w ramach Programu okre\u015blaj\u0105 nast\u0119puj\u0105ce dokumenty&#8221; font_container=&#8221;tag:h3|text_align:left&#8221; use_theme_fonts=&#8221;yes&#8221;][vc_empty_space height=&#8221;12px&#8221;][vc_empty_space][vc_separator][vc_empty_space][\/vc_column][\/vc_row][vc_row][vc_column][vc_custom_heading text=&#8221;Podstawa prawna Programu&#8221; font_container=&#8221;tag:h3|text_align:left&#8221; use_theme_fonts=&#8221;yes&#8221;][vc_empty_space height=&#8221;12px&#8221;][vc_empty_space][vc_separator][vc_empty_space][\/vc_column][\/vc_row][vc_row][vc_column][vc_custom_heading text=&#8221;Logotyp programu COVID-19&#8243; font_container=&#8221;tag:h3|text_align:left&#8221; use_theme_fonts=&#8221;yes&#8221;][vc_empty_space height=&#8221;12px&#8221;][\/vc_column][\/vc_row]<\/p>\n","protected":false},"author":46,"featured_media":0,"parent":16374,"menu_order":0,"comment_status":"closed","ping_status":"closed","template":"page-templates\/nasze_programy_sub_pages.php","meta":{"_acf_changed":false,"inline_featured_image":false,"footnotes":""},"class_list":["post-16382","page","type-page","status-publish","hentry"],"acf":[],"_links":{"self":[{"href":"https:\/\/niw.gov.pl\/en\/wp-json\/wp\/v2\/pages\/16382","targetHints":{"allow":["GET"]}}],"collection":[{"href":"https:\/\/niw.gov.pl\/en\/wp-json\/wp\/v2\/pages"}],"about":[{"href":"https:\/\/niw.gov.pl\/en\/wp-json\/wp\/v2\/types\/page"}],"author":[{"embeddable":true,"href":"https:\/\/niw.gov.pl\/en\/wp-json\/wp\/v2\/users\/46"}],"replies":[{"embeddable":true,"href":"https:\/\/niw.gov.pl\/en\/wp-json\/wp\/v2\/comments?post=16382"}],"version-history":[{"count":3,"href":"https:\/\/niw.gov.pl\/en\/wp-json\/wp\/v2\/pages\/16382\/revisions"}],"predecessor-version":[{"id":18576,"href":"https:\/\/niw.gov.pl\/en\/wp-json\/wp\/v2\/pages\/16382\/revisions\/18576"}],"up":[{"embeddable":true,"href":"https:\/\/niw.gov.pl\/en\/wp-json\/wp\/v2\/pages\/16374"}],"wp:attachment":[{"href":"https:\/\/niw.gov.pl\/en\/wp-json\/wp\/v2\/media?parent=16382"}],"curies":[{"name":"wp","href":"https:\/\/api.w.org\/{rel}","templated":true}]}}