{"id":16396,"date":"2021-03-26T11:36:04","date_gmt":"2021-03-26T11:36:04","guid":{"rendered":"http:\/\/niw.gov.pl\/aktualnosci\/"},"modified":"2021-07-13T10:38:05","modified_gmt":"2021-07-13T10:38:05","slug":"news","status":"publish","type":"page","link":"https:\/\/niw.gov.pl\/en\/news\/","title":{"rendered":"News"},"content":{"rendered":"<p>[vc_row][vc_column]<div class=\"sort_options sort\">\n\n<div class=\"dropdown sort_options_all\">\n    <button id=\"newsListSortby\" type=\"button\" class=\"sort_btn dropdown-toggle1 search_result_sort\" data-toggle=\"dropdown\">\n    Please select a category\n    <\/button>\n    <div class=\"dropdown-menu sort_drop\" style=\"overflow-y:auto; max-height:40vh\">\n      <a class=\"dropdown-item newssort\" href=\"https:\/\/niw.gov.pl\/en\/\/aktualnosci\/\" data-sort=\"All\">All<\/a><a class=\"dropdown-item newsbycat\" href=\"https:\/\/niw.gov.pl\/en\/\/kategoria\/granty-en\" data-sort=\"Granty\">Granty<\/a><a class=\"dropdown-item newsbycat\" href=\"https:\/\/niw.gov.pl\/en\/\/kategoria\/komitet-ds-pozytku-publicznego-en\" data-sort=\"Komitet ds. Po\u017cytku Publicznego\">Komitet ds. Po\u017cytku Publicznego<\/a><a class=\"dropdown-item newsbycat\" href=\"https:\/\/niw.gov.pl\/en\/\/kategoria\/konkurs-en\" data-sort=\"Konkurs\">Konkurs<\/a><a class=\"dropdown-item newsbycat\" href=\"https:\/\/niw.gov.pl\/en\/\/kategoria\/korpus-solidarnosci-en\" data-sort=\"Korpus Solidarno\u015bci\">Korpus Solidarno\u015bci<\/a><a class=\"dropdown-item newsbycat\" href=\"https:\/\/niw.gov.pl\/en\/\/kategoria\/ngo-en\" data-sort=\"NGO\">NGO<\/a><a class=\"dropdown-item newsbycat\" href=\"https:\/\/niw.gov.pl\/en\/\/kategoria\/niw-crso-en\" data-sort=\"NIW-CRSO\">NIW-CRSO<\/a><a class=\"dropdown-item newsbycat\" href=\"https:\/\/niw.gov.pl\/en\/\/kategoria\/nowefio-en\" data-sort=\"NoweFIO\">NoweFIO<\/a><a class=\"dropdown-item newsbycat\" href=\"https:\/\/niw.gov.pl\/en\/\/kategoria\/opp-en\" data-sort=\"OPP\">OPP<\/a><a class=\"dropdown-item newsbycat\" href=\"https:\/\/niw.gov.pl\/en\/\/kategoria\/piotr-glinski-en\" data-sort=\"Piotr Gli\u0144ski\">Piotr Gli\u0144ski<\/a><a class=\"dropdown-item newsbycat\" href=\"https:\/\/niw.gov.pl\/en\/\/kategoria\/promowany-en\" data-sort=\"promowany\">promowany<\/a><a class=\"dropdown-item newsbycat\" href=\"https:\/\/niw.gov.pl\/en\/\/kategoria\/proo-en\" data-sort=\"PROO\">PROO<\/a><a class=\"dropdown-item newsbycat\" href=\"https:\/\/niw.gov.pl\/en\/\/kategoria\/spoleczenstwo-obywatelskie-en\" data-sort=\"Spo\u0142ecze\u0144stwo obywatelskie\">Spo\u0142ecze\u0144stwo obywatelskie<\/a><a class=\"dropdown-item newsbycat\" href=\"https:\/\/niw.gov.pl\/en\/\/kategoria\/uncategorized\" data-sort=\"Uncategorized\">Uncategorized<\/a><a class=\"dropdown-item newsbycat\" href=\"https:\/\/niw.gov.pl\/en\/\/kategoria\/wojciech-kaczmarczyk-en\" data-sort=\"Wojciech Kaczmarczyk\">Wojciech Kaczmarczyk<\/a><\/div>\n  <\/div>\n<\/div>\n\t\n\t\t<div class=\"news_page_news_box\">\n<div class=\"row\">\n<div class=\"col-lg-6 col-md-6 col-sm-6 news_page_news_box_left\">\n<div class=\"text\"><a href=\"https:\/\/niw.gov.pl\/en\/?post_type=post&p=43139\">Formal evaluation of offers submitted in the CSODP, priority 4, edition 2022 completed!<\/a><\/div>\n<div class=\"news_page_news_box_left_date\"> \n<div class=\"news_page_news_box_left_date_ic\"><i class=\"far fa-calendar\"><\/i><\/div>\n<div class=\"news_page_news_box_left_date_text\">April 8, 2022  <\/div><\/div>\n\n<\/div>\n<div class=\"col-lg-6 col-md-6 col-sm-6 news_page_news_box_right\">\n<div class=\"text\"><\/div>\n\n<a href=\"https:\/\/niw.gov.pl\/en\/?post_type=post&p=43139\"><button class=\"news_page_news_box_left_btn\" type=\"button\"> <img decoding=\"async\" src=\"https:\/\/niw.gov.pl\/wp-content\/themes\/niw\/images\/arrow6.png\" alt=\"arrow6.png\"><\/button><\/a>\n<\/div>\n\n<\/div>\n<\/div>\n\n\n\t\n\t\t<div class=\"news_page_news_box\">\n<div class=\"row\">\n<div class=\"col-lg-6 col-md-6 col-sm-6 news_page_news_box_left\">\n<div class=\"text\"><a href=\"https:\/\/niw.gov.pl\/en\/?post_type=post&p=43097\">Public Benefit Organization Support Fund: results of an open call of proposals<\/a><\/div>\n<div class=\"news_page_news_box_left_date\"> \n<div class=\"news_page_news_box_left_date_ic\"><i class=\"far fa-calendar\"><\/i><\/div>\n<div class=\"news_page_news_box_left_date_text\">April 7, 2022  <\/div><\/div>\n\n<\/div>\n<div class=\"col-lg-6 col-md-6 col-sm-6 news_page_news_box_right\">\n<div class=\"text\"><\/div>\n\n<a href=\"https:\/\/niw.gov.pl\/en\/?post_type=post&p=43097\"><button class=\"news_page_news_box_left_btn\" type=\"button\"> <img decoding=\"async\" src=\"https:\/\/niw.gov.pl\/wp-content\/themes\/niw\/images\/arrow6.png\" alt=\"arrow6.png\"><\/button><\/a>\n<\/div>\n\n<\/div>\n<\/div>\n\n\n\t\n\t\t<div class=\"news_page_news_box\">\n<div class=\"row\">\n<div class=\"col-lg-6 col-md-6 col-sm-6 news_page_news_box_left\">\n<div class=\"text\"><a href=\"https:\/\/niw.gov.pl\/en\/?post_type=post&p=43110\">April update of the PBO list &#8211; 1% for 2021<\/a><\/div>\n<div class=\"news_page_news_box_left_date\"> \n<div class=\"news_page_news_box_left_date_ic\"><i class=\"far fa-calendar\"><\/i><\/div>\n<div class=\"news_page_news_box_left_date_text\">April 7, 2022  <\/div><\/div>\n\n<\/div>\n<div class=\"col-lg-6 col-md-6 col-sm-6 news_page_news_box_right\">\n<div class=\"text\"><\/div>\n\n<a href=\"https:\/\/niw.gov.pl\/en\/?post_type=post&p=43110\"><button class=\"news_page_news_box_left_btn\" type=\"button\"> <img decoding=\"async\" src=\"https:\/\/niw.gov.pl\/wp-content\/themes\/niw\/images\/arrow6.png\" alt=\"arrow6.png\"><\/button><\/a>\n<\/div>\n\n<\/div>\n<\/div>\n\n\n\t\n\t\t<div class=\"news_page_news_box\">\n<div class=\"row\">\n<div class=\"col-lg-6 col-md-6 col-sm-6 news_page_news_box_left\">\n<div class=\"text\"><a href=\"https:\/\/niw.gov.pl\/en\/?post_type=post&p=43063\">Call of proposals for &#8220;Partnership for Volunteering &#8211; Local Edition 2022 &#8211; 2024&#8221;.<\/a><\/div>\n<div class=\"news_page_news_box_left_date\"> \n<div class=\"news_page_news_box_left_date_ic\"><i class=\"far fa-calendar\"><\/i><\/div>\n<div class=\"news_page_news_box_left_date_text\">April 7, 2022  <\/div><\/div>\n\n<\/div>\n<div class=\"col-lg-6 col-md-6 col-sm-6 news_page_news_box_right\">\n<div class=\"text\"><\/div>\n\n<a href=\"https:\/\/niw.gov.pl\/en\/?post_type=post&p=43063\"><button class=\"news_page_news_box_left_btn\" type=\"button\"> <img decoding=\"async\" src=\"https:\/\/niw.gov.pl\/wp-content\/themes\/niw\/images\/arrow6.png\" alt=\"arrow6.png\"><\/button><\/a>\n<\/div>\n\n<\/div>\n<\/div>\n\n\n\t\n\t\t<div class=\"news_page_news_box\">\n<div class=\"row\">\n<div class=\"col-lg-6 col-md-6 col-sm-6 news_page_news_box_left\">\n<div class=\"text\"><a href=\"https:\/\/niw.gov.pl\/en\/?post_type=post&p=19481\">Startuj\u0105 mini granty dla wolontariuszy!<\/a><\/div>\n<div class=\"news_page_news_box_left_date\"> \n<div class=\"news_page_news_box_left_date_ic\"><i class=\"far fa-calendar\"><\/i><\/div>\n<div class=\"news_page_news_box_left_date_text\">July 14, 2021  <\/div><\/div>\n\n<\/div>\n<div class=\"col-lg-6 col-md-6 col-sm-6 news_page_news_box_right\">\n<div class=\"text\"><\/div>\n\n<a href=\"https:\/\/niw.gov.pl\/en\/?post_type=post&p=19481\"><button class=\"news_page_news_box_left_btn\" type=\"button\"> <img decoding=\"async\" src=\"https:\/\/niw.gov.pl\/wp-content\/themes\/niw\/images\/arrow6.png\" alt=\"arrow6.png\"><\/button><\/a>\n<\/div>\n\n<\/div>\n<\/div>\n\n\n\t\n\t\t<div class=\"news_page_news_box\">\n<div class=\"row\">\n<div class=\"col-lg-6 col-md-6 col-sm-6 news_page_news_box_left\">\n<div class=\"text\"><a href=\"https:\/\/niw.gov.pl\/en\/?post_type=post&p=19483\">Spotkanie dyrektora NIW z organizacjami z woj. \u015bwi\u0119tokrzyskiego<\/a><\/div>\n<div class=\"news_page_news_box_left_date\"> \n<div class=\"news_page_news_box_left_date_ic\"><i class=\"far fa-calendar\"><\/i><\/div>\n<div class=\"news_page_news_box_left_date_text\">July 14, 2021  <\/div><\/div>\n\n<\/div>\n<div class=\"col-lg-6 col-md-6 col-sm-6 news_page_news_box_right\">\n<div class=\"text\"><\/div>\n\n<a href=\"https:\/\/niw.gov.pl\/en\/?post_type=post&p=19483\"><button class=\"news_page_news_box_left_btn\" type=\"button\"> <img decoding=\"async\" src=\"https:\/\/niw.gov.pl\/wp-content\/themes\/niw\/images\/arrow6.png\" alt=\"arrow6.png\"><\/button><\/a>\n<\/div>\n\n<\/div>\n<\/div>\n\n\n\t\n\t\t<div class=\"news_page_news_box\">\n<div class=\"row\">\n<div class=\"col-lg-6 col-md-6 col-sm-6 news_page_news_box_left\">\n<div class=\"text\"><a href=\"https:\/\/niw.gov.pl\/en\/?post_type=post&p=19487\">Ewaluacja ex-post Programu Fundusz Inicjatyw Obywatelskich na lata 2014-2020<\/a><\/div>\n<div class=\"news_page_news_box_left_date\"> \n<div class=\"news_page_news_box_left_date_ic\"><i class=\"far fa-calendar\"><\/i><\/div>\n<div class=\"news_page_news_box_left_date_text\">July 12, 2021  <\/div><\/div>\n\n<\/div>\n<div class=\"col-lg-6 col-md-6 col-sm-6 news_page_news_box_right\">\n<div class=\"text\"><\/div>\n\n<a href=\"https:\/\/niw.gov.pl\/en\/?post_type=post&p=19487\"><button class=\"news_page_news_box_left_btn\" type=\"button\"> <img decoding=\"async\" src=\"https:\/\/niw.gov.pl\/wp-content\/themes\/niw\/images\/arrow6.png\" alt=\"arrow6.png\"><\/button><\/a>\n<\/div>\n\n<\/div>\n<\/div>\n\n\n\t\n\t\t<div class=\"news_page_news_box\">\n<div class=\"row\">\n<div class=\"col-lg-6 col-md-6 col-sm-6 news_page_news_box_left\">\n<div class=\"text\"><a href=\"https:\/\/niw.gov.pl\/en\/?post_type=post&p=19489\">Mi\u0119dzynarodowe Domy Spotka\u0144 Edycja 2021- Og\u0142oszenie o konkursie!<\/a><\/div>\n<div class=\"news_page_news_box_left_date\"> \n<div class=\"news_page_news_box_left_date_ic\"><i class=\"far fa-calendar\"><\/i><\/div>\n<div class=\"news_page_news_box_left_date_text\">July 9, 2021  <\/div><\/div>\n\n<\/div>\n<div class=\"col-lg-6 col-md-6 col-sm-6 news_page_news_box_right\">\n<div class=\"text\"><\/div>\n\n<a href=\"https:\/\/niw.gov.pl\/en\/?post_type=post&p=19489\"><button class=\"news_page_news_box_left_btn\" type=\"button\"> <img decoding=\"async\" src=\"https:\/\/niw.gov.pl\/wp-content\/themes\/niw\/images\/arrow6.png\" alt=\"arrow6.png\"><\/button><\/a>\n<\/div>\n\n<\/div>\n<\/div>\n\n\n  <nav aria-label=\"Page navigation\">\r\n\t\t\t<h2 id=\"posts-nav-label\" class=\"sr-only\">Posts navigation <\/h2>\r\n\t\t\t<ul class=\"pagination right \"><li class=\"page-item\"><span class=\"page-link previous empty\"><i class=\"fas fa-chevron-left\"><\/i><\/span><\/li><li class=\"page-item\"><span aria-current=\"page\" class=\"page-link  current\">1<\/span><\/li><li class=\"page-item\"><a class=\"page-link\" href=\"https:\/\/niw.gov.pl\/en\/wp-json\/wp\/v2\/pages\/16396\/page\/2\/\">2<\/a><\/li><li class=\"page-item\"><span class=\"page-link dots\">&hellip;<\/span><\/li><li class=\"page-item\"><a class=\"page-link\" href=\"https:\/\/niw.gov.pl\/en\/wp-json\/wp\/v2\/pages\/16396\/page\/4\/\">4<\/a><\/li><li class=\"page-item\"><a class=\"next page-link \" href=\"https:\/\/niw.gov.pl\/en\/wp-json\/wp\/v2\/pages\/16396\/page\/2\/\"><i class=\"fas fa-arrow-right\"><\/i><\/a><\/li><\/ul>\r\n\r\n\t\t<\/nav>\n[\/vc_column][\/vc_row]<\/p>\n","protected":false},"excerpt":{"rendered":"<p>[vc_row][vc_column][\/vc_column][\/vc_row]<\/p>\n","protected":false},"author":46,"featured_media":0,"parent":0,"menu_order":11,"comment_status":"closed","ping_status":"closed","template":"page-templates\/news_niw_page.php","meta":{"_acf_changed":false,"inline_featured_image":false,"footnotes":""},"class_list":["post-16396","page","type-page","status-publish","hentry"],"acf":[],"_links":{"self":[{"href":"https:\/\/niw.gov.pl\/en\/wp-json\/wp\/v2\/pages\/16396","targetHints":{"allow":["GET"]}}],"collection":[{"href":"https:\/\/niw.gov.pl\/en\/wp-json\/wp\/v2\/pages"}],"about":[{"href":"https:\/\/niw.gov.pl\/en\/wp-json\/wp\/v2\/types\/page"}],"author":[{"embeddable":true,"href":"https:\/\/niw.gov.pl\/en\/wp-json\/wp\/v2\/users\/46"}],"replies":[{"embeddable":true,"href":"https:\/\/niw.gov.pl\/en\/wp-json\/wp\/v2\/comments?post=16396"}],"version-history":[{"count":2,"href":"https:\/\/niw.gov.pl\/en\/wp-json\/wp\/v2\/pages\/16396\/revisions"}],"predecessor-version":[{"id":18652,"href":"https:\/\/niw.gov.pl\/en\/wp-json\/wp\/v2\/pages\/16396\/revisions\/18652"}],"wp:attachment":[{"href":"https:\/\/niw.gov.pl\/en\/wp-json\/wp\/v2\/media?parent=16396"}],"curies":[{"name":"wp","href":"https:\/\/api.w.org\/{rel}","templated":true}]}}