{"id":16408,"date":"2021-04-30T10:00:37","date_gmt":"2021-04-30T08:00:37","guid":{"rendered":"http:\/\/niw.gov.pl\/baza-wiedzy\/czytelnia\/uniwersytety-ludowe\/"},"modified":"2025-07-22T12:06:18","modified_gmt":"2025-07-22T10:06:18","slug":"uniwersytety-ludowe","status":"publish","type":"page","link":"https:\/\/niw.gov.pl\/en\/knowledge-base\/reading-room\/uniwersytety-ludowe\/","title":{"rendered":"Uniwersytety Ludowe"},"content":{"rendered":"<p>[vc_row][vc_column]<div class=\"sort_options sort\">\n<div id=\"custom-search-input\">\n<div class=\"input-group search_result_search\">\n<input type=\"text\" id=\"keynews\" class=\"  search-query form-control\" placeholder=\" Enter search phrase\" \/>\n<span class=\"input-group-btn\">\n<button id=\"newsListKeyby\" class=\"btn\" type=\"button\">\n<i class=\"fas fa-search\"><\/i><\/button>\n<\/span>\n<\/div>\n<\/div>\n\n<div class=\"dropdown sort_options_all\">\n    <button id=\"newsListshowresult\" type=\"button\" class=\"sort_btn dropdown-toggle1 search_result_sort\" data-toggle=\"dropdown\">\n      Poka&#380; 25 wynik&oacute;w\n    <\/button>\n    <div class=\"dropdown-menu sort_drop\">\n          <a class=\"dropdown-item newsshow\" href=\"javascript:void(0);\" data-sort=\"25\"> Show 25 results<\/a>\n          <a class=\"dropdown-item newsshow\" href=\"javascript:void(0);\" data-sort=\"50\">Show 50 results<\/a>\n\t      <a class=\"dropdown-item newsshow\" href=\"javascript:void(0);\" data-sort=\"100\">Show 100 results<\/a>\n   <\/div>\n  <\/div>\n\n<div class=\"dropdown sort_options_all\">\n    <button id=\"newsListSortby\" type=\"button\" class=\"sort_btn dropdown-toggle1 search_result_sort\" data-toggle=\"dropdown\">\n      Sort by\n    <\/button>\n    <div class=\"dropdown-menu sort_drop\">\n  <a class=\"dropdown-item newssort\" href=\"javascript:void(0);\" data-sort=\"desc\">Latest<\/a>\n      <a class=\"dropdown-item newssort\" href=\"javascript:void(0);\" data-sort=\"asc\">The oldest<\/a>\n       <\/div>\n  <\/div>\n<\/div><div class=\"row czytelnia\"><div class=\"col-12 col-md-6 mb-5 news_sec\">\n  <div class=\"row\">\n    <div class=\"col-5\">\n      <div class=\"c-img\"><a href=\"https:\/\/niw.gov.pl\/en\/czytelnia\/system-uniwersytetow-ludowych-w-danii\/\"><img decoding=\"async\" src=\"https:\/\/niw.gov.pl\/wp-content\/uploads\/2024\/12\/Wizyta-studyjna-w-Danii-2024_okladka.jpg\" alt=\"Card image cap\"><\/a><\/div>\n    <\/div>\n    <div class=\"col-7 d-flex flex-column news_middel\">\n      <p><a href=\"https:\/\/niw.gov.pl\/en\/czytelnia\/system-uniwersytetow-ludowych-w-danii\/\">System Uniwersytet\u00f3w Ludowych w Danii. Czego dowiedzieli\u015bmy si\u0119 podczas wizyty studyjnej? Raport z wizyty studyjnej (Dania, 19-24.10.2024 r.)<\/a><\/p>\n      <p><a href=\"https:\/\/niw.gov.pl\/en\/czytelnia\/system-uniwersytetow-ludowych-w-danii\/\">Celem wizyty studyjnej by\u0142o zapoznanie pracownik\u00f3w NIW-CRSO oraz przedstawicieli organizacji pozarz\u0105dowych prowadz\u0105cych uniwersytety ludowe ) w Polsce ze specyfik\u0105 oraz metodami funkcjonowania du\u0144skich UL-i. Wizyta by\u0142a tak\u017ce okazj\u0105 do poznania sposob\u00f3w finansowania uniwersytet\u00f3w ludowych na poziomie krajowym przez du\u0144skie Ministerstwo Kultury. W efekcie powsta\u0142 raport podsumowuj\u0105cy wizyt\u0119, z uwzgl\u0119dnieniem dobrych praktyk odnosz\u0105cych si\u0119 do dzia\u0142alno\u015bci NIW-CRSO.<\/a><\/p>\n<\/div>\n<div class=\"col-12 news_bottom\">\n \n     <a href=\"https:\/\/niw.gov.pl\/en\/czytelnia\/system-uniwersytetow-ludowych-w-danii\/\"> <button class=\"news_page_news_box_left_btn mt-auto\" type=\"button\"> <img decoding=\"async\" src=\"https:\/\/niw.gov.pl\/wp-content\/themes\/niw\/images\/arrow6.png\" alt=\"arrow6.png\"><\/button><\/a>\n    <\/div>\n  <\/div>\n<\/div><div class=\"col-12 col-md-6 mb-5 news_sec\">\n  <div class=\"row\">\n    <div class=\"col-5\">\n      <div class=\"c-img\"><a href=\"https:\/\/niw.gov.pl\/en\/czytelnia\/folk-high-schools-and-active-citizenship-in-europe\/\"><img decoding=\"async\" src=\"https:\/\/niw.gov.pl\/wp-content\/uploads\/2023\/03\/FHSaACiE.png\" alt=\"Card image cap\"><\/a><\/div>\n    <\/div>\n    <div class=\"col-7 d-flex flex-column news_middel\">\n      <p><a href=\"https:\/\/niw.gov.pl\/en\/czytelnia\/folk-high-schools-and-active-citizenship-in-europe\/\">Folk High Schools and Active Citizenship in Europe<\/a><\/p>\n      <p><a href=\"https:\/\/niw.gov.pl\/en\/czytelnia\/folk-high-schools-and-active-citizenship-in-europe\/\">Oddajemy do r\u0105k Czytelnik\u00f3w wieloautorsk\u0105 publikacj\u0119 pt. \u201eUniwersytety ludowe XXI wieku. Poradnik metodyczny\u201d. Stanowi ona trzeci tom serii wydawniczej Og\u00f3lnopolskiej Sieci Uniwersytet\u00f3w Ludowych \u201eMetoda uniwersytet\u00f3w ludowych\u201d w ramach Programu Wspierania Uniwersytet\u00f3w Ludowych na lata 2020-2030. Tak wi\u0119c ksi\u0105\u017cka jest kontynuacj\u0105 w\u0105tk\u00f3w podj\u0119tych w poprzednich dw\u00f3ch nale\u017c\u0105cych do tego cyklu pozycjach...<\/a><\/p>\n<\/div>\n<div class=\"col-12 news_bottom\">\n \n     <a href=\"https:\/\/niw.gov.pl\/en\/czytelnia\/folk-high-schools-and-active-citizenship-in-europe\/\"> <button class=\"news_page_news_box_left_btn mt-auto\" type=\"button\"> <img decoding=\"async\" src=\"https:\/\/niw.gov.pl\/wp-content\/themes\/niw\/images\/arrow6.png\" alt=\"arrow6.png\"><\/button><\/a>\n    <\/div>\n  <\/div>\n<\/div><div class=\"col-12 col-md-6 mb-5 news_sec\">\n  <div class=\"row\">\n    <div class=\"col-5\">\n      <div class=\"c-img\"><a href=\"https:\/\/niw.gov.pl\/en\/czytelnia\/wspolczesne-polskie-uniwersytety-ludowe-w-perspektywie-organizacyjno-metodycznej\/\"><img decoding=\"async\" src=\"https:\/\/niw.gov.pl\/wp-content\/uploads\/2023\/01\/MUL-3.png\" alt=\"Card image cap\"><\/a><\/div>\n    <\/div>\n    <div class=\"col-7 d-flex flex-column news_middel\">\n      <p><a href=\"https:\/\/niw.gov.pl\/en\/czytelnia\/wspolczesne-polskie-uniwersytety-ludowe-w-perspektywie-organizacyjno-metodycznej\/\">Wsp\u00f3\u0142czesne Polskie Uniwersytety Ludowe w perspektywie organizacyjno-metodycznej<\/a><\/p>\n      <p><a href=\"https:\/\/niw.gov.pl\/en\/czytelnia\/wspolczesne-polskie-uniwersytety-ludowe-w-perspektywie-organizacyjno-metodycznej\/\">Oddajemy do r\u0105k Czytelnik\u00f3w kolejn\u0105 ksi\u0105\u017ck\u0119 z cyklu publikacji dotycz\u0105cych organizacyjno-metodycznych za\u0142o\u017ce\u0144 funkcjonowania uniwersytet\u00f3w\r\nludowych przygotowanych przez Federacj\u0119 Og\u00f3lnopolska Sie\u0107 Uniwersytet\u00f3w Ludowych w ramach Programu Wspierania Rozwoju Uniwersytet\u00f3w Ludowych na lata 2020-2030. Tym razem prezentujemy zagadnienia odnosz\u0105ce si\u0119 do dzisiejszej dzia\u0142alno\u015bci polskich uniwersytet\u00f3w ludowych.<\/a><\/p>\n<\/div>\n<div class=\"col-12 news_bottom\">\n \n     <a href=\"https:\/\/niw.gov.pl\/en\/czytelnia\/wspolczesne-polskie-uniwersytety-ludowe-w-perspektywie-organizacyjno-metodycznej\/\"> <button class=\"news_page_news_box_left_btn mt-auto\" type=\"button\"> <img decoding=\"async\" src=\"https:\/\/niw.gov.pl\/wp-content\/themes\/niw\/images\/arrow6.png\" alt=\"arrow6.png\"><\/button><\/a>\n    <\/div>\n  <\/div>\n<\/div><div class=\"col-12 col-md-6 mb-5 news_sec\">\n  <div class=\"row\">\n    <div class=\"col-5\">\n      <div class=\"c-img\"><a href=\"https:\/\/niw.gov.pl\/en\/czytelnia\/uniwersytety-ludowe-w-polsce-do-1989-roku-antologia-tekstow-zrodlowych\/\"><img decoding=\"async\" src=\"https:\/\/niw.gov.pl\/wp-content\/uploads\/2023\/01\/UL-18989.png\" alt=\"Card image cap\"><\/a><\/div>\n    <\/div>\n    <div class=\"col-7 d-flex flex-column news_middel\">\n      <p><a href=\"https:\/\/niw.gov.pl\/en\/czytelnia\/uniwersytety-ludowe-w-polsce-do-1989-roku-antologia-tekstow-zrodlowych\/\">Uniwersytety Ludowe w Polsce do 1989 roku. Antologia tekst\u00f3w \u017ar\u00f3d\u0142owych<\/a><\/p>\n      <p><a href=\"https:\/\/niw.gov.pl\/en\/czytelnia\/uniwersytety-ludowe-w-polsce-do-1989-roku-antologia-tekstow-zrodlowych\/\">Oddajemy do r\u0105k Czytelnik\u00f3w pierwszy tom nowej serii wydawniczej \u201eMetoda uniwersytet\u00f3w ludowych\u201d. Zosta\u0142a ona zainicjowana w ramach realizacji zadania \u201eRozw\u00f3j Og\u00f3lnopolskiej Sieci Uniwersytet\u00f3w Ludowych\u201d, kt\u00f3re uzyska\u0142o finansowanie w ramach Programu Wspierania Rozwoju Uniwersytet\u00f3w Ludowych na lata 2020-2030. Publikacja ma charakter antologii i pomy\u015blana zosta\u0142a jako wyb\u00f3r tekst\u00f3w \u017ar\u00f3d\u0142owych, dotycz\u0105cych uniwersytet\u00f3w ludowych, przygotowanych przez polskich autor\u00f3w, kt\u00f3re powstawa\u0142y na przestrzeni kolejnych dziesi\u0119cioleci od ko\u0144ca lat 60. XIX stulecia do lat 80. ubieg\u0142ego wieku.<\/a><\/p>\n<\/div>\n<div class=\"col-12 news_bottom\">\n \n     <a href=\"https:\/\/niw.gov.pl\/en\/czytelnia\/uniwersytety-ludowe-w-polsce-do-1989-roku-antologia-tekstow-zrodlowych\/\"> <button class=\"news_page_news_box_left_btn mt-auto\" type=\"button\"> <img decoding=\"async\" src=\"https:\/\/niw.gov.pl\/wp-content\/themes\/niw\/images\/arrow6.png\" alt=\"arrow6.png\"><\/button><\/a>\n    <\/div>\n  <\/div>\n<\/div><div class=\"col-12 col-md-6 mb-5 news_sec\">\n  <div class=\"row\">\n    <div class=\"col-5\">\n      <div class=\"c-img\"><a href=\"https:\/\/niw.gov.pl\/en\/czytelnia\/uniwersytet-ludowy-xxi-wieku-przewodnik-metodyczny\/\"><img decoding=\"async\" src=\"https:\/\/niw.gov.pl\/wp-content\/uploads\/2023\/01\/WPUL.png\" alt=\"Card image cap\"><\/a><\/div>\n    <\/div>\n    <div class=\"col-7 d-flex flex-column news_middel\">\n      <p><a href=\"https:\/\/niw.gov.pl\/en\/czytelnia\/uniwersytet-ludowy-xxi-wieku-przewodnik-metodyczny\/\">Uniwersytet Ludowy XXI wieku. Przewodnik metodyczny<\/a><\/p>\n      <p><a href=\"https:\/\/niw.gov.pl\/en\/czytelnia\/uniwersytet-ludowy-xxi-wieku-przewodnik-metodyczny\/\">Oddajemy do r\u0105k Czytelnik\u00f3w wieloautorsk\u0105 publikacj\u0119 pt. \u201eUniwersytety ludowe XXI wieku. Poradnik metodyczny\u201d. Stanowi ona trzeci tom serii wydawniczej Og\u00f3lnopolskiej Sieci Uniwersytet\u00f3w Ludowych \u201eMetoda uniwersytet\u00f3w ludowych\u201d w ramach Programu Wspierania Uniwersytet\u00f3w Ludowych na lata 2020-2030. Tak wi\u0119c ksi\u0105\u017cka jest kontynuacj\u0105 w\u0105tk\u00f3w podj\u0119tych w poprzednich dw\u00f3ch nale\u017c\u0105cych do tego cyklu pozycjach...<\/a><\/p>\n<\/div>\n<div class=\"col-12 news_bottom\">\n \n     <a href=\"https:\/\/niw.gov.pl\/en\/czytelnia\/uniwersytet-ludowy-xxi-wieku-przewodnik-metodyczny\/\"> <button class=\"news_page_news_box_left_btn mt-auto\" type=\"button\"> <img decoding=\"async\" src=\"https:\/\/niw.gov.pl\/wp-content\/themes\/niw\/images\/arrow6.png\" alt=\"arrow6.png\"><\/button><\/a>\n    <\/div>\n  <\/div>\n<\/div><div class=\"col-12 col-md-6 mb-5 news_sec\">\n  <div class=\"row\">\n    <div class=\"col-5\">\n      <div class=\"c-img\"><a href=\"https:\/\/niw.gov.pl\/en\/czytelnia\/uniwersytety-ludowe-wobec-wyzwan-antropocenu-jak-i-czego-uczyc-w-xxi-wieku\/\"><img decoding=\"async\" src=\"https:\/\/niw.gov.pl\/wp-content\/uploads\/2021\/04\/Uniwersytety-ludowe-wobec-wyzwan-antropocenu-Jak-i-czego-uczyc-w-XXI-wieku.png\" alt=\"Card image cap\"><\/a><\/div>\n    <\/div>\n    <div class=\"col-7 d-flex flex-column news_middel\">\n      <p><a href=\"https:\/\/niw.gov.pl\/en\/czytelnia\/uniwersytety-ludowe-wobec-wyzwan-antropocenu-jak-i-czego-uczyc-w-xxi-wieku\/\">Uniwersytety ludowe wobec wyzwa\u0144 antropocenu. Jak i czego uczy\u0107 w XXI wieku?<\/a><\/p>\n      <p><a href=\"https:\/\/niw.gov.pl\/en\/czytelnia\/uniwersytety-ludowe-wobec-wyzwan-antropocenu-jak-i-czego-uczyc-w-xxi-wieku\/\">Wielokrotnie w d\u0142ugiej historii ruchu uniwersytet\u00f3w ludowych stawiano pytanie o aktualno\u015b\u0107 jego idei: uczenia holistycznego, dialogicznego i praktycznego w silnym zwi\u0105zku z natur\u0105 i otoczeniem spo\u0142ecznym. Ta idea broni si\u0119 tak\u017ce w XXI wieku, czego dowodz\u0105 autorzy ksi\u0105\u017cki\u00a0Uniwersytety ludowe wobec wyzwa\u0144 antropocenu. Jak i czego uczy\u0107 w XXI wieku?<\/a><\/p>\n<\/div>\n<div class=\"col-12 news_bottom\">\n \n     <a href=\"https:\/\/niw.gov.pl\/en\/czytelnia\/uniwersytety-ludowe-wobec-wyzwan-antropocenu-jak-i-czego-uczyc-w-xxi-wieku\/\"> <button class=\"news_page_news_box_left_btn mt-auto\" type=\"button\"> <img decoding=\"async\" src=\"https:\/\/niw.gov.pl\/wp-content\/themes\/niw\/images\/arrow6.png\" alt=\"arrow6.png\"><\/button><\/a>\n    <\/div>\n  <\/div>\n<\/div><div class=\"col-12 col-md-6 mb-5 news_sec\">\n  <div class=\"row\">\n    <div class=\"col-5\">\n      <div class=\"c-img\"><a href=\"https:\/\/niw.gov.pl\/en\/czytelnia\/uniwersytety-ludowe-pomiedzy-starymi-a-nowymi-wyzwaniami\/\"><img decoding=\"async\" src=\"https:\/\/niw.gov.pl\/wp-content\/uploads\/2021\/04\/uniwersytety-ludowe-pomiedzy-starymi-a-nowymi-wyzwaniami-tom-v.jpg\" alt=\"Card image cap\"><\/a><\/div>\n    <\/div>\n    <div class=\"col-7 d-flex flex-column news_middel\">\n      <p><a href=\"https:\/\/niw.gov.pl\/en\/czytelnia\/uniwersytety-ludowe-pomiedzy-starymi-a-nowymi-wyzwaniami\/\">Uniwersytety ludowe. Pomi\u0119dzy starymi a nowymi wyzwaniami<\/a><\/p>\n      <p><a href=\"https:\/\/niw.gov.pl\/en\/czytelnia\/uniwersytety-ludowe-pomiedzy-starymi-a-nowymi-wyzwaniami\/\">Pierwsz\u0105 my\u015bl\u0105, jaka pojawi\u0142a si\u0119 podczas czytania recenzowanej monografii\u00a0Uniwersytety ludowe. Pomi\u0119dzy starymi a nowymi wyzwaniami\u00a0pod redakcj\u0105 naukow\u0105 Tomasza Maliszewskiego i Ma\u0142gorzaty Rosalskiej, by\u0142a my\u015bl o ci\u0105gle trwaj\u0105cym...<\/a><\/p>\n<\/div>\n<div class=\"col-12 news_bottom\">\n \n     <a href=\"https:\/\/niw.gov.pl\/en\/czytelnia\/uniwersytety-ludowe-pomiedzy-starymi-a-nowymi-wyzwaniami\/\"> <button class=\"news_page_news_box_left_btn mt-auto\" type=\"button\"> <img decoding=\"async\" src=\"https:\/\/niw.gov.pl\/wp-content\/themes\/niw\/images\/arrow6.png\" alt=\"arrow6.png\"><\/button><\/a>\n    <\/div>\n  <\/div>\n<\/div><\/div>\n  \n <div class=\"space_60\"><\/div>\n<div class=\"row\">\n\n  <div class=\"col-lg-12\">\n  \n<button class=\"red_btn history_btn1\"  onClick=\"javascript:history.go(-1)\" type=\"button\">Back<\/button>\n\n<span class=\"a2a_kit a2a_kit_size_32\" data-a2a-url=\"#\" data-a2a-title=\"Homing :: NIW\">\n<a class=\"addtoany\" href=\"#\"><button class=\"system_btn print_btn\" type=\"button\"> &nbsp; NOTIFY A FRIEND <\/button><\/a>\n\n<\/span><\/div><\/div>[\/vc_column][\/vc_row]<\/p>\n","protected":false},"excerpt":{"rendered":"<p>[vc_row][vc_column][\/vc_column][\/vc_row]<\/p>\n","protected":false},"author":46,"featured_media":0,"parent":16403,"menu_order":5,"comment_status":"closed","ping_status":"closed","template":"page-templates\/about_niw_sub_pages.php","meta":{"_acf_changed":false,"inline_featured_image":false,"footnotes":""},"class_list":["post-16408","page","type-page","status-publish","hentry"],"acf":[],"_links":{"self":[{"href":"https:\/\/niw.gov.pl\/en\/wp-json\/wp\/v2\/pages\/16408","targetHints":{"allow":["GET"]}}],"collection":[{"href":"https:\/\/niw.gov.pl\/en\/wp-json\/wp\/v2\/pages"}],"about":[{"href":"https:\/\/niw.gov.pl\/en\/wp-json\/wp\/v2\/types\/page"}],"author":[{"embeddable":true,"href":"https:\/\/niw.gov.pl\/en\/wp-json\/wp\/v2\/users\/46"}],"replies":[{"embeddable":true,"href":"https:\/\/niw.gov.pl\/en\/wp-json\/wp\/v2\/comments?post=16408"}],"version-history":[{"count":2,"href":"https:\/\/niw.gov.pl\/en\/wp-json\/wp\/v2\/pages\/16408\/revisions"}],"predecessor-version":[{"id":64407,"href":"https:\/\/niw.gov.pl\/en\/wp-json\/wp\/v2\/pages\/16408\/revisions\/64407"}],"up":[{"embeddable":true,"href":"https:\/\/niw.gov.pl\/en\/wp-json\/wp\/v2\/pages\/16403"}],"wp:attachment":[{"href":"https:\/\/niw.gov.pl\/en\/wp-json\/wp\/v2\/media?parent=16408"}],"curies":[{"name":"wp","href":"https:\/\/api.w.org\/{rel}","templated":true}]}}