{"id":16410,"date":"2021-04-30T10:10:07","date_gmt":"2021-04-30T08:10:07","guid":{"rendered":"http:\/\/niw.gov.pl\/baza-wiedzy\/czytelnia\/trzeci-sektor-w-liczbach\/"},"modified":"2025-07-22T12:06:03","modified_gmt":"2025-07-22T10:06:03","slug":"trzeci-sektor-w-liczbach","status":"publish","type":"page","link":"https:\/\/niw.gov.pl\/en\/knowledge-base\/reading-room\/trzeci-sektor-w-liczbach\/","title":{"rendered":"Trzeci sektor w liczbach"},"content":{"rendered":"<p>[vc_row][vc_column]<div class=\"sort_options sort\">\n<div id=\"custom-search-input\">\n<div class=\"input-group search_result_search\">\n<input type=\"text\" id=\"keynews\" class=\"  search-query form-control\" placeholder=\" Enter search phrase\" \/>\n<span class=\"input-group-btn\">\n<button id=\"newsListKeyby\" class=\"btn\" type=\"button\">\n<i class=\"fas fa-search\"><\/i><\/button>\n<\/span>\n<\/div>\n<\/div>\n\n<div class=\"dropdown sort_options_all\">\n    <button id=\"newsListshowresult\" type=\"button\" class=\"sort_btn dropdown-toggle1 search_result_sort\" data-toggle=\"dropdown\">\n      Poka&#380; 25 wynik&oacute;w\n    <\/button>\n    <div class=\"dropdown-menu sort_drop\">\n          <a class=\"dropdown-item newsshow\" href=\"javascript:void(0);\" data-sort=\"25\"> Show 25 results<\/a>\n          <a class=\"dropdown-item newsshow\" href=\"javascript:void(0);\" data-sort=\"50\">Show 50 results<\/a>\n\t      <a class=\"dropdown-item newsshow\" href=\"javascript:void(0);\" data-sort=\"100\">Show 100 results<\/a>\n   <\/div>\n  <\/div>\n\n<div class=\"dropdown sort_options_all\">\n    <button id=\"newsListSortby\" type=\"button\" class=\"sort_btn dropdown-toggle1 search_result_sort\" data-toggle=\"dropdown\">\n      Sort by\n    <\/button>\n    <div class=\"dropdown-menu sort_drop\">\n  <a class=\"dropdown-item newssort\" href=\"javascript:void(0);\" data-sort=\"desc\">Latest<\/a>\n      <a class=\"dropdown-item newssort\" href=\"javascript:void(0);\" data-sort=\"asc\">The oldest<\/a>\n       <\/div>\n  <\/div>\n<\/div><div class=\"row czytelnia\"><div class=\"col-12 col-md-6 mb-5 news_sec\">\n  <div class=\"row\">\n    <div class=\"col-5\">\n      <div class=\"c-img\"><a href=\"https:\/\/niw.gov.pl\/en\/czytelnia\/potencjal-organizacyjny-i-dzialania-rad-seniorow-raport-z-badania\/\"><img decoding=\"async\" src=\"https:\/\/niw.gov.pl\/wp-content\/uploads\/2025\/02\/Potencjal-organizacyjny-i-dzialania-rad-seniorow-Raport-z-badania-Okladka.jpg\" alt=\"Card image cap\"><\/a><\/div>\n    <\/div>\n    <div class=\"col-7 d-flex flex-column news_middel\">\n      <p><a href=\"https:\/\/niw.gov.pl\/en\/czytelnia\/potencjal-organizacyjny-i-dzialania-rad-seniorow-raport-z-badania\/\">Potencja\u0142 organizacyjny i dzia\u0142ania rad senior\u00f3w. Raport z badania<\/a><\/p>\n      <p><a href=\"https:\/\/niw.gov.pl\/en\/czytelnia\/potencjal-organizacyjny-i-dzialania-rad-seniorow-raport-z-badania\/\">Raport zawiera wyniki zleconego przez NIW-CRSO badania, kt\u00f3rego celem by\u0142a diagnoza potencja\u0142u i sposob\u00f3w dzia\u0142ania rad senior\u00f3w na szczeblu gminnym i powiatowym. Badaniem obj\u0119to rady dzia\u0142aj\u0105ce w Polsce w II po\u0142. 2024 roku. Dzi\u0119ki szerokiemu spektrum zagadnie\u0144 poruszonych w ramach przedsi\u0119wzi\u0119cia, jak r\u00f3wnie\u017c triangulacji metod badawczych uda\u0142o si\u0119 uzyska\u0107 wiedz\u0119 na temat reali\u00f3w funkcjonowania rad, wyzwa\u0144 przed kt\u00f3rymi na co dzie\u0144 stoj\u0105 oraz dobrych praktyk, kt\u00f3re wdra\u017caj\u0105. Wiedza ta mo\u017ce zosta\u0107 wykorzystana przez instytucje r\u00f3\u017cnego typu jako baza do opracowania systemowych narz\u0119dzi wsparcia rad senior\u00f3w i zwi\u0119kszenie ich roli w \u017cyciu spo\u0142eczno\u015bci lokalnych oraz w lokalnych \u015brodowiskach os\u00f3b starszych.<\/a><\/p>\n<\/div>\n<div class=\"col-12 news_bottom\">\n \n     <a href=\"https:\/\/niw.gov.pl\/en\/czytelnia\/potencjal-organizacyjny-i-dzialania-rad-seniorow-raport-z-badania\/\"> <button class=\"news_page_news_box_left_btn mt-auto\" type=\"button\"> <img decoding=\"async\" src=\"https:\/\/niw.gov.pl\/wp-content\/themes\/niw\/images\/arrow6.png\" alt=\"arrow6.png\"><\/button><\/a>\n    <\/div>\n  <\/div>\n<\/div><div class=\"col-12 col-md-6 mb-5 news_sec\">\n  <div class=\"row\">\n    <div class=\"col-5\">\n      <div class=\"c-img\"><a href=\"https:\/\/niw.gov.pl\/en\/czytelnia\/finansowanie-organizacji-pozarzadowych-przez-jednostki-samorzadu-terytorialnego-w-2020-i-2021-r-raport-z-badania\/\"><img decoding=\"async\" src=\"https:\/\/niw.gov.pl\/wp-content\/uploads\/2021\/11\/Finansowanie-organizacji-pozarzadowych-przez-jednostki-samorzadu-terytorialnego-w-2020-i-2021-r._okladka-1.png\" alt=\"Card image cap\"><\/a><\/div>\n    <\/div>\n    <div class=\"col-7 d-flex flex-column news_middel\">\n      <p><a href=\"https:\/\/niw.gov.pl\/en\/czytelnia\/finansowanie-organizacji-pozarzadowych-przez-jednostki-samorzadu-terytorialnego-w-2020-i-2021-r-raport-z-badania\/\">Finansowanie organizacji pozarz\u0105dowych przez jednostki samorz\u0105du terytorialnego w 2020 i 2021 r.  Raport z badania<\/a><\/p>\n      <p><a href=\"https:\/\/niw.gov.pl\/en\/czytelnia\/finansowanie-organizacji-pozarzadowych-przez-jednostki-samorzadu-terytorialnego-w-2020-i-2021-r-raport-z-badania\/\">Organizacje pozarz\u0105dowe wskazuj\u0105 administracj\u0119 samorz\u0105dow\u0105 jako g\u0142\u00f3wnego partnera swych dzia\u0142a\u0144. Raport ma na celu przedstawienie zmian skali finansowania organizacji pozarz\u0105dowych przez jednostki samorz\u0105du terytorialnego w 2020 i 2021 r. Badania obj\u0119\u0142o wszystkie JST w Polsce i polega\u0142o na por\u00f3wnaniu  \u015brodk\u00f3w finansowych zaplanowanych w programach wsp\u00f3\u0142pracy jednostek samorz\u0105du terytorialnego z organizacjami pozarz\u0105dowymi i  innymi podmiotami mog\u0105cymi prowadzi\u0107 dzia\u0142alno\u015b\u0107 po\u017cytku publicznego w sferze realizacji zada\u0144 publicznych obowi\u0105zuj\u0105cych w 2020 r. i 2021 r. <\/a><\/p>\n<\/div>\n<div class=\"col-12 news_bottom\">\n \n     <a href=\"https:\/\/niw.gov.pl\/en\/czytelnia\/finansowanie-organizacji-pozarzadowych-przez-jednostki-samorzadu-terytorialnego-w-2020-i-2021-r-raport-z-badania\/\"> <button class=\"news_page_news_box_left_btn mt-auto\" type=\"button\"> <img decoding=\"async\" src=\"https:\/\/niw.gov.pl\/wp-content\/themes\/niw\/images\/arrow6.png\" alt=\"arrow6.png\"><\/button><\/a>\n    <\/div>\n  <\/div>\n<\/div><\/div>\n  \n <div class=\"space_60\"><\/div>\n<div class=\"row\">\n\n  <div class=\"col-lg-12\">\n  \n<button class=\"red_btn history_btn1\"  onClick=\"javascript:history.go(-1)\" type=\"button\">Back<\/button>\n\n<span class=\"a2a_kit a2a_kit_size_32\" data-a2a-url=\"#\" data-a2a-title=\"Homing :: NIW\">\n<a class=\"addtoany\" href=\"#\"><button class=\"system_btn print_btn\" type=\"button\"> &nbsp; NOTIFY A FRIEND <\/button><\/a>\n\n<\/span><\/div><\/div>[\/vc_column][\/vc_row]<\/p>\n","protected":false},"excerpt":{"rendered":"<p>[vc_row][vc_column][\/vc_column][\/vc_row]<\/p>\n","protected":false},"author":46,"featured_media":0,"parent":16403,"menu_order":4,"comment_status":"closed","ping_status":"closed","template":"page-templates\/about_niw_sub_pages.php","meta":{"_acf_changed":false,"inline_featured_image":false,"footnotes":""},"class_list":["post-16410","page","type-page","status-publish","hentry"],"acf":[],"_links":{"self":[{"href":"https:\/\/niw.gov.pl\/en\/wp-json\/wp\/v2\/pages\/16410","targetHints":{"allow":["GET"]}}],"collection":[{"href":"https:\/\/niw.gov.pl\/en\/wp-json\/wp\/v2\/pages"}],"about":[{"href":"https:\/\/niw.gov.pl\/en\/wp-json\/wp\/v2\/types\/page"}],"author":[{"embeddable":true,"href":"https:\/\/niw.gov.pl\/en\/wp-json\/wp\/v2\/users\/46"}],"replies":[{"embeddable":true,"href":"https:\/\/niw.gov.pl\/en\/wp-json\/wp\/v2\/comments?post=16410"}],"version-history":[{"count":2,"href":"https:\/\/niw.gov.pl\/en\/wp-json\/wp\/v2\/pages\/16410\/revisions"}],"predecessor-version":[{"id":64405,"href":"https:\/\/niw.gov.pl\/en\/wp-json\/wp\/v2\/pages\/16410\/revisions\/64405"}],"up":[{"embeddable":true,"href":"https:\/\/niw.gov.pl\/en\/wp-json\/wp\/v2\/pages\/16403"}],"wp:attachment":[{"href":"https:\/\/niw.gov.pl\/en\/wp-json\/wp\/v2\/media?parent=16410"}],"curies":[{"name":"wp","href":"https:\/\/api.w.org\/{rel}","templated":true}]}}