{"id":16412,"date":"2021-04-30T14:06:30","date_gmt":"2021-04-30T14:06:30","guid":{"rendered":"http:\/\/niw.gov.pl\/baza-wiedzy\/czytelnia\/spoleczenstwo-obywatelskie\/"},"modified":"2025-07-22T12:05:04","modified_gmt":"2025-07-22T10:05:04","slug":"spoleczenstwo-obywatelskie","status":"publish","type":"page","link":"https:\/\/niw.gov.pl\/en\/knowledge-base\/reading-room\/spoleczenstwo-obywatelskie\/","title":{"rendered":"Spo\u0142ecze\u0144stwo obywatelskie"},"content":{"rendered":"<p>[vc_row][vc_column]<div class=\"sort_options sort\">\n<div id=\"custom-search-input\">\n<div class=\"input-group search_result_search\">\n<input type=\"text\" id=\"keynews\" class=\"  search-query form-control\" placeholder=\" Enter search phrase\" \/>\n<span class=\"input-group-btn\">\n<button id=\"newsListKeyby\" class=\"btn\" type=\"button\">\n<i class=\"fas fa-search\"><\/i><\/button>\n<\/span>\n<\/div>\n<\/div>\n\n<div class=\"dropdown sort_options_all\">\n    <button id=\"newsListshowresult\" type=\"button\" class=\"sort_btn dropdown-toggle1 search_result_sort\" data-toggle=\"dropdown\">\n      Poka&#380; 25 wynik&oacute;w\n    <\/button>\n    <div class=\"dropdown-menu sort_drop\">\n          <a class=\"dropdown-item newsshow\" href=\"javascript:void(0);\" data-sort=\"25\"> Show 25 results<\/a>\n          <a class=\"dropdown-item newsshow\" href=\"javascript:void(0);\" data-sort=\"50\">Show 50 results<\/a>\n\t      <a class=\"dropdown-item newsshow\" href=\"javascript:void(0);\" data-sort=\"100\">Show 100 results<\/a>\n   <\/div>\n  <\/div>\n\n<div class=\"dropdown sort_options_all\">\n    <button id=\"newsListSortby\" type=\"button\" class=\"sort_btn dropdown-toggle1 search_result_sort\" data-toggle=\"dropdown\">\n      Sort by\n    <\/button>\n    <div class=\"dropdown-menu sort_drop\">\n  <a class=\"dropdown-item newssort\" href=\"javascript:void(0);\" data-sort=\"desc\">Latest<\/a>\n      <a class=\"dropdown-item newssort\" href=\"javascript:void(0);\" data-sort=\"asc\">The oldest<\/a>\n       <\/div>\n  <\/div>\n<\/div><div class=\"row czytelnia\"><div class=\"col-12 col-md-6 mb-5 news_sec\">\n  <div class=\"row\">\n    <div class=\"col-5\">\n      <div class=\"c-img\"><a href=\"https:\/\/niw.gov.pl\/en\/czytelnia\/funkcjonowanie-rad-rodzicow-w-systemie-oswiaty\/\"><img decoding=\"async\" src=\"https:\/\/niw.gov.pl\/wp-content\/uploads\/2024\/12\/Funkcjonowanie_rad_rodzicow-okladka.jpg\" alt=\"Card image cap\"><\/a><\/div>\n    <\/div>\n    <div class=\"col-7 d-flex flex-column news_middel\">\n      <p><a href=\"https:\/\/niw.gov.pl\/en\/czytelnia\/funkcjonowanie-rad-rodzicow-w-systemie-oswiaty\/\">Funkcjonowanie rad rodzic\u00f3w w systemie o\u015bwiaty<\/a><\/p>\n      <p><a href=\"https:\/\/niw.gov.pl\/en\/czytelnia\/funkcjonowanie-rad-rodzicow-w-systemie-oswiaty\/\">Publikacja uzupe\u0142nia swoist\u0105 luk\u0119 w wiedzy nt. prawnych aspekt\u00f3w dzia\u0142alno\u015bci rad rodzic\u00f3w. Instytucje te odgrywaj\u0105 niezmiennie istotn\u0105 rol\u0119 w systemie o\u015bwiaty \u2013 funkcjonuj\u0105 w wi\u0119kszo\u015bci szk\u00f3\u0142 publicznych, stanowi\u0105c oficjaln\u0105 reprezentacj\u0119 rodzic\u00f3w uczni\u00f3w lub wychowank\u00f3w jednostki o\u015bwiatowej. <\/a><\/p>\n<\/div>\n<div class=\"col-12 news_bottom\">\n \n     <a href=\"https:\/\/niw.gov.pl\/en\/czytelnia\/funkcjonowanie-rad-rodzicow-w-systemie-oswiaty\/\"> <button class=\"news_page_news_box_left_btn mt-auto\" type=\"button\"> <img decoding=\"async\" src=\"https:\/\/niw.gov.pl\/wp-content\/themes\/niw\/images\/arrow6.png\" alt=\"arrow6.png\"><\/button><\/a>\n    <\/div>\n  <\/div>\n<\/div><div class=\"col-12 col-md-6 mb-5 news_sec\">\n  <div class=\"row\">\n    <div class=\"col-5\">\n      <div class=\"c-img\"><a href=\"https:\/\/niw.gov.pl\/en\/czytelnia\/od-formalizmu-do-aktywizmu-skutki-spoleczne-komercjalizacji-i-governmentalizacji-sektora-pozarzadowego-w-polsce-na-przykladzie-warszawy-i-wroclawia\/\"><img decoding=\"async\" src=\"https:\/\/niw.gov.pl\/wp-content\/uploads\/2024\/12\/Od_formalizmu_do_aktywizmu-okladka.jpg\" alt=\"Card image cap\"><\/a><\/div>\n    <\/div>\n    <div class=\"col-7 d-flex flex-column news_middel\">\n      <p><a href=\"https:\/\/niw.gov.pl\/en\/czytelnia\/od-formalizmu-do-aktywizmu-skutki-spoleczne-komercjalizacji-i-governmentalizacji-sektora-pozarzadowego-w-polsce-na-przykladzie-warszawy-i-wroclawia\/\">Od formalizmu do aktywizmu? Skutki spo\u0142eczne komercjalizacji i governmentalizacji sektora pozarz\u0105dowego w Polsce (na przyk\u0142adzie Warszawy i Wroc\u0142awia)<\/a><\/p>\n      <p><a href=\"https:\/\/niw.gov.pl\/en\/czytelnia\/od-formalizmu-do-aktywizmu-skutki-spoleczne-komercjalizacji-i-governmentalizacji-sektora-pozarzadowego-w-polsce-na-przykladzie-warszawy-i-wroclawia\/\">W ksi\u0105\u017cce zaprezentowano wyniki kilkuletnich bada\u0144 ukierunkowanych na ustalenie przyczyn odchodzenia pracownik\u00f3w z organizacji pozarz\u0105dowych. W szczeg\u00f3lno\u015bci tych, kt\u00f3rzy po opuszczeniu organizacji nadal realizuj\u0105 dzia\u0142ania spo\u0142eczne (w ramach nieformalnych, oddolnych inicjatyw). Publikacja zach\u0119ca tym samym do refleksji nad niezwyk\u0142\u0105 elastyczno\u015bci\u0105 rozwi\u0105za\u0144 zarz\u0105dczych i finansowych, jakie mog\u0105 wdra\u017cane w trzecim sektorze oraz krucho\u015bci jego etosu.<\/a><\/p>\n<\/div>\n<div class=\"col-12 news_bottom\">\n \n     <a href=\"https:\/\/niw.gov.pl\/en\/czytelnia\/od-formalizmu-do-aktywizmu-skutki-spoleczne-komercjalizacji-i-governmentalizacji-sektora-pozarzadowego-w-polsce-na-przykladzie-warszawy-i-wroclawia\/\"> <button class=\"news_page_news_box_left_btn mt-auto\" type=\"button\"> <img decoding=\"async\" src=\"https:\/\/niw.gov.pl\/wp-content\/themes\/niw\/images\/arrow6.png\" alt=\"arrow6.png\"><\/button><\/a>\n    <\/div>\n  <\/div>\n<\/div><div class=\"col-12 col-md-6 mb-5 news_sec\">\n  <div class=\"row\">\n    <div class=\"col-5\">\n      <div class=\"c-img\"><a href=\"https:\/\/niw.gov.pl\/en\/czytelnia\/rady-seniorow-obraz-typologia-perspektywy\/\"><img decoding=\"async\" src=\"https:\/\/niw.gov.pl\/wp-content\/uploads\/2024\/12\/Rady_seniorow-okladka.jpg\" alt=\"Card image cap\"><\/a><\/div>\n    <\/div>\n    <div class=\"col-7 d-flex flex-column news_middel\">\n      <p><a href=\"https:\/\/niw.gov.pl\/en\/czytelnia\/rady-seniorow-obraz-typologia-perspektywy\/\">Rady senior\u00f3w. Obraz, typologia, perspektywy<\/a><\/p>\n      <p><a href=\"https:\/\/niw.gov.pl\/en\/czytelnia\/rady-seniorow-obraz-typologia-perspektywy\/\">Rady senior\u00f3w stanowi\u0105 jedn\u0105 z instytucjonalnych form partycypacji obywatelskiej, kt\u00f3ra odgrywa coraz wi\u0119ksz\u0105 rol\u0119 w procesach demokratyzacji i anga\u017cowania obywateli w kszta\u0142towanie polityk publicznych. Monografia zawiera naukowy i niezwykle analityczny ogl\u0105d procesu tworzenia i funkcjonowania rad, przez co z powodzeniem mo\u017ce by\u0107 wykorzystywana jako swoiste vademecum wiedzy dla dzia\u0142aczy spo\u0142ecznych, samorz\u0105dowych oraz aktywnych obywatelsko senior\u00f3w<\/a><\/p>\n<\/div>\n<div class=\"col-12 news_bottom\">\n \n     <a href=\"https:\/\/niw.gov.pl\/en\/czytelnia\/rady-seniorow-obraz-typologia-perspektywy\/\"> <button class=\"news_page_news_box_left_btn mt-auto\" type=\"button\"> <img decoding=\"async\" src=\"https:\/\/niw.gov.pl\/wp-content\/themes\/niw\/images\/arrow6.png\" alt=\"arrow6.png\"><\/button><\/a>\n    <\/div>\n  <\/div>\n<\/div><div class=\"col-12 col-md-6 mb-5 news_sec\">\n  <div class=\"row\">\n    <div class=\"col-5\">\n      <div class=\"c-img\"><a href=\"https:\/\/niw.gov.pl\/en\/czytelnia\/ruch-spoleczny-iii-rp\/\"><img decoding=\"async\" src=\"https:\/\/niw.gov.pl\/wp-content\/uploads\/2024\/11\/Ruch-spoleczny-III-RP-broszura.jpg\" alt=\"Card image cap\"><\/a><\/div>\n    <\/div>\n    <div class=\"col-7 d-flex flex-column news_middel\">\n      <p><a href=\"https:\/\/niw.gov.pl\/en\/czytelnia\/ruch-spoleczny-iii-rp\/\">Ruch Spo\u0142eczny III RP<\/a><\/p>\n      <p><a href=\"https:\/\/niw.gov.pl\/en\/czytelnia\/ruch-spoleczny-iii-rp\/\">35 lat demokracji w Polsce to niezwyk\u0142a okazja, \u017ceby przyjrze\u0107 si\u0119 procesowi budowy i sytuacji spo\u0142ecze\u0144stwa obywatelskiego. Przygotowana wsp\u00f3lnie z O\u015brodkiem KARTA broszura ma by\u0107 przyczynkiem do dyskusji o najnowszej historii sektora i pr\u00f3b\u0105 naszkicowania kluczowych wydarze\u0144 dla jego rozwoju.<\/a><\/p>\n<\/div>\n<div class=\"col-12 news_bottom\">\n \n     <a href=\"https:\/\/niw.gov.pl\/en\/czytelnia\/ruch-spoleczny-iii-rp\/\"> <button class=\"news_page_news_box_left_btn mt-auto\" type=\"button\"> <img decoding=\"async\" src=\"https:\/\/niw.gov.pl\/wp-content\/themes\/niw\/images\/arrow6.png\" alt=\"arrow6.png\"><\/button><\/a>\n    <\/div>\n  <\/div>\n<\/div><div class=\"col-12 col-md-6 mb-5 news_sec\">\n  <div class=\"row\">\n    <div class=\"col-5\">\n      <div class=\"c-img\"><a href=\"https:\/\/niw.gov.pl\/en\/czytelnia\/dzialalnosc-filantropijna-w-polsce-zagadnienia-administracyjnoprawne\/\"><img decoding=\"async\" src=\"https:\/\/niw.gov.pl\/wp-content\/uploads\/2024\/09\/Dzialalnosc_filantropijna.jpg\" alt=\"Card image cap\"><\/a><\/div>\n    <\/div>\n    <div class=\"col-7 d-flex flex-column news_middel\">\n      <p><a href=\"https:\/\/niw.gov.pl\/en\/czytelnia\/dzialalnosc-filantropijna-w-polsce-zagadnienia-administracyjnoprawne\/\">Dzia\u0142alno\u015b\u0107 filantropijna w Polsce \u2013 zagadnienia administracyjnoprawne<\/a><\/p>\n      <p><a href=\"https:\/\/niw.gov.pl\/en\/czytelnia\/dzialalnosc-filantropijna-w-polsce-zagadnienia-administracyjnoprawne\/\">W niniejszej publikacji dokonano analizy prawnopor\u00f3wnawczej polskich regulacji prawnych dotycz\u0105cych zbi\u00f3rek publicznych, statusu prawnego organizacji po\u017cytku publicznego, a w szczeg\u00f3lno\u015bci mechanizmu przekazywania 1% podatku dochodowego od os\u00f3b fizycznych na rzecz tych organizacji jako dzia\u0142alno\u015bci wspieraj\u0105cej rozw\u00f3j filantropii, loterii fantowych, z kt\u00f3rych doch\u00f3d przekazywany jest na cele dobroczynne, oraz crowdfundingu donacyjnego.<\/a><\/p>\n<\/div>\n<div class=\"col-12 news_bottom\">\n \n     <a href=\"https:\/\/niw.gov.pl\/en\/czytelnia\/dzialalnosc-filantropijna-w-polsce-zagadnienia-administracyjnoprawne\/\"> <button class=\"news_page_news_box_left_btn mt-auto\" type=\"button\"> <img decoding=\"async\" src=\"https:\/\/niw.gov.pl\/wp-content\/themes\/niw\/images\/arrow6.png\" alt=\"arrow6.png\"><\/button><\/a>\n    <\/div>\n  <\/div>\n<\/div><div class=\"col-12 col-md-6 mb-5 news_sec\">\n  <div class=\"row\">\n    <div class=\"col-5\">\n      <div class=\"c-img\"><a href=\"https:\/\/niw.gov.pl\/en\/czytelnia\/badanie-kompetencji-przywodczych-w-organizacjach-pozarzadowych\/\"><img decoding=\"async\" src=\"https:\/\/niw.gov.pl\/wp-content\/uploads\/2024\/09\/Badanie_kompetencji_przywodczych.jpg\" alt=\"Card image cap\"><\/a><\/div>\n    <\/div>\n    <div class=\"col-7 d-flex flex-column news_middel\">\n      <p><a href=\"https:\/\/niw.gov.pl\/en\/czytelnia\/badanie-kompetencji-przywodczych-w-organizacjach-pozarzadowych\/\">Badanie kompetencji przyw\u00f3dczych w organizacjach pozarz\u0105dowych<\/a><\/p>\n      <p><a href=\"https:\/\/niw.gov.pl\/en\/czytelnia\/badanie-kompetencji-przywodczych-w-organizacjach-pozarzadowych\/\">Organizacjom pozarz\u0105dowym zwykle kto\u015b przewodzi. Przyw\u00f3dztwo to plasuje si\u0119 mi\u0119dzy przyw\u00f3dztwem politycznym a biznesowym, gdy\u017c same organizacje pozarz\u0105dowe umiejscawiane s\u0105  w tr\u00f3jsektorowej gospodarce (tr\u00f3jsektorowym spo\u0142ecze\u0144stwie) mi\u0119dzy sektorem publicznym a prywatnym (przedsi\u0119biorstwami). Jedno z najwa\u017cniejszych zagadnie\u0144 zwi\u0105zanych z przyw\u00f3dztwem stanowi\u0105 kompetencje liderskie, od kt\u00f3rych zale\u017cy efektywno\u015b\u0107 przewodzenia innymi, kierowania mniejszymi i wi\u0119kszymi zespo\u0142ami ludzkimi, osi\u0105gania za\u0142o\u017conych cel\u00f3w podejmowanej dzia\u0142alno\u015bci, decydowania o sprawach maj\u0105cych znaczenie dla du\u017cych grup spo\u0142ecznych.<\/a><\/p>\n<\/div>\n<div class=\"col-12 news_bottom\">\n \n     <a href=\"https:\/\/niw.gov.pl\/en\/czytelnia\/badanie-kompetencji-przywodczych-w-organizacjach-pozarzadowych\/\"> <button class=\"news_page_news_box_left_btn mt-auto\" type=\"button\"> <img decoding=\"async\" src=\"https:\/\/niw.gov.pl\/wp-content\/themes\/niw\/images\/arrow6.png\" alt=\"arrow6.png\"><\/button><\/a>\n    <\/div>\n  <\/div>\n<\/div><div class=\"col-12 col-md-6 mb-5 news_sec\">\n  <div class=\"row\">\n    <div class=\"col-5\">\n      <div class=\"c-img\"><a href=\"https:\/\/niw.gov.pl\/en\/czytelnia\/zasady-funkcjonowania-organizacji-strazniczych-w-polsce\/\"><img decoding=\"async\" src=\"https:\/\/niw.gov.pl\/wp-content\/uploads\/2024\/09\/Zasady_funkcjonowania_organizacji_strazniczych-2.jpg\" alt=\"Card image cap\"><\/a><\/div>\n    <\/div>\n    <div class=\"col-7 d-flex flex-column news_middel\">\n      <p><a href=\"https:\/\/niw.gov.pl\/en\/czytelnia\/zasady-funkcjonowania-organizacji-strazniczych-w-polsce\/\">Zasady funkcjonowania organizacji stra\u017cniczych w Polsce<\/a><\/p>\n      <p><a href=\"https:\/\/niw.gov.pl\/en\/czytelnia\/zasady-funkcjonowania-organizacji-strazniczych-w-polsce\/\">Ustr\u00f3j demokratyczny pozwala obywatelowi sprawowa\u0107 kontrol\u0119 nad instytucjami w\u0142adzy i administracji publicznej w spos\u00f3b zorganizowany oddolnie. W ten spos\u00f3b organizacje stra\u017cnicze (watchdogi) zajmuj\u0105 okre\u015blone miejsce na mapie instytucji spo\u0142ecze\u0144stwa demokratycznego. Skuteczna organizacja stra\u017cnicza jest niezale\u017cna, rozliczalna i rzetelna w oczach obywateli. W niniejszej publikacji podj\u0119to pr\u00f3b\u0119 uchwycenia, w jakim zakresie wsp\u00f3\u0142czesne organizacje stra\u017cnicze w Polsce stosuj\u0105 wymienione zasady w praktyce i czy spos\u00f3b ich respektowania jest komunikowany obywatelom, w kt\u00f3rych interesie dzia\u0142aj\u0105.<\/a><\/p>\n<\/div>\n<div class=\"col-12 news_bottom\">\n \n     <a href=\"https:\/\/niw.gov.pl\/en\/czytelnia\/zasady-funkcjonowania-organizacji-strazniczych-w-polsce\/\"> <button class=\"news_page_news_box_left_btn mt-auto\" type=\"button\"> <img decoding=\"async\" src=\"https:\/\/niw.gov.pl\/wp-content\/themes\/niw\/images\/arrow6.png\" alt=\"arrow6.png\"><\/button><\/a>\n    <\/div>\n  <\/div>\n<\/div><div class=\"col-12 col-md-6 mb-5 news_sec\">\n  <div class=\"row\">\n    <div class=\"col-5\">\n      <div class=\"c-img\"><a href=\"https:\/\/niw.gov.pl\/en\/czytelnia\/15-lat-programu-fio\/\"><img decoding=\"async\" src=\"https:\/\/niw.gov.pl\/wp-content\/uploads\/2021\/11\/15-lat-Programu-FIO.png\" alt=\"Card image cap\"><\/a><\/div>\n    <\/div>\n    <div class=\"col-7 d-flex flex-column news_middel\">\n      <p><a href=\"https:\/\/niw.gov.pl\/en\/czytelnia\/15-lat-programu-fio\/\">15 lat Programu FIO<\/a><\/p>\n      <p><a href=\"https:\/\/niw.gov.pl\/en\/czytelnia\/15-lat-programu-fio\/\">W ramach podsumowania 15 lat realizacji Programu FIO w Pa\u0144stwa r\u0119ce oddajemy publikacj\u0119, w kt\u00f3rej przedstawione zosta\u0142y przyk\u0142ady inicjatyw dofinansowanych na przestrzeni lat z jego \u015brodk\u00f3w. Tematyka projekt\u00f3w prezentowanych w niniejszej publikacji obejmuje szeroki zakres obszar\u00f3w dzia\u0142alno\u015bci po\u017cytku publicznego, mo\u017ce stanowi\u0107 dobry przyk\u0142ad i zach\u0119t\u0119 do dzia\u0142ania dla wszystkich zainteresowanych. <\/a><\/p>\n<\/div>\n<div class=\"col-12 news_bottom\">\n \n     <a href=\"https:\/\/niw.gov.pl\/en\/czytelnia\/15-lat-programu-fio\/\"> <button class=\"news_page_news_box_left_btn mt-auto\" type=\"button\"> <img decoding=\"async\" src=\"https:\/\/niw.gov.pl\/wp-content\/themes\/niw\/images\/arrow6.png\" alt=\"arrow6.png\"><\/button><\/a>\n    <\/div>\n  <\/div>\n<\/div><\/div>\n  \n <div class=\"space_60\"><\/div>\n<div class=\"row\">\n\n  <div class=\"col-lg-12\">\n  \n<button class=\"red_btn history_btn1\"  onClick=\"javascript:history.go(-1)\" type=\"button\">Back<\/button>\n\n<span class=\"a2a_kit a2a_kit_size_32\" data-a2a-url=\"#\" data-a2a-title=\"Homing :: NIW\">\n<a class=\"addtoany\" href=\"#\"><button class=\"system_btn print_btn\" type=\"button\"> &nbsp; NOTIFY A FRIEND <\/button><\/a>\n\n<\/span><\/div><\/div>[\/vc_column][\/vc_row]<\/p>\n","protected":false},"excerpt":{"rendered":"<p>[vc_row][vc_column][\/vc_column][\/vc_row]<\/p>\n","protected":false},"author":46,"featured_media":0,"parent":16403,"menu_order":1,"comment_status":"closed","ping_status":"closed","template":"page-templates\/about_niw_sub_pages.php","meta":{"_acf_changed":false,"inline_featured_image":false,"footnotes":""},"class_list":["post-16412","page","type-page","status-publish","hentry"],"acf":[],"_links":{"self":[{"href":"https:\/\/niw.gov.pl\/en\/wp-json\/wp\/v2\/pages\/16412","targetHints":{"allow":["GET"]}}],"collection":[{"href":"https:\/\/niw.gov.pl\/en\/wp-json\/wp\/v2\/pages"}],"about":[{"href":"https:\/\/niw.gov.pl\/en\/wp-json\/wp\/v2\/types\/page"}],"author":[{"embeddable":true,"href":"https:\/\/niw.gov.pl\/en\/wp-json\/wp\/v2\/users\/46"}],"replies":[{"embeddable":true,"href":"https:\/\/niw.gov.pl\/en\/wp-json\/wp\/v2\/comments?post=16412"}],"version-history":[{"count":2,"href":"https:\/\/niw.gov.pl\/en\/wp-json\/wp\/v2\/pages\/16412\/revisions"}],"predecessor-version":[{"id":64409,"href":"https:\/\/niw.gov.pl\/en\/wp-json\/wp\/v2\/pages\/16412\/revisions\/64409"}],"up":[{"embeddable":true,"href":"https:\/\/niw.gov.pl\/en\/wp-json\/wp\/v2\/pages\/16403"}],"wp:attachment":[{"href":"https:\/\/niw.gov.pl\/en\/wp-json\/wp\/v2\/media?parent=16412"}],"curies":[{"name":"wp","href":"https:\/\/api.w.org\/{rel}","templated":true}]}}