{"id":16416,"date":"2021-04-30T10:30:41","date_gmt":"2021-04-30T10:30:41","guid":{"rendered":"http:\/\/niw.gov.pl\/baza-wiedzy\/czytelnia\/poradniki-dla-ngo\/"},"modified":"2021-05-18T14:15:38","modified_gmt":"2021-05-18T14:15:38","slug":"poradniki-dla-ngo","status":"publish","type":"page","link":"https:\/\/niw.gov.pl\/en\/knowledge-base\/reading-room\/poradniki-dla-ngo\/","title":{"rendered":"Poradniki dla NGO"},"content":{"rendered":"<p>[vc_row][vc_column]<div class=\"sort_options sort\">\n<div id=\"custom-search-input\">\n<div class=\"input-group search_result_search\">\n<input type=\"text\" id=\"keynews\" class=\"  search-query form-control\" placeholder=\" Enter search phrase\" \/>\n<span class=\"input-group-btn\">\n<button id=\"newsListKeyby\" class=\"btn\" type=\"button\">\n<i class=\"fas fa-search\"><\/i><\/button>\n<\/span>\n<\/div>\n<\/div>\n\n<div class=\"dropdown sort_options_all\">\n    <button id=\"newsListshowresult\" type=\"button\" class=\"sort_btn dropdown-toggle1 search_result_sort\" data-toggle=\"dropdown\">\n      Poka&#380; 25 wynik&oacute;w\n    <\/button>\n    <div class=\"dropdown-menu sort_drop\">\n          <a class=\"dropdown-item newsshow\" href=\"javascript:void(0);\" data-sort=\"25\"> Show 25 results<\/a>\n          <a class=\"dropdown-item newsshow\" href=\"javascript:void(0);\" data-sort=\"50\">Show 50 results<\/a>\n\t      <a class=\"dropdown-item newsshow\" href=\"javascript:void(0);\" data-sort=\"100\">Show 100 results<\/a>\n   <\/div>\n  <\/div>\n\n<div class=\"dropdown sort_options_all\">\n    <button id=\"newsListSortby\" type=\"button\" class=\"sort_btn dropdown-toggle1 search_result_sort\" data-toggle=\"dropdown\">\n      Sort by\n    <\/button>\n    <div class=\"dropdown-menu sort_drop\">\n  <a class=\"dropdown-item newssort\" href=\"javascript:void(0);\" data-sort=\"desc\">Latest<\/a>\n      <a class=\"dropdown-item newssort\" href=\"javascript:void(0);\" data-sort=\"asc\">The oldest<\/a>\n       <\/div>\n  <\/div>\n<\/div><div class=\"row czytelnia\"><div class=\"col-12 col-md-6 mb-5 news_sec\">\n  <div class=\"row\">\n    <div class=\"col-5\">\n      <div class=\"c-img\"><a href=\"https:\/\/niw.gov.pl\/en\/czytelnia\/zamowienia-publiczne-ngo-partnerem-sektora-publicznego\/\"><img decoding=\"async\" src=\"https:\/\/niw.gov.pl\/wp-content\/uploads\/2026\/04\/Zamowienia-publiczne-NGO-partnerem-sektora-publicznego-okladka.jpg\" alt=\"Card image cap\"><\/a><\/div>\n    <\/div>\n    <div class=\"col-7 d-flex flex-column news_middel\">\n      <p><a href=\"https:\/\/niw.gov.pl\/en\/czytelnia\/zamowienia-publiczne-ngo-partnerem-sektora-publicznego\/\">Zam\u00f3wienia publiczne: NGO partnerem sektora publicznego<\/a><\/p>\n      <p><a href=\"https:\/\/niw.gov.pl\/en\/czytelnia\/zamowienia-publiczne-ngo-partnerem-sektora-publicznego\/\">Publikacja zosta\u0142a przygotowana z my\u015bl\u0105 o samorz\u0105dach, instytucjach publicznych, a tak\u017ce samych organizacjach pozarz\u0105dowych i innych podmiotach korzystaj\u0105cych z przepis\u00f3w Prawo zam\u00f3wie\u0144 publicznych.<\/a><\/p>\n<\/div>\n<div class=\"col-12 news_bottom\">\n \n     <a href=\"https:\/\/niw.gov.pl\/en\/czytelnia\/zamowienia-publiczne-ngo-partnerem-sektora-publicznego\/\"> <button class=\"news_page_news_box_left_btn mt-auto\" type=\"button\"> <img decoding=\"async\" src=\"https:\/\/niw.gov.pl\/wp-content\/themes\/niw\/images\/arrow6.png\" alt=\"arrow6.png\"><\/button><\/a>\n    <\/div>\n  <\/div>\n<\/div><div class=\"col-12 col-md-6 mb-5 news_sec\">\n  <div class=\"row\">\n    <div class=\"col-5\">\n      <div class=\"c-img\"><a href=\"https:\/\/niw.gov.pl\/en\/czytelnia\/dziecko-w-organizacji-pozarzadowej-standardy-ochrony-maloletnich\/\"><img decoding=\"async\" src=\"https:\/\/niw.gov.pl\/wp-content\/uploads\/2024\/08\/okladka.png\" alt=\"Card image cap\"><\/a><\/div>\n    <\/div>\n    <div class=\"col-7 d-flex flex-column news_middel\">\n      <p><a href=\"https:\/\/niw.gov.pl\/en\/czytelnia\/dziecko-w-organizacji-pozarzadowej-standardy-ochrony-maloletnich\/\">Dzieci i m\u0142odzie\u017c w organizacji pozarz\u0105dowej. Standardy ochrony ma\u0142oletnich<\/a><\/p>\n      <p><a href=\"https:\/\/niw.gov.pl\/en\/czytelnia\/dziecko-w-organizacji-pozarzadowej-standardy-ochrony-maloletnich\/\">Celem publikacji jest wsparcie organizacji pozarz\u0105dowych we wdro\u017ceniu obowi\u0105zk\u00f3w na\u0142o\u017conych na nie ustaw\u0105 o przeciwdzia\u0142aniu zagro\u017ceniom przest\u0119pczo\u015bci\u0105 na tle seksualnym i ochronie ma\u0142oletnich. Przygotowuj\u0105c j\u0105, wysz\u0142am z za\u0142o\u017cenia, \u017ce powinna by\u0107 ona wystarczaj\u0105co praktyczna, \u017ceby nie sta\u0107 si\u0119 kolejn\u0105 polityk\u0105, kt\u00f3ra po formalnym przyj\u0119ciu przez zarz\u0105d organizacji trafia do segregatora z innymi tego typu dokumentami, kt\u00f3re co prawda s\u0105, ale nikt tak naprawd\u0119 nie rozumie po co.<\/a><\/p>\n<\/div>\n<div class=\"col-12 news_bottom\">\n \n     <a href=\"https:\/\/niw.gov.pl\/en\/czytelnia\/dziecko-w-organizacji-pozarzadowej-standardy-ochrony-maloletnich\/\"> <button class=\"news_page_news_box_left_btn mt-auto\" type=\"button\"> <img decoding=\"async\" src=\"https:\/\/niw.gov.pl\/wp-content\/themes\/niw\/images\/arrow6.png\" alt=\"arrow6.png\"><\/button><\/a>\n    <\/div>\n  <\/div>\n<\/div><div class=\"col-12 col-md-6 mb-5 news_sec\">\n  <div class=\"row\">\n    <div class=\"col-5\">\n      <div class=\"c-img\"><a href=\"https:\/\/niw.gov.pl\/en\/czytelnia\/kapitaly-zelazne\/\"><img decoding=\"async\" src=\"https:\/\/niw.gov.pl\/wp-content\/uploads\/2024\/01\/Okladka-PNG.png\" alt=\"Card image cap\"><\/a><\/div>\n    <\/div>\n    <div class=\"col-7 d-flex flex-column news_middel\">\n      <p><a href=\"https:\/\/niw.gov.pl\/en\/czytelnia\/kapitaly-zelazne\/\">Kapita\u0142y \u017belazne<\/a><\/p>\n      <p><a href=\"https:\/\/niw.gov.pl\/en\/czytelnia\/kapitaly-zelazne\/\">Kapita\u0142y \u017celazne mog\u0105 by\u0107 dla polskich organizacji nowym \u017ar\u00f3d\u0142em finansowania ich dzia\u0142alno\u015bci. Ju\u017c od wielu lat m\u00f3wi si\u0119 o tej metodzie zarabiania pieni\u0119dzy, teraz przyszed\u0142 czas na dzia\u0142anie. Narodowy Instytut Wolno\u015bci \u2013 Centrum Rozwoju Spo\u0142ecze\u0144stwa Obywatelskiego stworzy\u0142 w ostatnich latach szereg zach\u0119t, kt\u00f3rych nigdy wcze\u015bniej nie by\u0142o: nie tylko dofinansowuje przygotowania fundacji i stowarzysze\u0144 do zak\u0142adania kapita\u0142\u00f3w \u017celaznych, ale zapowiedzia\u0142 te\u017c dotacje do samych kapita\u0142\u00f3w. To jakby przenie\u015b\u0107 si\u0119 o 10 lat w przysz\u0142o\u015b\u0107, bo bez funduszy z programu PROO 2A pewnie co najmniej tyle czekaliby\u015bmy jeszcze, a\u017c organizacje utworz\u0105 w\u0142asne kapita\u0142y.<\/a><\/p>\n<\/div>\n<div class=\"col-12 news_bottom\">\n \n     <a href=\"https:\/\/niw.gov.pl\/en\/czytelnia\/kapitaly-zelazne\/\"> <button class=\"news_page_news_box_left_btn mt-auto\" type=\"button\"> <img decoding=\"async\" src=\"https:\/\/niw.gov.pl\/wp-content\/themes\/niw\/images\/arrow6.png\" alt=\"arrow6.png\"><\/button><\/a>\n    <\/div>\n  <\/div>\n<\/div><div class=\"col-12 col-md-6 mb-5 news_sec\">\n  <div class=\"row\">\n    <div class=\"col-5\">\n      <div class=\"c-img\"><a href=\"https:\/\/niw.gov.pl\/en\/czytelnia\/fundraising-teoria-i-praktyka\/\"><img decoding=\"async\" src=\"https:\/\/niw.gov.pl\/wp-content\/uploads\/2023\/01\/FRpodrecznik_okladka.png\" alt=\"Card image cap\"><\/a><\/div>\n    <\/div>\n    <div class=\"col-7 d-flex flex-column news_middel\">\n      <p><a href=\"https:\/\/niw.gov.pl\/en\/czytelnia\/fundraising-teoria-i-praktyka\/\">Fundraising. Teoria i praktyka<\/a><\/p>\n      <p><a href=\"https:\/\/niw.gov.pl\/en\/czytelnia\/fundraising-teoria-i-praktyka\/\">Fundraising. Teoria i praktyka to wydany w 2015 roku podr\u0119cznik kursowy dla profesjonalnych fundraiser\u00f3w, kt\u00f3ry stanowi prac\u0119 zbiorow\u0105 cz\u0142onk\u00f3w PSF pod redakcj\u0105 Jerzego Miki. Publikacja zbiera do\u015bwiadczenia w pozyskiwaniu funduszy spisane przez specjalist\u00f3w z ma\u0142ych i du\u017cych organizacji, zawiera te\u017c wiele instrukcji i przydatnych wzor\u00f3w dokument\u00f3w.<\/a><\/p>\n<\/div>\n<div class=\"col-12 news_bottom\">\n \n     <a href=\"https:\/\/niw.gov.pl\/en\/czytelnia\/fundraising-teoria-i-praktyka\/\"> <button class=\"news_page_news_box_left_btn mt-auto\" type=\"button\"> <img decoding=\"async\" src=\"https:\/\/niw.gov.pl\/wp-content\/themes\/niw\/images\/arrow6.png\" alt=\"arrow6.png\"><\/button><\/a>\n    <\/div>\n  <\/div>\n<\/div><div class=\"col-12 col-md-6 mb-5 news_sec\">\n  <div class=\"row\">\n    <div class=\"col-5\">\n      <div class=\"c-img\"><a href=\"https:\/\/niw.gov.pl\/en\/czytelnia\/fundraising-relacji-ken-burnett\/\"><img decoding=\"async\" src=\"https:\/\/niw.gov.pl\/wp-content\/uploads\/2023\/01\/Ken_Burnett_cover-517x800-1.jpg\" alt=\"Card image cap\"><\/a><\/div>\n    <\/div>\n    <div class=\"col-7 d-flex flex-column news_middel\">\n      <p><a href=\"https:\/\/niw.gov.pl\/en\/czytelnia\/fundraising-relacji-ken-burnett\/\">Fundraising relacji. Ken Burnett<\/a><\/p>\n      <p><a href=\"https:\/\/niw.gov.pl\/en\/czytelnia\/fundraising-relacji-ken-burnett\/\">Ken Burnett jest przekonany, \u017ce zaw\u00f3d fundraisera jest jednym z najbardziej satysfakcjonuj\u0105cych i u\u017cytecznych zawod\u00f3w na \u015bwiecie. Z jego ksi\u0105\u017cki przebija m\u0105dro\u015b\u0107 i do\u015bwiadczenie wynikaj\u0105ce z tysi\u0119cy spotka\u0144 z fundraiserami i darczy\u0144cami wielu organizacji. Czytaj\u0105c ksi\u0105\u017cki i blog Kena, mo\u017cemy przekona\u0107 si\u0119, jak fundraising zmienia i kszta\u0142tuje cz\u0142owieka \u2013 na kogo wyrasta si\u0119, s\u0142u\u017c\u0105c innym i stale poszukuj\u0105c doskona\u0142o\u015bci w tej s\u0142u\u017cbie...<\/a><\/p>\n<\/div>\n<div class=\"col-12 news_bottom\">\n \n     <a href=\"https:\/\/niw.gov.pl\/en\/czytelnia\/fundraising-relacji-ken-burnett\/\"> <button class=\"news_page_news_box_left_btn mt-auto\" type=\"button\"> <img decoding=\"async\" src=\"https:\/\/niw.gov.pl\/wp-content\/themes\/niw\/images\/arrow6.png\" alt=\"arrow6.png\"><\/button><\/a>\n    <\/div>\n  <\/div>\n<\/div><div class=\"col-12 col-md-6 mb-5 news_sec\">\n  <div class=\"row\">\n    <div class=\"col-5\">\n      <div class=\"c-img\"><a href=\"https:\/\/niw.gov.pl\/en\/czytelnia\/eporadnik-rodo-dla-ngo\/\"><img decoding=\"async\" src=\"https:\/\/niw.gov.pl\/wp-content\/uploads\/2021\/07\/Okladka-ePoradnik.jpg\" alt=\"Card image cap\"><\/a><\/div>\n    <\/div>\n    <div class=\"col-7 d-flex flex-column news_middel\">\n      <p><a href=\"https:\/\/niw.gov.pl\/en\/czytelnia\/eporadnik-rodo-dla-ngo\/\">ePoradnik \u2013 RODO dla NGO<\/a><\/p>\n      <p><a href=\"https:\/\/niw.gov.pl\/en\/czytelnia\/eporadnik-rodo-dla-ngo\/\">Niniejszy poradnik ma na celu przybli\u017cenie problematyki ochrony danych osobowych. W jego tre\u015bci zamieszczone zosta\u0142y podstawowe informacje odnosz\u0105ce si\u0119 do bezpiecze\u0144stwa przetwarzania danych osobowych, poparte licznymi przyk\u0142adami maj\u0105cymi na celu wyja\u015bnienie dzia\u0142ania poszczeg\u00f3lnych mechanizm\u00f3w prawnych wynikaj\u0105cych z unijnego rozporz\u0105dzenia o ochronie danych osobowych, potocznie zwanego RODO.<\/a><\/p>\n<\/div>\n<div class=\"col-12 news_bottom\">\n \n     <a href=\"https:\/\/niw.gov.pl\/en\/czytelnia\/eporadnik-rodo-dla-ngo\/\"> <button class=\"news_page_news_box_left_btn mt-auto\" type=\"button\"> <img decoding=\"async\" src=\"https:\/\/niw.gov.pl\/wp-content\/themes\/niw\/images\/arrow6.png\" alt=\"arrow6.png\"><\/button><\/a>\n    <\/div>\n  <\/div>\n<\/div><div class=\"col-12 col-md-6 mb-5 news_sec\">\n  <div class=\"row\">\n    <div class=\"col-5\">\n      <div class=\"c-img\"><a href=\"https:\/\/niw.gov.pl\/en\/czytelnia\/kodeks-postepowania-w-zakresie-przetwarzania-danych-osobowych-w-organizacjach-pozarzadowych\/\"><img decoding=\"async\" src=\"https:\/\/niw.gov.pl\/wp-content\/uploads\/2021\/07\/Okladka-kodeks-1.jpg\" alt=\"Card image cap\"><\/a><\/div>\n    <\/div>\n    <div class=\"col-7 d-flex flex-column news_middel\">\n      <p><a href=\"https:\/\/niw.gov.pl\/en\/czytelnia\/kodeks-postepowania-w-zakresie-przetwarzania-danych-osobowych-w-organizacjach-pozarzadowych\/\">Kodeks post\u0119powania w zakresie przetwarzania danych osobowych w organizacjach pozarz\u0105dowych<\/a><\/p>\n      <p><a href=\"https:\/\/niw.gov.pl\/en\/czytelnia\/kodeks-postepowania-w-zakresie-przetwarzania-danych-osobowych-w-organizacjach-pozarzadowych\/\">Kodeks dobrych praktyk adresowany jest do krajowych organizacji spo\u0142ecznych dzia\u0142aj\u0105cych na obszarze Rzeczypospolitej Polskiej. W szczeg\u00f3lno\u015bci nale\u017c\u0105 do nich: fundacje, stowarzyszenia, organizacje m\u0142odzie\u017cowe, organizacje z obszar\u00f3w wiejskich i ma\u0142ych miejscowo\u015bci, organizacje eksperckie typu think-tank, organizacje senior\u00f3w, organizacje os\u00f3b niepe\u0142nosprawnych oraz organizacje mniejszo\u015bci narodowych i etnicznych. <\/a><\/p>\n<\/div>\n<div class=\"col-12 news_bottom\">\n \n     <a href=\"https:\/\/niw.gov.pl\/en\/czytelnia\/kodeks-postepowania-w-zakresie-przetwarzania-danych-osobowych-w-organizacjach-pozarzadowych\/\"> <button class=\"news_page_news_box_left_btn mt-auto\" type=\"button\"> <img decoding=\"async\" src=\"https:\/\/niw.gov.pl\/wp-content\/themes\/niw\/images\/arrow6.png\" alt=\"arrow6.png\"><\/button><\/a>\n    <\/div>\n  <\/div>\n<\/div><div class=\"col-12 col-md-6 mb-5 news_sec\">\n  <div class=\"row\">\n    <div class=\"col-5\">\n      <div class=\"c-img\"><a href=\"https:\/\/niw.gov.pl\/en\/czytelnia\/organizacja-2-0-jak-zarzadzac-organizacja-pozarzadowa-prowadzaca-dzialalnosc-gospodarcza\/\"><img decoding=\"async\" src=\"https:\/\/niw.gov.pl\/wp-content\/uploads\/2021\/04\/Organizacja-2.0.png\" alt=\"Card image cap\"><\/a><\/div>\n    <\/div>\n    <div class=\"col-7 d-flex flex-column news_middel\">\n      <p><a href=\"https:\/\/niw.gov.pl\/en\/czytelnia\/organizacja-2-0-jak-zarzadzac-organizacja-pozarzadowa-prowadzaca-dzialalnosc-gospodarcza\/\">Organizacja 2.0. Jak zarz\u0105dza\u0107 organizacj\u0105 pozarz\u0105dow\u0105 prowadz\u0105c\u0105 dzia\u0142alno\u015b\u0107 gospodarcz\u0105?<\/a><\/p>\n      <p><a href=\"https:\/\/niw.gov.pl\/en\/czytelnia\/organizacja-2-0-jak-zarzadzac-organizacja-pozarzadowa-prowadzaca-dzialalnosc-gospodarcza\/\">Model Zarz\u0105dzania Przedsi\u0119biorstwem Spo\u0142ecznym \u201eBINGO\u201d, kt\u00f3ry w profesjonalny, a jednocze\u015bnie przyst\u0119pny spos\u00f3b podaje gotowe rozwi\u0105zania na skuteczne zarz\u0105dzanie organizacj\u0105 pozarz\u0105dow\u0105. Jest to pierwsze w Polsce, kompleksowe i praktyczne zestawienie element\u00f3w niezb\u0119dnych dla zapewnienia trwa\u0142o\u015bci, efektywno\u015bci i skuteczno\u015bci dzia\u0142ania stowarzysze\u0144...<\/a><\/p>\n<\/div>\n<div class=\"col-12 news_bottom\">\n \n     <a href=\"https:\/\/niw.gov.pl\/en\/czytelnia\/organizacja-2-0-jak-zarzadzac-organizacja-pozarzadowa-prowadzaca-dzialalnosc-gospodarcza\/\"> <button class=\"news_page_news_box_left_btn mt-auto\" type=\"button\"> <img decoding=\"async\" src=\"https:\/\/niw.gov.pl\/wp-content\/themes\/niw\/images\/arrow6.png\" alt=\"arrow6.png\"><\/button><\/a>\n    <\/div>\n  <\/div>\n<\/div><\/div>\n  \n <div class=\"space_60\"><\/div>\n<div class=\"row\">\n\n  <div class=\"col-lg-12\">\n  \n<button class=\"red_btn history_btn1\"  onClick=\"javascript:history.go(-1)\" type=\"button\">Back<\/button>\n\n<span class=\"a2a_kit a2a_kit_size_32\" data-a2a-url=\"#\" data-a2a-title=\"Homing :: NIW\">\n<a class=\"addtoany\" href=\"#\"><button class=\"system_btn print_btn\" type=\"button\"> &nbsp; NOTIFY A FRIEND <\/button><\/a>\n\n<\/span><\/div><\/div>[\/vc_column][\/vc_row]<\/p>\n","protected":false},"excerpt":{"rendered":"<p>[vc_row][vc_column][\/vc_column][\/vc_row]<\/p>\n","protected":false},"author":46,"featured_media":0,"parent":16403,"menu_order":2,"comment_status":"closed","ping_status":"closed","template":"page-templates\/about_niw_sub_pages.php","meta":{"_acf_changed":false,"inline_featured_image":false,"footnotes":""},"class_list":["post-16416","page","type-page","status-publish","hentry"],"acf":[],"_links":{"self":[{"href":"https:\/\/niw.gov.pl\/en\/wp-json\/wp\/v2\/pages\/16416","targetHints":{"allow":["GET"]}}],"collection":[{"href":"https:\/\/niw.gov.pl\/en\/wp-json\/wp\/v2\/pages"}],"about":[{"href":"https:\/\/niw.gov.pl\/en\/wp-json\/wp\/v2\/types\/page"}],"author":[{"embeddable":true,"href":"https:\/\/niw.gov.pl\/en\/wp-json\/wp\/v2\/users\/46"}],"replies":[{"embeddable":true,"href":"https:\/\/niw.gov.pl\/en\/wp-json\/wp\/v2\/comments?post=16416"}],"version-history":[{"count":1,"href":"https:\/\/niw.gov.pl\/en\/wp-json\/wp\/v2\/pages\/16416\/revisions"}],"predecessor-version":[{"id":16417,"href":"https:\/\/niw.gov.pl\/en\/wp-json\/wp\/v2\/pages\/16416\/revisions\/16417"}],"up":[{"embeddable":true,"href":"https:\/\/niw.gov.pl\/en\/wp-json\/wp\/v2\/pages\/16403"}],"wp:attachment":[{"href":"https:\/\/niw.gov.pl\/en\/wp-json\/wp\/v2\/media?parent=16416"}],"curies":[{"name":"wp","href":"https:\/\/api.w.org\/{rel}","templated":true}]}}