{"id":16420,"date":"2021-04-29T12:26:28","date_gmt":"2021-04-29T12:26:28","guid":{"rendered":"http:\/\/niw.gov.pl\/baza-wiedzy\/akty-prawne\/"},"modified":"2021-07-13T07:40:04","modified_gmt":"2021-07-13T07:40:04","slug":"acts","status":"publish","type":"page","link":"https:\/\/niw.gov.pl\/en\/knowledge-base\/acts\/","title":{"rendered":"Acts"},"content":{"rendered":"<p>[vc_row][vc_column][vc_custom_heading text=&#8221;Akty prawne dotycz\u0105ce dzia\u0142alno\u015bci organizacji pozarz\u0105dowych&#8221; font_container=&#8221;tag:h3|text_align:left&#8221; use_theme_fonts=&#8221;yes&#8221;][vc_empty_space][vc_column_text]<a class=\"red\" href=\"http:\/\/prawo.sejm.gov.pl\/isap.nsf\/download.xsp\/WDU19970780483\/U\/D19970483Lj.pdf\" rel=\"nofollow noopener\" target=\"_blank\"><i class=\"far fa-file-pdf\"><\/i> <u>Konstytucja Rzeczypospolitej Polskiej z dnia 2 kwietnia 1997 r.<\/u><\/a>\u00a0(Dz. U. z 1997 r., poz. 483, z p\u00f3\u017an. zm.)<\/p>\n<p>&nbsp;<\/p>\n<p><a class=\"red\" href=\"https:\/\/isap.sejm.gov.pl\/isap.nsf\/download.xsp\/WDU20170001909\/U\/D20171909Lj.pdf\" rel=\"nofollow noopener\" target=\"_blank\"><i class=\"far fa-file-pdf\"><\/i> <u>Ustawa z dnia 15 wrze\u015bnia 2017 r. o Narodowym Instytucie Wolno\u015bci \u2013 Centrum Rozwoju Spo\u0142ecze\u0144stwa Obywatelskiego<\/u><\/a>\u00a0(Dz. U. z 2018 r. poz. 1813 oraz z 2019 r. poz. 2020)<\/p>\n<p>&nbsp;<\/p>\n<p><a class=\"red\" href=\"http:\/\/isap.sejm.gov.pl\/isap.nsf\/download.xsp\/WDU20030960873\/U\/D20030873Lj.pdf\" rel=\"nofollow noopener\" target=\"_blank\"><i class=\"far fa-file-pdf\"><\/i> <u>Ustawa z dnia 24 kwietnia 2003 r. o dzia\u0142alno\u015bci po\u017cytku publicznego i o wolontariacie<\/u><\/a>\u00a0(Dz. U. z 2020 r., poz. 1057)<\/p>\n<p>&nbsp;<\/p>\n<p><a class=\"red\" href=\"https:\/\/isap.sejm.gov.pl\/isap.nsf\/download.xsp\/WDU20190000713\/U\/D20190713Lj.pdf\" rel=\"nofollow noopener\" target=\"_blank\"><i class=\"far fa-file-pdf\"><\/i> <u>Ustawa z dnia 7 kwietnia 1989 r. Prawo o stowarzyszeniach<\/u><\/a>\u00a0(Dz. U. z 2019 r. poz. 713 oraz z 2020 r. poz. 695, 1086)<\/p>\n<p>&nbsp;<\/p>\n<p><a class=\"red\" href=\"https:\/\/isap.sejm.gov.pl\/isap.nsf\/download.xsp\/WDU20180001491\/U\/D20181491Lj.pdf\" rel=\"nofollow noopener\" target=\"_blank\"><i class=\"far fa-file-pdf\"><\/i> <u>Ustawa z dnia 6 kwietnia 1984 r. o fundacjach<\/u><\/a>\u00a0(Dz. U. z 2018 r. poz. 1491 oraz z 2020 r. poz. 695 i 1086)<\/p>\n<p>&nbsp;<\/p>\n<p><a class=\"red\" href=\"http:\/\/isap.sejm.gov.pl\/isap.nsf\/download.xsp\/WDU20180002212\/U\/D20182212Lj.pdf\" rel=\"nofollow noopener\" target=\"_blank\"><i class=\"far fa-file-pdf\"><\/i> <u>Ustawa z dnia 9 listopada 2018 r. o ko\u0142ach gospody\u0144 wiejskich<\/u><\/a>\u00a0(Dz. U. 2018 poz. 2212)[\/vc_column_text][\/vc_column][\/vc_row][vc_row][vc_column][vc_separator][vc_custom_heading text=&#8221;Rozporz\u0105dzenia Przewodnicz\u0105cego Komitetu do spraw Po\u017cytku Publicznego&#8221; font_container=&#8221;tag:h3|text_align:left&#8221; use_theme_fonts=&#8221;yes&#8221;][vc_empty_space][vc_column_text]<a class=\"red\" href=\"http:\/\/prawo.sejm.gov.pl\/isap.nsf\/download.xsp\/WDU20180002149\/O\/D20182149.pdf\" rel=\"nofollow noopener\" target=\"_blank\"><i class=\"far fa-file-pdf\"><\/i> <u>Rozporz\u0105dzenie Przewodnicz\u0105cego Komitetu do Spraw Po\u017cytku Publicznego z dnia 8 listopada 2018 r. w sprawie szczeg\u00f3\u0142owych warunk\u00f3w uzyskiwania dofinansowania realizacji zada\u0144 z zakresu wspierania rozwoju spo\u0142ecze\u0144stwa obywatelskiego, trybu sk\u0142adania wniosk\u00f3w oraz przekazywania \u015brodk\u00f3w z Funduszu Wspierania Rozwoju Spo\u0142ecze\u0144stwa Obywatelskiego <\/u><\/a>(Dz. U. z 2018 r., poz. 2149)<\/p>\n<p>&nbsp;<\/p>\n<p><a class=\"red\" href=\"http:\/\/prawo.sejm.gov.pl\/isap.nsf\/download.xsp\/WDU20180002057\/O\/D20182057.pdf\" rel=\"nofollow noopener\" target=\"_blank\"><i class=\"far fa-file-pdf\"><\/i> <u>Rozporz\u0105dzenie Przewodnicz\u0105cego Komitetu do Spraw Po\u017cytku Publicznego z dnia 24 pa\u017adziernika 2018 r. w sprawie wzor\u00f3w ofert i ramowych wzor\u00f3w um\u00f3w dotycz\u0105cych realizacji zada\u0144 publicznych oraz wzor\u00f3w sprawozda\u0144 z wykonania tych zada\u0144 <\/u><\/a>(Dz. U. z 2018 r., poz. 2057)<\/p>\n<p>&nbsp;<\/p>\n<p><a class=\"red\" href=\"http:\/\/prawo.sejm.gov.pl\/isap.nsf\/download.xsp\/WDU20180002055\/O\/D20182055.pdf\" rel=\"nofollow noopener\" target=\"_blank\"><i class=\"far fa-file-pdf\"><\/i> <u>Rozporz\u0105dzenie Przewodnicz\u0105cego Komitetu do Spraw Po\u017cytku Publicznego z dnia 24 pa\u017adziernika 2018 r. w sprawie uproszczonego wzoru oferty i uproszczonego wzoru sprawozdania z realizacji zadania publicznego<\/u><\/a>\u00a0(Dz. U. z 2018 r., poz. 2055)<\/p>\n<p>&nbsp;<\/p>\n<p><a class=\"red\" href=\"http:\/\/prawo.sejm.gov.pl\/isap.nsf\/download.xsp\/WDU20180002052\/O\/D20182052.pdf\" rel=\"nofollow noopener\" target=\"_blank\"><i class=\"far fa-file-pdf\"><\/i> <u>Rozporz\u0105dzenie Przewodnicz\u0105cego Komitetu do Spraw Po\u017cytku Publicznego z dnia 24 pa\u017adziernika 2018 r. w sprawie Rady Dzia\u0142alno\u015bci Po\u017cytku Publicznego<\/u><\/a>\u00a0(Dz. U. z 2018 r., poz. 2052)<\/p>\n<p>&nbsp;<\/p>\n<p><a class=\"red\" href=\"http:\/\/isap.sejm.gov.pl\/isap.nsf\/download.xsp\/WDU20190001743\/O\/D20191743.pdf\" rel=\"nofollow noopener\" target=\"_blank\"><i class=\"far fa-file-pdf\"><\/i> <u>Rozporz\u0105dzenie Przewodnicz\u0105cego Komitetu do spraw Po\u017cytku Publicznego z dnia 10 wrze\u015bnia 2019 r. w sprawie Rady Dialogu z M\u0142odym Pokoleniem<\/u><\/a>[\/vc_column_text][\/vc_column][\/vc_row][vc_row][vc_column][vc_separator][vc_custom_heading text=&#8221;Inne rozporz\u0105dzenia&#8221; font_container=&#8221;tag:h3|text_align:left&#8221; use_theme_fonts=&#8221;yes&#8221;][vc_empty_space][vc_column_text]<a class=\"red\" href=\"http:\/\/prawo.sejm.gov.pl\/isap.nsf\/download.xsp\/WDU20180002050\/O\/D20182050.pdf\" rel=\"nofollow noopener\" target=\"_blank\"><i class=\"far fa-file-pdf\"><\/i> <u>Rozporz\u0105dzenie Ministra Finans\u00f3w z dnia 22 pa\u017adziernika 2018 r. w sprawie prowadzenia uproszczonej ewidencji przychod\u00f3w i koszt\u00f3w przez niekt\u00f3re organizacje pozarz\u0105dowe oraz stowarzyszenia jednostek samorz\u0105du terytorialnego<\/u><\/a>\u00a0(Dz. U. z 2018 r., poz. 2050)[\/vc_column_text][\/vc_column][\/vc_row][vc_row][vc_column][vc_separator][vc_custom_heading text=&#8221;Rozporz\u0105dzenia Przewodnicz\u0105cego Komitetu ds. Po\u017cytku Publicznego dotycz\u0105ce OPP i 1%&#8221; font_container=&#8221;tag:h3|text_align:left&#8221; use_theme_fonts=&#8221;yes&#8221;][vc_empty_space][vc_column_text]<a class=\"red\" href=\"http:\/\/niw.gov.pl\/opp\/akty-prawne\/\"><i class=\"fas fa-link\"><\/i> Akty Prawne \u2014 Narodowy Instytut Wolno\u015bci<\/a>[\/vc_column_text][\/vc_column][\/vc_row]<\/p>\n","protected":false},"excerpt":{"rendered":"<p>[vc_row][vc_column][vc_custom_heading text=&#8221;Akty prawne dotycz\u0105ce dzia\u0142alno\u015bci organizacji pozarz\u0105dowych&#8221; font_container=&#8221;tag:h3|text_align:left&#8221; use_theme_fonts=&#8221;yes&#8221;][vc_empty_space][vc_column_text] Konstytucja Rzeczypospolitej Polskiej z dnia 2 kwietnia 1997 r.\u00a0(Dz. U. z 1997 r., poz. 483, z p\u00f3\u017an. zm.) &nbsp; Ustawa z dnia 15 wrze\u015bnia 2017 r. o Narodowym Instytucie Wolno\u015bci \u2013 Centrum Rozwoju Spo\u0142ecze\u0144stwa Obywatelskiego\u00a0(Dz. U. z 2018 r. poz. 1813 oraz z 2019 r. poz.<\/p>\n","protected":false},"author":46,"featured_media":0,"parent":16399,"menu_order":2,"comment_status":"closed","ping_status":"closed","template":"page-templates\/nasze_programy_sub_pages.php","meta":{"_acf_changed":false,"inline_featured_image":false,"footnotes":""},"class_list":["post-16420","page","type-page","status-publish","hentry"],"acf":[],"_links":{"self":[{"href":"https:\/\/niw.gov.pl\/en\/wp-json\/wp\/v2\/pages\/16420","targetHints":{"allow":["GET"]}}],"collection":[{"href":"https:\/\/niw.gov.pl\/en\/wp-json\/wp\/v2\/pages"}],"about":[{"href":"https:\/\/niw.gov.pl\/en\/wp-json\/wp\/v2\/types\/page"}],"author":[{"embeddable":true,"href":"https:\/\/niw.gov.pl\/en\/wp-json\/wp\/v2\/users\/46"}],"replies":[{"embeddable":true,"href":"https:\/\/niw.gov.pl\/en\/wp-json\/wp\/v2\/comments?post=16420"}],"version-history":[{"count":2,"href":"https:\/\/niw.gov.pl\/en\/wp-json\/wp\/v2\/pages\/16420\/revisions"}],"predecessor-version":[{"id":18449,"href":"https:\/\/niw.gov.pl\/en\/wp-json\/wp\/v2\/pages\/16420\/revisions\/18449"}],"up":[{"embeddable":true,"href":"https:\/\/niw.gov.pl\/en\/wp-json\/wp\/v2\/pages\/16399"}],"wp:attachment":[{"href":"https:\/\/niw.gov.pl\/en\/wp-json\/wp\/v2\/media?parent=16420"}],"curies":[{"name":"wp","href":"https:\/\/api.w.org\/{rel}","templated":true}]}}