{"id":16425,"date":"2021-04-28T14:02:03","date_gmt":"2021-04-28T14:02:03","guid":{"rendered":"http:\/\/niw.gov.pl\/baza-wiedzy\/raporty-i-analizy\/ewaluacje\/"},"modified":"2024-05-28T09:10:12","modified_gmt":"2024-05-28T07:10:12","slug":"ewaluacje","status":"publish","type":"page","link":"https:\/\/niw.gov.pl\/en\/knowledge-base\/reports-and-analysis\/ewaluacje\/","title":{"rendered":"Ewaluacje"},"content":{"rendered":"<p>[vc_row][vc_column]<div class=\"row\">\n\t\t\t\t<div class=\"col-lg-12 col-md-12 col-sm-12 media_text\">\n\t\t\t\t\t<div class=\"download_box\">\n\t\t\t\t<div class=\"download_text\">\n\t\t\t\t\t<a href=\"https:\/\/niw.gov.pl\/wp-content\/uploads\/2024\/05\/Raport_koncowy_ewaluacja_Partnerstwo_dla_Wolontariatu_KS.pdf\" download>Ewaluacja \u201ePartnerstwa dla Wolontariatu\u201d w ramach Rz\u0105dowego Programu Wspierania i Rozwoju Wolontariatu Systematycznego na lata 2018\u20132030 \u2013 Korpus Solidarno\u015bci<\/a><\/div><br><br><span><img decoding=\"async\" src=\"https:\/\/niw.gov.pl\/wp-content\/themes\/niw\/images\/PDF.png\" alt=\"PDF.png\"><\/button> 2.11MB<\/span><a href=\"https:\/\/niw.gov.pl\/wp-content\/uploads\/2024\/05\/Raport_koncowy_ewaluacja_Partnerstwo_dla_Wolontariatu_KS.pdf\" download><button class=\"download_btn\" type=\"button\"> <img decoding=\"async\" src=\"https:\/\/niw.gov.pl\/wp-content\/themes\/niw\/images\/arrow7.png\" alt=\"arrow7.png\"><\/button><\/a> <div class=\"clr\">\n\n<\/div><\/div>\n\t\t\t\t\t<div class=\"download_box\">\n\t\t\t\t<div class=\"download_text\">\n\t\t\t\t\t<a href=\"https:\/\/niw.gov.pl\/wp-content\/uploads\/2024\/01\/Raport_ewaluacyjny_programCOVID.pdf\" download>Raport z badania Ewaluacja Programu Wsparcia Dora\u017anego Organizacji Pozarz\u0105dowych w zakresie przeciwdzia\u0142ania skutkom COVID-19<\/a><\/div><br><br><span><img decoding=\"async\" src=\"https:\/\/niw.gov.pl\/wp-content\/themes\/niw\/images\/PDF.png\" alt=\"PDF.png\"><\/button> 0.69MB<\/span><a href=\"https:\/\/niw.gov.pl\/wp-content\/uploads\/2024\/01\/Raport_ewaluacyjny_programCOVID.pdf\" download><button class=\"download_btn\" type=\"button\"> <img decoding=\"async\" src=\"https:\/\/niw.gov.pl\/wp-content\/themes\/niw\/images\/arrow7.png\" alt=\"arrow7.png\"><\/button><\/a> <div class=\"clr\">\n\n<\/div><\/div>\n\t\t\t\t\t<div class=\"download_box\">\n\t\t\t\t<div class=\"download_text\">\n\t\t\t\t\t<a href=\"https:\/\/niw.gov.pl\/wp-content\/uploads\/2023\/09\/Ewaluacja-biezaca-RPFM.pdf\" download>Ewaluacja bie\u017c\u0105ca realizacji Rz\u0105dowego Programu Fundusz M\u0142odzie\u017cowy na lata 2022-2033<\/a><\/div><br><br><span><img decoding=\"async\" src=\"https:\/\/niw.gov.pl\/wp-content\/themes\/niw\/images\/PDF.png\" alt=\"PDF.png\"><\/button> 0.76MB<\/span><a href=\"https:\/\/niw.gov.pl\/wp-content\/uploads\/2023\/09\/Ewaluacja-biezaca-RPFM.pdf\" download><button class=\"download_btn\" type=\"button\"> <img decoding=\"async\" src=\"https:\/\/niw.gov.pl\/wp-content\/themes\/niw\/images\/arrow7.png\" alt=\"arrow7.png\"><\/button><\/a> <div class=\"clr\">\n\n<\/div><\/div>\n\t\t\t\t\t<div class=\"download_box\">\n\t\t\t\t<div class=\"download_text\">\n\t\t\t\t\t<a href=\"https:\/\/niw.gov.pl\/wp-content\/uploads\/2023\/09\/Ewaluacja-biezaca-RPWROP.pdf\" download>Ewaluacja bie\u017c\u0105ca post\u0119p\u00f3w wdra\u017cania Rz\u0105dowego Programu Wspierania Rozwoju Organizacji Poradniczych na lata 2022-2033<\/a><\/div><br><br><span><img decoding=\"async\" src=\"https:\/\/niw.gov.pl\/wp-content\/themes\/niw\/images\/PDF.png\" alt=\"PDF.png\"><\/button> 0.80MB<\/span><a href=\"https:\/\/niw.gov.pl\/wp-content\/uploads\/2023\/09\/Ewaluacja-biezaca-RPWROP.pdf\" download><button class=\"download_btn\" type=\"button\"> <img decoding=\"async\" src=\"https:\/\/niw.gov.pl\/wp-content\/themes\/niw\/images\/arrow7.png\" alt=\"arrow7.png\"><\/button><\/a> <div class=\"clr\">\n\n<\/div><\/div>\n\t\t\t\t\t<div class=\"download_box\">\n\t\t\t\t<div class=\"download_text\">\n\t\t\t\t\t<a href=\"https:\/\/niw.gov.pl\/wp-content\/uploads\/2023\/09\/Ewaluacja-wewnetrzna-realizacji-RPWRMDS.pdf\" download>Ocena post\u0119p\u00f3w wdra\u017cania Rz\u0105dowego Programu Wspierania Rozwoju Mi\u0119dzynarodowych Dom\u00f3w Spotka\u0144<\/a><\/div><br><br><span><img decoding=\"async\" src=\"https:\/\/niw.gov.pl\/wp-content\/themes\/niw\/images\/PDF.png\" alt=\"PDF.png\"><\/button> 1.27MB<\/span><a href=\"https:\/\/niw.gov.pl\/wp-content\/uploads\/2023\/09\/Ewaluacja-wewnetrzna-realizacji-RPWRMDS.pdf\" download><button class=\"download_btn\" type=\"button\"> <img decoding=\"async\" src=\"https:\/\/niw.gov.pl\/wp-content\/themes\/niw\/images\/arrow7.png\" alt=\"arrow7.png\"><\/button><\/a> <div class=\"clr\">\n\n<\/div><\/div>\n\t\t\t\t\t<div class=\"download_box\">\n\t\t\t\t<div class=\"download_text\">\n\t\t\t\t\t<a href=\"https:\/\/niw.gov.pl\/wp-content\/uploads\/2023\/09\/NOWEFIO.pdf\" download>Ewaluacja okresowa Rz\u0105dowego Programu Fundusz Inicjatyw Obywatelskich na lata 2021-2030 (NOWEFIO) priorytety 2 i 3<\/a><\/div><br><br><span><img decoding=\"async\" src=\"https:\/\/niw.gov.pl\/wp-content\/themes\/niw\/images\/PDF.png\" alt=\"PDF.png\"><\/button> 1.10MB<\/span><a href=\"https:\/\/niw.gov.pl\/wp-content\/uploads\/2023\/09\/NOWEFIO.pdf\" download><button class=\"download_btn\" type=\"button\"> <img decoding=\"async\" src=\"https:\/\/niw.gov.pl\/wp-content\/themes\/niw\/images\/arrow7.png\" alt=\"arrow7.png\"><\/button><\/a> <div class=\"clr\">\n\n<\/div><\/div>\n\t\t\t\t\t<div class=\"download_box\">\n\t\t\t\t<div class=\"download_text\">\n\t\t\t\t\t<a href=\"https:\/\/niw.gov.pl\/wp-content\/uploads\/2023\/09\/Podsumowanie-ROHIS.pdf\" download>Podsumowanie efekt\u00f3w realizacji rz\u0105dowego Programu Wsparcia Rozwoju Organizacji Harcerskich i Skautowych (ROHiS) w latach 2020-2022<\/a><\/div><br><br><span><img decoding=\"async\" src=\"https:\/\/niw.gov.pl\/wp-content\/themes\/niw\/images\/PDF.png\" alt=\"PDF.png\"><\/button> 0.55MB<\/span><a href=\"https:\/\/niw.gov.pl\/wp-content\/uploads\/2023\/09\/Podsumowanie-ROHIS.pdf\" download><button class=\"download_btn\" type=\"button\"> <img decoding=\"async\" src=\"https:\/\/niw.gov.pl\/wp-content\/themes\/niw\/images\/arrow7.png\" alt=\"arrow7.png\"><\/button><\/a> <div class=\"clr\">\n\n<\/div><\/div>\n\t\t\t\t\t<div class=\"download_box\">\n\t\t\t\t<div class=\"download_text\">\n\t\t\t\t\t<a href=\"https:\/\/niw.gov.pl\/wp-content\/uploads\/2023\/09\/PROO1.pdf\" download>Ewaluacja Rz\u0105dowego Programu Rozwoju Organizacji Obywatelskich na lata 2018- 2030 (PROO) priorytetu 1a<\/a><\/div><br><br><span><img decoding=\"async\" src=\"https:\/\/niw.gov.pl\/wp-content\/themes\/niw\/images\/PDF.png\" alt=\"PDF.png\"><\/button> 3.31MB<\/span><a href=\"https:\/\/niw.gov.pl\/wp-content\/uploads\/2023\/09\/PROO1.pdf\" download><button class=\"download_btn\" type=\"button\"> <img decoding=\"async\" src=\"https:\/\/niw.gov.pl\/wp-content\/themes\/niw\/images\/arrow7.png\" alt=\"arrow7.png\"><\/button><\/a> <div class=\"clr\">\n\n<\/div><\/div>\n\t\t\t\t\t<div class=\"download_box\">\n\t\t\t\t<div class=\"download_text\">\n\t\t\t\t\t<a href=\"https:\/\/niw.gov.pl\/wp-content\/uploads\/2023\/09\/raport-z-badania-UL.pdf\" download>Podsumowanie efekt\u00f3w wsparcia udzielonego uniwersytetom ludowym w ramach PWRUL w okresie od 1 stycznia 2020 r. do 30 wrze\u015bnia 2021 r., z uwzgl\u0119dnieniem wp\u0142ywu, jaki na aktywno\u015b\u0107 uniwersytet\u00f3w ludowych wywar\u0142a pandemia COVID-19<\/a><\/div><br><br><span><img decoding=\"async\" src=\"https:\/\/niw.gov.pl\/wp-content\/themes\/niw\/images\/PDF.png\" alt=\"PDF.png\"><\/button> 1.15MB<\/span><a href=\"https:\/\/niw.gov.pl\/wp-content\/uploads\/2023\/09\/raport-z-badania-UL.pdf\" download><button class=\"download_btn\" type=\"button\"> <img decoding=\"async\" src=\"https:\/\/niw.gov.pl\/wp-content\/themes\/niw\/images\/arrow7.png\" alt=\"arrow7.png\"><\/button><\/a> <div class=\"clr\">\n\n<\/div><\/div><\/div><\/div>[vc_column_text]<\/p>\n<p><a class=\"red\" href=\"https:\/\/niw.gov.pl\/wp-content\/uploads\/2022\/09\/Raport_PROO-1a-2a_final.pdf\" target=\"_blank\" rel=\"noopener\"><i class=\"far fa-file-pdf\"><\/i> Ocena dotychczas osi\u0105gni\u0119tych rezultat\u00f3w priorytet\u00f3w 1a i 2a Rz\u0105dowego Programu Rozwoju Organizacji Obywatelskich na lata 2018-2030 <\/a><\/p>\n<p>[\/vc_column_text][vc_column_text]<\/p>\n<p><a class=\"red\" href=\"https:\/\/niw.gov.pl\/wp-content\/uploads\/2022\/09\/RAPORT-Ex-post-FIO-2014-2020-3.pdf\" target=\"_blank\" rel=\"noopener\"><i class=\"far fa-file-pdf\"><\/i> Raport z ewaluacji ex-post Programu Fundusz Inicjatyw Obywatelskich 2014-2020<\/a><\/p>\n<p>[\/vc_column_text][vc_column_text]<a class=\"red\" href=\"https:\/\/niw.gov.pl\/wp-content\/uploads\/2021\/08\/Raport-ewaluacyjny-realizacji-pierwszego-etapu-Programu-Korpus-Solidarnos....pdf\" target=\"_blank\" rel=\"noopener\"><i class=\"far fa-file-pdf\"><\/i> Raport ewaluacyjny realizacji pierwszego etapu Programu Korpus Solidarno\u015bci<\/a>[\/vc_column_text][vc_column_text]<a class=\"red\" href=\"https:\/\/niw.gov.pl\/wp-content\/uploads\/2021\/08\/Raport-analiza-beneficjentow-priorytetu-3-PROO.pdf\" target=\"_blank\" rel=\"noopener\"><i class=\"far fa-file-pdf\"><\/i> Analiza beneficjent\u00f3w priorytetu 3 PROO na lata 2018-2030<\/a>[\/vc_column_text][vc_column_text]<a class=\"red\" href=\"https:\/\/niw.gov.pl\/wp-content\/uploads\/2021\/08\/Raport-analiza-beneficjentow-priorytetu-4-PROO.pdf\" target=\"_blank\" rel=\"noopener\"><i class=\"far fa-file-pdf\"><\/i> Analiza beneficjent\u00f3w priorytetu 4 PROO na lata 2018-2030<\/a>[\/vc_column_text][vc_column_text]<a class=\"red\" href=\"https:\/\/niw.gov.pl\/wp-content\/uploads\/2021\/08\/Raport-analiza-wnioskow-aplikacyjnych-z-priorytetu-5-PROO.pdf\"><i class=\"far fa-file-pdf\"><\/i> Analiza wniosk\u00f3w aplikacyjnych priorytetu 5 PROO Narodowego Instytutu Wolno\u015bci \u2013 Centrum Rozwoju Spo\u0142ecze\u0144stwa Obywatelskiego na lata 2018-2030\u201d<\/a>[\/vc_column_text][vc_column_text]<a class=\"red\" href=\"http:\/\/niw.gov.pl\/wp-content\/uploads\/2021\/05\/Raport-z-ewaluacji-on-going-wdrazania-pierwszej-fazy-PROO-2018-2030-.pdf\" target=\"_blank\" rel=\"noopener\"><i class=\"far fa-file-pdf\"><\/i> Raport z ewaluacji on-going wdra\u017cania pierwszej fazy PROO na lata 2018-2030<\/a>[\/vc_column_text][vc_column_text]<a class=\"red\" href=\"http:\/\/niw.gov.pl\/wp-content\/uploads\/2021\/05\/Raport_ewaluacja_ROHiS_1-szy-etap.pdf\" target=\"_blank\" rel=\"noopener\"><i class=\"far fa-file-pdf\"><\/i> Raport ewaluacyjny realizacji pierwszego etapu ROHiS na lata 2018-2020<\/a>[\/vc_column_text][vc_column_text]<a class=\"red\" href=\"http:\/\/niw.gov.pl\/wp-content\/uploads\/2021\/05\/Raport-koncowy_ewaluacja-ex-ante_P-FIO-2021.pdf\" target=\"_blank\" rel=\"noopener\"><i class=\"far fa-file-pdf\"><\/i> Raport ko\u0144cowy z ewaluacji ex-ante \u201eZa\u0142o\u017ce\u0144 do Programu Fundusz Inicjatyw Obywatelskich na lata 2021-2030\u201d<\/a>[\/vc_column_text][vc_column_text]<a class=\"red\" href=\"http:\/\/niw.gov.pl\/wp-content\/uploads\/2021\/05\/Poglebiona-analiza-mechanizmow-wdrazania-Priorytetu-I-P-FIO-2014-2020-1.pdf\" target=\"_blank\" rel=\"noopener\"><i class=\"far fa-file-pdf\"><\/i> Pog\u0142\u0119biona analiza mechanizm\u00f3w wdra\u017cania Priorytetu I P FIO 2014-2020<\/a>[\/vc_column_text][vc_column_text]<a class=\"red\" href=\"http:\/\/niw.gov.pl\/wp-content\/uploads\/2021\/05\/Raport_ewaluacja_badanie_poglebione_IVpriorytet-P-FIO.pdf\" target=\"_blank\" rel=\"noopener\"><i class=\"far fa-file-pdf\"><\/i> Pog\u0142\u0119biona analiza mechanizm\u00f3w wdra\u017cania Priorytetu IV P FIO 2014-2020<\/a>[\/vc_column_text][vc_column_text]<a class=\"red\" href=\"http:\/\/niw.gov.pl\/wp-content\/uploads\/2021\/05\/Badanie-ewaluacyjne-FIO-2014-2018.pdf\" target=\"_blank\" rel=\"noopener\"><i class=\"far fa-file-pdf\"><\/i> Wp\u0142yw P FIO 2014-2018 na rozw\u00f3j partycypacji obywatelskiej<\/a>[\/vc_column_text][vc_column_text]<a class=\"red\" href=\"http:\/\/niw.gov.pl\/wp-content\/uploads\/2021\/05\/WPLYW-P-FIO-NA-WIZERUNEK-I-WIARYGODNOSC-ORGANIZACJI.pdf\" target=\"_blank\" rel=\"noopener\"><i class=\"far fa-file-pdf\"><\/i> Wp\u0142yw P FIO na wizerunek i wiarygodno\u015b\u0107 organizacji<\/a>[\/vc_column_text][vc_column_text]<a class=\"red\" href=\"http:\/\/niw.gov.pl\/wp-content\/uploads\/2021\/05\/Wplyw-FIO-na-rozwoj-wolontariatu.pdf\" target=\"_blank\" rel=\"noopener\"><i class=\"far fa-file-pdf\"><\/i> Wp\u0142yw FIO na rozw\u00f3j wolontariatu<\/a>[\/vc_column_text][vc_column_text]<a class=\"red\" href=\"http:\/\/niw.gov.pl\/wp-content\/uploads\/2021\/05\/Partycypacja-mlodego-pokolenia-Polakow-w-podejmowaniu-oddolnych-inicjaty....pdf\" target=\"_blank\" rel=\"noopener\"><i class=\"far fa-file-pdf\"><\/i> Partycypacja m\u0142odego pokolenia Polak\u00f3w w podejmowaniu oddolnych inicjatywy obywatelskich<\/a>[\/vc_column_text][vc_column_text]<a class=\"red\" href=\"http:\/\/niw.gov.pl\/wp-content\/uploads\/2021\/05\/Wiejskie-NGO-a-P-FIO-2014-2020.pdf\" target=\"_blank\" rel=\"noopener\"><i class=\"far fa-file-pdf\"><\/i> Wiejskie NGO a P FIO 2014-2020<\/a>[\/vc_column_text][\/vc_column][\/vc_row]<\/p>\n","protected":false},"excerpt":{"rendered":"<p>[vc_row][vc_column][vc_column_text] Ocena dotychczas osi\u0105gni\u0119tych rezultat\u00f3w priorytet\u00f3w 1a i 2a Rz\u0105dowego Programu Rozwoju Organizacji Obywatelskich na lata 2018-2030 [\/vc_column_text][vc_column_text] Raport z ewaluacji ex-post Programu Fundusz Inicjatyw Obywatelskich 2014-2020 [\/vc_column_text][vc_column_text] Raport ewaluacyjny realizacji pierwszego etapu Programu Korpus Solidarno\u015bci[\/vc_column_text][vc_column_text] Analiza beneficjent\u00f3w priorytetu 3 PROO na lata 2018-2030[\/vc_column_text][vc_column_text] Analiza beneficjent\u00f3w priorytetu 4 PROO na lata 2018-2030[\/vc_column_text][vc_column_text] Analiza wniosk\u00f3w aplikacyjnych<\/p>\n","protected":false},"author":46,"featured_media":0,"parent":16422,"menu_order":0,"comment_status":"closed","ping_status":"closed","template":"page-templates\/about_niw_sub_pages.php","meta":{"_acf_changed":false,"inline_featured_image":false,"footnotes":""},"class_list":["post-16425","page","type-page","status-publish","hentry"],"acf":[],"_links":{"self":[{"href":"https:\/\/niw.gov.pl\/en\/wp-json\/wp\/v2\/pages\/16425","targetHints":{"allow":["GET"]}}],"collection":[{"href":"https:\/\/niw.gov.pl\/en\/wp-json\/wp\/v2\/pages"}],"about":[{"href":"https:\/\/niw.gov.pl\/en\/wp-json\/wp\/v2\/types\/page"}],"author":[{"embeddable":true,"href":"https:\/\/niw.gov.pl\/en\/wp-json\/wp\/v2\/users\/46"}],"replies":[{"embeddable":true,"href":"https:\/\/niw.gov.pl\/en\/wp-json\/wp\/v2\/comments?post=16425"}],"version-history":[{"count":22,"href":"https:\/\/niw.gov.pl\/en\/wp-json\/wp\/v2\/pages\/16425\/revisions"}],"predecessor-version":[{"id":57497,"href":"https:\/\/niw.gov.pl\/en\/wp-json\/wp\/v2\/pages\/16425\/revisions\/57497"}],"up":[{"embeddable":true,"href":"https:\/\/niw.gov.pl\/en\/wp-json\/wp\/v2\/pages\/16422"}],"wp:attachment":[{"href":"https:\/\/niw.gov.pl\/en\/wp-json\/wp\/v2\/media?parent=16425"}],"curies":[{"name":"wp","href":"https:\/\/api.w.org\/{rel}","templated":true}]}}