{"id":16427,"date":"2021-04-28T14:02:47","date_gmt":"2021-04-28T14:02:47","guid":{"rendered":"http:\/\/niw.gov.pl\/baza-wiedzy\/raporty-i-analizy\/badania\/"},"modified":"2025-02-13T16:43:22","modified_gmt":"2025-02-13T15:43:22","slug":"badania","status":"publish","type":"page","link":"https:\/\/niw.gov.pl\/en\/knowledge-base\/reports-and-analysis\/badania\/","title":{"rendered":"Badania"},"content":{"rendered":"<p>[vc_row][vc_column][vc_column_text]<a class=\"red\" href=\"https:\/\/niw.gov.pl\/wp-content\/uploads\/2025\/02\/Potencjal-organizacyjny-i-dzialania-rad-seniorow-Raport-z-badania.pdf\" target=\"_blank\" rel=\"noopener\"><i class=\"far fa-file-pdf\"><\/i> Potencja\u0142 organizacyjny i dzia\u0142ania rad senior\u00f3w. Raport z badania<\/a>[\/vc_column_text][\/vc_column][\/vc_row][vc_row][vc_column][vc_column_text]<a class=\"red\" href=\"http:\/\/niw.gov.pl\/wp-content\/uploads\/2021\/05\/Prasa-obywatelska-w-Polsce.-Problemy-mozliwosci-odrodzenia-i-rozwoju-potrzeba-wsparcia.pdf\" target=\"_blank\" rel=\"noopener\"><i class=\"far fa-file-pdf\"><\/i> Prasa obywatelska w Polsce. Problemy, mo\u017cliwo\u015bci odrodzenia i rozwoju, potrzeba wsparcia<\/a>[\/vc_column_text][\/vc_column][\/vc_row][vc_row][vc_column][vc_column_text]<a class=\"red\" href=\"https:\/\/niw.gov.pl\/wp-content\/uploads\/2022\/01\/Finansowanie-organizacji-pozarzadowych-przez-JST-2.pdf\" target=\"_blank\" rel=\"noopener\">Finansowanie organizacji pozarz\u0105dowych przez jednostki samorz\u0105du terytorialnego w 2020 i 2021 r. Raport z bada\u0144 <\/a>[\/vc_column_text][\/vc_column][\/vc_row][vc_row][vc_column][vc_column_text]<a class=\"red\" href=\"https:\/\/niw.gov.pl\/wp-content\/uploads\/2021\/12\/Funding-of-non-governmental-organisations-by-local-government-units-in-2020-and-2021.pdf\" target=\"_blank\" rel=\"noopener\">Funding of non-governmental organisation by local government units in 2020 and 2021<\/a>[\/vc_column_text][\/vc_column][\/vc_row]<\/p>\n","protected":false},"excerpt":{"rendered":"<p>[vc_row][vc_column][vc_column_text] Potencja\u0142 organizacyjny i dzia\u0142ania rad senior\u00f3w. Raport z badania[\/vc_column_text][\/vc_column][\/vc_row][vc_row][vc_column][vc_column_text] Prasa obywatelska w Polsce. Problemy, mo\u017cliwo\u015bci odrodzenia i rozwoju, potrzeba wsparcia[\/vc_column_text][\/vc_column][\/vc_row][vc_row][vc_column][vc_column_text]Finansowanie organizacji pozarz\u0105dowych przez jednostki samorz\u0105du terytorialnego w 2020 i 2021 r. Raport z bada\u0144 [\/vc_column_text][\/vc_column][\/vc_row][vc_row][vc_column][vc_column_text]Funding of non-governmental organisation by local government units in 2020 and 2021[\/vc_column_text][\/vc_column][\/vc_row]<\/p>\n","protected":false},"author":46,"featured_media":0,"parent":16422,"menu_order":2,"comment_status":"closed","ping_status":"closed","template":"page-templates\/about_niw_sub_pages.php","meta":{"_acf_changed":false,"inline_featured_image":false,"footnotes":""},"class_list":["post-16427","page","type-page","status-publish","hentry"],"acf":[],"_links":{"self":[{"href":"https:\/\/niw.gov.pl\/en\/wp-json\/wp\/v2\/pages\/16427","targetHints":{"allow":["GET"]}}],"collection":[{"href":"https:\/\/niw.gov.pl\/en\/wp-json\/wp\/v2\/pages"}],"about":[{"href":"https:\/\/niw.gov.pl\/en\/wp-json\/wp\/v2\/types\/page"}],"author":[{"embeddable":true,"href":"https:\/\/niw.gov.pl\/en\/wp-json\/wp\/v2\/users\/46"}],"replies":[{"embeddable":true,"href":"https:\/\/niw.gov.pl\/en\/wp-json\/wp\/v2\/comments?post=16427"}],"version-history":[{"count":9,"href":"https:\/\/niw.gov.pl\/en\/wp-json\/wp\/v2\/pages\/16427\/revisions"}],"predecessor-version":[{"id":61192,"href":"https:\/\/niw.gov.pl\/en\/wp-json\/wp\/v2\/pages\/16427\/revisions\/61192"}],"up":[{"embeddable":true,"href":"https:\/\/niw.gov.pl\/en\/wp-json\/wp\/v2\/pages\/16422"}],"wp:attachment":[{"href":"https:\/\/niw.gov.pl\/en\/wp-json\/wp\/v2\/media?parent=16427"}],"curies":[{"name":"wp","href":"https:\/\/api.w.org\/{rel}","templated":true}]}}