{"id":16430,"date":"2021-04-10T10:24:54","date_gmt":"2021-04-10T10:24:54","guid":{"rendered":"http:\/\/niw.gov.pl\/baza-wiedzy\/konkurs\/"},"modified":"2021-07-13T07:38:42","modified_gmt":"2021-07-13T07:38:42","slug":"contest","status":"publish","type":"page","link":"https:\/\/niw.gov.pl\/en\/knowledge-base\/contest\/","title":{"rendered":"Contest"},"content":{"rendered":"<p>[vc_row][vc_column][vc_column_text]<\/p>\n<h4><strong>Zapraszamy do udzia\u0142u w Konkursie na najlepsz\u0105 prac\u0119 magistersk\u0105 i doktorsk\u0105 po\u015bwi\u0119con\u0105 spo\u0142ecze\u0144stwu obywatelskiemu<\/strong><\/h4>\n<p>[\/vc_column_text][vc_column_text]Celem Konkursu jest wy\u0142onienie najlepszej pracy magisterskiej oraz najlepszej pracy doktorskiej z zakresu nauk spo\u0142ecznych dotycz\u0105cych spo\u0142ecze\u0144stwa obywatelskiego po\u015bwi\u0119conych takim zagadnieniom jak: spo\u0142ecze\u0144stwo obywatelskie i jego funkcje, sektor obywatelski w Polsce (tak\u017ce w wymiarze por\u00f3wnawczym), wolontariat, uniwersytety ludowe, ruch harcerski i skautowy.<\/p>\n<p>&nbsp;<\/p>\n<p>Konkurs jest organizowany pod patronatem Przewodnicz\u0105cego Komitetu ds. Po\u017cytku Publicznego.<\/p>\n<p>&nbsp;<\/p>\n<p>Uczestnikami konkursu mog\u0105 by\u0107 absolwenci szk\u00f3\u0142 wy\u017cszych i autorzy rozpraw doktorskich, kt\u00f3rzy obronili odpowiednio prac\u0119 magistersk\u0105 lub rozpraw\u0119 doktorsk\u0105 w Rzeczypospolitej Polskiej w okresie od 1 stycznia 2019 r. do 30 czerwca 2021 r.<\/p>\n<p>&nbsp;<\/p>\n<p>Do konkursu mog\u0105 by\u0107 zg\u0142oszone prace magisterskie, kt\u00f3re otrzyma\u0142y ocen\u0119 co najmniej bardzo dobr\u0105. Wymaganym j\u0119zykiem pracy\/ rozprawy jest j\u0119zyk polski.<\/p>\n<p>&nbsp;<\/p>\n<p>Zg\u0142oszenia udzia\u0142u b\u0119d\u0105 przyjmowane\u00a0<strong>w terminie od 1 czerwca 2021 r. do 20 lipca 2021 r.<\/strong><\/p>\n<p>&nbsp;<\/p>\n<p>Warunki uczestnictwa w Konkursie okre\u015blone zosta\u0142y w\u00a0<strong>Regulaminie Konkursu<\/strong>, przed przyst\u0105pieniem do Konkursu prosimy o\u00a0zapoznanie si\u0119 z jego tre\u015bci\u0105. Zg\u0142osze\u0144 mo\u017cna dokonywa\u0107 korzystaj\u0105c z za\u0142\u0105czonych\u00a0<strong>Formularza zg\u0142oszenia<\/strong>\u00a0i\u00a0<strong>Wzoru za\u015bwiadczenia<\/strong>.[\/vc_column_text][vc_row_inner][vc_column_inner width=&#8221;1\/2&#8243;]<div class=\"row\">\n\t\t\t\t<div class=\"col-lg-12 col-md-12 col-sm-12 media_text\">\n\t\t\t\t\t<div class=\"download_box\">\n\t\t\t\t<div class=\"download_text\">\n\t\t\t\t\t<a href=\"\" download>Regulamin konkursu<\/a><\/div><br><br><span><img decoding=\"async\" src=\"https:\/\/niw.gov.pl\/wp-content\/themes\/niw\/images\/\" alt=\"\"><\/button> <\/span><a href=\"\" download><button class=\"download_btn\" type=\"button\"> <img decoding=\"async\" src=\"https:\/\/niw.gov.pl\/wp-content\/themes\/niw\/images\/arrow7.png\" alt=\"arrow7.png\"><\/button><\/a> <div class=\"clr\">\n\n<\/div><\/div>\n\t\t\t\t\t<div class=\"download_box\">\n\t\t\t\t<div class=\"download_text\">\n\t\t\t\t\t<a href=\"https:\/\/niw.gov.pl\/wp-content\/uploads\/2021\/04\/Formularz-zgloszenia.docx\" download>Formularz zg\u0142oszenia<\/a><\/div><br><br><span><img decoding=\"async\" src=\"https:\/\/niw.gov.pl\/wp-content\/themes\/niw\/images\/DOC.png\" alt=\"DOC.png\"><\/button> 0.01MB<\/span><a href=\"https:\/\/niw.gov.pl\/wp-content\/uploads\/2021\/04\/Formularz-zgloszenia.docx\" download><button class=\"download_btn\" type=\"button\"> <img decoding=\"async\" src=\"https:\/\/niw.gov.pl\/wp-content\/themes\/niw\/images\/arrow7.png\" alt=\"arrow7.png\"><\/button><\/a> <div class=\"clr\">\n\n<\/div><\/div>\n\t\t\t\t\t<div class=\"download_box\">\n\t\t\t\t<div class=\"download_text\">\n\t\t\t\t\t<a href=\"https:\/\/niw.gov.pl\/wp-content\/uploads\/2021\/04\/Wzor-zaswiadczenia.docx\" download>Wz\u00f3r za\u015bwiadczenia<\/a><\/div><br><br><span><img decoding=\"async\" src=\"https:\/\/niw.gov.pl\/wp-content\/themes\/niw\/images\/DOC.png\" alt=\"DOC.png\"><\/button> 0.01MB<\/span><a href=\"https:\/\/niw.gov.pl\/wp-content\/uploads\/2021\/04\/Wzor-zaswiadczenia.docx\" download><button class=\"download_btn\" type=\"button\"> <img decoding=\"async\" src=\"https:\/\/niw.gov.pl\/wp-content\/themes\/niw\/images\/arrow7.png\" alt=\"arrow7.png\"><\/button><\/a> <div class=\"clr\">\n\n<\/div><\/div><\/div><\/div>[\/vc_column_inner][vc_column_inner width=&#8221;1\/2&#8243;][\/vc_column_inner][\/vc_row_inner][\/vc_column][\/vc_row]<\/p>\n","protected":false},"excerpt":{"rendered":"<p>[vc_row][vc_column][vc_column_text] Zapraszamy do udzia\u0142u w Konkursie na najlepsz\u0105 prac\u0119 magistersk\u0105 i doktorsk\u0105 po\u015bwi\u0119con\u0105 spo\u0142ecze\u0144stwu obywatelskiemu [\/vc_column_text][vc_column_text]Celem Konkursu jest wy\u0142onienie najlepszej pracy magisterskiej oraz najlepszej pracy doktorskiej z zakresu nauk spo\u0142ecznych dotycz\u0105cych spo\u0142ecze\u0144stwa obywatelskiego po\u015bwi\u0119conych takim zagadnieniom jak: spo\u0142ecze\u0144stwo obywatelskie i jego funkcje, sektor obywatelski w Polsce (tak\u017ce w wymiarze por\u00f3wnawczym), wolontariat, uniwersytety ludowe, ruch harcerski<\/p>\n","protected":false},"author":46,"featured_media":0,"parent":16399,"menu_order":4,"comment_status":"closed","ping_status":"closed","template":"page-templates\/about_niw_sub_pages.php","meta":{"_acf_changed":false,"inline_featured_image":false,"footnotes":""},"class_list":["post-16430","page","type-page","status-publish","hentry"],"acf":[],"_links":{"self":[{"href":"https:\/\/niw.gov.pl\/en\/wp-json\/wp\/v2\/pages\/16430","targetHints":{"allow":["GET"]}}],"collection":[{"href":"https:\/\/niw.gov.pl\/en\/wp-json\/wp\/v2\/pages"}],"about":[{"href":"https:\/\/niw.gov.pl\/en\/wp-json\/wp\/v2\/types\/page"}],"author":[{"embeddable":true,"href":"https:\/\/niw.gov.pl\/en\/wp-json\/wp\/v2\/users\/46"}],"replies":[{"embeddable":true,"href":"https:\/\/niw.gov.pl\/en\/wp-json\/wp\/v2\/comments?post=16430"}],"version-history":[{"count":2,"href":"https:\/\/niw.gov.pl\/en\/wp-json\/wp\/v2\/pages\/16430\/revisions"}],"predecessor-version":[{"id":18446,"href":"https:\/\/niw.gov.pl\/en\/wp-json\/wp\/v2\/pages\/16430\/revisions\/18446"}],"up":[{"embeddable":true,"href":"https:\/\/niw.gov.pl\/en\/wp-json\/wp\/v2\/pages\/16399"}],"wp:attachment":[{"href":"https:\/\/niw.gov.pl\/en\/wp-json\/wp\/v2\/media?parent=16430"}],"curies":[{"name":"wp","href":"https:\/\/api.w.org\/{rel}","templated":true}]}}