{"id":16439,"date":"2021-04-08T08:45:45","date_gmt":"2021-04-08T08:45:45","guid":{"rendered":"http:\/\/niw.gov.pl\/dla-mediow\/komunikaty-i-informacje-prasowe\/2020-2\/"},"modified":"2021-10-18T16:07:11","modified_gmt":"2021-10-18T14:07:11","slug":"2020-2","status":"publish","type":"page","link":"https:\/\/niw.gov.pl\/en\/contact\/media\/press-releases\/2020-2\/","title":{"rendered":"2020"},"content":{"rendered":"<p>[vc_row][vc_column]<div class=\"documents\">\n<div class=\"documents_text\">Informacje prasowe 2020:<\/div>\n<div class=\"clr\"><\/div><\/div>\n<div class=\"space_30\"><\/div>\n<div class=\"media_links\">\n \n <a href=\"https:\/\/niw.gov.pl\/wp-content\/uploads\/2021\/04\/16112020-Spoleczenstwo-obywatelskie-kierunek-wspolnota.pdf\" download><button class=\"link_btn media_links_btn\" type=\"button\"> <img decoding=\"async\" src=\"https:\/\/niw.gov.pl\/wp-content\/themes\/niw\/images\/ic_link.png\" alt=\"ic_link.png\"> <\/button>\n\n<span class=\"red\">16.11.2020<\/span> &#8220;Spo\u0142ecze\u0144stwo obywatelskie: kierunek wsp\u00f3lnota&#8221; \u2013 doroczna konferencja NIW-CRSO<\/a><\/div> \n \n<div class=\"media_links\">\n \n <a href=\"https:\/\/niw.gov.pl\/wp-content\/uploads\/2021\/04\/20200824_NOWE-FIO.pdf\" download><button class=\"link_btn media_links_btn\" type=\"button\"> <img decoding=\"async\" src=\"https:\/\/niw.gov.pl\/wp-content\/themes\/niw\/images\/ic_link.png\" alt=\"ic_link.png\"> <\/button>\n\n<span class=\"red\">24.08.2020<\/span> Wicepremier Gli\u0144ski zapowiada nowe FIO z wi\u0119kszym bud\u017cetem. Ruszaj\u0105 konsultacje programu<\/a><\/div> \n \n<div class=\"media_links\">\n \n <a href=\"https:\/\/niw.gov.pl\/wp-content\/uploads\/2021\/04\/20200408-Start-PROO-P1b.pdf\" download><button class=\"link_btn media_links_btn\" type=\"button\"> <img decoding=\"async\" src=\"https:\/\/niw.gov.pl\/wp-content\/themes\/niw\/images\/ic_link.png\" alt=\"ic_link.png\"> <\/button>\n\n<span class=\"red\">04.08.2020<\/span> Blisko 4 mln z\u0142 dla NGO na udzia\u0142 w projektach mi\u0119dzynarodowych: rusza kolejny konkurs w ramach PROO<\/a><\/div> \n \n<div class=\"media_links\">\n \n <a href=\"https:\/\/niw.gov.pl\/wp-content\/uploads\/2021\/04\/20200622_Program-Wspierania-Rozwoju-UL.pdf\" download><button class=\"link_btn media_links_btn\" type=\"button\"> <img decoding=\"async\" src=\"https:\/\/niw.gov.pl\/wp-content\/themes\/niw\/images\/ic_link.png\" alt=\"ic_link.png\"> <\/button>\n\n<span class=\"red\">22.06.2020<\/span> Ponad 100 mln z\u0142 na rozw\u00f3j poza formalnej edukacji doros\u0142ych. Rada Ministr\u00f3w przyj\u0119\u0142a Program Wspierania Rozwoju Uniwersytet\u00f3w Ludowych na lata 2020-2030<\/a><\/div> \n \n<div class=\"media_links\">\n \n <a href=\"https:\/\/niw.gov.pl\/wp-content\/uploads\/2021\/04\/20200507_10-mln-zl-na-wsparcie-dla-NGO.pdf\" download><button class=\"link_btn media_links_btn\" type=\"button\"> <img decoding=\"async\" src=\"https:\/\/niw.gov.pl\/wp-content\/themes\/niw\/images\/ic_link.png\" alt=\"ic_link.png\"> <\/button>\n\n<span class=\"red\">07.05.2020<\/span> 10 milion\u00f3w z\u0142otych na wsparcie III sektora: Rada Ministr\u00f3w przyj\u0119\u0142a rz\u0105dowy Program Wsparcia Dora\u017anego Organizacji Pozarz\u0105dowych w Zakresie Przeciwdzia\u0142ania Skutkom COVID-19<\/a><\/div> \n \n<div class=\"media_links\">\n \n <a href=\"https:\/\/niw.gov.pl\/wp-content\/uploads\/2021\/04\/2020_04_07_Komunikat-tarcza-2_informacja-prasowa.pdf\" download><button class=\"link_btn media_links_btn\" type=\"button\"> <img decoding=\"async\" src=\"https:\/\/niw.gov.pl\/wp-content\/themes\/niw\/images\/ic_link.png\" alt=\"ic_link.png\"> <\/button>\n\n<span class=\"red\">07.04.2020<\/span> Rz\u0105d przyj\u0105\u0142 pakiet kolejnych propozycji dla organizacji pozarz\u0105dowych w zwi\u0105zku z zagro\u017ceniem COVID-19<\/a><\/div> \n \n<div class=\"media_links\">\n \n <a href=\"https:\/\/niw.gov.pl\/wp-content\/uploads\/2021\/04\/20200320-Tarcza-antykryzysowa-dla-III-sektora.pdf\" download><button class=\"link_btn media_links_btn\" type=\"button\"> <img decoding=\"async\" src=\"https:\/\/niw.gov.pl\/wp-content\/themes\/niw\/images\/ic_link.png\" alt=\"ic_link.png\"> <\/button>\n\n<span class=\"red\">20.03.2020<\/span> Wyst\u0105pienie Wicepremiera Piotra Gli\u0144skiego: Tarcza antykryzysowa dla III sektora<\/a><\/div> \n \n<div class=\"media_links\">\n \n <a href=\"https:\/\/niw.gov.pl\/wp-content\/uploads\/2021\/04\/20200306-Start-PROO-2a-kapitaly-zelazne.pdf\" download><button class=\"link_btn media_links_btn\" type=\"button\"> <img decoding=\"async\" src=\"https:\/\/niw.gov.pl\/wp-content\/themes\/niw\/images\/ic_link.png\" alt=\"ic_link.png\"> <\/button>\n\n<span class=\"red\">06.03.2020<\/span> PROO 2A Uroczysta inauguracja pierwszego w Polsce konkursu grantowego na dofinansowanie kapita\u0142\u00f3w \u017celaznych organizacji III sektora<\/a><\/div> \n \n<div class=\"media_links\">\n \n <a href=\"https:\/\/niw.gov.pl\/wp-content\/uploads\/2021\/04\/20201102_Ruch-jak-w-UL-u-1.pdf\" download><button class=\"link_btn media_links_btn\" type=\"button\"> <img decoding=\"async\" src=\"https:\/\/niw.gov.pl\/wp-content\/themes\/niw\/images\/ic_link.png\" alt=\"ic_link.png\"> <\/button>\n\n<span class=\"red\">11.02.2020<\/span> Ruch jak w Ul-u. W pierwszym konkursie Programu Wspierania Rozwoju Uniwersytet\u00f3w Ludowych na l. 2020-2030 wnioski z\u0142o\u017cy\u0142o 213 organizacji<\/a><\/div> \n <div class=\"space_60\"><\/div>\n<div class=\"row\">\n\n  <div class=\"col-lg-12\">\n  \n<button class=\"red_btn history_btn1\"  onClick=\"javascript:history.go(-1)\" type=\"button\">Back<\/button>\n\n<span class=\"a2a_kit a2a_kit_size_32\" data-a2a-url=\"#\" data-a2a-title=\"Homing :: NIW\">\n<a class=\"addtoany\" href=\"#\"><button class=\"system_btn print_btn\" type=\"button\"> &nbsp; NOTIFY A FRIEND <\/button><\/a>\n\n<\/span><\/div><\/div>[\/vc_column][\/vc_row]<\/p>\n","protected":false},"excerpt":{"rendered":"<p>[vc_row][vc_column][\/vc_column][\/vc_row]<\/p>\n","protected":false},"author":46,"featured_media":0,"parent":16436,"menu_order":38,"comment_status":"closed","ping_status":"closed","template":"page-templates\/dlla_mediow_sub_pages.php","meta":{"_acf_changed":false,"inline_featured_image":false,"footnotes":""},"class_list":["post-16439","page","type-page","status-publish","hentry"],"acf":[],"_links":{"self":[{"href":"https:\/\/niw.gov.pl\/en\/wp-json\/wp\/v2\/pages\/16439","targetHints":{"allow":["GET"]}}],"collection":[{"href":"https:\/\/niw.gov.pl\/en\/wp-json\/wp\/v2\/pages"}],"about":[{"href":"https:\/\/niw.gov.pl\/en\/wp-json\/wp\/v2\/types\/page"}],"author":[{"embeddable":true,"href":"https:\/\/niw.gov.pl\/en\/wp-json\/wp\/v2\/users\/46"}],"replies":[{"embeddable":true,"href":"https:\/\/niw.gov.pl\/en\/wp-json\/wp\/v2\/comments?post=16439"}],"version-history":[{"count":2,"href":"https:\/\/niw.gov.pl\/en\/wp-json\/wp\/v2\/pages\/16439\/revisions"}],"predecessor-version":[{"id":18103,"href":"https:\/\/niw.gov.pl\/en\/wp-json\/wp\/v2\/pages\/16439\/revisions\/18103"}],"up":[{"embeddable":true,"href":"https:\/\/niw.gov.pl\/en\/wp-json\/wp\/v2\/pages\/16436"}],"wp:attachment":[{"href":"https:\/\/niw.gov.pl\/en\/wp-json\/wp\/v2\/media?parent=16439"}],"curies":[{"name":"wp","href":"https:\/\/api.w.org\/{rel}","templated":true}]}}