{"id":16441,"date":"2021-04-08T08:46:58","date_gmt":"2021-04-08T08:46:58","guid":{"rendered":"http:\/\/niw.gov.pl\/dla-mediow\/komunikaty-i-informacje-prasowe\/2019-2\/"},"modified":"2021-10-18T16:06:27","modified_gmt":"2021-10-18T14:06:27","slug":"2019-2","status":"publish","type":"page","link":"https:\/\/niw.gov.pl\/en\/contact\/media\/press-releases\/2019-2\/","title":{"rendered":"2019"},"content":{"rendered":"<p>[vc_row][vc_column]<div class=\"documents\">\n<div class=\"documents_text\">Informacje prasowe 2019:<\/div>\n<div class=\"clr\"><\/div><\/div>\n<div class=\"space_30\"><\/div>\n<div class=\"media_links\">\n \n <a href=\"https:\/\/niw.gov.pl\/wp-content\/uploads\/2021\/04\/swiateczna-kampania-korpusu-solidarnosci-informacja-prasowa-merytoryczna.pdf\" download><button class=\"link_btn media_links_btn\" type=\"button\"> <img decoding=\"async\" src=\"https:\/\/niw.gov.pl\/wp-content\/themes\/niw\/images\/ic_link.png\" alt=\"ic_link.png\"> <\/button>\n\n<span class=\"red\">19.12.2019<\/span> Startuje \u015bwi\u0105teczna kampania Korpusu Solidarno\u015bci promuj\u0105ca wolontariat d\u0142ugoterminowy<\/a><\/div> \n \n<div class=\"media_links\">\n \n <a href=\"https:\/\/niw.gov.pl\/wp-content\/uploads\/2021\/04\/pomagaj-nie-raz-a-caly-czas-informacja-prasowa-branzowa.pdf\" download><button class=\"link_btn media_links_btn\" type=\"button\"> <img decoding=\"async\" src=\"https:\/\/niw.gov.pl\/wp-content\/themes\/niw\/images\/ic_link.png\" alt=\"ic_link.png\"> <\/button>\n\n<span class=\"red\">19.12.2019<\/span> Startuje \u015bwi\u0105teczna kampania Korpusu Solidarno\u015bci z Erykiem Lubosem<\/a><\/div> \n \n<div class=\"media_links\">\n \n <a href=\"https:\/\/niw.gov.pl\/wp-content\/uploads\/2021\/04\/Pierwszy-konkurs-innowacyjnego-rzadowego-programu-dla-III-sektora-PROO-rozstrzygniety.pdf\" download><button class=\"link_btn media_links_btn\" type=\"button\"> <img decoding=\"async\" src=\"https:\/\/niw.gov.pl\/wp-content\/themes\/niw\/images\/ic_link.png\" alt=\"ic_link.png\"> <\/button>\n\n<span class=\"red\">09.08.2019<\/span> Pierwszy konkurs innowacyjnego rz\u0105dowego programu dla III sektora \u2013 PROO \u2013 rozstrzygni\u0119ty!<\/a><\/div> \n \n<div class=\"media_links\">\n \n <a href=\"https:\/\/niw.gov.pl\/wp-content\/uploads\/2021\/04\/MamyWybory-informacja.pdf\" download><button class=\"link_btn media_links_btn\" type=\"button\"> <img decoding=\"async\" src=\"https:\/\/niw.gov.pl\/wp-content\/themes\/niw\/images\/ic_link.png\" alt=\"ic_link.png\"> <\/button>\n\n<span class=\"red\">22.05.2019<\/span> Ja mam wyb\u00f3r, Ty masz wyb\u00f3r, wszyscy #MamyWybory!<\/a><\/div> \n \n<div class=\"media_links\">\n \n <a href=\"https:\/\/niw.gov.pl\/wp-content\/uploads\/2021\/04\/20190222-PROO-ruszaja-priorytety-3-i-4.pdf\" download><button class=\"link_btn media_links_btn\" type=\"button\"> <img decoding=\"async\" src=\"https:\/\/niw.gov.pl\/wp-content\/themes\/niw\/images\/ic_link.png\" alt=\"ic_link.png\"> <\/button>\n\n<span class=\"red\">22.02.2019<\/span> PROO ruszaj\u0105 priorytety 3 i 4.<\/a><\/div> \n \n<div class=\"media_links\">\n \n <a href=\"https:\/\/niw.gov.pl\/wp-content\/uploads\/2021\/04\/PROO-start-info-press.pdf\" download><button class=\"link_btn media_links_btn\" type=\"button\"> <img decoding=\"async\" src=\"https:\/\/niw.gov.pl\/wp-content\/themes\/niw\/images\/ic_link.png\" alt=\"ic_link.png\"> <\/button>\n\n<span class=\"red\">11.02.2019<\/span> P\u00f3\u0142 miliarda z\u0142 dla organizacji pozarz\u0105dowych. Startuje nowy program.<\/a><\/div> \n <div class=\"space_60\"><\/div>\n<div class=\"row\">\n\n  <div class=\"col-lg-12\">\n  \n<button class=\"red_btn history_btn1\"  onClick=\"javascript:history.go(-1)\" type=\"button\">Back<\/button>\n\n<span class=\"a2a_kit a2a_kit_size_32\" data-a2a-url=\"#\" data-a2a-title=\"Homing :: NIW\">\n<a class=\"addtoany\" href=\"#\"><button class=\"system_btn print_btn\" type=\"button\"> &nbsp; NOTIFY A FRIEND <\/button><\/a>\n\n<\/span><\/div><\/div>[\/vc_column][\/vc_row]<\/p>\n","protected":false},"excerpt":{"rendered":"<p>[vc_row][vc_column][\/vc_column][\/vc_row]<\/p>\n","protected":false},"author":46,"featured_media":0,"parent":16436,"menu_order":39,"comment_status":"closed","ping_status":"closed","template":"page-templates\/dlla_mediow_sub_pages.php","meta":{"_acf_changed":false,"inline_featured_image":false,"footnotes":""},"class_list":["post-16441","page","type-page","status-publish","hentry"],"acf":[],"_links":{"self":[{"href":"https:\/\/niw.gov.pl\/en\/wp-json\/wp\/v2\/pages\/16441","targetHints":{"allow":["GET"]}}],"collection":[{"href":"https:\/\/niw.gov.pl\/en\/wp-json\/wp\/v2\/pages"}],"about":[{"href":"https:\/\/niw.gov.pl\/en\/wp-json\/wp\/v2\/types\/page"}],"author":[{"embeddable":true,"href":"https:\/\/niw.gov.pl\/en\/wp-json\/wp\/v2\/users\/46"}],"replies":[{"embeddable":true,"href":"https:\/\/niw.gov.pl\/en\/wp-json\/wp\/v2\/comments?post=16441"}],"version-history":[{"count":1,"href":"https:\/\/niw.gov.pl\/en\/wp-json\/wp\/v2\/pages\/16441\/revisions"}],"predecessor-version":[{"id":16442,"href":"https:\/\/niw.gov.pl\/en\/wp-json\/wp\/v2\/pages\/16441\/revisions\/16442"}],"up":[{"embeddable":true,"href":"https:\/\/niw.gov.pl\/en\/wp-json\/wp\/v2\/pages\/16436"}],"wp:attachment":[{"href":"https:\/\/niw.gov.pl\/en\/wp-json\/wp\/v2\/media?parent=16441"}],"curies":[{"name":"wp","href":"https:\/\/api.w.org\/{rel}","templated":true}]}}