{"id":16444,"date":"2021-04-08T08:48:23","date_gmt":"2021-04-08T08:48:23","guid":{"rendered":"http:\/\/niw.gov.pl\/dla-mediow\/komunikaty-i-informacje-prasowe\/2018-2\/"},"modified":"2021-10-18T16:05:52","modified_gmt":"2021-10-18T14:05:52","slug":"2018-2","status":"publish","type":"page","link":"https:\/\/niw.gov.pl\/en\/contact\/media\/press-releases\/2018-2\/","title":{"rendered":"2018"},"content":{"rendered":"<p>[vc_row][vc_column]<div class=\"documents\">\n<div class=\"documents_text\">Informacje prasowe 2018:<\/div>\n<div class=\"clr\"><\/div><\/div>\n<div class=\"space_30\"><\/div>\n<div class=\"media_links\">\n \n <a href=\"https:\/\/niw.gov.pl\/wp-content\/uploads\/2021\/04\/FIO-2019-start.pdf\" download><button class=\"link_btn media_links_btn\" type=\"button\"> <img decoding=\"async\" src=\"https:\/\/niw.gov.pl\/wp-content\/themes\/niw\/images\/ic_link.png\" alt=\"ic_link.png\"> <\/button>\n\n<span class=\"red\">19.12.2018<\/span> Prawie 60 mln z\u0142 od rz\u0105du dla organizacji pozarz\u0105dowych \u2013 rusza Fundusz Inicjatyw Obywatelskich 2019!<\/a><\/div> \n \n<div class=\"media_links\">\n \n <a href=\"https:\/\/niw.gov.pl\/wp-content\/uploads\/2021\/04\/20181129-Spoleczenstwo-obywatelskie-oparte-na-wartosciach-miedzynarodowa-konferencja-NIW.pdf\" download><button class=\"link_btn media_links_btn\" type=\"button\"> <img decoding=\"async\" src=\"https:\/\/niw.gov.pl\/wp-content\/themes\/niw\/images\/ic_link.png\" alt=\"ic_link.png\"> <\/button>\n\n<span class=\"red\">29.11.2018<\/span> Spo\u0142ecze\u0144stwo obywatelskie oparte na warto\u015bciach \u2013 mi\u0119dzynarodowa konferencja NIW<\/a><\/div> \n \n<div class=\"media_links\">\n \n <a href=\"https:\/\/niw.gov.pl\/wp-content\/uploads\/2021\/04\/20181010-dotacje-fio-polityka-1.pdf\" download><button class=\"link_btn media_links_btn\" type=\"button\"> <img decoding=\"async\" src=\"https:\/\/niw.gov.pl\/wp-content\/themes\/niw\/images\/ic_link.png\" alt=\"ic_link.png\"> <\/button>\n\n<span class=\"red\">11.10.2018<\/span> O\u015bwiadczenie dotycz\u0105ce artyku\u0142u \u201eDotacje dla swoich\u201d w Polityce<\/a><\/div> \n \n<div class=\"media_links\">\n \n <a href=\"https:\/\/niw.gov.pl\/wp-content\/uploads\/2021\/04\/20180830-Premier-Piotr-Glinski-w-Rzeszowie.-Ogloszenie-wynikow-malego-FIO.pdf\" download><button class=\"link_btn media_links_btn\" type=\"button\"> <img decoding=\"async\" src=\"https:\/\/niw.gov.pl\/wp-content\/themes\/niw\/images\/ic_link.png\" alt=\"ic_link.png\"> <\/button>\n\n<span class=\"red\">30.08.2018<\/span> Premier Piotr Gli\u0144ski w Rzeszowie. Og\u0142oszenie wynik\u00f3w ma\u0142ego FIO<\/a><\/div> \n \n<div class=\"media_links\">\n \n <a href=\"https:\/\/niw.gov.pl\/wp-content\/uploads\/2021\/04\/my-chcemy-logo-info-press.pdf\" download><button class=\"link_btn media_links_btn\" type=\"button\"> <img decoding=\"async\" src=\"https:\/\/niw.gov.pl\/wp-content\/themes\/niw\/images\/ic_link.png\" alt=\"ic_link.png\"> <\/button>\n\n<span class=\"red\">27.07.2018<\/span> Konkurs na logotypy program\u00f3w spo\u0142ecze\u0144stwa obywatelskiego<\/a><\/div> \n \n<div class=\"media_links\">\n \n <a href=\"https:\/\/niw.gov.pl\/wp-content\/uploads\/2021\/04\/przelomowy-program-PROO.pdf\" download><button class=\"link_btn media_links_btn\" type=\"button\"> <img decoding=\"async\" src=\"https:\/\/niw.gov.pl\/wp-content\/themes\/niw\/images\/ic_link.png\" alt=\"ic_link.png\"> <\/button>\n\n<span class=\"red\">24.07.2018<\/span> Nowy Program dla NGO: Rada Ministr\u00f3w przyj\u0119\u0142a Program Rozwoju Organizacji Obywatelskich PROO<\/a><\/div> \n \n<div class=\"media_links\">\n \n <a href=\"https:\/\/niw.gov.pl\/wp-content\/uploads\/2021\/04\/Informacja-dotyczaca-finansow-Narodowego-Instytutu-Wolnosci.pdf\" download><button class=\"link_btn media_links_btn\" type=\"button\"> <img decoding=\"async\" src=\"https:\/\/niw.gov.pl\/wp-content\/themes\/niw\/images\/ic_link.png\" alt=\"ic_link.png\"> <\/button>\n\n<span class=\"red\">04.06.2018<\/span> Informacja dotycz\u0105ca finans\u00f3w NIW-CRSO<\/a><\/div> \n \n<div class=\"media_links\">\n \n <a href=\"https:\/\/niw.gov.pl\/wp-content\/uploads\/2021\/04\/20180530-najwiekszy-rzadowy-konkurs-dotacyjny-rozstrzygniety.pdf\" download><button class=\"link_btn media_links_btn\" type=\"button\"> <img decoding=\"async\" src=\"https:\/\/niw.gov.pl\/wp-content\/themes\/niw\/images\/ic_link.png\" alt=\"ic_link.png\"> <\/button>\n\n<span class=\"red\">30.05.2018<\/span> Konkurs FIO 2018 rozstrzygni\u0119ty<\/a><\/div> \n \n<div class=\"media_links\">\n \n <a href=\"https:\/\/niw.gov.pl\/wp-content\/uploads\/2021\/04\/20180509-gotowi-na-rodo-kampania-informacyjna-dla-ngo.pdf\" download><button class=\"link_btn media_links_btn\" type=\"button\"> <img decoding=\"async\" src=\"https:\/\/niw.gov.pl\/wp-content\/themes\/niw\/images\/ic_link.png\" alt=\"ic_link.png\"> <\/button>\n\n<span class=\"red\">09.05.2018<\/span> Gotowi na RODO \u2013 kampania informacyjna dla NGO<\/a><\/div> \n \n<div class=\"media_links\">\n \n <a href=\"https:\/\/niw.gov.pl\/wp-content\/uploads\/2021\/04\/20180425-gotowi-na-rodo-kampania-informacyjna-dla-ngo.pdf\" download><button class=\"link_btn media_links_btn\" type=\"button\"> <img decoding=\"async\" src=\"https:\/\/niw.gov.pl\/wp-content\/themes\/niw\/images\/ic_link.png\" alt=\"ic_link.png\"> <\/button>\n\n<span class=\"red\">25.04.2018<\/span> Gotowi na RODO \u2013 kampania dla NGO<\/a><\/div> \n \n<div class=\"media_links\">\n \n <a href=\"https:\/\/niw.gov.pl\/wp-content\/uploads\/2021\/04\/20180328-nabor-wnioskow-do-fio-2018-wydluzony.pdf\" download><button class=\"link_btn media_links_btn\" type=\"button\"> <img decoding=\"async\" src=\"https:\/\/niw.gov.pl\/wp-content\/themes\/niw\/images\/ic_link.png\" alt=\"ic_link.png\"> <\/button>\n\n<span class=\"red\">28.03.2018<\/span> Nab\u00f3r wniosk\u00f3w do FIO wyd\u0142u\u017cony<\/a><\/div> \n \n<div class=\"media_links\">\n \n <a href=\"https:\/\/niw.gov.pl\/wp-content\/uploads\/2021\/04\/20180321-innowacje-w-najwiekszym-konkursie-dla-ngo.pdf\" download><button class=\"link_btn media_links_btn\" type=\"button\"> <img decoding=\"async\" src=\"https:\/\/niw.gov.pl\/wp-content\/themes\/niw\/images\/ic_link.png\" alt=\"ic_link.png\"> <\/button>\n\n<span class=\"red\">21.03.2018<\/span> Innowacje w najwi\u0119kszym konkursie dla NGO<\/a><\/div> \n \n<div class=\"media_links\">\n \n <a href=\"https:\/\/niw.gov.pl\/wp-content\/uploads\/2021\/04\/20180301-rusza-kolejna-edycja-funduszu-inicjatyw-obywatelskich.pdf\" download><button class=\"link_btn media_links_btn\" type=\"button\"> <img decoding=\"async\" src=\"https:\/\/niw.gov.pl\/wp-content\/themes\/niw\/images\/ic_link.png\" alt=\"ic_link.png\"> <\/button>\n\n<span class=\"red\">01.03.2018<\/span> Rusza kolejna edycja Funduszu Inicjatyw Obywatelskich<\/a><\/div> \n <div class=\"space_60\"><\/div>\n<div class=\"row\">\n\n  <div class=\"col-lg-12\">\n  \n<button class=\"red_btn history_btn1\"  onClick=\"javascript:history.go(-1)\" type=\"button\">Back<\/button>\n\n<span class=\"a2a_kit a2a_kit_size_32\" data-a2a-url=\"#\" data-a2a-title=\"Homing :: NIW\">\n<a class=\"addtoany\" href=\"#\"><button class=\"system_btn print_btn\" type=\"button\"> &nbsp; NOTIFY A FRIEND <\/button><\/a>\n\n<\/span><\/div><\/div>[\/vc_column][\/vc_row]<\/p>\n","protected":false},"excerpt":{"rendered":"<p>[vc_row][vc_column][\/vc_column][\/vc_row]<\/p>\n","protected":false},"author":46,"featured_media":0,"parent":16436,"menu_order":40,"comment_status":"closed","ping_status":"closed","template":"page-templates\/dlla_mediow_sub_pages.php","meta":{"_acf_changed":false,"inline_featured_image":false,"footnotes":""},"class_list":["post-16444","page","type-page","status-publish","hentry"],"acf":[],"_links":{"self":[{"href":"https:\/\/niw.gov.pl\/en\/wp-json\/wp\/v2\/pages\/16444","targetHints":{"allow":["GET"]}}],"collection":[{"href":"https:\/\/niw.gov.pl\/en\/wp-json\/wp\/v2\/pages"}],"about":[{"href":"https:\/\/niw.gov.pl\/en\/wp-json\/wp\/v2\/types\/page"}],"author":[{"embeddable":true,"href":"https:\/\/niw.gov.pl\/en\/wp-json\/wp\/v2\/users\/46"}],"replies":[{"embeddable":true,"href":"https:\/\/niw.gov.pl\/en\/wp-json\/wp\/v2\/comments?post=16444"}],"version-history":[{"count":1,"href":"https:\/\/niw.gov.pl\/en\/wp-json\/wp\/v2\/pages\/16444\/revisions"}],"predecessor-version":[{"id":16445,"href":"https:\/\/niw.gov.pl\/en\/wp-json\/wp\/v2\/pages\/16444\/revisions\/16445"}],"up":[{"embeddable":true,"href":"https:\/\/niw.gov.pl\/en\/wp-json\/wp\/v2\/pages\/16436"}],"wp:attachment":[{"href":"https:\/\/niw.gov.pl\/en\/wp-json\/wp\/v2\/media?parent=16444"}],"curies":[{"name":"wp","href":"https:\/\/api.w.org\/{rel}","templated":true}]}}