{"id":16447,"date":"2021-04-07T12:32:27","date_gmt":"2021-04-07T12:32:27","guid":{"rendered":"http:\/\/niw.gov.pl\/dla-mediow\/materialy-do-pobrania\/"},"modified":"2024-04-10T13:35:38","modified_gmt":"2024-04-10T11:35:38","slug":"materialy-do-pobrania","status":"publish","type":"page","link":"https:\/\/niw.gov.pl\/en\/contact\/media\/materialy-do-pobrania\/","title":{"rendered":"Materia\u0142y do pobrania"},"content":{"rendered":"<p>[vc_row][vc_column][vc_column_text]Logotypy program\u00f3w i wytyczne do promocji projekt\u00f3w mo\u017cna pobra\u0107 <a class=\"red\" href=\"https:\/\/niw.gov.pl\/dla-beneficjentow\/\" target=\"_blank\" rel=\"noopener\"><strong>TUTAJ<\/strong><\/a>[\/vc_column_text][\/vc_column][\/vc_row][vc_row][vc_column width=&#8221;1\/2&#8243;]<div class=\"row\">\n\t\t\t\t<div class=\"col-lg-12 col-md-12 col-sm-12 media_text\">\n\t\t\t\t\t<div class=\"download_box\">\n\t\t\t\t<div class=\"download_text\">\n\t\t\t\t\t<a href=\"https:\/\/niw.gov.pl\/wp-content\/uploads\/2022\/03\/logo-NIW-zestaw.zip\" download>Logo NIW-CRSO. Pobierz zestaw<\/a><\/div><br><br><span><img decoding=\"async\" src=\"https:\/\/niw.gov.pl\/wp-content\/themes\/niw\/images\/ZIP.png\" alt=\"ZIP.png\"><\/button> 0.01GB<\/span><a href=\"https:\/\/niw.gov.pl\/wp-content\/uploads\/2022\/03\/logo-NIW-zestaw.zip\" download><button class=\"download_btn\" type=\"button\"> <img decoding=\"async\" src=\"https:\/\/niw.gov.pl\/wp-content\/themes\/niw\/images\/arrow7.png\" alt=\"arrow7.png\"><\/button><\/a> <div class=\"clr\">\n\n<\/div><\/div><\/div><\/div>[\/vc_column][vc_column width=&#8221;1\/2&#8243;][\/vc_column][\/vc_row][vc_row][vc_column][vc_empty_space][\/vc_column][\/vc_row][vc_row][vc_column][vc_empty_space][vc_column_text]<\/p>\n<div class=\"program_logos_text1 black\"><span style=\"font-size: 14pt;\"><strong>Logo NIW i program\u00f3w w wersji angielskiej<\/strong><\/span><\/div>\n<p>[\/vc_column_text][vc_empty_space][\/vc_column][\/vc_row][vc_row][vc_column width=&#8221;1\/2&#8243;]<div class=\"row\">\n\t\t\t\t<div class=\"col-lg-12 col-md-12 col-sm-12 media_text\">\n\t\t\t\t\t<div class=\"download_box\">\n\t\t\t\t<div class=\"download_text\">\n\t\t\t\t\t<a href=\"https:\/\/niw.gov.pl\/wp-content\/uploads\/2021\/10\/angielskie.zip\" download>Loga NIW-CRSO i program\u00f3w w wersji angielskiej. Pobierz zestaw.<\/a><\/div><br><br><span><img decoding=\"async\" src=\"https:\/\/niw.gov.pl\/wp-content\/themes\/niw\/images\/ZIP.png\" alt=\"ZIP.png\"><\/button> 0.03GB<\/span><a href=\"https:\/\/niw.gov.pl\/wp-content\/uploads\/2021\/10\/angielskie.zip\" download><button class=\"download_btn\" type=\"button\"> <img decoding=\"async\" src=\"https:\/\/niw.gov.pl\/wp-content\/themes\/niw\/images\/arrow7.png\" alt=\"arrow7.png\"><\/button><\/a> <div class=\"clr\">\n\n<\/div><\/div><\/div><\/div>[\/vc_column][vc_column width=&#8221;1\/2&#8243;][\/vc_column][\/vc_row][vc_row][vc_column][vc_empty_space][\/vc_column][\/vc_row][vc_row][vc_column][vc_column_text]<\/p>\n<div class=\"program_logos_text1 black\"><span style=\"font-size: 14pt;\"><strong>Dyrekcja NIW-CRSO<\/strong><\/span><\/div>\n<p>[\/vc_column_text][vc_empty_space] <div class=\"row\">   \n   \n   <div class=\"col-lg-4 col-md-4 col-sm-12\">\n<div class=\"graphic_materials\">\n<div class=\"graphic_materials_img\"><img decoding=\"async\" src=\"https:\/\/niw.gov.pl\/wp-content\/uploads\/2021\/04\/410911743_800366925230161_4777910067371620960_n.jpg\" alt=\"Dyrektor Narodowego Instytutu Wolno\u015bci Micha\u0142 Braun\" width=\"100%\"><\/div>\n<div class=\"media_down\">\n<div class=\"download_text1\">Dyrektor Narodowego Instytutu Wolno\u015bci Micha\u0142 Braun<br>\n\n<span><\/span>\n<a href=\"https:\/\/niw.gov.pl\/wp-content\/uploads\/2021\/04\/410911743_800366925230161_4777910067371620960_n.jpg\" download><button class=\"download_btn media_down_btn1\" type=\"button\"> <img decoding=\"async\" src=\"https:\/\/niw.gov.pl\/wp-content\/themes\/niw\/images\/arrow7.png\" alt=\"arrow7.png\"><\/button><\/a>\n<\/div>\n\n<div class=\"clr\"><\/div><\/div>\n<\/div>\n<\/div>\n   \n   \n   \n   <div class=\"col-lg-4 col-md-4 col-sm-12\">\n<div class=\"graphic_materials\">\n<div class=\"graphic_materials_img\"><img decoding=\"async\" src=\"https:\/\/niw.gov.pl\/wp-content\/uploads\/2025\/01\/Fot-Ewa-Kalbarczyk.jpeg\" alt=\"Z-ca dyrektora Narodowego Instytutu Wolno\u015bci Ewa Kalbarczyk\" width=\"100%\"><\/div>\n<div class=\"media_down\">\n<div class=\"download_text1\">Z-ca dyrektora Narodowego Instytutu Wolno\u015bci Ewa Kalbarczyk<br>\n\n<span><\/span>\n<a href=\"https:\/\/niw.gov.pl\/wp-content\/uploads\/2025\/01\/Fot-Ewa-Kalbarczyk.jpeg\" download><button class=\"download_btn media_down_btn1\" type=\"button\"> <img decoding=\"async\" src=\"https:\/\/niw.gov.pl\/wp-content\/themes\/niw\/images\/arrow7.png\" alt=\"arrow7.png\"><\/button><\/a>\n<\/div>\n\n<div class=\"clr\"><\/div><\/div>\n<\/div>\n<\/div>\n   \n   \n   \n   <div class=\"col-lg-4 col-md-4 col-sm-12\">\n<div class=\"graphic_materials\">\n<div class=\"graphic_materials_img\"><img decoding=\"async\" src=\"https:\/\/niw.gov.pl\/wp-content\/uploads\/2024\/07\/Foto-Adela-Gasiorowska.jpg\" alt=\"Z-ca dyrektora Narodowego Instytutu Wolno\u015bci Adela G\u0105siorowska\" width=\"100%\"><\/div>\n<div class=\"media_down\">\n<div class=\"download_text1\">Z-ca dyrektora Narodowego Instytutu Wolno\u015bci Adela G\u0105siorowska<br>\n\n<span><\/span>\n<a href=\"https:\/\/niw.gov.pl\/wp-content\/uploads\/2024\/07\/Foto-Adela-Gasiorowska.jpg\" download><button class=\"download_btn media_down_btn1\" type=\"button\"> <img decoding=\"async\" src=\"https:\/\/niw.gov.pl\/wp-content\/themes\/niw\/images\/arrow7.png\" alt=\"arrow7.png\"><\/button><\/a>\n<\/div>\n\n<div class=\"clr\"><\/div><\/div>\n<\/div>\n<\/div>\n   \n <\/div>   <div class=\"space_120\"><\/div>\n<div class=\"row\">\n\n  <div class=\"col-lg-12\">\n  \n<button class=\"red_btn history_btn1\"  onClick=\"javascript:history.go(-1)\" type=\"button\">Back<\/button>\n\n<span class=\"a2a_kit a2a_kit_size_32\" data-a2a-url=\"#\" data-a2a-title=\"Homing :: NIW\">\n<a class=\"addtoany\" href=\"#\"><button class=\"system_btn print_btn\" type=\"button\"> &nbsp; NOTIFY A FRIEND <\/button><\/a>\n\n<\/span><\/div><\/div>[vc_empty_space][\/vc_column][\/vc_row][vc_row][vc_column][\/vc_column][\/vc_row]<\/p>\n","protected":false},"excerpt":{"rendered":"<p>[vc_row][vc_column][vc_column_text]Logotypy program\u00f3w i wytyczne do promocji projekt\u00f3w mo\u017cna pobra\u0107 TUTAJ[\/vc_column_text][\/vc_column][\/vc_row][vc_row][vc_column width=&#8221;1\/2&#8243;][\/vc_column][vc_column width=&#8221;1\/2&#8243;][\/vc_column][\/vc_row][vc_row][vc_column][vc_empty_space][\/vc_column][\/vc_row][vc_row][vc_column][vc_empty_space][vc_column_text] Logo NIW i program\u00f3w w wersji angielskiej [\/vc_column_text][vc_empty_space][\/vc_column][\/vc_row][vc_row][vc_column width=&#8221;1\/2&#8243;][\/vc_column][vc_column width=&#8221;1\/2&#8243;][\/vc_column][\/vc_row][vc_row][vc_column][vc_empty_space][\/vc_column][\/vc_row][vc_row][vc_column][vc_column_text] Dyrekcja NIW-CRSO [\/vc_column_text][vc_empty_space][vc_empty_space][\/vc_column][\/vc_row][vc_row][vc_column][\/vc_column][\/vc_row]<\/p>\n","protected":false},"author":46,"featured_media":0,"parent":16433,"menu_order":2,"comment_status":"closed","ping_status":"closed","template":"page-templates\/dlla_mediow_sub_pages.php","meta":{"_acf_changed":false,"inline_featured_image":false,"footnotes":""},"class_list":["post-16447","page","type-page","status-publish","hentry"],"acf":[],"_links":{"self":[{"href":"https:\/\/niw.gov.pl\/en\/wp-json\/wp\/v2\/pages\/16447","targetHints":{"allow":["GET"]}}],"collection":[{"href":"https:\/\/niw.gov.pl\/en\/wp-json\/wp\/v2\/pages"}],"about":[{"href":"https:\/\/niw.gov.pl\/en\/wp-json\/wp\/v2\/types\/page"}],"author":[{"embeddable":true,"href":"https:\/\/niw.gov.pl\/en\/wp-json\/wp\/v2\/users\/46"}],"replies":[{"embeddable":true,"href":"https:\/\/niw.gov.pl\/en\/wp-json\/wp\/v2\/comments?post=16447"}],"version-history":[{"count":6,"href":"https:\/\/niw.gov.pl\/en\/wp-json\/wp\/v2\/pages\/16447\/revisions"}],"predecessor-version":[{"id":56353,"href":"https:\/\/niw.gov.pl\/en\/wp-json\/wp\/v2\/pages\/16447\/revisions\/56353"}],"up":[{"embeddable":true,"href":"https:\/\/niw.gov.pl\/en\/wp-json\/wp\/v2\/pages\/16433"}],"wp:attachment":[{"href":"https:\/\/niw.gov.pl\/en\/wp-json\/wp\/v2\/media?parent=16447"}],"curies":[{"name":"wp","href":"https:\/\/api.w.org\/{rel}","templated":true}]}}