{"id":16451,"date":"2021-03-27T08:39:33","date_gmt":"2021-03-27T07:39:33","guid":{"rendered":"http:\/\/niw.gov.pl\/kontakt\/"},"modified":"2025-04-14T15:41:23","modified_gmt":"2025-04-14T13:41:23","slug":"contact","status":"publish","type":"page","link":"https:\/\/niw.gov.pl\/en\/contact\/","title":{"rendered":"Contact"},"content":{"rendered":"<p>[vc_row][vc_column]\n\t\t\t\n\t\t\t<div class=\"contact_box\">\n<h4>Narodowy Instytut Wolno\u015bci - Centrum Rozwoju Spo\u0142ecze\u0144stwa Obywatelskiego<\/h4>\n<div class=\"space_30\"><\/div>\n\n<div class=\"row\">\n<div class=\"col-lg-3 col-md-3 col-sm-12\">\n<div class=\"contact_box_ico\"> <img decoding=\"async\" src=\"https:\/\/niw.gov.pl\/wp-content\/themes\/niw\/images\/contact4_red.png\" alt=\"contact4_red.png\"><\/div>\n<div class=\"contact_box_title\">Address <\/div>\n<\/div>\n<div class=\"col-lg-8 col-md-8 col-sm-12\">\n<div class=\"contact_box_right\">al. Jana Paw\u0142a II 12, 00-124 Warszawa<\/div>\n<\/div>\n\n\n<div class=\"col-lg-3 col-md-3 col-sm-12\">\n<div class=\"contact_box_ico\"> <img decoding=\"async\" src=\"https:\/\/niw.gov.pl\/wp-content\/themes\/niw\/images\/contact5_red.png\" alt=\"contact5_red.png\"><\/div>\n<div class=\"contact_box_title\">Tax ID <\/div>\n<\/div>\n<div class=\"col-lg-8 col-md-8 col-sm-12\">\n<div class=\"contact_box_right\">7010780575<\/div>\n<\/div>\n\n\n<div class=\"col-lg-3 col-md-3 col-sm-12\">\n<div class=\"contact_box_ico\"> <img decoding=\"async\" src=\"https:\/\/niw.gov.pl\/wp-content\/themes\/niw\/images\/contact3_red.png\" alt=\"contact3_red.png\"><\/div>\n<div class=\"contact_box_title\">REGON: <\/div>\n<\/div>\n<div class=\"col-lg-8 col-md-8 col-sm-12\">\n<div class=\"contact_box_right\">368854582<\/div>\n<\/div>\n\n<\/div>\n<\/div>\n\n\n[\/vc_column][\/vc_row][vc_row][vc_column][vc_column_text]<iframe loading=\"lazy\" style=\"border: 0;\" src=\"https:\/\/www.google.com\/maps\/embed?pb=!1m18!1m12!1m3!1d2443.633931571361!2d20.99808621560012!3d52.231868265294956!2m3!1f0!2f0!3f0!3m2!1i1024!2i768!4f13.1!3m3!1m2!1s0x471ecc8e83717a6f%3A0x23324919d70dae2a!2sal.%20Jana%20Paw%C5%82a%20II%2012%2C%2000-124%20Warszawa%2C%20Poland!5e0!3m2!1sen!2sin!4v1618479798165!5m2!1sen!2sin\" width=\"100%\" height=\"255\" allowfullscreen=\"allowfullscreen\"><\/iframe>[\/vc_column_text][vc_column_text]<a href=\"https:\/\/www.google.pl\/maps\/dir\/\/Narodowy+Instytut+Wolno%C5%9Bci+-+Centrum+Rozwoju+Spo%C5%82ecze%C5%84stwa+Obywatelskiego,+al.+Jana+Paw%C5%82a+II+12,+00-124+Warszawa\/@52.2318683,20.9980809,17z\/data=!4m9!4m8!1m0!1m5!1m1!1s0x471ecd4567484711:0xaf61413f1770c7af!2m2!1d21.0002749!2d52.231865!3e0\" target=\"_blank\" rel=\"noopener nofollow\"><button class=\"red_btn\" type=\"button\">wyznacz tras\u0119<\/button><\/a>[\/vc_column_text][vc_empty_space][\/vc_column][\/vc_row][vc_row][vc_column][vc_custom_heading text=&#8221;Dane kontaktowe &#8211; Sekretariat, Biura i infolinie program\u00f3w&#8221; font_container=&#8221;tag:h3|text_align:left&#8221; use_theme_fonts=&#8221;yes&#8221; css=&#8221;.vc_custom_1618480825810{margin-bottom: 30px !important;}&#8221;][\/vc_column][\/vc_row][vc_row][vc_column]<div class=\"row\">\n\t<div class=\"col-lg-6 col-md-6 col-sm-12\">\n<a href=\"#NIW-CRSO\">\n<div class=\"contact_box1\">\n<div class=\"contact_box_ico1\"><img decoding=\"async\" src=\"https:\/\/niw.gov.pl\/wp-content\/uploads\/2021\/04\/1-2.png\" alt=\"Sekretariat NIW-CRSO\"><\/div>\n<div class=\"contact_box_ico2\">Sekretariat NIW-CRSO<\/div>\n<\/div>\n<\/a><\/div>\n\t<div class=\"col-lg-6 col-md-6 col-sm-12\">\n<a href=\"#Horyzontalnych\">\n<div class=\"contact_box1\">\n<div class=\"contact_box_ico1\"><img decoding=\"async\" src=\"https:\/\/niw.gov.pl\/wp-content\/uploads\/2021\/04\/2-2.png\" alt=\"Biuro Program\u00f3w Horyzontalnych\"><\/div>\n<div class=\"contact_box_ico2\">Biuro Program\u00f3w Horyzontalnych<\/div>\n<\/div>\n<\/a><\/div>\n\t<div class=\"col-lg-6 col-md-6 col-sm-12\">\n<a href=\"#Tematycznych\">\n<div class=\"contact_box1\">\n<div class=\"contact_box_ico1\"><img decoding=\"async\" src=\"https:\/\/niw.gov.pl\/wp-content\/uploads\/2021\/04\/3-2.png\" alt=\"Biuro Program\u00f3w Tematycznych\"><\/div>\n<div class=\"contact_box_ico2\">Biuro Program\u00f3w Tematycznych<\/div>\n<\/div>\n<\/a><\/div>\n\t<div class=\"col-lg-6 col-md-6 col-sm-12\">\n<a href=\"#Solidarnosci\">\n<div class=\"contact_box1\">\n<div class=\"contact_box_ico1\"><img decoding=\"async\" src=\"https:\/\/niw.gov.pl\/wp-content\/uploads\/2021\/04\/4-2.png\" alt=\"Biuro Programu Korpus Solidarno\u015bci\"><\/div>\n<div class=\"contact_box_ico2\">Biuro Programu Korpus Solidarno\u015bci<\/div>\n<\/div>\n<\/a><\/div>\n\t<div class=\"col-lg-6 col-md-6 col-sm-12\">\n<a href=\"#Publicznego\">\n<div class=\"contact_box1\">\n<div class=\"contact_box_ico1\"><img decoding=\"async\" src=\"https:\/\/niw.gov.pl\/wp-content\/uploads\/2021\/04\/5-1.png\" alt=\"Biuro Organizacji Po\u017cytku Publicznego\"><\/div>\n<div class=\"contact_box_ico2\">Biuro Organizacji Po\u017cytku Publicznego<\/div>\n<\/div>\n<\/a><\/div>\n\t<div class=\"col-lg-6 col-md-6 col-sm-12\">\n<a href=\"#Komunikacji\">\n<div class=\"contact_box1\">\n<div class=\"contact_box_ico1\"><img decoding=\"async\" src=\"https:\/\/niw.gov.pl\/wp-content\/uploads\/2021\/04\/6-1.png\" alt=\"Biuro Komunikacji i Analiz\"><\/div>\n<div class=\"contact_box_ico2\">Biuro Komunikacji i Analiz<\/div>\n<\/div>\n<\/a><\/div>\n\t<div class=\"col-lg-6 col-md-6 col-sm-12\">\n<a href=\"#Osobowych\">\n<div class=\"contact_box1\">\n<div class=\"contact_box_ico1\"><img decoding=\"async\" src=\"https:\/\/niw.gov.pl\/wp-content\/uploads\/2021\/04\/7-1.png\" alt=\"Inspektor Ochrony Danych Osobowych\"><\/div>\n<div class=\"contact_box_ico2\">Inspektor Ochrony Danych Osobowych<\/div>\n<\/div>\n<\/a><\/div><\/div>\n\n[\/vc_column][\/vc_row][vc_row][vc_column][vc_column_text]<\/p>\n<div class=\"contact_box3\">\n<p><strong>Sekretariat<\/strong> jest czynny od poniedzia\u0142ku do pi\u0105tku <strong>od 09.00 do 17.00.<\/strong><\/p>\n<p>&nbsp;<\/p>\n<p>Prosimy o kontakt w tych godzinach. Wszelkie dokumenty i przesy\u0142ki prosimy przesy\u0142a\u0107 poczt\u0105.<\/p>\n<p>&nbsp;<\/p>\n<p>Kontakt z <strong>pracownikami<\/strong> poszczeg\u00f3lnych biur NIW-CRSO jest mo\u017cliwy poprzez <strong>poczt\u0119 elektroniczn\u0105 i telefon<\/strong> w standardowych godzinach. Pozostajemy do Pa\u0144stwa dyspozycji za po\u015brednictwem \u015brodk\u00f3w \u0142\u0105czno\u015bci elektronicznej.<\/p>\n<p>&nbsp;<\/p>\n<\/div>\n<p>[\/vc_column_text][\/vc_column][\/vc_row][vc_row][vc_column]\r\n\t<div class=\"contact_sec_title\" id=\"NIW-CRSO\"> <div class=\"contact_box_ico1\"><img decoding=\"async\" src=\"https:\/\/niw.gov.pl\/wp-content\/uploads\/2021\/04\/1-1.png\" alt=\"Sekretariat NIW-CRSO\" class=\"ico_sm\"><\/div> <div class=\"contact_box_ico2\">Sekretariat NIW-CRSO<\/div><\/div><p>[vc_row][vc_column][vc_empty_space height=&#8221;20px&#8221;][vc_column_text el_id=&#8221;1&#8243;]<\/p>\n<div class=\"col-lg-4 col-md-4 col-sm-12\">\n<div class=\"contact_box_ico3\"><img decoding=\"async\" src=\"http:\/\/niw.gov.pl\/wp-content\/themes\/niw\/images\/contact1_red.png\" \/>\u00a0 \u00a022 468 44 00<\/div>\n<\/div>\n<p>&nbsp;<\/p>\n<div class=\"col-lg-4 col-md-4 col-sm-12\">\n<div class=\"contact_box_ico3\"><img decoding=\"async\" src=\"http:\/\/niw.gov.pl\/wp-content\/themes\/niw\/images\/contact2_red.png\" \/>\u00a0 \u00a0 <a class=\"red\" href=\"mailto:kontakt@niw.gov.pl\">kontakt@niw.gov.pl<\/a><\/div>\n<\/div>\n<p>&nbsp;<\/p>\n<div class=\"col-lg-10 col-md-10 col-sm-12\">\n<div class=\"contact_box_ico3\"><img decoding=\"async\" src=\"http:\/\/niw.gov.pl\/wp-content\/themes\/niw\/images\/contact3_red.png\" \/> \u00a0 Adres skrytki na ePUAP: \/NIW-CRSO\/SkrytkaESP<\/div>\n<\/div>\n<p>&nbsp;<\/p>\n<div class=\"col-lg-10 col-md-10 col-sm-12\">\n<div class=\"contact_box_ico3\"><img decoding=\"async\" src=\"http:\/\/niw.gov.pl\/wp-content\/themes\/niw\/images\/contact3_red.png\" \/> \u00a0 Adres do e-Dor\u0119cze\u0144 (ADE): AE:PL-17209-97099-WVHVJ-17<a id=\"Horyzontalnych\"><\/a><\/div>\n<p>&nbsp;<\/p>\n<\/div>\n<p>[\/vc_column_text][\/vc_column][\/vc_row][vc_row][vc_column][vc_empty_space][vc_separator][vc_empty_space][\/vc_column][\/vc_row]<\/p>\n\r\n\t<div class=\"contact_sec_title\" id=\"Horyzontalnych\"> <div class=\"contact_box_ico1\"><img decoding=\"async\" src=\"https:\/\/niw.gov.pl\/wp-content\/uploads\/2021\/04\/2-1.png\" alt=\"Biuro Program\u00f3w Horyzontalnych\" class=\"ico_sm\"><\/div> <div class=\"contact_box_ico2\">Biuro Program\u00f3w Horyzontalnych<\/div><\/div><p>[vc_row][vc_column][vc_empty_space height=&#8221;20px&#8221;][vc_column_text el_id=&#8221;2&#8243;]<\/p>\n<div class=\"col-lg-4 col-md-4 col-sm-12\">\n<div><strong><img decoding=\"async\" src=\"http:\/\/niw.gov.pl\/wp-content\/themes\/niw\/images\/man.png\" \/>\u00a0 \u00a0<\/strong><strong>Stefan Ko\u0142ucki\u00a0<\/strong><\/div>\n<div class=\"col-lg-4 col-md-4 col-sm-12\">\n<p class=\"ident\">Kierownik<\/p>\n<\/div>\n<\/div>\n<p>&nbsp;<\/p>\n<p>Biuro zajmuje si\u0119 obs\u0142ug\u0105 nast\u0119puj\u0105cych program\u00f3w:<\/p>\n<p>&nbsp;<\/p>\n<p><strong>Rz\u0105dowy Program Fundusz Inicjatyw Obywatelskich NOWEFIO na lata 2021\u20132030<\/strong><\/p>\n<div class=\"col-lg-12 col-md-12 col-sm-12\">Infolinia Programu czynna jest od poniedzia\u0142ku do pi\u0105tku w godzinach 10:00-15:00.<\/div>\n<div class=\"col-lg-4 col-md-4 col-sm-12\">\n<div><img decoding=\"async\" src=\"http:\/\/niw.gov.pl\/wp-content\/themes\/niw\/images\/contact1_red.png\" \/>\u00a0 \u00a0601 901 285<\/div>\n<\/div>\n<div class=\"col-lg-4 col-md-4 col-sm-12\">\n<div><img decoding=\"async\" src=\"http:\/\/niw.gov.pl\/wp-content\/themes\/niw\/images\/contact2_red.png\" \/>\u00a0 \u00a0<a class=\"red\" href=\"mailto:fio@niw.gov.pl\" target=\"_blank\" rel=\"noopener\">fio@niw.gov.pl<\/a><\/div>\n<\/div>\n<p>&nbsp;<\/p>\n<p>&nbsp;<\/p>\n<p><strong>Rz\u0105dowy Program Rozwoju Organizacji Obywatelskich na lata 2020\u20132030 PROO<br \/>\n<\/strong><\/p>\n<div class=\"col-lg-12 col-md-12 col-sm-12\">Infolinia Programu czynna jest od poniedzia\u0142ku do pi\u0105tku w godzinach 10:00-15:00.<\/div>\n<div class=\"col-lg-4 col-md-4 col-sm-12\">\n<div><img decoding=\"async\" src=\"http:\/\/niw.gov.pl\/wp-content\/themes\/niw\/images\/contact1_red.png\" \/>\u00a0 \u00a0885 221 531<\/div>\n<div><img decoding=\"async\" src=\"http:\/\/niw.gov.pl\/wp-content\/themes\/niw\/images\/contact1_red.png\" \/>\u00a0 \u00a0451 163 578 &#8211; <strong>PROO5<\/strong><\/div>\n<\/div>\n<div class=\"col-lg-4 col-md-4 col-sm-12\">\n<div><img decoding=\"async\" src=\"http:\/\/niw.gov.pl\/wp-content\/themes\/niw\/images\/contact2_red.png\" \/>\u00a0 \u00a0<a class=\"red\" href=\"mailto:proo@niw.gov.pl\" target=\"_blank\" rel=\"noopener\">proo@niw.gov.pl<\/a><\/div>\n<\/div>\n<p>&nbsp;<\/p>\n<p>&nbsp;<\/p>\n<p><strong>Rz\u0105dowy Program Wsparcia Organizacji Pozarz\u0105dowych Moc Ma\u0142ych Spo\u0142eczno\u015bci<\/strong><\/p>\n<div>\n<div class=\"col-lg-12 col-md-12 col-sm-12\">Infolinia Programu czynna jest od poniedzia\u0142ku do pi\u0105tku w godzinach 10:00-15:00.<\/div>\n<\/div>\n<div>\n<div class=\"col-lg-4 col-md-4 col-sm-12\">\n<div><img decoding=\"async\" src=\"http:\/\/niw.gov.pl\/wp-content\/themes\/niw\/images\/contact1_red.png\" \/>\u00a0 \u00a0451 163 574<\/div>\n<\/div>\n<div class=\"col-lg-4 col-md-4 col-sm-12\">\n<div><img decoding=\"async\" src=\"http:\/\/niw.gov.pl\/wp-content\/themes\/niw\/images\/contact2_red.png\" \/>\u00a0 \u00a0<a class=\"red\" href=\"mailto:mms@niw.gov.pl\" target=\"_blank\" rel=\"noopener\">mms@niw.gov.pl<\/a><\/div>\n<\/div>\n<\/div>\n<p>&nbsp;<\/p>\n<p>&nbsp;<\/p>\n<p><strong>Program Fundusz Inicjatyw Obywatelskich FIO na lata 2014-2020<\/strong><\/p>\n<div class=\"col-lg-12 col-md-12 col-sm-12\">Program zako\u0144czony.<\/div>\n<div class=\"col-lg-4 col-md-4 col-sm-12\"><\/div>\n<div>\n<p>&nbsp;<\/p>\n<p>&nbsp;<\/p>\n<\/div>\n<p><strong>Program Wsparcia Dora\u017anego Organizacji Pozarz\u0105dowych w Zakresie Przeciwdzia\u0142ania Skutkom COVID-19<\/strong><\/p>\n<div class=\"col-lg-4 col-md-4 col-sm-12\">\n<div><a id=\"Tematycznych\"><\/a>Program zako\u0144czony.<\/div>\n<\/div>\n<p>[\/vc_column_text][\/vc_column][\/vc_row][vc_row][vc_column][vc_empty_space][vc_separator][vc_empty_space][\/vc_column][\/vc_row]<\/p>\n\r\n\t<div class=\"contact_sec_title\" id=\"Tematycznych\"> <div class=\"contact_box_ico1\"><img decoding=\"async\" src=\"https:\/\/niw.gov.pl\/wp-content\/uploads\/2021\/04\/3-1.png\" alt=\"Biuro Program\u00f3w Tematycznych\" class=\"ico_sm\"><\/div> <div class=\"contact_box_ico2\">Biuro Program\u00f3w Tematycznych<\/div><\/div><p>[vc_row][vc_column][vc_empty_space height=&#8221;20px&#8221;][vc_column_text el_id=&#8221;3&#8243;]<\/p>\n<div class=\"col-lg-4 col-md-4 col-sm-12\">\n<div><strong><img decoding=\"async\" src=\"http:\/\/niw.gov.pl\/wp-content\/themes\/niw\/images\/man.png\" \/>\u00a0 \u00a0<\/strong><strong>\u0141ukasz Ofiara<\/strong><\/div>\n<div class=\"col-lg-10 col-md-10 col-sm-12\">\n<p class=\"ident\">Kierownik<\/p>\n<\/div>\n<\/div>\n<p>&nbsp;<\/p>\n<p>Biuro zajmuje si\u0119 obs\u0142ug\u0105 nast\u0119puj\u0105cych program\u00f3w:<\/p>\n<p>&nbsp;<\/p>\n<p><strong>Rz\u0105dowy Program Wsparcia Rozwoju Organizacji Harcerskich i Skautowych na lata 2018\u20132030<\/strong><\/p>\n<div class=\"col-lg-12 col-md-12 col-sm-12\">Infolinia Programu czynna jest od poniedzia\u0142ku do pi\u0105tku w godzinach 10:00-15:00.<\/div>\n<div class=\"col-lg-4 col-md-4 col-sm-12\">\n<div><img decoding=\"async\" src=\"http:\/\/niw.gov.pl\/wp-content\/themes\/niw\/images\/contact1_red.png\" \/>\u00a0 \u00a0601 901 327<\/div>\n<\/div>\n<div class=\"col-lg-4 col-md-4 col-sm-12\">\n<div><img decoding=\"async\" src=\"http:\/\/niw.gov.pl\/wp-content\/themes\/niw\/images\/contact2_red.png\" \/>\u00a0 \u00a0<a class=\"red\" href=\"mailto:rohis@niw.gov.pl\" target=\"_blank\" rel=\"noopener\">rohis@niw.gov.pl<\/a><\/div>\n<\/div>\n<p>&nbsp;<\/p>\n<p>&nbsp;<\/p>\n<p><strong>Rz\u0105dowy Program Wspierania Rozwoju Uniwersytet\u00f3w Ludowych na lata 2020-2030<\/strong><\/p>\n<div class=\"col-lg-12 col-md-12 col-sm-12\">Infolinia Programu czynna jest od poniedzia\u0142ku do pi\u0105tku w godzinach 10:00-15:00.<\/div>\n<div class=\"col-lg-4 col-md-4 col-sm-12\">\n<div><img decoding=\"async\" src=\"http:\/\/niw.gov.pl\/wp-content\/themes\/niw\/images\/contact1_red.png\" \/>\u00a0 \u00a0601 901 327<\/div>\n<\/div>\n<div class=\"col-lg-4 col-md-4 col-sm-12\">\n<div><img decoding=\"async\" src=\"http:\/\/niw.gov.pl\/wp-content\/themes\/niw\/images\/contact2_red.png\" \/>\u00a0 \u00a0<a class=\"red\" href=\"mailto:ul@niw.gov.pl\" target=\"_blank\" rel=\"noopener\">ul@niw.gov.pl<\/a><\/div>\n<\/div>\n<p>&nbsp;<\/p>\n<p>&nbsp;<\/p>\n<p><strong>Rz\u0105dowy Program Wspierania Rozwoju Mi\u0119dzynarodowych Dom\u00f3w Spotka\u0144 na lata 2021\u20132030<br \/>\n<\/strong><\/p>\n<div class=\"col-lg-12 col-md-12 col-sm-12\">Infolinia Programu czynna jest od poniedzia\u0142ku do pi\u0105tku w godzinach 10:00-15:00.<\/div>\n<div class=\"col-lg-4 col-md-4 col-sm-12\">\n<div><img decoding=\"async\" src=\"http:\/\/niw.gov.pl\/wp-content\/themes\/niw\/images\/contact1_red.png\" \/>\u00a0 \u00a0601 901 327<\/div>\n<\/div>\n<div class=\"col-lg-4 col-md-4 col-sm-12\">\n<div><img decoding=\"async\" src=\"http:\/\/niw.gov.pl\/wp-content\/themes\/niw\/images\/contact2_red.png\" \/>\u00a0 \u00a0<a class=\"red\" href=\"mailto:mds@niw.gov.pl\" target=\"_blank\" rel=\"noopener\">mds@niw.gov.pl<\/a><\/div>\n<\/div>\n<p>&nbsp;<\/p>\n<p><strong>Rz\u0105dowy Program Polski Inkubator Rzemios\u0142a na lata 2021\u20132030 <\/strong><\/p>\n<div class=\"col-lg-12 col-md-12 col-sm-12\">Infolinia Programu czynna jest od poniedzia\u0142ku do pi\u0105tku w godzinach 10:00-15:00.<\/div>\n<div class=\"col-lg-4 col-md-4 col-sm-12\">\n<div><img decoding=\"async\" src=\"http:\/\/niw.gov.pl\/wp-content\/themes\/niw\/images\/contact1_red.png\" \/>\u00a0 \u00a0601 901 327<\/div>\n<\/div>\n<div class=\"col-lg-4 col-md-4 col-sm-12\">\n<div><img decoding=\"async\" src=\"http:\/\/niw.gov.pl\/wp-content\/themes\/niw\/images\/contact2_red.png\" \/>\u00a0 \u00a0<a class=\"red\" href=\"mailto:pir@niw.gov.pl\" target=\"_blank\" rel=\"noopener\">pir@niw.gov.pl<\/a><\/div>\n<\/div>\n<p>&nbsp;<\/p>\n<p><strong>Rz\u0105dowy Program Wspierania Rozwoju Organizacji Poradniczych na lata 2022-2033<\/strong><\/p>\n<div class=\"col-lg-12 col-md-12 col-sm-12\">Infolinia Programu czynna jest od poniedzia\u0142ku do pi\u0105tku w godzinach 10:00-15:00.<\/div>\n<div class=\"col-lg-4 col-md-4 col-sm-12\">\n<div><img decoding=\"async\" src=\"http:\/\/niw.gov.pl\/wp-content\/themes\/niw\/images\/contact1_red.png\" \/>\u00a0 \u00a0601 901 327<\/div>\n<\/div>\n<div class=\"col-lg-4 col-md-4 col-sm-12\">\n<div><img decoding=\"async\" src=\"http:\/\/niw.gov.pl\/wp-content\/themes\/niw\/images\/contact2_red.png\" \/>\u00a0 \u00a0<a class=\"red\" href=\"mailto:rop@niw.gov.pl\" target=\"_blank\" rel=\"noopener\">rop@niw.gov.pl<\/a><\/div>\n<\/div>\n<p>&nbsp;<\/p>\n<p><strong>Rz\u0105dowy Program Fundusz M\u0142odzie\u017cowy na lata 2022-2033<\/strong><\/p>\n<div class=\"col-lg-12 col-md-12 col-sm-12\">Infolinia Programu czynna jest od poniedzia\u0142ku do pi\u0105tku w godzinach 10:00-15:00.<\/div>\n<div class=\"col-lg-4 col-md-4 col-sm-12\">\n<div><img decoding=\"async\" src=\"http:\/\/niw.gov.pl\/wp-content\/themes\/niw\/images\/contact1_red.png\" \/>\u00a0 \u00a0601 901 327<\/div>\n<\/div>\n<div class=\"col-lg-4 col-md-4 col-sm-12\">\n<div><img decoding=\"async\" src=\"http:\/\/niw.gov.pl\/wp-content\/themes\/niw\/images\/contact2_red.png\" \/>\u00a0 \u00a0<a class=\"red\" href=\"mailto:fm@niw.gov.pl\" target=\"_blank\" rel=\"noopener\">fm@niw.gov.pl<\/a><a id=\"Solidarnosci\"><\/a><\/div>\n<\/div>\n<p>[\/vc_column_text][\/vc_column][\/vc_row][vc_row][vc_column][vc_empty_space][vc_separator][vc_empty_space][\/vc_column][\/vc_row]<\/p>\n\r\n\t<div class=\"contact_sec_title\" id=\"Solidarnosci\"> <div class=\"contact_box_ico1\"><img decoding=\"async\" src=\"https:\/\/niw.gov.pl\/wp-content\/uploads\/2021\/04\/4-1.png\" alt=\"Biuro Programu Korpus Solidarno\u015bci\" class=\"ico_sm\"><\/div> <div class=\"contact_box_ico2\">Biuro Programu Korpus Solidarno\u015bci<\/div><\/div><p>[vc_row][vc_column][vc_empty_space height=&#8221;20px&#8221;][vc_column_text el_id=&#8221;4&#8243;]<\/p>\n<div class=\"col-lg-12 col-md-12 col-sm-12\">\n<div><strong><img decoding=\"async\" src=\"http:\/\/niw.gov.pl\/wp-content\/themes\/niw\/images\/man.png\" \/>\u00a0 <\/strong><strong>Marta Walkowska<\/strong><\/div>\n<\/div>\n<div class=\"col-lg-12 col-md-12 col-sm-12\">\n<p class=\"col-lg-12 col-md-12 col-sm-12\">Kierowniczka<\/p>\n<\/div>\n<p>&nbsp;<\/p>\n<div class=\"col-lg-12 col-md-12 col-sm-12\">Dy\u017cur telefoniczny Programu czynny jest od poniedzia\u0142ku do pi\u0105tku w godzinach 10:00-14:00.<\/div>\n<div class=\"col-lg-4 col-md-4 col-sm-12\">\n<div class=\"&quot;col-lg-12\"><img decoding=\"async\" src=\"http:\/\/niw.gov.pl\/wp-content\/themes\/niw\/images\/contact1_red.png\" \/>\u00a0 \u00a0885 221 530<\/div>\n<\/div>\n<div class=\"col-lg-12 col-md-12 col-sm-12\">\n<div><img decoding=\"async\" src=\"http:\/\/niw.gov.pl\/wp-content\/themes\/niw\/images\/contact2_red.png\" \/>\u00a0 \u00a0<a class=\"red\" href=\"mailto:korpussolidarnosci@niw.gov.pl\" target=\"_blank\" rel=\"noopener\">korpussolidarnosci@niw.gov.pl<\/a><a id=\"Publicznego\"><\/a><\/div>\n<\/div>\n<p>[\/vc_column_text][\/vc_column][\/vc_row][vc_row][vc_column][vc_empty_space][vc_separator][vc_empty_space][\/vc_column][\/vc_row]<\/p>\n\r\n\t<div class=\"contact_sec_title\" id=\"Publicznego\"> <div class=\"contact_box_ico1\"><img decoding=\"async\" src=\"https:\/\/niw.gov.pl\/wp-content\/uploads\/2021\/04\/5.png\" alt=\"Biuro Organizacji Po\u017cytku Publicznego\" class=\"ico_sm\"><\/div> <div class=\"contact_box_ico2\">Biuro Organizacji Po\u017cytku Publicznego<\/div><\/div><p>[vc_row][vc_column][vc_empty_space height=&#8221;20px&#8221;][vc_column_text el_id=&#8221;5&#8243;]<\/p>\n<div class=\"col-lg-4 col-md-4 col-sm-12\">\n<div><strong><img decoding=\"async\" src=\"http:\/\/niw.gov.pl\/wp-content\/themes\/niw\/images\/man.png\" \/>\u00a0 \u00a0<\/strong><strong>Martyna Leciak\u00a0<\/strong><\/div>\n<div class=\"col-lg-4 col-md-4 col-sm-12\">\n<p class=\"ident\">Kierownik<\/p>\n<\/div>\n<\/div>\n<p>&nbsp;<\/p>\n<div class=\"col-lg-12 col-md-12 col-sm-12\">Infolinia Biura czynna jest od poniedzia\u0142ku do pi\u0105tku w godzinach 8:00-15:00.<\/div>\n<div class=\"col-lg-4 col-md-4 col-sm-12\">\n<div><img decoding=\"async\" src=\"http:\/\/niw.gov.pl\/wp-content\/themes\/niw\/images\/contact1_red.png\" \/>\u00a0 \u00a0601 901 144<\/div>\n<\/div>\n<div class=\"col-lg-4 col-md-4 col-sm-12\">\n<div><img decoding=\"async\" src=\"http:\/\/niw.gov.pl\/wp-content\/themes\/niw\/images\/contact2_red.png\" \/>\u00a0 \u00a0<a class=\"red\" href=\"mailto:opp@niw.gov.pl\" target=\"_blank\" rel=\"noopener\">opp@niw.gov.pl<\/a><a id=\"Komunikacji\"><\/a><\/div>\n<\/div>\n<p>[\/vc_column_text][\/vc_column][\/vc_row][vc_row][vc_column][vc_empty_space][vc_separator][vc_empty_space][\/vc_column][\/vc_row][vc_row][vc_column][\/vc_column][\/vc_row]<\/p>\n\r\n\t<div class=\"contact_sec_title\" id=\"Komunikacji\"> <div class=\"contact_box_ico1\"><img decoding=\"async\" src=\"https:\/\/niw.gov.pl\/wp-content\/uploads\/2021\/04\/6.png\" alt=\"Biuro Komunikacji i Analiz\" class=\"ico_sm\"><\/div> <div class=\"contact_box_ico2\">Biuro Komunikacji i Analiz<\/div><\/div><p>[vc_row][vc_column][vc_empty_space height=&#8221;20px&#8221;][vc_column_text el_id=&#8221;6&#8243;]<\/p>\n<div class=\"col-lg-4 col-md-4 col-sm-12\">\n<div><strong><img decoding=\"async\" src=\"http:\/\/niw.gov.pl\/wp-content\/themes\/niw\/images\/man.png\" \/> \u00a0 <\/strong><strong>Ma\u0142gorzata Kazubska<strong><br \/>\n<\/strong><\/strong><\/div>\n<div class=\"col-lg-12 col-md-12 col-sm-12\">\n<p class=\"ident\">Kierowniczka<\/p>\n<p>&nbsp;<\/p>\n<\/div>\n<\/div>\n<div class=\"col-lg-12 col-md-12 col-sm-12\">\n<div><img decoding=\"async\" src=\"http:\/\/niw.gov.pl\/wp-content\/themes\/niw\/images\/contact1_red.png\" \/>\u00a0 511 459 228<\/div>\n<\/div>\n<div class=\"col-lg-4 col-md-4 col-sm-12\">\n<div><img decoding=\"async\" src=\"http:\/\/niw.gov.pl\/wp-content\/themes\/niw\/images\/contact2_red.png\" \/>\u00a0 \u00a0<a class=\"red\" href=\"mailto:media@niw.gov.pl\">media@niw.gov.pl<\/a><a id=\"Osobowych\"><\/a><\/div>\n<\/div>\n<p>[\/vc_column_text][\/vc_column][\/vc_row][vc_row][vc_column][vc_empty_space][vc_separator][vc_empty_space][\/vc_column][\/vc_row]<\/p>\n\r\n\t<div class=\"contact_sec_title\" id=\"Osobowych\"> <div class=\"contact_box_ico1\"><img decoding=\"async\" src=\"https:\/\/niw.gov.pl\/wp-content\/uploads\/2021\/04\/7.png\" alt=\"Inspektor Ochrony Danych Osobowych\" class=\"ico_sm\"><\/div> <div class=\"contact_box_ico2\">Inspektor Ochrony Danych Osobowych<\/div><\/div><p>[vc_row][vc_column][vc_empty_space height=&#8221;20px&#8221;][vc_column_text el_id=&#8221;7&#8243;]<\/p>\n<div class=\"col-lg-4 col-md-4 col-sm-12\">\n<div><strong><img decoding=\"async\" src=\"http:\/\/niw.gov.pl\/wp-content\/themes\/niw\/images\/man.png\" \/>\u00a0 \u00a0<\/strong><strong>Hanna Wata\u00a0<\/strong><\/div>\n<div><\/div>\n<\/div>\n<div class=\"col-lg-10 col-md-10 col-sm-12\">\n<div class=\"contact_box_ico3\"><img decoding=\"async\" src=\"http:\/\/niw.gov.pl\/wp-content\/themes\/niw\/images\/contact2_red.png\" \/>\u00a0 \u00a0<a class=\"red\" href=\"mailto:iod@niw.gov.pl\">iod@niw.gov.pl<\/a><\/div>\n<\/div>\n<p>[\/vc_column_text][\/vc_column][\/vc_row][vc_row][vc_column][vc_empty_space][vc_empty_space][\/vc_column][\/vc_row]<\/p>\n   <div class=\"space_20\"><\/div>\r\n<div class=\"row\">\r\n\r\n  <div class=\"col-lg-12\">\r\n  \r\n<button class=\"red_btn history_btn1\"  onClick=\"javascript:history.go(-1)\" type=\"button\">Back<\/button>\r\n<span class=\"a2a_kit a2a_kit_size_32\" data-a2a-url=\"#\" data-a2a-title=\"Homing :: NIW\">\r\n<a class=\"addtoany\" href=\"#\"><button class=\"system_btn print_btn\" type=\"button\"> &nbsp; NOTIFY A FRIEND <\/button><\/a>\r\n\r\n<\/span><\/div><\/div>[vc_empty_space height=&#8221;60px&#8221;][\/vc_column][\/vc_row][vc_row][vc_column][vc_custom_heading text=&#8221;Formularz kontaktowy&#8221; font_container=&#8221;tag:h4|text_align:left&#8221; use_theme_fonts=&#8221;yes&#8221;][vc_empty_space height=&#8221;30px&#8221;][\/vc_column][\/vc_row][vc_row el_class=&#8221;contact_box4&#8243;][vc_column][vc_column_text][contact-form-7 id=&#8221;2bfe574&#8243; title=&#8221;Formularz kontaktowy EN&#8221;][\/vc_column_text][\/vc_column][\/vc_row][vc_row][vc_column][vc_column_text]Administratorem danych osobowych jest Narodowy Instytut Wolno\u015bci &#8211; Centrum Rozwoju Spo\u0142ecze\u0144stwa Obywatelskiego z siedzib\u0105 w Warszawie, al. Jana Paw\u0142a II 12, 00-124 Warszawa.<\/p>\n<p>Dane osobowe os\u00f3b korzystaj\u0105cych z\u00a0formularza kontaktowego przetwarzane s\u0105 w celu identyfikacji nadawcy oraz obs\u0142ugi\u00a0zapytania przes\u0142anego przez udost\u0119pniony formularz.<\/p>\n<p>Wi\u0119cej informacji o przetwarzaniu\u00a0danych osobowych, w tym o przys\u0142uguj\u0105cych Pani \/ Panu uprawnieniach, znajduje si\u0119 w naszej\u00a0<a class=\"red\" href=\"https:\/\/niw.gov.pl\/en\/privacy-policy\/\" target=\"_blank\" rel=\"noopener\">Polityce prywatno\u015bci<\/a>.[\/vc_column_text][\/vc_column][\/vc_row]<\/p>\n","protected":false},"excerpt":{"rendered":"<p>[vc_row][vc_column][\/vc_column][\/vc_row][vc_row][vc_column][vc_column_text][\/vc_column_text][vc_column_text]wyznacz tras\u0119[\/vc_column_text][vc_empty_space][\/vc_column][\/vc_row][vc_row][vc_column][vc_custom_heading text=&#8221;Dane kontaktowe &#8211; Sekretariat, Biura i infolinie program\u00f3w&#8221; font_container=&#8221;tag:h3|text_align:left&#8221; use_theme_fonts=&#8221;yes&#8221; css=&#8221;.vc_custom_1618480825810{margin-bottom: 30px !important;}&#8221;][\/vc_column][\/vc_row][vc_row][vc_column][\/vc_column][\/vc_row][vc_row][vc_column][vc_column_text] Sekretariat jest czynny od poniedzia\u0142ku do pi\u0105tku od 09.00 do 17.00. &nbsp; Prosimy o kontakt w tych godzinach. Wszelkie dokumenty i przesy\u0142ki prosimy przesy\u0142a\u0107 poczt\u0105. &nbsp; Kontakt z pracownikami poszczeg\u00f3lnych biur NIW-CRSO jest mo\u017cliwy poprzez poczt\u0119 elektroniczn\u0105 i telefon w<\/p>\n","protected":false},"author":46,"featured_media":0,"parent":0,"menu_order":35,"comment_status":"closed","ping_status":"closed","template":"page-templates\/contact_niw_page.php","meta":{"_acf_changed":false,"inline_featured_image":false,"footnotes":""},"class_list":["post-16451","page","type-page","status-publish","hentry"],"acf":[],"_links":{"self":[{"href":"https:\/\/niw.gov.pl\/en\/wp-json\/wp\/v2\/pages\/16451","targetHints":{"allow":["GET"]}}],"collection":[{"href":"https:\/\/niw.gov.pl\/en\/wp-json\/wp\/v2\/pages"}],"about":[{"href":"https:\/\/niw.gov.pl\/en\/wp-json\/wp\/v2\/types\/page"}],"author":[{"embeddable":true,"href":"https:\/\/niw.gov.pl\/en\/wp-json\/wp\/v2\/users\/46"}],"replies":[{"embeddable":true,"href":"https:\/\/niw.gov.pl\/en\/wp-json\/wp\/v2\/comments?post=16451"}],"version-history":[{"count":11,"href":"https:\/\/niw.gov.pl\/en\/wp-json\/wp\/v2\/pages\/16451\/revisions"}],"predecessor-version":[{"id":62286,"href":"https:\/\/niw.gov.pl\/en\/wp-json\/wp\/v2\/pages\/16451\/revisions\/62286"}],"wp:attachment":[{"href":"https:\/\/niw.gov.pl\/en\/wp-json\/wp\/v2\/media?parent=16451"}],"curies":[{"name":"wp","href":"https:\/\/api.w.org\/{rel}","templated":true}]}}