{"id":16459,"date":"2021-05-12T10:07:25","date_gmt":"2021-05-12T10:07:25","guid":{"rendered":"http:\/\/niw.gov.pl\/o-niw\/nasze-wartosci\/"},"modified":"2021-07-09T14:19:39","modified_gmt":"2021-07-09T14:19:39","slug":"our-values","status":"publish","type":"page","link":"https:\/\/niw.gov.pl\/en\/about-nfi\/our-values\/","title":{"rendered":"Our Values"},"content":{"rendered":"<p>[vc_row][vc_column]\r\n\t\r\n\t<div class=\"values\">\r\n<div class=\"values_img col-lg-4 col-md-4 col-sm-12 low_pad\"> <img decoding=\"async\" src=\"https:\/\/niw.gov.pl\/wp-content\/uploads\/2021\/04\/img17.jpg\" alt=\"A MODERN INSTITUTION FOR THE DEVELOPMENT OF CIVIL SOCIETY\"><\/div>\r\n<div class=\"values_box col-lg-8 col-md-8 col-sm-12 low_pad\"> \r\n<div class=\"values_title\">A MODERN INSTITUTION FOR THE DEVELOPMENT OF CIVIL SOCIETY<\/div>\r\nThe National Freedom Institute \u2013 Centre for Civil Society Development is the first executive agency in the history of Poland responsible for supporting civil society, public benefit activities, and volunteering. We provide non-governmental organisations with content-related and financial support programmes.<\/div>\r\n<\/div>\r\n\r\n\r\n\t\r\n\t<div class=\"values\">\r\n<div class=\"values_img col-lg-4 col-md-4 col-sm-12 low_pad\"> <img decoding=\"async\" src=\"https:\/\/niw.gov.pl\/wp-content\/uploads\/2021\/04\/img16.jpg\" alt=\"SERVING CITIZENS\"><\/div>\r\n<div class=\"values_box col-lg-8 col-md-8 col-sm-12 low_pad\"> \r\n<div class=\"values_title\">SERVING CITIZENS<\/div>\r\nWe support non-governmental organisations, adapting our activities to their needs and the conditions of the voluntary sector. We simplify procedures so that our solutions are available to as many non-governmental organisations as possible, regardless of their potential or resources.<\/div>\r\n<\/div>\r\n\r\n\r\n\t\r\n\t<div class=\"values\">\r\n<div class=\"values_img col-lg-4 col-md-4 col-sm-12 low_pad\"> <img decoding=\"async\" src=\"https:\/\/niw.gov.pl\/wp-content\/uploads\/2021\/04\/img18.jpg\" alt=\"KNOWLEDGE AND COMPETENCES\"><\/div>\r\n<div class=\"values_box col-lg-8 col-md-8 col-sm-12 low_pad\"> \r\n<div class=\"values_title\">KNOWLEDGE AND COMPETENCES<\/div>\r\nNFI-CCSD is a modern institution pursuing social goals according to the highest management standards. We are a committed team of specialists, possessing expertise related to the non-governmental industry. Our mission is to serve the citizens and together build a modern civil society.<\/div>\r\n<\/div>\r\n\r\n\r\n\t\r\n\t<div class=\"values\">\r\n<div class=\"values_img col-lg-4 col-md-4 col-sm-12 low_pad\"> <img decoding=\"async\" src=\"https:\/\/niw.gov.pl\/wp-content\/uploads\/2021\/04\/img19.jpg\" alt=\"PARTNERSHIP AND COOPERATION\"><\/div>\r\n<div class=\"values_box col-lg-8 col-md-8 col-sm-12 low_pad\"> \r\n<div class=\"values_title\">PARTNERSHIP AND COOPERATION<\/div>\r\nOrganizacje pozarz\u0105dowe to nasi partnerzy, z kt\u00f3rymi chcemy wsp\u00f3lnie budowa\u0107 silne i \u015bwiadome spo\u0142ecze\u0144stwo obywatelskie. Ich udzia\u0142 w realizacji tego dzie\u0142a jest kluczowy, dlatego do naszej wsp\u00f3\u0142pracy podchodzimy z nale\u017cytym szacunkiem i oczekiwan\u0105 otwarto\u015bci\u0105.\r\n\r\nWierzymy, \u017ce przejrzyste zasady, konsultowanie dzia\u0142a\u0144 i zamierze\u0144, a tak\u017ce otwarty dialog gwarantuj\u0105 optymalne wykorzystanie potencja\u0142u spo\u0142ecznego Polak\u00f3w.<\/div>\r\n<\/div>\r\n\r\n   <div class=\"space_20\"><\/div>\r\n<div class=\"row\">\r\n\r\n  <div class=\"col-lg-12\">\r\n  \r\n<button class=\"red_btn history_btn1\"  onClick=\"javascript:history.go(-1)\" type=\"button\">Back<\/button>\r\n\r\n<span class=\"a2a_kit a2a_kit_size_32\" data-a2a-url=\"#\" data-a2a-title=\"Homing :: NIW\">\r\n<a class=\"addtoany\" href=\"#\"><button class=\"system_btn print_btn\" type=\"button\"> &nbsp; NOTIFY A FRIEND <\/button><\/a>\r\n\r\n<\/span><\/div><\/div>[\/vc_column][\/vc_row]<\/p>\n","protected":false},"excerpt":{"rendered":"<p>[vc_row][vc_column][\/vc_column][\/vc_row]<\/p>\n","protected":false},"author":46,"featured_media":0,"parent":16455,"menu_order":2,"comment_status":"closed","ping_status":"closed","template":"page-templates\/about_niw_sub_pages.php","meta":{"_acf_changed":false,"inline_featured_image":false,"footnotes":""},"class_list":["post-16459","page","type-page","status-publish","hentry"],"acf":[],"_links":{"self":[{"href":"https:\/\/niw.gov.pl\/en\/wp-json\/wp\/v2\/pages\/16459","targetHints":{"allow":["GET"]}}],"collection":[{"href":"https:\/\/niw.gov.pl\/en\/wp-json\/wp\/v2\/pages"}],"about":[{"href":"https:\/\/niw.gov.pl\/en\/wp-json\/wp\/v2\/types\/page"}],"author":[{"embeddable":true,"href":"https:\/\/niw.gov.pl\/en\/wp-json\/wp\/v2\/users\/46"}],"replies":[{"embeddable":true,"href":"https:\/\/niw.gov.pl\/en\/wp-json\/wp\/v2\/comments?post=16459"}],"version-history":[{"count":3,"href":"https:\/\/niw.gov.pl\/en\/wp-json\/wp\/v2\/pages\/16459\/revisions"}],"predecessor-version":[{"id":18190,"href":"https:\/\/niw.gov.pl\/en\/wp-json\/wp\/v2\/pages\/16459\/revisions\/18190"}],"up":[{"embeddable":true,"href":"https:\/\/niw.gov.pl\/en\/wp-json\/wp\/v2\/pages\/16455"}],"wp:attachment":[{"href":"https:\/\/niw.gov.pl\/en\/wp-json\/wp\/v2\/media?parent=16459"}],"curies":[{"name":"wp","href":"https:\/\/api.w.org\/{rel}","templated":true}]}}