{"id":16467,"date":"2021-04-08T12:00:53","date_gmt":"2021-04-08T12:00:53","guid":{"rendered":"http:\/\/niw.gov.pl\/o-niw\/rada-narodowego-instytutu-wolnosci\/sklad-rady-niw-crso\/"},"modified":"2021-07-12T11:33:35","modified_gmt":"2021-07-12T11:33:35","slug":"members-of-the-nfi-board","status":"publish","type":"page","link":"https:\/\/niw.gov.pl\/en\/about-nfi\/council-of-the-national-institute-of-freedom\/members-of-the-nfi-board\/","title":{"rendered":"Members of the NFI Board"},"content":{"rendered":"<p>[vc_row][vc_column]\n\t\n\t<div class=\"crso_box\">\n<div class=\"col-lg-3 col-md-3 col-sm-12\"> Piotr Stec<\/div>\n<div class=\"col-lg-8 col-md-8 col-sm-12\"> Przewodnicz\u0105cy Rady NIW-CRSO, \r\ndoradca i reprezentant Ministry ds. Spo\u0142ecze\u0144stwa Obywatelskiego, Przewodnicz\u0105cej Komitetu ds. Po\u017cytku Publicznego w Radzie NIW-CRSO;<\/div>\n<div class=\"col-lg-1 col-md-1 col-sm-12\"><a href=\"https:\/\/niw.gov.pl\/en\/niw-crso\/piotr-stec\/\"><button class=\"download_btn crso_box_arrow\" type=\"button\"> <img decoding=\"async\" src=\"https:\/\/niw.gov.pl\/wp-content\/themes\/niw\/images\/arrow6.png\" alt=\"arrow6.png\"><\/button><\/a><\/div>\n<\/div>\n\t\n\n\t\n\t<div class=\"crso_box\">\n<div class=\"col-lg-3 col-md-3 col-sm-12\"> Anna Czy\u017cewska<\/div>\n<div class=\"col-lg-8 col-md-8 col-sm-12\"> Federacja Mazowia,\r\nprzedstawicielka strony pozarz\u0105dowej;<\/div>\n<div class=\"col-lg-1 col-md-1 col-sm-12\"><a href=\"https:\/\/niw.gov.pl\/en\/niw-crso\/anna-czyzewska\/\"><button class=\"download_btn crso_box_arrow\" type=\"button\"> <img decoding=\"async\" src=\"https:\/\/niw.gov.pl\/wp-content\/themes\/niw\/images\/arrow6.png\" alt=\"arrow6.png\"><\/button><\/a><\/div>\n<\/div>\n\t\n\n\t\n\t<div class=\"crso_box\">\n<div class=\"col-lg-3 col-md-3 col-sm-12\"> Ewa Ga\u0142ka<\/div>\n<div class=\"col-lg-8 col-md-8 col-sm-12\"> Stowarzyszenie Centrum Promocji i Rozwoju Inicjatyw Obywatelskich PISOP, Sie\u0107 Wspierania Organizacji Pozarz\u0105dowych SPLOT,\r\nprzedstawicielka strony pozarz\u0105dowej;<\/div>\n<div class=\"col-lg-1 col-md-1 col-sm-12\"><a href=\"https:\/\/niw.gov.pl\/en\/niw-crso\/ewa-galka\/\"><button class=\"download_btn crso_box_arrow\" type=\"button\"> <img decoding=\"async\" src=\"https:\/\/niw.gov.pl\/wp-content\/themes\/niw\/images\/arrow6.png\" alt=\"arrow6.png\"><\/button><\/a><\/div>\n<\/div>\n\t\n\n\t\n\t<div class=\"crso_box\">\n<div class=\"col-lg-3 col-md-3 col-sm-12\"> Jan Grabkowski<\/div>\n<div class=\"col-lg-8 col-md-8 col-sm-12\"> Starosta pozna\u0144ski,\r\nprzedstawiciel jednostek samorz\u0105du terytorialnego;<\/div>\n<div class=\"col-lg-1 col-md-1 col-sm-12\"><a href=\"https:\/\/niw.gov.pl\/en\/niw-crso\/jan-grabkowski\/\"><button class=\"download_btn crso_box_arrow\" type=\"button\"> <img decoding=\"async\" src=\"https:\/\/niw.gov.pl\/wp-content\/themes\/niw\/images\/arrow6.png\" alt=\"arrow6.png\"><\/button><\/a><\/div>\n<\/div>\n\t\n\n\t\n\t<div class=\"crso_box\">\n<div class=\"col-lg-3 col-md-3 col-sm-12\"> Daniel Pr\u0119dkopowicz<\/div>\n<div class=\"col-lg-8 col-md-8 col-sm-12\"> Fundacja Fundusz Wsp\u00f3\u0142pracy,\r\nprzedstawiciel strony pozarz\u0105dowej;<\/div>\n<div class=\"col-lg-1 col-md-1 col-sm-12\"><a href=\"https:\/\/niw.gov.pl\/en\/niw-crso\/daniel-predkopowicz\/\"><button class=\"download_btn crso_box_arrow\" type=\"button\"> <img decoding=\"async\" src=\"https:\/\/niw.gov.pl\/wp-content\/themes\/niw\/images\/arrow6.png\" alt=\"arrow6.png\"><\/button><\/a><\/div>\n<\/div>\n\t\n\n\t\n\t<div class=\"crso_box\">\n<div class=\"col-lg-3 col-md-3 col-sm-12\"> Marek Rymsza<\/div>\n<div class=\"col-lg-8 col-md-8 col-sm-12\"> Kancelaria Prezydenta RP,\r\npowo\u0142any przez Prezydenta RP;<\/div>\n<div class=\"col-lg-1 col-md-1 col-sm-12\"><a href=\"https:\/\/niw.gov.pl\/en\/niw-crso\/marek-rymsza\/\"><button class=\"download_btn crso_box_arrow\" type=\"button\"> <img decoding=\"async\" src=\"https:\/\/niw.gov.pl\/wp-content\/themes\/niw\/images\/arrow6.png\" alt=\"arrow6.png\"><\/button><\/a><\/div>\n<\/div>\n\t\n\n\t\n\t<div class=\"crso_box\">\n<div class=\"col-lg-3 col-md-3 col-sm-12\"> Agata Stafiej-Bartosik<\/div>\n<div class=\"col-lg-8 col-md-8 col-sm-12\"> Fundacja Ashoka. Innowatorzy dla dobra publicznego,\r\nprzedstawicielka Przewodnicz\u0105cej Komitetu ds. Po\u017cytku Publicznego;<\/div>\n<div class=\"col-lg-1 col-md-1 col-sm-12\"><a href=\"https:\/\/niw.gov.pl\/en\/niw-crso\/agata-stafiej-bartosik\/\"><button class=\"download_btn crso_box_arrow\" type=\"button\"> <img decoding=\"async\" src=\"https:\/\/niw.gov.pl\/wp-content\/themes\/niw\/images\/arrow6.png\" alt=\"arrow6.png\"><\/button><\/a><\/div>\n<\/div>\n\t\n\n\t\n\t<div class=\"crso_box\">\n<div class=\"col-lg-3 col-md-3 col-sm-12\"> Iwona \u017bukiert<\/div>\n<div class=\"col-lg-8 col-md-8 col-sm-12\"> Wsp\u00f3lnota Robocza Zwi\u0105zk\u00f3w Organizacji Socjalnych,\r\nprzedstawicielka strony pozarz\u0105dowej;<\/div>\n<div class=\"col-lg-1 col-md-1 col-sm-12\"><a href=\"https:\/\/niw.gov.pl\/en\/niw-crso\/iwona-zukiert\/\"><button class=\"download_btn crso_box_arrow\" type=\"button\"> <img decoding=\"async\" src=\"https:\/\/niw.gov.pl\/wp-content\/themes\/niw\/images\/arrow6.png\" alt=\"arrow6.png\"><\/button><\/a><\/div>\n<\/div>\n\t\n\n\t\n\t<div class=\"crso_box\">\n<div class=\"col-lg-3 col-md-3 col-sm-12\"> Pawe\u0142 Bilski<\/div>\n<div class=\"col-lg-8 col-md-8 col-sm-12\"> Fundacja Oczami Brata, Sp\u00f3\u0142dzielnia Socjalna \u201eJasne, \u017ce alternatywa 21\u201d, Fundacja Teatr Nowy w Cz\u0119stochowie, \r\nprzedstawiciel Przewodnicz\u0105cej Komitetu ds. Po\u017cytku Publicznego;<\/div>\n<div class=\"col-lg-1 col-md-1 col-sm-12\"><a href=\"https:\/\/niw.gov.pl\/en\/niw-crso\/pawel-bilski\/\"><button class=\"download_btn crso_box_arrow\" type=\"button\"> <img decoding=\"async\" src=\"https:\/\/niw.gov.pl\/wp-content\/themes\/niw\/images\/arrow6.png\" alt=\"arrow6.png\"><\/button><\/a><\/div>\n<\/div>\n\t\n\n\t\n\t<div class=\"crso_box\">\n<div class=\"col-lg-3 col-md-3 col-sm-12\"> Monika Mi\u0142owska<\/div>\n<div class=\"col-lg-8 col-md-8 col-sm-12\"> Fundacja To Proste,\r\nprzedstawicielka strony pozarz\u0105dowej;<\/div>\n<div class=\"col-lg-1 col-md-1 col-sm-12\"><a href=\"https:\/\/niw.gov.pl\/en\/niw-crso\/monika-milowska\/\"><button class=\"download_btn crso_box_arrow\" type=\"button\"> <img decoding=\"async\" src=\"https:\/\/niw.gov.pl\/wp-content\/themes\/niw\/images\/arrow6.png\" alt=\"arrow6.png\"><\/button><\/a><\/div>\n<\/div>\n\t\n\n\t\n\t<div class=\"crso_box\">\n<div class=\"col-lg-3 col-md-3 col-sm-12\"> Pawe\u0142 Szewczyk<\/div>\n<div class=\"col-lg-8 col-md-8 col-sm-12\"> Ministerstwo Finans\u00f3w;<\/div>\n<div class=\"col-lg-1 col-md-1 col-sm-12\"><a href=\"https:\/\/niw.gov.pl\/en\/niw-crso\/pawel-szewczyk\/\"><button class=\"download_btn crso_box_arrow\" type=\"button\"> <img decoding=\"async\" src=\"https:\/\/niw.gov.pl\/wp-content\/themes\/niw\/images\/arrow6.png\" alt=\"arrow6.png\"><\/button><\/a><\/div>\n<\/div>\n\t\n   <div class=\"space_20\"><\/div>\n<div class=\"row\">\n\n  <div class=\"col-lg-12\">\n  \n<button class=\"red_btn history_btn1\"  onClick=\"javascript:history.go(-1)\" type=\"button\">Back<\/button>\n\n<span class=\"a2a_kit a2a_kit_size_32\" data-a2a-url=\"#\" data-a2a-title=\"Homing :: NIW\">\n<a class=\"addtoany\" href=\"#\"><button class=\"system_btn print_btn\" type=\"button\"> &nbsp; NOTIFY A FRIEND <\/button><\/a>\n\n<\/span><\/div><\/div>[\/vc_column][\/vc_row]<\/p>\n","protected":false},"excerpt":{"rendered":"<p>[vc_row][vc_column][\/vc_column][\/vc_row]<\/p>\n","protected":false},"author":46,"featured_media":0,"parent":16465,"menu_order":1,"comment_status":"closed","ping_status":"closed","template":"page-templates\/about_niw_sub_pages.php","meta":{"_acf_changed":false,"inline_featured_image":false,"footnotes":""},"class_list":["post-16467","page","type-page","status-publish","hentry"],"acf":[],"_links":{"self":[{"href":"https:\/\/niw.gov.pl\/en\/wp-json\/wp\/v2\/pages\/16467","targetHints":{"allow":["GET"]}}],"collection":[{"href":"https:\/\/niw.gov.pl\/en\/wp-json\/wp\/v2\/pages"}],"about":[{"href":"https:\/\/niw.gov.pl\/en\/wp-json\/wp\/v2\/types\/page"}],"author":[{"embeddable":true,"href":"https:\/\/niw.gov.pl\/en\/wp-json\/wp\/v2\/users\/46"}],"replies":[{"embeddable":true,"href":"https:\/\/niw.gov.pl\/en\/wp-json\/wp\/v2\/comments?post=16467"}],"version-history":[{"count":2,"href":"https:\/\/niw.gov.pl\/en\/wp-json\/wp\/v2\/pages\/16467\/revisions"}],"predecessor-version":[{"id":18251,"href":"https:\/\/niw.gov.pl\/en\/wp-json\/wp\/v2\/pages\/16467\/revisions\/18251"}],"up":[{"embeddable":true,"href":"https:\/\/niw.gov.pl\/en\/wp-json\/wp\/v2\/pages\/16465"}],"wp:attachment":[{"href":"https:\/\/niw.gov.pl\/en\/wp-json\/wp\/v2\/media?parent=16467"}],"curies":[{"name":"wp","href":"https:\/\/api.w.org\/{rel}","templated":true}]}}