{"id":16473,"date":"2021-04-08T13:26:02","date_gmt":"2021-04-08T13:26:02","guid":{"rendered":"http:\/\/niw.gov.pl\/o-niw\/dokumenty\/akty-prawne\/"},"modified":"2021-07-12T12:11:54","modified_gmt":"2021-07-12T12:11:54","slug":"acts","status":"publish","type":"page","link":"https:\/\/niw.gov.pl\/en\/about-nfi\/documents\/acts\/","title":{"rendered":"Acts"},"content":{"rendered":"<p>[vc_row][vc_column]<div class=\"documents1\">\r\n<div class=\"documents_ic1\"><img decoding=\"async\" src=\"https:\/\/niw.gov.pl\/wp-content\/uploads\/2021\/04\/ic_1-1.png\" alt=\"Ustawy\"><\/div> <div class=\"documents_text1\">Ustawy<\/div>\r\n<div class=\"clr\"><\/div><\/div><\/br><p>[vc_row][vc_column]\n\t\t\t\t<div class=\"light_grey_box\">\n<div class=\"doc_content\">\n\t\t\t\t\t\n\t\t\t\t\t\n\t\t\t\t\t<div class=\"media_links1\"><a href=\"\" download><button class=\"link_btn media_links_btn\" type=\"button\"> <img decoding=\"async\" src=\"https:\/\/niw.gov.pl\/wp-content\/themes\/niw\/images\/arrow7.png\" alt=\"arrow7.png\"> <\/button> Ustawa o Dzia\u0142alno\u015bci Po\u017cytku Publicznego i Wolontariacie<\/a>\n<\/div>\n\n\n\t\t\t\t\t\n\t\t\t\t\t\n\t\t\t\t\t\n\t\t\t\t\t<div class=\"media_links1\"><a href=\"\" download><button class=\"link_btn media_links_btn\" type=\"button\"> <img decoding=\"async\" src=\"https:\/\/niw.gov.pl\/wp-content\/themes\/niw\/images\/arrow7.png\" alt=\"arrow7.png\"> <\/button> Ustawa o Narodowym Instytucie Wolno\u015bci \u2013 Centrum Rozwoju Spo\u0142ecze\u0144stwa Obywatelskiego<\/a>\n<\/div>\n\n\n\t\t\t\t\t<\/div><\/div>[\/vc_column][\/vc_row]<\/p>\n<\/br><div class=\"documents1\">\r\n<div class=\"documents_ic1\"><img decoding=\"async\" src=\"https:\/\/niw.gov.pl\/wp-content\/uploads\/2021\/04\/ic_1-1.png\" alt=\"Rozporz\u0105dzenia\"><\/div> <div class=\"documents_text1\">Rozporz\u0105dzenia<\/div>\r\n<div class=\"clr\"><\/div><\/div><\/br><p>[vc_row][vc_column]\n\t\t\t\t<div class=\"light_grey_box\">\n<div class=\"doc_content\"><\/div><\/div>[\/vc_column][\/vc_row]<\/p>\n<\/br>\r\n <div class=\"space_60\"><\/div>\r\n \r\n<div class=\"row\">\r\n\r\n  <div class=\"col-lg-12\">\r\n  \r\n<button class=\"red_btn history_btn1\"  onClick=\"javascript:history.go(-1)\" type=\"button\">Back<\/button>\r\n\r\n<span class=\"a2a_kit a2a_kit_size_32\" data-a2a-url=\"#\" data-a2a-title=\"Homing :: NIW\">\r\n<a class=\"addtoany\" href=\"#\"><button class=\"system_btn print_btn\" type=\"button\"> &nbsp; NOTIFY A FRIEND <\/button><\/a>\r\n\r\n<\/span><\/div><\/div>\r\n[\/vc_column][\/vc_row]<\/p>\n","protected":false},"excerpt":{"rendered":"<p>[vc_row][vc_column][\/vc_column][\/vc_row]<\/p>\n","protected":false},"author":46,"featured_media":0,"parent":16471,"menu_order":1,"comment_status":"closed","ping_status":"closed","template":"page-templates\/about_niw_sub_pages.php","meta":{"_acf_changed":false,"inline_featured_image":false,"footnotes":""},"class_list":["post-16473","page","type-page","status-publish","hentry"],"acf":[],"_links":{"self":[{"href":"https:\/\/niw.gov.pl\/en\/wp-json\/wp\/v2\/pages\/16473","targetHints":{"allow":["GET"]}}],"collection":[{"href":"https:\/\/niw.gov.pl\/en\/wp-json\/wp\/v2\/pages"}],"about":[{"href":"https:\/\/niw.gov.pl\/en\/wp-json\/wp\/v2\/types\/page"}],"author":[{"embeddable":true,"href":"https:\/\/niw.gov.pl\/en\/wp-json\/wp\/v2\/users\/46"}],"replies":[{"embeddable":true,"href":"https:\/\/niw.gov.pl\/en\/wp-json\/wp\/v2\/comments?post=16473"}],"version-history":[{"count":2,"href":"https:\/\/niw.gov.pl\/en\/wp-json\/wp\/v2\/pages\/16473\/revisions"}],"predecessor-version":[{"id":18296,"href":"https:\/\/niw.gov.pl\/en\/wp-json\/wp\/v2\/pages\/16473\/revisions\/18296"}],"up":[{"embeddable":true,"href":"https:\/\/niw.gov.pl\/en\/wp-json\/wp\/v2\/pages\/16471"}],"wp:attachment":[{"href":"https:\/\/niw.gov.pl\/en\/wp-json\/wp\/v2\/media?parent=16473"}],"curies":[{"name":"wp","href":"https:\/\/api.w.org\/{rel}","templated":true}]}}