{"id":16479,"date":"2021-04-08T13:27:49","date_gmt":"2021-04-08T13:27:49","guid":{"rendered":"http:\/\/niw.gov.pl\/o-niw\/dokumenty\/dokumenty-programowe\/"},"modified":"2021-05-19T06:15:25","modified_gmt":"2021-05-19T06:15:25","slug":"dokumenty-programowe","status":"publish","type":"page","link":"https:\/\/niw.gov.pl\/en\/about-nfi\/documents\/dokumenty-programowe\/","title":{"rendered":"Dokumenty programowe"},"content":{"rendered":"<p>[vc_row][vc_column]<div class=\"documents1\">\r\n<div class=\"documents_ic1\"><img decoding=\"async\" src=\"https:\/\/niw.gov.pl\/wp-content\/uploads\/2021\/04\/ic_3-1.png\" alt=\"Dokumenty programowe\"><\/div> <div class=\"documents_text1\">Dokumenty programowe<\/div>\r\n<div class=\"clr\"><\/div><\/div><\/br><p>[vc_row][vc_column][vc_column_text]<strong class=\"black\">Program Fundusz Inicjatyw Obywatelskich NOWEFIO na lata 2021\u20132030:<\/strong>[\/vc_column_text]\n\t\t\t\t<div class=\"light_grey_box\">\n<div class=\"doc_content\">\n\t\t\t\t\t\n\t\t\t\t\t\n\t\t\t\t\t<div class=\"media_links1\"><a href=\"https:\/\/niw.gov.pl\/wp-content\/uploads\/2021\/04\/Uchwala_RM_z_22122020_Nowe_FIO-1.pdf\" download><button class=\"link_btn media_links_btn\" type=\"button\"> <img decoding=\"async\" src=\"https:\/\/niw.gov.pl\/wp-content\/themes\/niw\/images\/arrow7.png\" alt=\"arrow7.png\"> <\/button> Uchwa\u0142a Nr 194\/2020 Rady Ministr\u00f3w z dnia 22 grudnia 2020 r. w sprawie przyj\u0119cia programu wspierania rozwoju spo\u0142ecze\u0144stwa obywatelskiego pod nazw\u0105 \u201eProgram Fundusz Inicjatyw Obywatelskich NOWEFIO na lata 2021\u20132030\u201d<\/a>\n<\/div>\n\n\n\t\t\t\t\t<\/div><\/div>[vc_empty_space][\/vc_column][\/vc_row][vc_row][vc_column][vc_column_text]<\/p>\n<p><strong class=\"black\">Program Fundusz Inicjatyw Obywatelskich na lata 2014-2020:<\/strong><\/p>\n<p>[\/vc_column_text]\n\t\t\t\t<div class=\"light_grey_box\">\n<div class=\"doc_content\">\n\t\t\t\t\t\n\t\t\t\t\t\n\t\t\t\t\t<div class=\"media_links1\"><a href=\"https:\/\/niw.gov.pl\/wp-content\/uploads\/2021\/04\/Uchwala-nr-209_2013-Rady-Ministrow-dotyczaca-Funduszu-Inicjatyw-Obywatelskich.pdf\" download><button class=\"link_btn media_links_btn\" type=\"button\"> <img decoding=\"async\" src=\"https:\/\/niw.gov.pl\/wp-content\/themes\/niw\/images\/arrow7.png\" alt=\"arrow7.png\"> <\/button> Uchwa\u0142a nr 209\/2013 Rady Ministr\u00f3w dotycz\u0105ca Funduszu Inicjatyw Obywatelskich<\/a>\n<\/div>\n\n\n\t\t\t\t\t\n\t\t\t\t\t\n\t\t\t\t\t\n\t\t\t\t\t<div class=\"media_links1\"><a href=\"https:\/\/niw.gov.pl\/wp-content\/uploads\/2021\/04\/uchwala_RM-213_2017.pdf\" download><button class=\"link_btn media_links_btn\" type=\"button\"> <img decoding=\"async\" src=\"https:\/\/niw.gov.pl\/wp-content\/themes\/niw\/images\/arrow7.png\" alt=\"arrow7.png\"> <\/button> Uchwa\u0142a Nr 213\/2017 zmieniaj\u0105ca uchwa\u0142\u0119 w sprawie przyj\u0119cia Programu Fundusz Inicjatyw Obywatelskich na lata 2014-2020<\/a>\n<\/div>\n\n\n\t\t\t\t\t<\/div><\/div>[vc_empty_space][\/vc_column][\/vc_row][vc_row][vc_column][vc_column_text]<\/p>\n<p><strong class=\"black\">Program Rozwoju Organizacji Obywatelskich na lata 2018-2030:<\/strong><\/p>\n<p>[\/vc_column_text]\n\t\t\t\t<div class=\"light_grey_box\">\n<div class=\"doc_content\">\n\t\t\t\t\t\n\t\t\t\t\t\n\t\t\t\t\t<div class=\"media_links1\"><a href=\"https:\/\/niw.gov.pl\/wp-content\/uploads\/2021\/04\/Uchwala_PROO.pdf\" download><button class=\"link_btn media_links_btn\" type=\"button\"> <img decoding=\"async\" src=\"https:\/\/niw.gov.pl\/wp-content\/themes\/niw\/images\/arrow7.png\" alt=\"arrow7.png\"> <\/button> Uchwa\u0142a nr 104\/2018 Rady Ministr\u00f3w dotycz\u0105ca Programu Rozwoju Organizacji Obywatelskich na lata 2018-2030 PROO<\/a>\n<\/div>\n\n\n\t\t\t\t\t\n\t\t\t\t\t\n\t\t\t\t\t\n\t\t\t\t\t<div class=\"media_links1\"><a href=\"\" download><button class=\"link_btn media_links_btn\" type=\"button\"> <img decoding=\"async\" src=\"https:\/\/niw.gov.pl\/wp-content\/themes\/niw\/images\/arrow7.png\" alt=\"arrow7.png\"> <\/button> Za\u0142\u0105cznik do uchwa\u0142y nr 104\/2018 Rady Ministr\u00f3w z dnia 7 sierpnia 2018 r.<\/a>\n<\/div>\n\n\n\t\t\t\t\t<\/div><\/div>[vc_empty_space][\/vc_column][\/vc_row][vc_row][vc_column][vc_column_text]<\/p>\n<p><strong class=\"black\">Rz\u0105dowy Program Wsparcia Rozwoju Organizacji Harcerskich i Skautowych na lata 2018-2030:<\/strong><\/p>\n<p>[\/vc_column_text]\n\t\t\t\t<div class=\"light_grey_box\">\n<div class=\"doc_content\">\n\t\t\t\t\t\n\t\t\t\t\t\n\t\t\t\t\t<div class=\"media_links1\"><a href=\"https:\/\/niw.gov.pl\/wp-content\/uploads\/2021\/04\/ROHiS_Uchwala.pdf\" download><button class=\"link_btn media_links_btn\" type=\"button\"> <img decoding=\"async\" src=\"https:\/\/niw.gov.pl\/wp-content\/themes\/niw\/images\/arrow7.png\" alt=\"arrow7.png\"> <\/button> Uchwa\u0142a nr 138\/2018 Rady Ministr\u00f3w dotycz\u0105ca Programu Wsparcia Rozwoju Organizacji Harcerskich i Skautowych<\/a>\n<\/div>\n\n\n\t\t\t\t\t\n\t\t\t\t\t\n\t\t\t\t\t\n\t\t\t\t\t<div class=\"media_links1\"><a href=\"https:\/\/niw.gov.pl\/wp-content\/uploads\/2021\/04\/ROHiS_Program.pdf\" download><button class=\"link_btn media_links_btn\" type=\"button\"> <img decoding=\"async\" src=\"https:\/\/niw.gov.pl\/wp-content\/themes\/niw\/images\/arrow7.png\" alt=\"arrow7.png\"> <\/button> Rz\u0105dowy Program Wsparcia Rozwoju Organizacji Harcerskich i Skautowych na lata 2018-2030 \u2013 za\u0142\u0105cznik do uchwa\u0142y<\/a>\n<\/div>\n\n\n\t\t\t\t\t<\/div><\/div>[vc_empty_space][\/vc_column][\/vc_row][vc_row][vc_column][vc_column_text]<\/p>\n<p><strong class=\"black\">Korpus Solidarno\u015bci \u2013 Program Wspierania i Rozwoju Wolontariatu D\u0142ugoterminowego na lata 2018-2030:<\/strong><\/p>\n<p>[\/vc_column_text]\n\t\t\t\t<div class=\"light_grey_box\">\n<div class=\"doc_content\">\n\t\t\t\t\t\n\t\t\t\t\t\n\t\t\t\t\t<div class=\"media_links1\"><a href=\"https:\/\/niw.gov.pl\/wp-content\/uploads\/2021\/04\/Uchwala-Rady-Ministrow.pdf\" download><button class=\"link_btn media_links_btn\" type=\"button\"> <img decoding=\"async\" src=\"https:\/\/niw.gov.pl\/wp-content\/themes\/niw\/images\/arrow7.png\" alt=\"arrow7.png\"> <\/button> Uchwa\u0142a nr 137\/2018 Rady Ministr\u00f3w dotycz\u0105ca przyj\u0119cia programu wspierania rozwoju spo\u0142ecze\u0144stwa obywatelskiego pod nazw\u0105 \u201eKorpus Solidarno\u015bci \u2013 Program Wspierania i Rozwoju Wolontariatu D\u0142ugoterminowego na lata 2018-2030\u201d<\/a>\n<\/div>\n\n\n\t\t\t\t\t<\/div><\/div>[vc_empty_space][\/vc_column][\/vc_row][vc_row][vc_column][vc_column_text]<\/p>\n<p><strong class=\"black\">Programu Wspierania Rozwoju Uniwersytet\u00f3w Ludowych na lata 2020-2030:<\/strong><\/p>\n<p>[\/vc_column_text]\n\t\t\t\t<div class=\"light_grey_box\">\n<div class=\"doc_content\">\n\t\t\t\t\t\n\t\t\t\t\t\n\t\t\t\t\t<div class=\"media_links1\"><a href=\"https:\/\/niw.gov.pl\/wp-content\/uploads\/2021\/04\/Uchwala-Rady-Ministrow-ws.-przyjecia-programu-wspierania-rozwoju-spoleczenstwa-obywatelskiego-pod-nazwa-Program-Wspierania-Rozwoju-Uniwersytetow-Ludowych-na-lata-2020\u20132030.docx\" download><button class=\"link_btn media_links_btn\" type=\"button\"> <img decoding=\"async\" src=\"https:\/\/niw.gov.pl\/wp-content\/themes\/niw\/images\/arrow7.png\" alt=\"arrow7.png\"> <\/button> Uchwa\u0142a Rady Ministr\u00f3w nr 77\/2020 ws. przyj\u0119cia programu wspierania rozwoju spo\u0142ecze\u0144stwa obywatelskiego pod nazw\u0105 \u201eProgram Wspierania Rozwoju Uniwersytet\u00f3w Ludowych na lata 2020\u20132030\u201d<\/a>\n<\/div>\n\n\n\t\t\t\t\t\n\t\t\t\t\t\n\t\t\t\t\t\n\t\t\t\t\t<div class=\"media_links1\"><a href=\"https:\/\/niw.gov.pl\/wp-content\/uploads\/2021\/04\/uchwala-nr-128_2020-RM-zmieniajaca-uchwale-w-sprawie-przyjecia-Programu-Wspierania-Rozwoju-Uniwersytetow-Ludowych-na-lata-2020-2030.docx\" download><button class=\"link_btn media_links_btn\" type=\"button\"> <img decoding=\"async\" src=\"https:\/\/niw.gov.pl\/wp-content\/themes\/niw\/images\/arrow7.png\" alt=\"arrow7.png\"> <\/button> Uchwa\u0142a Rady Ministr\u00f3w nr 128\/2020 zmieniaj\u0105ca uchwa\u0142\u0119 ws. przyj\u0119cia programu wspierania rozwoju spo\u0142ecze\u0144stwa obywatelskiego pod nazw\u0105 \u201eProgram Wspierania Rozwoju Uniwersytet\u00f3w Ludowych na lata 2020\u20132030\u201d<\/a>\n<\/div>\n\n\n\t\t\t\t\t<\/div><\/div>[vc_empty_space][\/vc_column][\/vc_row][vc_row][vc_column][vc_column_text]<\/p>\n<p><strong class=\"black\">Program Wsparcia Dora\u017anego Organizacji Pozarz\u0105dowych w zakresie przeciwdzia\u0142ania skutkom COVID-19:<\/strong><\/p>\n<p>[\/vc_column_text]\n\t\t\t\t<div class=\"light_grey_box\">\n<div class=\"doc_content\">\n\t\t\t\t\t\n\t\t\t\t\t\n\t\t\t\t\t<div class=\"media_links1\"><a href=\"https:\/\/niw.gov.pl\/wp-content\/uploads\/2021\/04\/1-RM-111-47-20-OBIEG-UCHW.pdf\" download><button class=\"link_btn media_links_btn\" type=\"button\"> <img decoding=\"async\" src=\"https:\/\/niw.gov.pl\/wp-content\/themes\/niw\/images\/arrow7.png\" alt=\"arrow7.png\"> <\/button> Uchwa\u0142a nr 48\/2020 Rady Ministr\u00f3w z dnia 27 kwietnia 2020 r. w sprawie przyj\u0119cia programu wspierania rozwoju spo\u0142ecze\u0144stwa obywatelskiego pod nazw\u0105 \u201eProgram wsparcia dora\u017anego organizacji pozarz\u0105dowych w zakresie przeciwdzia\u0142ania skutkom COVID-19\u201d<\/a>\n<\/div>\n\n\n\t\t\t\t\t<\/div><\/div>[vc_empty_space][\/vc_column][\/vc_row]<\/p>\n<\/br>\r\n <div class=\"space_60\"><\/div>\r\n \r\n<div class=\"row\">\r\n\r\n  <div class=\"col-lg-12\">\r\n  \r\n<button class=\"red_btn history_btn1\"  onClick=\"javascript:history.go(-1)\" type=\"button\">Back<\/button>\r\n\r\n<span class=\"a2a_kit a2a_kit_size_32\" data-a2a-url=\"#\" data-a2a-title=\"Homing :: NIW\">\r\n<a class=\"addtoany\" href=\"#\"><button class=\"system_btn print_btn\" type=\"button\"> &nbsp; NOTIFY A FRIEND <\/button><\/a>\r\n\r\n<\/span><\/div><\/div>\r\n[\/vc_column][\/vc_row]<\/p>\n","protected":false},"excerpt":{"rendered":"<p>[vc_row][vc_column][\/vc_column][\/vc_row]<\/p>\n","protected":false},"author":46,"featured_media":0,"parent":16471,"menu_order":3,"comment_status":"closed","ping_status":"closed","template":"page-templates\/about_niw_sub_pages.php","meta":{"_acf_changed":false,"inline_featured_image":false,"footnotes":""},"class_list":["post-16479","page","type-page","status-publish","hentry"],"acf":[],"_links":{"self":[{"href":"https:\/\/niw.gov.pl\/en\/wp-json\/wp\/v2\/pages\/16479","targetHints":{"allow":["GET"]}}],"collection":[{"href":"https:\/\/niw.gov.pl\/en\/wp-json\/wp\/v2\/pages"}],"about":[{"href":"https:\/\/niw.gov.pl\/en\/wp-json\/wp\/v2\/types\/page"}],"author":[{"embeddable":true,"href":"https:\/\/niw.gov.pl\/en\/wp-json\/wp\/v2\/users\/46"}],"replies":[{"embeddable":true,"href":"https:\/\/niw.gov.pl\/en\/wp-json\/wp\/v2\/comments?post=16479"}],"version-history":[{"count":1,"href":"https:\/\/niw.gov.pl\/en\/wp-json\/wp\/v2\/pages\/16479\/revisions"}],"predecessor-version":[{"id":16481,"href":"https:\/\/niw.gov.pl\/en\/wp-json\/wp\/v2\/pages\/16479\/revisions\/16481"}],"up":[{"embeddable":true,"href":"https:\/\/niw.gov.pl\/en\/wp-json\/wp\/v2\/pages\/16471"}],"wp:attachment":[{"href":"https:\/\/niw.gov.pl\/en\/wp-json\/wp\/v2\/media?parent=16479"}],"curies":[{"name":"wp","href":"https:\/\/api.w.org\/{rel}","templated":true}]}}