{"id":16505,"date":"2021-03-26T11:48:54","date_gmt":"2021-03-26T11:48:54","guid":{"rendered":"http:\/\/niw.gov.pl\/o-niw\/kariera\/eksperci\/"},"modified":"2021-07-12T14:19:28","modified_gmt":"2021-07-12T14:19:28","slug":"experts","status":"publish","type":"page","link":"https:\/\/niw.gov.pl\/en\/about-nfi\/career\/experts\/","title":{"rendered":"Experts"},"content":{"rendered":"<p>[vc_row][vc_column][vc_column_text]Eksperci NIW-CRSO oceniaj\u0105 wnioski przesy\u0142ane w ramach konkurs\u00f3w organizowanych przez Instytut.[\/vc_column_text][vc_separator][\/vc_column][\/vc_row][vc_row][vc_column]<div class=\"documents1\">\n\t<div class=\"documents_ic1\"><img decoding=\"async\" src=\"https:\/\/niw.gov.pl\/wp-content\/uploads\/2021\/04\/ic_8.png\" alt=\"Candidates for Experts\" width=\"100%\"><\/div> <div class=\"documents_text1\">Candidates for Experts<\/div> \n\t<a href=\"https:\/\/niw.gov.pl\/en\/?post_type=page&p=16508\">\n\t<button class=\"download_btn1 right\" type=\"button\"> <img decoding=\"async\" src=\"https:\/\/niw.gov.pl\/wp-content\/themes\/niw\/images\/arrow6.png\" alt=\"arrow6.png\"><\/button><\/a>\n\t<div class=\"clr\"><\/div><\/div><div class=\"space_30\"><\/div>[\/vc_column][\/vc_row]<\/p>\n","protected":false},"excerpt":{"rendered":"<p>[vc_row][vc_column][vc_column_text]Eksperci NIW-CRSO oceniaj\u0105 wnioski przesy\u0142ane w ramach konkurs\u00f3w organizowanych przez Instytut.[\/vc_column_text][vc_separator][\/vc_column][\/vc_row][vc_row][vc_column][\/vc_column][\/vc_row]<\/p>\n","protected":false},"author":46,"featured_media":0,"parent":16482,"menu_order":3,"comment_status":"closed","ping_status":"closed","template":"page-templates\/about_niw_sub_pages.php","meta":{"_acf_changed":false,"inline_featured_image":false,"footnotes":""},"class_list":["post-16505","page","type-page","status-publish","hentry"],"acf":[],"_links":{"self":[{"href":"https:\/\/niw.gov.pl\/en\/wp-json\/wp\/v2\/pages\/16505","targetHints":{"allow":["GET"]}}],"collection":[{"href":"https:\/\/niw.gov.pl\/en\/wp-json\/wp\/v2\/pages"}],"about":[{"href":"https:\/\/niw.gov.pl\/en\/wp-json\/wp\/v2\/types\/page"}],"author":[{"embeddable":true,"href":"https:\/\/niw.gov.pl\/en\/wp-json\/wp\/v2\/users\/46"}],"replies":[{"embeddable":true,"href":"https:\/\/niw.gov.pl\/en\/wp-json\/wp\/v2\/comments?post=16505"}],"version-history":[{"count":2,"href":"https:\/\/niw.gov.pl\/en\/wp-json\/wp\/v2\/pages\/16505\/revisions"}],"predecessor-version":[{"id":18330,"href":"https:\/\/niw.gov.pl\/en\/wp-json\/wp\/v2\/pages\/16505\/revisions\/18330"}],"up":[{"embeddable":true,"href":"https:\/\/niw.gov.pl\/en\/wp-json\/wp\/v2\/pages\/16482"}],"wp:attachment":[{"href":"https:\/\/niw.gov.pl\/en\/wp-json\/wp\/v2\/media?parent=16505"}],"curies":[{"name":"wp","href":"https:\/\/api.w.org\/{rel}","templated":true}]}}