{"id":16508,"date":"2021-04-12T07:52:47","date_gmt":"2021-04-12T07:52:47","guid":{"rendered":"http:\/\/niw.gov.pl\/o-niw\/kariera\/eksperci\/kandydaci-na-ekspertow\/"},"modified":"2021-07-12T14:19:58","modified_gmt":"2021-07-12T14:19:58","slug":"candidates-for-experts","status":"publish","type":"page","link":"https:\/\/niw.gov.pl\/en\/about-nfi\/career\/experts\/candidates-for-experts\/","title":{"rendered":"Candidates for Experts"},"content":{"rendered":"<p>[vc_row][vc_column][vc_column_text]Kandydaci na ekspert\u00f3w musz\u0105 spe\u0142nia\u0107 nast\u0119puj\u0105ce kryteria formalne:[\/vc_column_text][vc_separator][vc_column_text]<\/p>\n<div class=\"programs_all\">\n<div class=\"programs_all_no\">1.<\/div>\n<div class=\"programs_all_text_career\">posiada\u0107 wykszta\u0142cenie co najmniej wy\u017csze,<\/div>\n<\/div>\n<p>[\/vc_column_text][vc_column_text]<\/p>\n<div class=\"programs_all\">\n<div class=\"programs_all_no\">2.<\/div>\n<div class=\"programs_all_text\">posiada\u0107 co najmniej 3-letnie do\u015bwiadczenie w zakresie problematyki zwi\u0105zanej z dzia\u0142alno\u015bci\u0105 podmiot\u00f3w uprawnionych do sk\u0142adania wniosk\u00f3w\/ofert, tj. podmiot\u00f3w okre\u015blonych w art. 3 ust. 2 oraz ust. 3 pkt 1-4 ustawy z dnia 24 kwietnia 2003 r. o dzia\u0142alno\u015bci po\u017cytku publicznego i o wolontariacie (t.j. Dz.U. z 2018 r. poz. 450 ze zm.).<\/div>\n<\/div>\n<p>[\/vc_column_text][vc_column_text]Eksperci NIW-CRSO oceniaj\u0105 wnioski przesy\u0142ane w ramach konkurs\u00f3w organizowanych przez Instytut.[\/vc_column_text][vc_column_text]<span class=\"black\"><strong>Kryterium merytorycznym<\/strong><\/span>\u00a0jest do\u015bwiadczenie w dzia\u0142alno\u015bci w organizacji pozarz\u0105dowej, a dodatkowym atutem posiadanie do\u015bwiadczenia w dokonywaniu oceny wniosk\u00f3w lub ofert sk\u0142adanych w ramach program\u00f3w finansowanych ze \u015brodk\u00f3w publicznych. Kandydaci na ekspert\u00f3w powinni gwarantowa\u0107 rzetelno\u015b\u0107, bezstronno\u015b\u0107 i poufno\u015b\u0107 oceny wniosk\u00f3w i ofert.<\/p>\n<p>Je\u017celi chcesz zosta\u0107 ekspertem, zg\u0142o\u015b swoj\u0105 kandydatur\u0119!<\/p>\n<div class=\"space_30\"><\/div>\n<p>Komplet dokument\u00f3w zg\u0142oszeniowych nale\u017cy:[\/vc_column_text][vc_column_text]<\/p>\n<div class=\"programs_all\">\n<div class=\"programs_all_no\">1.<\/div>\n<div class=\"programs_all_text_career\">wype\u0142ni\u0107 elektronicznie<\/div>\n<\/div>\n<p>[\/vc_column_text][vc_column_text]<\/p>\n<div class=\"programs_all\">\n<div class=\"programs_all_no\">2.<\/div>\n<div class=\"programs_all_text_career\">wype\u0142nione 3 pliki zapisa\u0107 pod swoim nazwiskiem i imieniem w formacie: <strong>nazwisko-imi\u0119-zawarto\u015b\u0107 pliku<\/strong><\/div>\n<\/div>\n<p>[\/vc_column_text][vc_column_text]<\/p>\n<div class=\"programs_all\">\n<div class=\"programs_all_no\">3.<\/div>\n<div class=\"programs_all_text_career\">przes\u0142a\u0107 na adres <a class=\"red\" href=\"mailto:eksperci@niw.gov.pl\">eksperci@niw.gov.pl<\/a> z zachowaniem nast\u0119puj\u0105cych zasad:<\/div>\n<\/div>\n<p>[\/vc_column_text][vc_column_text]<\/p>\n<div class=\"subpage\">\n<ul>\n<li><strong>Kwestionariusz osobowy<\/strong> przes\u0142a\u0107 w wersji edytowalnej wy\u0142\u0105cznie w formacie arkusza kalkulacyjnego (plik .xls lub nowszy format lub .ods),<\/li>\n<li><strong>o\u015bwiadczenie o niekaralno\u015bci<\/strong> oraz <strong>informacj\u0119 dotycz\u0105c\u0105 przetwarzania danych osobowych przez NIW-CRSO<\/strong> przes\u0142a\u0107 w formie edytowalnej lub w formie skanu,<\/li>\n<li>mail zatytu\u0142owa\u0107: <strong><em>ekspert NIW.<\/em><\/strong><\/li>\n<\/ul>\n<\/div>\n<p>[\/vc_column_text][\/vc_column][\/vc_row][vc_row][vc_column][vc_column_text]Nieprzekazanie ww. kompletu dokument\u00f3w skutkuje niepodpisaniem umowy z ekspertem oraz uniemo\u017cliwieniem przyst\u0105pienia do oceny merytorycznej wniosk\u00f3w\/ofert.<\/p>\n<p>&nbsp;<\/p>\n<p>Przewidywane terminy przeprowadzenia oceny merytorycznej wniosk\u00f3w zale\u017cne b\u0119d\u0105 od termin\u00f3w og\u0142aszania konkurs\u00f3w. Ocena merytoryczna b\u0119dzie odbywa\u0107 si\u0119 za wynagrodzeniem. Podczas oceny merytorycznej wniosk\u00f3w wymagana b\u0119dzie wysoka dyspozycyjno\u015b\u0107. Zakwalifikowani eksperci zostan\u0105 przeszkoleni z zakresu procedury przeprowadzania oceny wniosk\u00f3w\/ofert (o terminie szkolenia NIW-CRSO poinformuje z odpowiednim wyprzedzeniem).[\/vc_column_text][\/vc_column][\/vc_row][vc_row][vc_column][vc_column_text]Zg\u0142oszenia kandydat\u00f3w, kt\u00f3re nie spe\u0142niaj\u0105 kryteri\u00f3w formalnych i merytorycznych okre\u015blonych w og\u0142oszeniu, nie podlegaj\u0105 rozpatrzeniu.<\/p>\n<p>&nbsp;<\/p>\n<p>O zakwalifikowaniu si\u0119 do grona ekspert\u00f3w NIW-CRSO kandydaci zostan\u0105 poinformowani drog\u0105 mailow\u0105 i poproszeni o mo\u017cliwie najszybsze dostarczenie kompletu dokument\u00f3w:<\/p>\n<p>&nbsp;<\/p>\n<div class=\"subpage\">\n<ul>\n<li>podpisanego kwestionariusza osobowego,<\/li>\n<li>podpisanego o\u015bwiadczenia o niekaralno\u015bci,<\/li>\n<li>podpisanej informacji dotycz\u0105cej przetwarzania danych osobowych przez NIW-CRSO.<\/li>\n<\/ul>\n<p>&nbsp;<\/p>\n<\/div>\n<p>Nieprzekazanie ww. kompletu dokument\u00f3w skutkuje niepodpisaniem umowy z ekspertem oraz uniemo\u017cliwieniem przyst\u0105pienia do oceny merytorycznej wniosk\u00f3w\/ofert.<\/p>\n<p>&nbsp;<\/p>\n<p>Przewidywane terminy przeprowadzenia oceny merytorycznej wniosk\u00f3w zale\u017cne b\u0119d\u0105 od termin\u00f3w og\u0142aszania konkurs\u00f3w. Ocena merytoryczna b\u0119dzie odbywa\u0107 si\u0119 za wynagrodzeniem. Podczas oceny merytorycznej wniosk\u00f3w wymagana b\u0119dzie wysoka dyspozycyjno\u015b\u0107.<\/p>\n<p>&nbsp;<\/p>\n<p>Zakwalifikowani eksperci zostan\u0105 przeszkoleni z zakresu procedury przeprowadzania oceny wniosk\u00f3w\/ofert (o terminie szkolenia NIW-CRSO poinformuje z odpowiednim wyprzedzeniem).[\/vc_column_text][\/vc_column][\/vc_row][vc_row][vc_column][vc_column_text]<\/p>\n<h4 class=\"black\">Nab\u00f3r ekspert\u00f3w NIW-CRSO ma charakter ci\u0105g\u0142y.<\/h4>\n<p>[\/vc_column_text][vc_column_text]Dodatkowe informacje o naborze ekspert\u00f3w NIW-CRSO mo\u017cna uzyska\u0107 pod adresem e-mail: <a class=\"red\" href=\"mailto:eksperci@niw.gov.pl\">eksperci@niw.gov.pl<\/a> (prosimy o zatytu\u0142owanie maila: pytanie o nab\u00f3r) oraz pod numerem telefonu: <strong>601 901 327 (godz. 10.00-12.00).<\/strong>[\/vc_column_text][\/vc_column][\/vc_row][vc_row][vc_column][vc_column_text]<\/p>\n<h4 class=\"black\">Dokumenty do pobrania:<\/h4>\n<p>[\/vc_column_text][\/vc_column][\/vc_row][vc_row][vc_column width=&#8221;1\/2&#8243;]<div class=\"row\">\n\t\t\t\t<div class=\"col-lg-12 col-md-12 col-sm-12 media_text\">\n\t\t\t\t\t<div class=\"download_box\">\n\t\t\t\t<div class=\"download_text\">\n\t\t\t\t\t<a href=\"\" download>Kwestionariusz osobowy<\/a><\/div><br><br><span><img decoding=\"async\" src=\"https:\/\/niw.gov.pl\/wp-content\/themes\/niw\/images\/\" alt=\"\"><\/button> <\/span><a href=\"\" download><button class=\"download_btn\" type=\"button\"> <img decoding=\"async\" src=\"https:\/\/niw.gov.pl\/wp-content\/themes\/niw\/images\/arrow7.png\" alt=\"arrow7.png\"><\/button><\/a> <div class=\"clr\">\n\n<\/div><\/div><\/div><\/div><div class=\"row\">\n\t\t\t\t<div class=\"col-lg-12 col-md-12 col-sm-12 media_text\">\n\t\t\t\t\t<div class=\"download_box\">\n\t\t\t\t<div class=\"download_text\">\n\t\t\t\t\t<a href=\"https:\/\/niw.gov.pl\/wp-content\/uploads\/2021\/04\/Klauzula-informacyjna-dla-ekspertow.docx\" download>Informacja dotycz\u0105c\u0105 przetwarzania danych osobowych przez NIW-CRSO<\/a><\/div><br><br><span><img decoding=\"async\" src=\"https:\/\/niw.gov.pl\/wp-content\/themes\/niw\/images\/DOC.png\" alt=\"DOC.png\"><\/button> 0.02MB<\/span><a href=\"https:\/\/niw.gov.pl\/wp-content\/uploads\/2021\/04\/Klauzula-informacyjna-dla-ekspertow.docx\" download><button class=\"download_btn\" type=\"button\"> <img decoding=\"async\" src=\"https:\/\/niw.gov.pl\/wp-content\/themes\/niw\/images\/arrow7.png\" alt=\"arrow7.png\"><\/button><\/a> <div class=\"clr\">\n\n<\/div><\/div><\/div><\/div>[\/vc_column][vc_column width=&#8221;1\/2&#8243;]<div class=\"row\">\n\t\t\t\t<div class=\"col-lg-12 col-md-12 col-sm-12 media_text\">\n\t\t\t\t\t<div class=\"download_box\">\n\t\t\t\t<div class=\"download_text\">\n\t\t\t\t\t<a href=\"https:\/\/niw.gov.pl\/wp-content\/uploads\/2021\/04\/Zal.-2-Oswiadczenie-o-niekaralnosci.doc\" download>O\u015bwiadczenie o niekaralno\u015bci<\/a><\/div><br><br><span><img decoding=\"async\" src=\"https:\/\/niw.gov.pl\/wp-content\/themes\/niw\/images\/DOC.png\" alt=\"DOC.png\"><\/button> 0.02MB<\/span><a href=\"https:\/\/niw.gov.pl\/wp-content\/uploads\/2021\/04\/Zal.-2-Oswiadczenie-o-niekaralnosci.doc\" download><button class=\"download_btn\" type=\"button\"> <img decoding=\"async\" src=\"https:\/\/niw.gov.pl\/wp-content\/themes\/niw\/images\/arrow7.png\" alt=\"arrow7.png\"><\/button><\/a> <div class=\"clr\">\n\n<\/div><\/div><\/div><\/div><div class=\"row\">\n\t\t\t\t<div class=\"col-lg-12 col-md-12 col-sm-12 media_text\">\n\t\t\t\t\t<div class=\"download_box\">\n\t\t\t\t<div class=\"download_text\">\n\t\t\t\t\t<a href=\"\" download>Komplet dokument\u00f3w w formacie zip.<\/a><\/div><br><br><span><img decoding=\"async\" src=\"https:\/\/niw.gov.pl\/wp-content\/themes\/niw\/images\/\" alt=\"\"><\/button> <\/span><a href=\"\" download><button class=\"download_btn\" type=\"button\"> <img decoding=\"async\" src=\"https:\/\/niw.gov.pl\/wp-content\/themes\/niw\/images\/arrow7.png\" alt=\"arrow7.png\"><\/button><\/a> <div class=\"clr\">\n\n<\/div><\/div><\/div><\/div>[\/vc_column][\/vc_row][vc_row][vc_column][vc_column_text]<\/p>\n<div class=\"space_20\"><\/div>\n<p><button class=\"red_btn history_btn1\" type=\"button\">back<\/button>[\/vc_column_text][\/vc_column][\/vc_row]<\/p>\n","protected":false},"excerpt":{"rendered":"<p>[vc_row][vc_column][vc_column_text]Kandydaci na ekspert\u00f3w musz\u0105 spe\u0142nia\u0107 nast\u0119puj\u0105ce kryteria formalne:[\/vc_column_text][vc_separator][vc_column_text] 1. posiada\u0107 wykszta\u0142cenie co najmniej wy\u017csze, [\/vc_column_text][vc_column_text] 2. posiada\u0107 co najmniej 3-letnie do\u015bwiadczenie w zakresie problematyki zwi\u0105zanej z dzia\u0142alno\u015bci\u0105 podmiot\u00f3w uprawnionych do sk\u0142adania wniosk\u00f3w\/ofert, tj. podmiot\u00f3w okre\u015blonych w art. 3 ust. 2 oraz ust. 3 pkt 1-4 ustawy z dnia 24 kwietnia 2003 r. o dzia\u0142alno\u015bci po\u017cytku<\/p>\n","protected":false},"author":46,"featured_media":0,"parent":16505,"menu_order":71,"comment_status":"closed","ping_status":"closed","template":"page-templates\/about_niw_sub_pages.php","meta":{"_acf_changed":false,"inline_featured_image":false,"footnotes":""},"class_list":["post-16508","page","type-page","status-publish","hentry"],"acf":[],"_links":{"self":[{"href":"https:\/\/niw.gov.pl\/en\/wp-json\/wp\/v2\/pages\/16508","targetHints":{"allow":["GET"]}}],"collection":[{"href":"https:\/\/niw.gov.pl\/en\/wp-json\/wp\/v2\/pages"}],"about":[{"href":"https:\/\/niw.gov.pl\/en\/wp-json\/wp\/v2\/types\/page"}],"author":[{"embeddable":true,"href":"https:\/\/niw.gov.pl\/en\/wp-json\/wp\/v2\/users\/46"}],"replies":[{"embeddable":true,"href":"https:\/\/niw.gov.pl\/en\/wp-json\/wp\/v2\/comments?post=16508"}],"version-history":[{"count":4,"href":"https:\/\/niw.gov.pl\/en\/wp-json\/wp\/v2\/pages\/16508\/revisions"}],"predecessor-version":[{"id":18331,"href":"https:\/\/niw.gov.pl\/en\/wp-json\/wp\/v2\/pages\/16508\/revisions\/18331"}],"up":[{"embeddable":true,"href":"https:\/\/niw.gov.pl\/en\/wp-json\/wp\/v2\/pages\/16505"}],"wp:attachment":[{"href":"https:\/\/niw.gov.pl\/en\/wp-json\/wp\/v2\/media?parent=16508"}],"curies":[{"name":"wp","href":"https:\/\/api.w.org\/{rel}","templated":true}]}}