{"id":16524,"date":"2021-03-27T09:03:17","date_gmt":"2021-03-27T09:03:17","guid":{"rendered":"http:\/\/niw.gov.pl\/opp\/sprawozdania-opp\/"},"modified":"2026-03-30T08:58:13","modified_gmt":"2026-03-30T07:58:13","slug":"sprawozdania-opp","status":"publish","type":"page","link":"https:\/\/niw.gov.pl\/en\/pbo\/sprawozdania-opp\/","title":{"rendered":"Sprawozdania OPP"},"content":{"rendered":"<p>[vc_row][vc_column][vc_column_text]Organizacje po\u017cytku publicznego zamieszczaj\u0105 zatwierdzone przez w\u0142a\u015bciwy organ organizacji sprawozdanie finansowe oraz sprawozdanie merytoryczne ze swojej dzia\u0142alno\u015bci za ubieg\u0142y rok w bazie sprawozda\u0144 organizacji po\u017cytku publicznego.\u00a0<strong>Obowi\u0105zek ten dotyczy wszystkich organizacji po\u017cytku publicznego<\/strong>, bez wzgl\u0119du na to, czy by\u0142y uprawnione do otrzymania 1,5% podatku dochodowego od os\u00f3b fizycznych, czy te\u017c nie.[\/vc_column_text][vc_column_text]Termin zamieszczenia<strong> sprawozda\u0144 za 2025 rok<\/strong> mija <strong>15 lipca 2026 roku.<\/strong> Dla organizacji maj\u0105cych rok obrotowy inny ni\u017c kalendarzowy termin ten up\u0142ywa 30 listopada 2026 roku.[\/vc_column_text][vc_column_text]Je\u015bli organizacja <strong>nie zamie\u015bci w terminie sprawozda\u0144 za 2025 rok <\/strong>w bazie sprawozda\u0144 organizacji po\u017cytku publicznego<strong>, nie b\u0119dzie uwzgl\u0119dniona w wykazie organizacji po\u017cytku publicznego uprawnionych do otrzymania 1,5% podatku dochodowego od os\u00f3b fizycznych za 2026 rok w 2027 roku<\/strong>.[\/vc_column_text][vc_column_text]Po raz pierwszy organizacja zamieszcza sprawozdania za ca\u0142y rok, w kt\u00f3rym s\u0105d przyzna\u0142 jej status organizacji po\u017cytku publicznego (np. je\u015bli status otrzyma\u0142a 9 grudnia 2025 roku, to sprawozdania zamieszcza za ca\u0142y 2025 rok do 15 lipca 2026 roku albo \u2013 gdy jej rok obrotowy jest inny ni\u017c kalendarzowy \u2013 do 30 listopada 2026 roku.[\/vc_column_text][vc_column_text]Po raz ostatni organizacja zamieszcza sprawozdania za rok obrotowy, w kt\u00f3rym utraci\u0142a status organizacji po\u017cytku publicznego.<br \/>\n[\/vc_column_text][vc_row_inner][vc_column_inner]<div class=\"row\"><div class=\"col-lg-6 col-md-6 col-sm-12 opp_link_new_container\">\r\n<div class=\"opp_link_new \">\r\n<a href=\"https:\/\/opp.niw.gov.pl\/\">Zamieszczanie sprawozda\u0144<\/a>\r\n<\/div><\/div><div class=\"col-lg-6 col-md-6 col-sm-12 opp_link_new_container\">\r\n<div class=\"opp_link_new \">\r\n<a href=\"https:\/\/sprawozdaniaopp.niw.gov.pl\/\">Przegl\u0105danie sprawozda\u0144<\/a>\r\n<\/div><\/div><div class=\"col-lg-6 col-md-6 col-sm-12 opp_link_new_container\">\r\n<div class=\"opp_link_new \">\r\n<a href=\"https:\/\/niw.gov.pl\/wp-content\/uploads\/2026\/03\/instrukcja-zamieszczania-sprawozdan-w-bazie-sprawozdan-organizacji-pozytku-publicznego_03_2026.pdf\">Instrukcja zamieszczania sprawozda\u0144<\/a>\r\n<\/div><\/div><div class=\"col-lg-6 col-md-6 col-sm-12 opp_link_new_container\">\r\n<div class=\"opp_link_new \">\r\n<a href=\"https:\/\/niw.gov.pl\/wp-content\/uploads\/2026\/03\/instrukcja-wypelniania-sprawozdania-merytorycznego-OPP_03_2026.pdf\">Instrukcja wype\u0142niania sprawozdania merytorycznego<\/a>\r\n<\/div><\/div><\/div><br>[\/vc_column_inner][\/vc_row_inner][\/vc_column][\/vc_row][vc_row][vc_column][vc_custom_heading text=&#8221;Sprawozdania finansowe&#8221; font_container=&#8221;tag:h3|text_align:left&#8221; use_theme_fonts=&#8221;yes&#8221;][vc_empty_space height=&#8221;20px&#8221;][vc_column_text]Roczne\u00a0<strong>sprawozdanie finansowe<\/strong>\u00a0organizacja sporz\u0105dza zgodnie z zasadami okre\u015blonymi w\u00a0<a class=\"red\" href=\"https:\/\/isap.sejm.gov.pl\/isap.nsf\/DocDetails.xsp?id=WDU20230000120\" target=\"_blank\" rel=\"noopener nofollow\"><i class=\"fas fa-link\"><\/i> ustawie z dnia 29 wrze\u015bnia 1994 r. o rachunkowo\u015bci (t.j. Dz. U. z 2023 r. poz. 120, z p\u00f3\u017cn. zm.)<\/a>. Pocz\u0105wszy od sprawozdania za 2017 rok organizacje maj\u0105 mo\u017cliwo\u015b\u0107 przygotowywania tego sprawozdania wg wzoru z za\u0142\u0105cznika nr 6 do tej ustawy.[\/vc_column_text][vc_column_text]Natomiast w przypadku sprawozda\u0144 finansowych za 2021, 2020 oraz 2019 rok zosta\u0142y przed\u0142u\u017cone o trzy miesi\u0105ce terminy sporz\u0105dzenia i podpisania oraz zatwierdzenia tych sprawozda\u0144:[\/vc_column_text][vc_column_text el_class=&#8221;subpage&#8221;]<\/p>\n<ul>\n<li>sprawozdania za 2021 rok\u00a0(rok obrotowy ko\u0144cz\u0105cy si\u0119 miedzy 30 wrze\u015bnia 2021 roku a 30 kwietnia 2022 roku) \u2013 zosta\u0142o to okre\u015blone w \u00a7 1 pkt 4\u00a0<a class=\"red\" href=\"https:\/\/dziennikustaw.gov.pl\/DU\/2022\/561\" target=\"_blank\" rel=\"noopener nofollow\"><i class=\"fas fa-link\"><\/i>rozporz\u0105dzenia Ministra Finans\u00f3w z dnia 7 marca 2022 r. zmieniaj\u0105cego rozporz\u0105dzenie w sprawie okre\u015blenia innych termin\u00f3w wype\u0142niania obowi\u0105zk\u00f3w w zakresie ewidencji oraz w zakresie sporz\u0105dzenia, zatwierdzenia, udost\u0119pnienia i przekazania do w\u0142a\u015bciwego rejestru, jednostki lub organu sprawozda\u0144 lub informacji (Dz. U. poz. 561)<\/a>,<\/li>\n<li>sprawozdania za 2020 rok (rok obrotowy ko\u0144cz\u0105cy si\u0119 miedzy 30 wrze\u015bnia 2020 roku a 30 kwietnia 2021 roku) \u2013 zosta\u0142o to okre\u015blone w \u00a7 1 pkt 2\u00a0<a class=\"red\" href=\"https:\/\/dziennikustaw.gov.pl\/DU\/2021\/572\" target=\"_blank\" rel=\"noopener nofollow\"><i class=\"fas fa-link\"><\/i> rozporz\u0105dzenia Ministra Finans\u00f3w, Funduszy i Polityki Regionalnej z dnia 26 marca 2021 r. zmieniaj\u0105cego rozporz\u0105dzenie w sprawie okre\u015blenia innych termin\u00f3w wype\u0142niania obowi\u0105zk\u00f3w w zakresie ewidencji oraz w zakresie sporz\u0105dzenia, zatwierdzenia, udost\u0119pnienia i przekazania do w\u0142a\u015bciwego rejestru, jednostki lub organu sprawozda\u0144 lub informacji (Dz. U. poz. 572)<\/a>,<\/li>\n<li>sprawozdania za 2019 rok (rok obrotowy ko\u0144cz\u0105cy si\u0119 mi\u0119dzy 30 wrze\u015bnia 2019 roku a 30 kwietnia 2020 roku) \u2013 zosta\u0142o to okre\u015blone w \u00a7 3 ust. 4\u00a0<a class=\"red\" href=\"https:\/\/dziennikustaw.gov.pl\/DU\/2020\/570\" target=\"_blank\" rel=\"noopener nofollow\"><i class=\"fas fa-link\"><\/i> rozporz\u0105dzenia Ministra Finans\u00f3w z dnia 31 marca 2020 r. w sprawie okre\u015blenia innych termin\u00f3w wype\u0142niania obowi\u0105zk\u00f3w w zakresie ewidencji oraz w zakresie sporz\u0105dzenia, zatwierdzenia, udost\u0119pnienia i przekazania do w\u0142a\u015bciwego rejestru, jednostki lub organu sprawozda\u0144 lub informacji (Dz. U. poz. 570)<\/a>.<\/li>\n<\/ul>\n<p>[\/vc_column_text][vc_empty_space][\/vc_column][\/vc_row][vc_row][vc_column][vc_custom_heading text=&#8221;Sprawozdania merytoryczne&#8221; font_container=&#8221;tag:h3|text_align:left&#8221; use_theme_fonts=&#8221;yes&#8221;][vc_empty_space height=&#8221;20px&#8221;][vc_column_text]<strong>Sprawozdanie merytoryczne<\/strong>\u00a0z dzia\u0142alno\u015bci organizacja sporz\u0105dza zgodnie ze wzorem okre\u015blonym w:[\/vc_column_text][vc_column_text]<\/p>\n<ul>\n<li><a class=\"red\" href=\"https:\/\/dziennikustaw.gov.pl\/DU\/2018\/2061\" target=\"_blank\" rel=\"noopener nofollow\"><i class=\"fas fa-link\"><\/i> Rozporz\u0105dzeniu Przewodnicz\u0105cego Komitetu do spraw Po\u017cytku Publicznego z dnia 24 pa\u017adziernika 2018 r. w sprawie wzor\u00f3w rocznego sprawozdania merytorycznego oraz rocznego uproszczonego sprawozdania merytorycznego z dzia\u0142alno\u015bci organizacji po\u017cytku publicznego (Dz. U. poz. 2061)<\/a> \u2013 dotyczy sprawozda\u0144 od roku obrotowego rozpocz\u0119tego w 2018 roku:<\/li>\n<\/ul>\n<p>[\/vc_column_text][vc_row_inner][vc_column_inner width=&#8221;1\/2&#8243;]<div class=\"row\">\n\t\t\t\t<div class=\"col-lg-12 col-md-12 col-sm-12 media_text\">\n\t\t\t\t\t<div class=\"download_box\">\n\t\t\t\t<div class=\"download_text\">\n\t\t\t\t\t<a href=\"https:\/\/niw.gov.pl\/wp-content\/uploads\/2021\/04\/sprawozdanie-merytoryczne-opp_2018.docx\" download>Wz\u00f3r rocznego sprawozdania merytorycznego<\/a><\/div><br><br><span><img decoding=\"async\" src=\"https:\/\/niw.gov.pl\/wp-content\/themes\/niw\/images\/DOC.png\" alt=\"DOC.png\"><\/button> 0.06MB<\/span><a href=\"https:\/\/niw.gov.pl\/wp-content\/uploads\/2021\/04\/sprawozdanie-merytoryczne-opp_2018.docx\" download><button class=\"download_btn\" type=\"button\"> <img decoding=\"async\" src=\"https:\/\/niw.gov.pl\/wp-content\/themes\/niw\/images\/arrow7.png\" alt=\"arrow7.png\"><\/button><\/a> <div class=\"clr\">\n\n<\/div><\/div><\/div><\/div>[\/vc_column_inner][vc_column_inner width=&#8221;1\/2&#8243;]<div class=\"row\">\n\t\t\t\t<div class=\"col-lg-12 col-md-12 col-sm-12 media_text\">\n\t\t\t\t\t<div class=\"download_box\">\n\t\t\t\t<div class=\"download_text\">\n\t\t\t\t\t<a href=\"https:\/\/niw.gov.pl\/wp-content\/uploads\/2021\/04\/uproszczone-sprawozdanie-merytoryczne-opp_2018.docx\" download>Wz\u00f3r rocznego uproszczonego sprawozdania merytorycznego<\/a><\/div><br><br><span><img decoding=\"async\" src=\"https:\/\/niw.gov.pl\/wp-content\/themes\/niw\/images\/DOC.png\" alt=\"DOC.png\"><\/button> 0.04MB<\/span><a href=\"https:\/\/niw.gov.pl\/wp-content\/uploads\/2021\/04\/uproszczone-sprawozdanie-merytoryczne-opp_2018.docx\" download><button class=\"download_btn\" type=\"button\"> <img decoding=\"async\" src=\"https:\/\/niw.gov.pl\/wp-content\/themes\/niw\/images\/arrow7.png\" alt=\"arrow7.png\"><\/button><\/a> <div class=\"clr\">\n\n<\/div><\/div><\/div><\/div>[\/vc_column_inner][\/vc_row_inner][vc_column_text]<\/p>\n<ul>\n<li><a class=\"red\" href=\"https:\/\/dziennikustaw.gov.pl\/DU\/rok\/2022\/pozycja\/2763\" target=\"_blank\" rel=\"noopener nofollow\"><i class=\"fas fa-link\"><\/i> Rozporz\u0105dzeniu Przewodnicz\u0105cego Komitetu do spraw Po\u017cytku Publicznego z dnia 20 grudnia 2022 r. zmieniaj\u0105cym rozporz\u0105dzenie w sprawie wzor\u00f3w rocznego sprawozdania merytorycznego oraz rocznego uproszczonego sprawozdania merytorycznego z dzia\u0142alno\u015bci organizacji po\u017cytku publicznego<\/a> (Dz. U. poz. 2763)<\/li>\n<\/ul>\n<p>[\/vc_column_text][vc_column_text]<\/p>\n<ul>\n<li><a class=\"red\" href=\"http:\/\/niw.gov.pl\/wp-content\/uploads\/2021\/04\/D2020000057001.pdf\" target=\"_blank\" rel=\"noopener\"><i class=\"fas fa-link\"><\/i> Rozporz\u0105dzeniu z 12 lutego 2013 r. Ministra Pracy i Polityki Spo\u0142ecznej w sprawie wzor\u00f3w rocznego sprawozdania merytorycznego oraz rocznego uproszczonego sprawozdania merytorycznego z dzia\u0142alno\u015bci organizacji po\u017cytku publicznego (Dz. U. poz. 234)<\/a> \u2013 dotyczy sprawozda\u0144 do roku obrotowego rozpocz\u0119tego w 2017 roku<\/li>\n<\/ul>\n<p>[\/vc_column_text][vc_column_text]\u2013\u00a0 je\u015bli jej przych\u00f3d za dany rok wynosi do 100 tys. z\u0142otych w\u0142\u0105cznie wype\u0142nia sprawozdania uproszczone, a je\u015bli powy\u017cej \u2013 pe\u0142ne.[\/vc_column_text][vc_column_text]Termin zamieszczenia sprawozda\u0144 w bazie up\u0142ywa <strong>15 lipca\u00a0<\/strong>roku nast\u0119puj\u0105cego po roku, za kt\u00f3ry organizacje sk\u0142adaj\u0105 sprawozdania, czyli <strong>sprawozdania za 2025 rok<\/strong> organizacje zamieszcza\u0142y<strong> do 15 lipca 2026 roku<\/strong>.<\/p>\n<p>&nbsp;<\/p>\n<p>Natomiast organizacje, kt\u00f3rych <strong>rok obrotowy nie jest taki sam jak kalendarzowy<\/strong>, maj\u0105 czas <strong>do 30 listopada<\/strong> roku nast\u0119puj\u0105cego po roku obrotowym, za kt\u00f3ry sk\u0142adaj\u0105 sprawozdania, czyli <strong>sprawozdania za rok obrotowy, kt\u00f3ry rozpocz\u0105\u0142 si\u0119 w 2025 roku<\/strong> (np. rok obrotowy od 1 wrze\u015bnia 2025 roku do 31 sierpnia 2026 roku), organizacje zamieszcza\u0142y <strong>do 30 listopada 2026 roku<\/strong>.[\/vc_column_text][vc_empty_space][vc_row_inner][vc_column_inner width=&#8221;1\/4&#8243;][vc_single_image image=&#8221;45864&#8243; img_size=&#8221;full&#8221;][\/vc_column_inner][vc_column_inner width=&#8221;3\/4&#8243;][vc_column_text]Wyj\u0105tkowo sprawozdania\u00a0<strong>za rok 2021 rok<\/strong> organizacje zamieszcza\u0142y w bazie <strong>do 17 pa\u017adziernika 2022 roku <\/strong>(z uwagi na to, \u017ce 15 pa\u017adziernika 2022 roku przypada w sobot\u0119, termin up\u0142ywa w najbli\u017cszy dzie\u0144 roboczy, tj. w poniedzia\u0142ek) ze wzgl\u0119du na epidemi\u0119 COVID-19. Wynika to z \u00a7 1 <a class=\"red\" href=\"https:\/\/dziennikustaw.gov.pl\/DU\/2022\/797\" target=\"_blank\" rel=\"noopener nofollow\"><i class=\"fas fa-link\"><\/i>Przewodnicz\u0105cego Komitetu do spraw Po\u017cytku Publicznego z dnia 7 kwietnia 2022 r. w sprawie okre\u015blenia innego terminu w zakresie zamieszczenia przez organizacje po\u017cytku publicznego sprawozdania merytorycznego z dzia\u0142alno\u015bci i sprawozdania finansowego w roku 2022 rozporz\u0105dzenia (Dz. U. poz. 797)<\/a>.<\/p>\n<p>&nbsp;<\/p>\n<p>Je\u015bli <strong>rok obrotowy organizacji jest inny ni\u017c kalendarzowy<\/strong>, np. trwa od 1 wrze\u015bnia 2021 roku do 31 sierpnia 2022 roku, zamieszcza ona sprawozdania za ten rok obrotowy <strong>do 30 listopada 2022 roku<\/strong>.[\/vc_column_text][\/vc_column_inner][\/vc_row_inner][vc_empty_space][vc_empty_space][vc_row_inner][vc_column_inner width=&#8221;1\/4&#8243;][vc_single_image image=&#8221;19014&#8243; img_size=&#8221;full&#8221;][\/vc_column_inner][vc_column_inner width=&#8221;3\/4&#8243;][vc_column_text]Wyj\u0105tkowo sprawozdania\u00a0<strong>za rok 2020 rok<\/strong> organizacje zamieszcza\u0142y w bazie <strong>do 15 pa\u017adziernika 2021 roku\u00a0<\/strong>ze wzgl\u0119du na epidemi\u0119 COVID-19. Wynika to z \u00a7 2\u00a0<a class=\"red\" href=\"https:\/\/dziennikustaw.gov.pl\/DU\/2021\/917\" target=\"_blank\" rel=\"noopener nofollow\"><i class=\"fas fa-link\"><\/i> rozporz\u0105dzenia\u00a0Przewodnicz\u0105cego Komitetu do spraw Po\u017cytku Publicznego z dnia 17 maja 2021 r. w sprawie okre\u015blenia innego terminu w zakresie zamieszczenia przez organizacje po\u017cytku publicznego sprawozdania merytorycznego z dzia\u0142alno\u015bci i sprawozdania finansowego w roku 2021 (Dz. U. poz. 917)<\/a>.<\/p>\n<p>&nbsp;<\/p>\n<p>Je\u015bli <strong>rok obrotowy organizacji jest inny ni\u017c kalendarzowy<\/strong>, np. trwa od 1 wrze\u015bnia 2020 roku do 31 sierpnia 2021 roku, zamieszcza\u0142a ona sprawozdania za ten rok obrotowy <strong>do 30 listopada 2021 roku<\/strong>.[\/vc_column_text][\/vc_column_inner][\/vc_row_inner][vc_empty_space][vc_empty_space][vc_row_inner][vc_column_inner width=&#8221;1\/4&#8243;][vc_single_image image=&#8221;15161&#8243; img_size=&#8221;full&#8221;][\/vc_column_inner][vc_column_inner width=&#8221;3\/4&#8243;][vc_column_text]Wyj\u0105tkowo sprawozdania\u00a0<strong>za rok 2019 rok<\/strong> organizacje zamieszcza\u0142y w bazie <strong>do 15 pa\u017adziernika 2020 roku\u00a0<\/strong>ze wzgl\u0119du na epidemi\u0119 COVID-19. Wynika to z \u00a7 1\u00a0<a class=\"red\" href=\"http:\/\/niw.gov.pl\/wp-content\/uploads\/2021\/04\/D2020000090601.pdf\" target=\"_blank\" rel=\"noopener\"><i class=\"fas fa-link\"><\/i> rozporz\u0105dzenia Przewodnicz\u0105cego Komitetu do spraw Po\u017cytku Publicznego z dnia 18 maja 2020 r. w sprawie okre\u015blenia innego terminu w zakresie zamieszczenia przez organizacje po\u017cytku publicznego sprawozdania merytorycznego z dzia\u0142alno\u015bci i sprawozdania finansowego w roku 2020 (Dz. U. poz. 906)<\/a>.<\/p>\n<p>&nbsp;<\/p>\n<p>Je\u015bli <strong>rok obrotowy organizacji jest inny ni\u017c kalendarzowy, <\/strong>np. trwa od 1 wrze\u015bnia 2019 roku do 31 sierpnia 2020 roku, zamieszcza\u0142a ona sprawozdania za ten rok obrotowy <strong>do 30 listopada 2020 roku<\/strong>.[\/vc_column_text][\/vc_column_inner][\/vc_row_inner][vc_empty_space][\/vc_column][\/vc_row][vc_row][vc_column][vc_column_text]W przypadku gdy organizacja w terminie nie zamie\u015bci\u0142a sprawozda\u0144 w bazie, powinna to jak najszybciej zrobi\u0107, gdy\u017c inaczej Dyrektor Narodowego Instytutu Wolno\u015bci \u2013 Centrum Rozwoju Spo\u0142ecze\u0144stwa Obywatelskiego wyst\u0105pi do s\u0105du rejestrowego z wnioskiem o pozbawienie organizacji statusu organizacji po\u017cytku publicznego.[\/vc_column_text][vc_empty_space][vc_empty_space][vc_custom_heading text=&#8221;Podstawa prawna&#8221; font_container=&#8221;tag:h3|text_align:left&#8221; use_theme_fonts=&#8221;yes&#8221;][vc_empty_space height=&#8221;20px&#8221;][vc_column_text]<a class=\"red\" href=\"https:\/\/isap.sejm.gov.pl\/isap.nsf\/DocDetails.xsp?id=wdu20030960873\" target=\"_blank\" rel=\"noopener nofollow\"><i class=\"fas fa-link\"><\/i> art. 23 ustawy z dnia 24 kwietnia 2003 r. o dzia\u0142alno\u015bci po\u017cytku publicznego i o wolontariacie (t.j. Dz. U. z 2025 r. poz. 1338)<\/a>[\/vc_column_text][\/vc_column][\/vc_row][vc_row][vc_column][vc_raw_html]JTNDZGl2JTIwY2xhc3MlM0QlMjJzcGFjZV8yMCUyMiUzRSUzQyUyRmRpdiUzRSUwQSUzQ2J1dHRvbiUyMGNsYXNzJTNEJTIycmVkX2J0biUyMGhpc3RvcnlfYnRuMSUyMiUyMG9uQ2xpY2slM0QlMjJqYXZhc2NyaXB0JTNBaGlzdG9yeS5nbyUyOC0xJTI5JTIyJTIwdHlwZSUzRCUyMmJ1dHRvbiUyMiUzRXdyJTI2b2FjdXRlJTNCJTI2JTIzMjYzJTNCJTNDJTJGYnV0dG9uJTNF[\/vc_raw_html][\/vc_column][\/vc_row][vc_row][vc_column][vc_empty_space][\/vc_column][\/vc_row][vc_row][vc_column][\/vc_column][\/vc_row][vc_row][vc_column][vc_empty_space][\/vc_column][\/vc_row][vc_row][vc_column]\n\t\t\t\n\t\t\t<div class=\"bip\">\n<div class=\"bip_ic\">\n <img decoding=\"async\" src=\"https:\/\/niw.gov.pl\/wp-content\/themes\/niw\/images\/bip_logo.png\" alt=\"Niw Bip\">\n <\/div>\n  <div class=\"bip_text\">Sprawozdania OPP<\/div>\n    <button title=\"bip\" data-toggle=\"collapse\" data-target=\"#bip\" aria-expanded=\"show\" aria-controls=\"collapseExample\" class=\"bip_btn right\" type=\"button\"> <img decoding=\"async\" src=\"https:\/\/niw.gov.pl\/wp-content\/themes\/niw\/images\/arrow_down_grey.png\" alt=\"arrow_down_grey.png\"><\/button>\n<div class=\"clr\"><\/div><\/div><div class=\"collapse show\" id=\"bip\">\n<div class=\"bip_content\">\n<div class=\"row\">\n<div class=\"col-lg-4 col-md-4 col-sm-12 bip_content_text\">Podmiot udost\u0119pniaj\u0105cy:<\/div>\n<div class=\"col-lg-8 col-md-8 col-sm-12 bip_content_text\"> Narodowy Instytut Wolno\u015bci - Centrum Rozwoju Spo\u0142ecze\u0144stwa Obywatelskiego<\/div>\n\n<div class=\"line\"><\/div>\n\n<div class=\"col-lg-4 col-md-4 col-sm-12 bip_content_text\">Wytworzy\u0142 informacj\u0119:<\/div>\n<div class=\"col-lg-3 col-md-3 col-sm-12 bip_content_text\">admin<\/div>\n<div class=\"col-lg-5 col-md-5 col-sm-12 admin_bg\">March 27, 2021&nbsp;09:03<\/div>\n\n<div class=\"line\"><\/div>\n\n<div class=\"col-lg-4 col-md-4 col-sm-12 bip_content_text\">Wprowadzi\u0142 informacj\u0119 do BIP:<\/div>\n<div class=\"col-lg-3 col-md-3 col-sm-12 bip_content_text\">admin<\/div>\n<div class=\"col-lg-5 col-md-5 col-sm-12 admin_bg\">March 27, 2021&nbsp;09:03<\/div>\n\n<div class=\"line\"><\/div>\n\n<div class=\"col-lg-4 col-md-4 col-sm-12 bip_content_text\">Ostatnio modyfikowa\u0142:<\/div>\n<div class=\"col-lg-3 col-md-3 col-sm-12 bip_content_text\"><\/div>\n<div class=\"col-lg-5 col-md-5 col-sm-12 admin_bg\">March 30, 2026&nbsp;08:58<\/div>\n\n<div class=\"line\"><\/div>\n\n<div class=\"col-lg-4 col-md-4 col-sm-12\">Historia zmian:<\/div><div class=\"col-lg-8 col-md-8 col-sm-12\"><div class=\"post-revisions\">\n\t<p>Zaktualizowane March 30, 2026 @ 08:58:13 [Current Revision] przez <\/p>\n\n\t<p>Zaktualizowane <a href=\"https:\/\/niw.gov.pl\/en\/pbo\/sprawozdania-opp\/?rev=69080\" class=\"revision\">March 30, 2026 @ 08:58:12<\/a> przez Martyna Leciak<\/p>\n\t<p>Zaktualizowane <a href=\"https:\/\/niw.gov.pl\/en\/pbo\/sprawozdania-opp\/?rev=69075\" class=\"revision\">March 30, 2026 @ 08:50:24<\/a> przez Martyna Leciak<\/p>\n\n\n<\/div><\/div>\n\n\n<\/div>\n\n\n<\/div>   \n<\/div>[\/vc_column][\/vc_row]<\/p>\n","protected":false},"excerpt":{"rendered":"<p>[vc_row][vc_column][vc_column_text]Organizacje po\u017cytku publicznego zamieszczaj\u0105 zatwierdzone przez w\u0142a\u015bciwy organ organizacji sprawozdanie finansowe oraz sprawozdanie merytoryczne ze swojej dzia\u0142alno\u015bci za ubieg\u0142y rok w bazie sprawozda\u0144 organizacji po\u017cytku publicznego.\u00a0Obowi\u0105zek ten dotyczy wszystkich organizacji po\u017cytku publicznego, bez wzgl\u0119du na to, czy by\u0142y uprawnione do otrzymania 1,5% podatku dochodowego od os\u00f3b fizycznych, czy te\u017c nie.[\/vc_column_text][vc_column_text]Termin zamieszczenia sprawozda\u0144 za 2025 rok<\/p>\n","protected":false},"author":46,"featured_media":0,"parent":16519,"menu_order":2,"comment_status":"closed","ping_status":"closed","template":"page-templates\/nasze_programy_sub_pages.php","meta":{"_acf_changed":false,"inline_featured_image":false,"footnotes":""},"class_list":["post-16524","page","type-page","status-publish","hentry"],"acf":[],"_links":{"self":[{"href":"https:\/\/niw.gov.pl\/en\/wp-json\/wp\/v2\/pages\/16524","targetHints":{"allow":["GET"]}}],"collection":[{"href":"https:\/\/niw.gov.pl\/en\/wp-json\/wp\/v2\/pages"}],"about":[{"href":"https:\/\/niw.gov.pl\/en\/wp-json\/wp\/v2\/types\/page"}],"author":[{"embeddable":true,"href":"https:\/\/niw.gov.pl\/en\/wp-json\/wp\/v2\/users\/46"}],"replies":[{"embeddable":true,"href":"https:\/\/niw.gov.pl\/en\/wp-json\/wp\/v2\/comments?post=16524"}],"version-history":[{"count":177,"href":"https:\/\/niw.gov.pl\/en\/wp-json\/wp\/v2\/pages\/16524\/revisions"}],"predecessor-version":[{"id":69082,"href":"https:\/\/niw.gov.pl\/en\/wp-json\/wp\/v2\/pages\/16524\/revisions\/69082"}],"up":[{"embeddable":true,"href":"https:\/\/niw.gov.pl\/en\/wp-json\/wp\/v2\/pages\/16519"}],"wp:attachment":[{"href":"https:\/\/niw.gov.pl\/en\/wp-json\/wp\/v2\/media?parent=16524"}],"curies":[{"name":"wp","href":"https:\/\/api.w.org\/{rel}","templated":true}]}}